{"id":628,"date":"2017-02-12T18:02:07","date_gmt":"2017-02-12T18:02:07","guid":{"rendered":"http:\/\/mananary.com\/?page_id=628"},"modified":"2025-02-10T09:40:59","modified_gmt":"2025-02-10T09:40:59","slug":"aktiivipisteet","status":"publish","type":"page","link":"https:\/\/tyyala.utu.fi\/manana\/aktiivipisteet\/","title":{"rendered":"AKTIIVISUUSPISTEET"},"content":{"rendered":"<p><strong>FIN<\/strong><\/p>\n<p><span style=\"font-weight: 400\">Ma\u00f1anan hallituksella on k\u00e4yt\u00f6ss\u00e4\u00e4n \u201dmusta kirja\u201d eli taulukko, johon aktiiviset ma\u00f1analaiset voivat ker\u00e4t\u00e4 itselleen pisteit\u00e4. Pisteit\u00e4 saa tekem\u00e4ll\u00e4 vapaaehtoisesti jotain Ma\u00f1anan toiminnan hyv\u00e4ksi, esimerkiksi leipomalla pullamyyj\u00e4isiin tai myym\u00e4ll\u00e4 lippuja bileiden ovella (alla kattavampi lista).\u00a0<\/span><\/p>\n<p><span style=\"font-weight: 400\">Ma\u00f1anan hallitus my\u00f6nt\u00e4\u00e4 pisteet ja pisteytyksess\u00e4 otetaan huomioon ty\u00f6m\u00e4\u00e4r\u00e4. Pisteiden maksimim\u00e4\u00e4r\u00e4 yhden lukuvuoden aikana on nelj\u00e4. Pisteill\u00e4 j\u00e4sen saa suhteessa pisteidens\u00e4 m\u00e4\u00e4r\u00e4\u00e4n korotetun j\u00e4senedun j\u00e4rjest\u00f6n kev\u00e4isess\u00e4 tapahtumassa tai vastaavassa, jonka hallitus vuosittain valitsee. Pisteet nollataan jokaisen lukuvuoden lopussa ja uusien ker\u00e4\u00e4minen alkaa syksyll\u00e4.\u00a0<\/span><\/p>\n<p><span style=\"font-weight: 400\">Hallitus s\u00e4ilytt\u00e4\u00e4 pistetilannetta salasanan takana olevassa dokumentissa, eiv\u00e4tk\u00e4 pisteet ole julkisesti n\u00e4kyvill\u00e4. Jos haluat tarkistaa t\u00e4m\u00e4nhetkisen pistetilanteesi, tiedustele sit\u00e4 hallitukselta.\u00a0<\/span><\/p>\n<p><strong>PISTEIT\u00c4 SAA SEURAAVISTA TEHT\u00c4VIST\u00c4:\u00a0<\/strong><\/p>\n<p><strong>Pullis <\/strong><\/p>\n<p><span style=\"font-weight: 400\">Leipominen 1p.\u00a0<\/span><\/p>\n<p><span style=\"font-weight: 400\">Myynti (2h) 1p.\u00a0<\/span><\/p>\n<p><strong>Bileiden lipunmyynti\u00a0<\/strong><\/p>\n<p><span style=\"font-weight: 400\">Ovella (1h) 1p.\u00a0<\/span><\/p>\n<p><span style=\"font-weight: 400\">Ennakko (2h) 1p.\u00a0<\/span><\/p>\n<p><strong>Hanttihommat <\/strong><\/p>\n<p><span style=\"font-weight: 400\">Siivous 1p.\u00a0<\/span><\/p>\n<p><span style=\"font-weight: 400\">Haalarimerkkien tekeminen 1p.\u00a0<\/span><\/p>\n<p><span style=\"font-weight: 400\">Mainosten tekeminen 1p.\u00a0<\/span><\/p>\n<p><span style=\"font-weight: 400\">Roudausapu \/ autokyyditys 1p.\u00a0<\/span><\/p>\n<p><span style=\"font-weight: 400\">Apuk\u00e4det 1p. (Hallun diktatuuri ty\u00f6m\u00e4\u00e4r\u00e4ss\u00e4, sovelletaan tilanteen mukaan.)\u00a0<\/span><\/p>\n<p><span style=\"font-weight: 400\">Sitsitarjoilu 2p.\u00a0<\/span><\/p>\n<p><span style=\"font-weight: 400\">Edustus 1p.\u00a0<\/span><\/p>\n<p><strong>Muut pisteet\u00a0<\/strong><\/p>\n<p><span style=\"font-weight: 400\">Hallituspesti 4p.\u00a0<\/span><\/p>\n<p><span style=\"font-weight: 400\">Toimihenkil\u00f6 4p.<\/span><\/p>\n<p>Toimikuntalainen 2p. (per toimikunta)<\/p>\n<p><strong>ENG<\/strong><\/p>\n<p><strong>ACTIVITY POINTS<\/strong><b><br \/>\n<\/b><span style=\"font-weight: 400\">The board of Ma\u00f1ana has a &#8221;black book,&#8221; a table where active Ma\u00f1ana members can collect points. Points are earned by volunteering for tasks that benefit Ma\u00f1ana&#8217;s activities, such as baking for bake sales or selling tickets at events (a more comprehensive list below).\u00a0<\/span><\/p>\n<p><span style=\"font-weight: 400\">The Ma\u00f1ana board awards points, and the amount of work involved is taken into account when assigning them. The maximum number of points that can be earned in one academic year is four. Members can use their points for enhanced benefits at Ma\u00f1ana&#8217;s spring event or similar event, which the board selects annually (for example, the spring trip). Points will be reset at the end of each academic year, and new collection of points starts in the fall.<\/span><\/p>\n<p><span style=\"font-weight: 400\">The board keeps track of the points in a password-protected document, and the points are not publicly visible. If you&#8217;d like to check your current point status, please inquire with the board.<\/span><\/p>\n<p><strong>Points can be earned through the following tasks:<\/strong><\/p>\n<p><strong>Bake sale (Pullis)<\/strong><\/p>\n<p><span style=\"font-weight: 400\">Baking: 1 point<\/span><\/p>\n<p><span style=\"font-weight: 400\">Sales (2h): 1 point<\/span><\/p>\n<p><strong>Event ticket sales<\/strong><\/p>\n<p><span style=\"font-weight: 400\">At the door (1h): 1 point<\/span><\/p>\n<p><span style=\"font-weight: 400\">Pre-sales (2h): 1 point\u00a0<\/span><\/p>\n<p><strong>Miscellaneous tasks<\/strong><\/p>\n<p><span style=\"font-weight: 400\">Cleaning: 1 point<\/span><\/p>\n<p><span style=\"font-weight: 400\">Designing overalls patches: 1 point<\/span><\/p>\n<p><span style=\"font-weight: 400\">Creating advertisements\/posters: 1 point<\/span><\/p>\n<p><span style=\"font-weight: 400\">Help with moving items \/ car transportation: 1 point<\/span><\/p>\n<p><span style=\"font-weight: 400\">Extra hands (depends on work amount, applied as needed): min. 1 point<\/span><\/p>\n<p><span style=\"font-weight: 400\">Working as a server (sitz): 2 points<\/span><\/p>\n<p><span style=\"font-weight: 400\">Representing: 1 point<\/span><\/p>\n<p><strong>Other points<\/strong><\/p>\n<p><span style=\"font-weight: 400\">Board position: 4 points<\/span><\/p>\n<p>Committee at excursions, etc.: 4 points (per committee)<\/p>\n<p><strong>ES<br \/>\nPUNTOS DE ACTIVIDAD<\/strong><span style=\"font-weight: 400\"><br \/>\n<\/span><span style=\"font-weight: 400\">La Junta Directiva de Ma\u00f1ana guarda un registro de los puntos acumulados por l@s miembros activ@s de la asociaci\u00f3n. Dichos puntos se obtienen al hacer voluntariado para tareas relacionadas con las actividades de Ma\u00f1ana, como hornear para las ventas de pasteles o vender entradas en los eventos (a continuaci\u00f3n, una lista m\u00e1s completa).\u00a0<\/span><\/p>\n<p><span style=\"font-weight: 400\">La Junta Directiva de Ma\u00f1ana asigna los puntos teniendo en cuenta la cantidad de trabajo que implica la tarea. El n\u00famero m\u00e1ximo de puntos que se pueden obtener durante un a\u00f1o acad\u00e9mico es cuatro. Los puntos se pueden utilizar para obtener beneficios exclusivos en algunos de los eventos que organiza Ma\u00f1ana, los cuales son escogidos anualmente por la Junta Directiva (por ejemplo, el viaje de primavera). <\/span><span style=\"font-weight: 400\">Los puntos ser\u00e1n restablecidos al final de cada a\u00f1o acad\u00e9mico y la recolecci\u00f3n de nuevos puntos comienza con el inicio del nuevo curso acad\u00e9mico en oto\u00f1o.<\/span><\/p>\n<p><span style=\"font-weight: 400\">El registro de los puntos se guarda en un documento protegido por contrase\u00f1a y los puntos no son visibles p\u00fablicamente. Si deseas consultar tu situaci\u00f3n actual de puntos, puedes preguntar a la Junta.<\/span><\/p>\n<p><strong>Se pueden obtener puntos por las siguientes tareas:<\/strong><\/p>\n<p><strong>Venta de pasteles (Pullis)<\/strong><\/p>\n<p><span style=\"font-weight: 400\">Horneado: 1 punto<\/span><\/p>\n<p><span style=\"font-weight: 400\">Ventas (2h): 1 punto<\/span><\/p>\n<p><strong>Venta de entradas para eventos<\/strong><\/p>\n<p><span style=\"font-weight: 400\">En la puerta (1h): 1 punto<\/span><\/p>\n<p><span style=\"font-weight: 400\">Previa (2h): 1 punto<\/span><\/p>\n<p><strong>Tareas varias<\/strong><\/p>\n<p><span style=\"font-weight: 400\">Limpieza: 1 punto<\/span><\/p>\n<p><span style=\"font-weight: 400\">Dise\u00f1ar parches para overoles: 1 punto<\/span><\/p>\n<p><span style=\"font-weight: 400\">Crear anuncios: 1 punto<\/span><\/p>\n<p><span style=\"font-weight: 400\">Ayuda con el traslado de objetos \/ Transporte en coche: 1 punto<\/span><\/p>\n<p><span style=\"font-weight: 400\">Ayuda extra (seg\u00fan la cantidad de trabajo, aplicable seg\u00fan sea necesario): m\u00edn 1 punto<\/span><\/p>\n<p>Camarer@ (en sitz): 2 puntos<\/p>\n<p><span style=\"font-weight: 400\">Representaci\u00f3n: 1 punto<\/span><\/p>\n<p><strong>Otros puntos<\/strong><\/p>\n<p>Miembro de la junta directiva: 4 puntos<\/p>\n<p>Comit\u00e9 en la excursi\u00f3n, etc.: 2 puntos (por comit\u00e9)<\/p>\n","protected":false},"excerpt":{"rendered":"<p>FIN Ma\u00f1anan hallituksella on k\u00e4yt\u00f6ss\u00e4\u00e4n \u201dmusta kirja\u201d eli taulukko, johon aktiiviset ma\u00f1analaiset voivat ker\u00e4t\u00e4 itselleen pisteit\u00e4. Pisteit\u00e4 saa tekem\u00e4ll\u00e4 vapaaehtoisesti jotain Ma\u00f1anan toiminnan hyv\u00e4ksi, esimerkiksi leipomalla pullamyyj\u00e4isiin tai myym\u00e4ll\u00e4 lippuja bileiden ovella (alla kattavampi lista).\u00a0 Ma\u00f1anan hallitus my\u00f6nt\u00e4\u00e4 pisteet ja pisteytyksess\u00e4 otetaan huomioon ty\u00f6m\u00e4\u00e4r\u00e4. Pisteiden maksimim\u00e4\u00e4r\u00e4 yhden lukuvuoden aikana on nelj\u00e4. Pisteill\u00e4 j\u00e4sen saa suhteessa [&hellip;]<\/p>\n","protected":false},"author":2483,"featured_media":0,"parent":0,"menu_order":4,"comment_status":"closed","ping_status":"closed","template":"","meta":{"_kad_blocks_custom_css":"","_kad_blocks_head_custom_js":"","_kad_blocks_body_custom_js":"","_kad_blocks_footer_custom_js":"","footnotes":""},"class_list":["post-628","page","type-page","status-publish","hentry"],"taxonomy_info":[],"featured_image_src_large":false,"author_info":{"display_name":"sakroj","author_link":"https:\/\/tyyala.utu.fi\/manana\/author\/sakroj\/"},"comment_info":0,"_links":{"self":[{"href":"https:\/\/tyyala.utu.fi\/manana\/wp-json\/wp\/v2\/pages\/628","targetHints":{"allow":["GET"]}}],"collection":[{"href":"https:\/\/tyyala.utu.fi\/manana\/wp-json\/wp\/v2\/pages"}],"about":[{"href":"https:\/\/tyyala.utu.fi\/manana\/wp-json\/wp\/v2\/types\/page"}],"author":[{"embeddable":true,"href":"https:\/\/tyyala.utu.fi\/manana\/wp-json\/wp\/v2\/users\/2483"}],"replies":[{"embeddable":true,"href":"https:\/\/tyyala.utu.fi\/manana\/wp-json\/wp\/v2\/comments?post=628"}],"version-history":[{"count":4,"href":"https:\/\/tyyala.utu.fi\/manana\/wp-json\/wp\/v2\/pages\/628\/revisions"}],"predecessor-version":[{"id":1063,"href":"https:\/\/tyyala.utu.fi\/manana\/wp-json\/wp\/v2\/pages\/628\/revisions\/1063"}],"wp:attachment":[{"href":"https:\/\/tyyala.utu.fi\/manana\/wp-json\/wp\/v2\/media?parent=628"}],"curies":[{"name":"wp","href":"https:\/\/api.w.org\/{rel}","templated":true}]}}