{"id":612,"date":"2010-01-05T12:37:13","date_gmt":"2010-01-05T10:37:13","guid":{"rendered":"http:\/\/mananary.com\/?page_id=6"},"modified":"2025-02-10T09:38:08","modified_gmt":"2025-02-10T09:38:08","slug":"manana-ry","status":"publish","type":"page","link":"https:\/\/tyyala.utu.fi\/manana\/manana-ry\/","title":{"rendered":"MA\u00d1ANA RY"},"content":{"rendered":"<div class=\"wp-block-image\">\n<figure class=\"aligncenter size-full\"><img loading=\"lazy\" decoding=\"async\" width=\"486\" height=\"420\" src=\"https:\/\/tyyala.utu.fi\/manana\/wp-content\/uploads\/sites\/90\/2018\/10\/siipikaktuslogo.jpg\" alt=\"\" class=\"wp-image-715\" srcset=\"https:\/\/tyyala.utu.fi\/manana\/wp-content\/uploads\/sites\/90\/2018\/10\/siipikaktuslogo.jpg 486w, https:\/\/tyyala.utu.fi\/manana\/wp-content\/uploads\/sites\/90\/2018\/10\/siipikaktuslogo-300x259.jpg 300w\" sizes=\"auto, (max-width: 486px) 100vw, 486px\" \/><\/figure><\/div>\n\n<p style=\"text-align: center\"><strong>FIN<\/strong><\/p>\n<p style=\"text-align: center\"><strong>Turun yliopiston espanjan kielen ja k\u00e4\u00e4nt\u00e4misen opiskelijoiden ainej\u00e4rjes<\/strong><strong>t\u00f6 jo vuodesta 1998<\/strong><strong>.<\/strong><\/p>\n<p style=\"text-align: center\">Humanistisen tiedekunnan opiskelijoiden tiedekuntaj\u00e4rjest\u00f6n <a href=\"http:\/\/humanitas.fi\/wordpress\/?page_id=102\" target=\"_blank\" rel=\"noopener noreferrer\">Humanitaksen<\/a> j\u00e4sen\u00a0ja <a href=\"http:\/\/www.tyy.fi\/\">TYY<\/a>n alayhdistys.<\/p>\n<p style=\"text-align: center\">Kaikki espanjan p\u00e4\u00e4- ja sivuaineopiskelijat, vaihto-opiskelijat ja muut\u00a0espanjan kielest\u00e4 tai kulttuurista kiinnostuneet ovat tervetulleita mukaan iloiseen joukkoomme!<\/p>\n<p style=\"text-align: center\"><strong>ENG<\/strong><\/p>\n<p style=\"text-align: center\"><strong>The student association of Spanish language and translation students at the University of Turku since 1998.<\/strong><\/p>\n<p style=\"text-align: center\"><span style=\"font-weight: 400\">A member of the <a href=\"https:\/\/humanitas.fi\/\">Humanitas<\/a> faculty association for students in the Faculty of Humanities and a sub-association of the Student Union of the University of Turku (<a href=\"https:\/\/www.tyy.fi\/fi\">TYY<\/a>).<\/span><\/p>\n<p style=\"text-align: center\"><span style=\"font-weight: 400\">All Spanish major and minor students, exchange students and also anyone interested in the Spanish language or Hispanic culture are warmly welcome to join our cheerful community!<\/span><\/p>\n<p style=\"text-align: center\"><strong>ES<\/strong><\/p>\n<p style=\"text-align: center\"><strong>Asociaci\u00f3n estudiantil de l@s estudiantes de lengua espa\u00f1ola y traducci\u00f3n de la Universidad de Turku, fundaba en el a\u00f1o 1998.<\/strong><\/p>\n<p style=\"text-align: center\"><span style=\"font-weight: 400\">Miembro de <a href=\"https:\/\/humanitas.fi\/\">Humanitas<\/a>, la asociaci\u00f3n estudiantil de la Facultad de Humanidades y miembro tambi\u00e9n de la Uni\u00f3n de Estudiantes de la Universidad de Turku (<a href=\"https:\/\/www.tyy.fi\/fi\">TYY<\/a>).<\/span><\/p>\n<p style=\"text-align: center\"><span style=\"font-weight: 400\">\u00a0\u00a1Tod@s l@s estudiantes del Departamento de Espa\u00f1ol, participantes en intercambio, as\u00ed como cualquier persona interesada en la lengua o la cultura hisp\u00e1nica son m\u00e1s que bienvenid@s a unirse a nuestra maravillosa comunidad!<\/span><\/p>\n<div style=\"text-align: center\">\n<p>&nbsp;<\/p>\n<\/div>","protected":false},"excerpt":{"rendered":"<p>FIN Turun yliopiston espanjan kielen ja k\u00e4\u00e4nt\u00e4misen opiskelijoiden ainej\u00e4rjest\u00f6 jo vuodesta 1998. Humanistisen tiedekunnan opiskelijoiden tiedekuntaj\u00e4rjest\u00f6n Humanitaksen j\u00e4sen\u00a0ja TYYn alayhdistys. Kaikki espanjan p\u00e4\u00e4- ja sivuaineopiskelijat, vaihto-opiskelijat ja muut\u00a0espanjan kielest\u00e4 tai kulttuurista kiinnostuneet ovat tervetulleita mukaan iloiseen joukkoomme! ENG The student association of Spanish language and translation students at the University of Turku since 1998. A [&hellip;]<\/p>\n","protected":false},"author":2483,"featured_media":849,"parent":0,"menu_order":1,"comment_status":"closed","ping_status":"closed","template":"","meta":{"footnotes":""},"class_list":["post-612","page","type-page","status-publish","has-post-thumbnail","hentry"],"_links":{"self":[{"href":"https:\/\/tyyala.utu.fi\/manana\/wp-json\/wp\/v2\/pages\/612","targetHints":{"allow":["GET"]}}],"collection":[{"href":"https:\/\/tyyala.utu.fi\/manana\/wp-json\/wp\/v2\/pages"}],"about":[{"href":"https:\/\/tyyala.utu.fi\/manana\/wp-json\/wp\/v2\/types\/page"}],"author":[{"embeddable":true,"href":"https:\/\/tyyala.utu.fi\/manana\/wp-json\/wp\/v2\/users\/2483"}],"replies":[{"embeddable":true,"href":"https:\/\/tyyala.utu.fi\/manana\/wp-json\/wp\/v2\/comments?post=612"}],"version-history":[{"count":27,"href":"https:\/\/tyyala.utu.fi\/manana\/wp-json\/wp\/v2\/pages\/612\/revisions"}],"predecessor-version":[{"id":1056,"href":"https:\/\/tyyala.utu.fi\/manana\/wp-json\/wp\/v2\/pages\/612\/revisions\/1056"}],"wp:featuredmedia":[{"embeddable":true,"href":"https:\/\/tyyala.utu.fi\/manana\/wp-json\/wp\/v2\/media\/849"}],"wp:attachment":[{"href":"https:\/\/tyyala.utu.fi\/manana\/wp-json\/wp\/v2\/media?parent=612"}],"curies":[{"name":"wp","href":"https:\/\/api.w.org\/{rel}","templated":true}]}}