{"id":114,"date":"2010-02-23T11:29:47","date_gmt":"2010-02-23T11:29:47","guid":{"rendered":"http:\/\/mananary.com\/?page_id=114"},"modified":"2026-04-15T16:49:11","modified_gmt":"2026-04-15T16:49:11","slug":"galleria","status":"publish","type":"page","link":"https:\/\/tyyala.utu.fi\/manana\/galleria\/","title":{"rendered":"TOIMINTA &amp; TAPAHTUMAT"},"content":{"rendered":"<div class=\"wp-block-image\">\n<figure class=\"alignright size-large is-resized\"><img loading=\"lazy\" decoding=\"async\" width=\"1024\" height=\"1024\" src=\"https:\/\/tyyala.utu.fi\/manana\/wp-content\/uploads\/sites\/90\/2025\/02\/febrero-1024x1024.jpg\" alt=\"\" class=\"wp-image-1025\" style=\"width:403px;height:auto\" srcset=\"https:\/\/tyyala.utu.fi\/manana\/wp-content\/uploads\/sites\/90\/2025\/02\/febrero-1024x1024.jpg 1024w, https:\/\/tyyala.utu.fi\/manana\/wp-content\/uploads\/sites\/90\/2025\/02\/febrero-300x300.jpg 300w, https:\/\/tyyala.utu.fi\/manana\/wp-content\/uploads\/sites\/90\/2025\/02\/febrero-150x150.jpg 150w, https:\/\/tyyala.utu.fi\/manana\/wp-content\/uploads\/sites\/90\/2025\/02\/febrero-768x768.jpg 768w, https:\/\/tyyala.utu.fi\/manana\/wp-content\/uploads\/sites\/90\/2025\/02\/febrero-800x800.jpg 800w, https:\/\/tyyala.utu.fi\/manana\/wp-content\/uploads\/sites\/90\/2025\/02\/febrero.jpg 1080w\" sizes=\"auto, (max-width: 1024px) 100vw, 1024px\" \/><\/figure><\/div>\n\n<style>.wp-block-kadence-advancedgallery .kb-gallery-type-masonry.kb-gallery-id-114_2a6b8d-2b{margin:-5px;}.kb-gallery-type-masonry.kb-gallery-id-114_2a6b8d-2b .kadence-blocks-gallery-item{padding:5px;}.kb-gallery-id-114_2a6b8d-2b .kadence-blocks-gallery-item .kb-gal-image-radius, .kb-gallery-id-114_2a6b8d-2b .kb-slide-item .kb-gal-image-radius img{border-radius:0px 0px 0px 0px;;}<\/style><div class=\"kb-gallery-wrap-id-114_2a6b8d-2b alignnone wp-block-kadence-advancedgallery\"><ul class=\"kb-gallery-ul kb-gallery-non-static kb-gallery-type-masonry kb-masonry-init kb-gallery-id-114_2a6b8d-2b kb-gallery-caption-style-bottom-hover kb-gallery-filter-none\" data-image-filter=\"none\" data-item-selector=\".kadence-blocks-gallery-item\" data-lightbox-caption=\"true\" data-columns-xxl=\"3\" data-columns-xl=\"3\" data-columns-md=\"3\" data-columns-sm=\"2\" data-columns-xs=\"1\" data-columns-ss=\"1\"><li class=\"kadence-blocks-gallery-item\"><div class=\"kadence-blocks-gallery-item-inner\"><figure class=\"kb-gallery-figure kadence-blocks-gallery-item-hide-caption\"><div class=\"kb-gal-image-radius\" style=\"max-width:764px;\"><div class=\"kb-gallery-image-contain kadence-blocks-gallery-intrinsic\" style=\"padding-bottom:49%;\"><img loading=\"lazy\" decoding=\"async\" src=\"https:\/\/tyyala.utu.fi\/manana\/wp-content\/uploads\/sites\/90\/2026\/04\/cropped-manana-2-scaled-1-1024x505.jpg\" width=\"764\" height=\"377\" alt=\"\" data-full-image=\"https:\/\/tyyala.utu.fi\/manana\/wp-content\/uploads\/sites\/90\/2026\/04\/cropped-manana-2-scaled-1.jpg\" data-light-image=\"https:\/\/tyyala.utu.fi\/manana\/wp-content\/uploads\/sites\/90\/2026\/04\/cropped-manana-2-scaled-1.jpg\" data-id=\"1087\" class=\"wp-image-1087\" srcset=\"https:\/\/tyyala.utu.fi\/manana\/wp-content\/uploads\/sites\/90\/2026\/04\/cropped-manana-2-scaled-1-1024x505.jpg 1024w, https:\/\/tyyala.utu.fi\/manana\/wp-content\/uploads\/sites\/90\/2026\/04\/cropped-manana-2-scaled-1-300x148.jpg 300w, https:\/\/tyyala.utu.fi\/manana\/wp-content\/uploads\/sites\/90\/2026\/04\/cropped-manana-2-scaled-1-768x379.jpg 768w, https:\/\/tyyala.utu.fi\/manana\/wp-content\/uploads\/sites\/90\/2026\/04\/cropped-manana-2-scaled-1.jpg 1092w\" sizes=\"auto, (max-width: 764px) 100vw, 764px\" \/><\/div><\/div><\/figure><\/div><\/li><\/ul><\/div>\n\n<p><strong>FIN\u00a0<\/strong><\/p>\n<p><span style=\"font-weight: 400\">J\u00e4rjest\u00e4mme paljon monipuolisia ja kivoja tapahtumia joka vuosi! Mainostamme ja ilmoitamme tapahtumista Instagramin kautta, mutta j\u00e4senillemme my\u00f6s s\u00e4hk\u00f6postin ja WhatsAppin kautta.<\/span><\/p>\n<p>Ma\u00f1anan tapahtumissa noudatetaan aina <a href=\"https:\/\/www.tyy.fi\/fi\/node\/11133\">TYYn turvallisemman tilan periaatteita<\/a>! K\u00e4y lukemassa my\u00f6s <a href=\"https:\/\/www.tyy.fi\/sites\/default\/files\/2025-05\/Yhdenvertaisuusohjelma.pdf\">TYYn yhdenvertaisuusohjelma<\/a>.<\/p>\n<p><strong>ENG<\/strong><\/p>\n<p><strong>EVENTS<\/strong><\/p>\n<p><span style=\"font-weight: 400\">We organize a lot of diverse and fun events every year! We advertise and announce our events through Instagram, but to our members also via email and WhatsApp.<\/span><\/p>\n<p>Ma\u00f1ana&#8217;s events always follow the <a href=\"https:\/\/www.tyy.fi\/fi\/node\/11133\">TYY Safe Space policy<\/a>! Read also <a href=\"https:\/\/www.tyy.fi\/sites\/default\/files\/2025-05\/Yhdenvertaisuusohjelma.pdf\">TYY Equality Program<\/a>. (In Finnish)<\/p>\n<p><strong>ES<\/strong><\/p>\n<p><strong>EVENTOS<\/strong><\/p>\n<p><span style=\"font-weight: 400\">Organizamos muchos eventos diversos y divertidos cada a\u00f1o! Anunciamos e informamos sobre nuestros eventos a trav\u00e9s de Instagram, pero a l@s miembr@s tambi\u00e9n por correo electr\u00f3nico y WhatsApp.<\/span><\/p>\n<p>\u00a1Los eventos de Ma\u00f1ana siempre siguen <a href=\"https:\/\/www.tyy.fi\/fi\/node\/11133\">la pol\u00edtica de Espacio Seguro de TYY<\/a>! Lee tambi\u00e9n <a href=\"https:\/\/www.tyy.fi\/sites\/default\/files\/2025-05\/Yhdenvertaisuusohjelma.pdf\">el Programa de Igualdad de TYY<\/a>. (En fin\u00e9s)<\/p>\n<p><strong>FIESTA LATINA<\/strong><\/p>\n<p><strong>FIN<\/strong><\/p>\n<p><span style=\"font-weight: 400\">Unohtumattomat illat t\u00e4ynn\u00e4 rytmi\u00e4 ja iloa, jolloin p\u00e4\u00e4see tanssimaan lattarimusiikin tahdissa ja kokemaan Latinalaisen Amerikan ja Espanjan energinen fiilis.\u00a0<\/span><\/p>\n<p><span style=\"font-weight: 400\">Ma\u00f1ana j\u00e4rjest\u00e4\u00e4 Fiesta Latina -bileet syksyisin sek\u00e4 kev\u00e4isin.<\/span><\/p>\n<p><span style=\"font-weight: 400\">Lis\u00e4\u00e4 infoa Ma\u00f1anan Fiesta Latina -bileist\u00e4 l\u00f6ytyy meid\u00e4n Instagram-tililt\u00e4, joten pist\u00e4 ihmeess\u00e4 seurantaan!<\/span><\/p>\n<p><strong>ENG<\/strong><\/p>\n<p><span style=\"font-weight: 400\">Unforgettable nights filled with rhythm and joy, where you can dance to Latin top hits and experience the energetic vibe of Latin America and Spain.<\/span><\/p>\n<p><span style=\"font-weight: 400\">Ma\u00f1ana organizes Fiesta Latina parties every autumn and spring!<\/span><\/p>\n<p><span style=\"font-weight: 400\">For more information about Ma\u00f1ana\u2019s Fiesta Latina parties, check out our Instagram account, make sure to follow us!<\/span><\/p>\n<p><strong>ES<\/strong><\/p>\n<p><span style=\"font-weight: 400\">Noches inolvidables en Turku llenas de ritmo y alegr\u00eda, donde podr\u00e1s bailar al ritmo de la m\u00fasica latina y disfrutar del en\u00e9rgico ambiente de Am\u00e9rica Latina y Espa\u00f1a.<\/span><\/p>\n<p><span style=\"font-weight: 400\">\u00a1Ma\u00f1ana ry organiza la Fiesta Latina cada oto\u00f1o y primavera!<\/span><\/p>\n<p><span style=\"font-weight: 400\">Para m\u00e1s informaci\u00f3n sobre la Fiesta Latina de Ma\u00f1ana, visita nuestra cuenta de Instagram. \u00a1No olvides seguirnos!<\/span><\/p>\n<p><strong>PULLIS (BAKE SALE\/VENTA DE PASTELES):<\/strong><\/p>\n<p><strong>FIN<\/strong><\/p>\n<p><span style=\"font-weight: 400\">J\u00e4rjest\u00e4mme pulliksia tyypillisesti nelj\u00e4sti lukukaudessa Arcanumin aulassa: myymme herkullisia ma\u00f1analaisten valmistamia suolaisia ja makeita leivonnaisia (yleens\u00e4 vegaanisia) sek\u00e4 Reilun Kaupan kahvia ja teet\u00e4!<\/span><\/p>\n<p><span style=\"font-weight: 400\">Ilmoitamme pulliksista aina Instagramin kautta!<\/span><\/p>\n<p><strong>ENG<\/strong><\/p>\n<p><span style=\"font-weight: 400\">We typically organize our Pullis bake sales four times a semester in the lobby of Arcanum\u2019s building, offering delicious sweet and savory baked goods (usually vegan) by the hands of our talented members. In addition, we sell Fair Trade coffee and tea!<\/span><\/p>\n<p><span style=\"font-weight: 400\">We always promote and announce our bake sales through Instagram!<\/span><\/p>\n<p><strong>ES<\/strong><\/p>\n<p><span style=\"font-weight: 400\">Normalmente organizamos ventas de pasteles cuatro veces por semestre en el vest\u00edbulo de Arcanum, donde se ofrece una deliciosa reposteri\u00e1 dulce y salada (generalmente vegana) como caf\u00e9 y t\u00e9 producidos de acuerdo a los principios del Comercio Justo.<\/span><\/p>\n<p><span style=\"font-weight: 400\">\u00a1Siempre anunciamos nuestras ventas de pasteles a trav\u00e9s de Instagram!<\/span><\/p>\n<p><strong>SITSIT:<\/strong><\/p>\n<p><strong>FIN<\/strong><\/p>\n<p><span style=\"font-weight: 400\">J\u00e4rjest\u00e4mme joka lukuvuosi useita sitsitapahtumia useimmiten yhteisty\u00f6ss\u00e4 muiden ainej\u00e4rjest\u00f6jen kanssa. <\/span><span style=\"font-weight: 400\">Teemat ovat aina vaihtelevia sek\u00e4 ajankohtaisia.<\/span><\/p>\n<p><strong>ENG<\/strong><\/p>\n<p><span style=\"font-weight: 400\">We organize several sitz events every academic year, often in collaboration with other student associations. <\/span><span style=\"font-weight: 400\">The themes are always varied and relevant.<\/span><\/p>\n<p><strong>ES<\/strong><\/p>\n<p><span style=\"font-weight: 400\">Ma\u00f1ana organiza varias Sitz cada a\u00f1o acad\u00e9mico, a menudo en colaboraci\u00f3n con otras asociaciones estudiantiles. <\/span><span style=\"font-weight: 400\">Los temas de estas fiestas siempre son variados y actuales.<\/span><\/p>\n<p><strong>MUITA TAPAHTUMIA (OTHER EVENTS\/OTROS EVENTOS)<\/strong><\/p>\n<p><strong>VAPPUBOOLI \/ MAY DAY PUNCH \/ PUNCH DE LA FIESTA DE &#8217;VAPPU&#8217;<\/strong><\/p>\n<p><strong>FIN<\/strong><\/p>\n<p><span style=\"font-weight: 400\">Rentoa yhdess\u00e4oloa vapunaaton kunniaksi TYYn vappuboolilla. Muista tuoda oma kuppisi!<\/span><\/p>\n<p><strong>ENG<\/strong><\/p>\n<p><span style=\"font-weight: 400\">Casual get-together in celebration of Vappu Eve at TYY\u2019s May Day punch event. Remember to bring a cup along!<\/span><\/p>\n<p><strong>ES<\/strong><\/p>\n<p><span style=\"font-weight: 400\">Una relajada fiesta en celebraci\u00f3n de \u2018Vappu\u2019 en el evento organizado por TYY. \u00a1Recuerda traer tu taza!<\/span><\/p>\n<p><strong>FIN<\/strong><\/p>\n<p><strong>TUTUSTUMISILTA UUSILLE OPISKELIJOILLE<\/strong><\/p>\n<p><strong>URATAPAHTUMA<\/strong><\/p>\n<p><strong>PIKKUJOULUT<\/strong><\/p>\n<p><strong>SYYS- JA KEV\u00c4TILLALLINEN<\/strong><\/p>\n<p><strong>PELI-ILLAT NIETOSILLA<\/strong><\/p>\n<p><strong>ELOKUVAILLAT<\/strong><\/p>\n<p><span style=\"font-weight: 400\">Ja lis\u00e4\u00e4 on luvassa!<\/span><\/p>\n<p><span style=\"font-weight: 400\">Jos sinua kiinnostaa tiet\u00e4\u00e4 lis\u00e4\u00e4 j\u00e4rjest\u00e4mist\u00e4mme tapahtumista, ole ihmeess\u00e4 yhteydess\u00e4 Instagramin kautta tai s\u00e4hk\u00f6postitse!<\/span><\/p>\n<p><strong>ENG<\/strong><\/p>\n<p><strong>INTRODUCTION EVENING FOR NEW STUDENTS<\/strong><\/p>\n<p><strong>CAREER EVENT<\/strong><\/p>\n<p><strong>CHRISTMAS PARTY<\/strong><\/p>\n<p><strong>AUTUMN AND SPRING DINNERS<\/strong><\/p>\n<p><strong>GAME NIGHTS AT NIETO&#8217;S<\/strong><\/p>\n<p><strong>MOVIE NIGHTS\u00a0<\/strong><\/p>\n<p><span style=\"font-weight: 400\">And more to come!<\/span><\/p>\n<p><span style=\"font-weight: 400\">If you\u2019d like to know more about the events we organize, feel free to contact us via Instagram or email!<\/span><\/p>\n<p><strong>ES<\/strong><\/p>\n<p><strong>EVENTO DE BIENVENIDA PARA L@S NUEV@S ESTUDIANTES<\/strong><\/p>\n<p><strong>NOCHE DE ORIENTACI\u00d3N PROFESIONAL<\/strong><\/p>\n<p><strong>FIESTA DE NAVIDAD<\/strong><\/p>\n<p><strong>CENA DE OTO\u00d1O Y PRIMAVERA<\/strong><\/p>\n<p><strong>NOCHES DE JUEGOS EN NIETO&#8217;S COFFEE<\/strong><\/p>\n<p><strong>NOCHES DE CINE<\/strong><\/p>\n<p><span style=\"font-weight: 400\">Y m\u00e1s por venir!<\/span><\/p>\n<p><span style=\"font-weight: 400\">Si te gustar\u00eda saber m\u00e1s sobre los eventos que organizamos, \u00a1no dudes en contactarnos a trav\u00e9s de Instagram o correo electr\u00f3nico!<\/span><\/p>\n\n\n\n","protected":false},"excerpt":{"rendered":"<p>FIN\u00a0 J\u00e4rjest\u00e4mme paljon monipuolisia ja kivoja tapahtumia joka vuosi! Mainostamme ja ilmoitamme tapahtumista Instagramin kautta, mutta j\u00e4senillemme my\u00f6s s\u00e4hk\u00f6postin ja WhatsAppin kautta. Ma\u00f1anan tapahtumissa noudatetaan aina TYYn turvallisemman tilan periaatteita! K\u00e4y lukemassa my\u00f6s TYYn yhdenvertaisuusohjelma. ENG EVENTS We organize a lot of diverse and fun events every year! We advertise and announce our events through [&hellip;]<\/p>\n","protected":false},"author":2483,"featured_media":0,"parent":0,"menu_order":5,"comment_status":"closed","ping_status":"closed","template":"","meta":{"_kad_blocks_custom_css":"","_kad_blocks_head_custom_js":"","_kad_blocks_body_custom_js":"","_kad_blocks_footer_custom_js":"","footnotes":""},"class_list":["post-114","page","type-page","status-publish","hentry"],"taxonomy_info":[],"featured_image_src_large":false,"author_info":{"display_name":"sakroj","author_link":"https:\/\/tyyala.utu.fi\/manana\/author\/sakroj\/"},"comment_info":0,"_links":{"self":[{"href":"https:\/\/tyyala.utu.fi\/manana\/wp-json\/wp\/v2\/pages\/114","targetHints":{"allow":["GET"]}}],"collection":[{"href":"https:\/\/tyyala.utu.fi\/manana\/wp-json\/wp\/v2\/pages"}],"about":[{"href":"https:\/\/tyyala.utu.fi\/manana\/wp-json\/wp\/v2\/types\/page"}],"author":[{"embeddable":true,"href":"https:\/\/tyyala.utu.fi\/manana\/wp-json\/wp\/v2\/users\/2483"}],"replies":[{"embeddable":true,"href":"https:\/\/tyyala.utu.fi\/manana\/wp-json\/wp\/v2\/comments?post=114"}],"version-history":[{"count":9,"href":"https:\/\/tyyala.utu.fi\/manana\/wp-json\/wp\/v2\/pages\/114\/revisions"}],"predecessor-version":[{"id":1093,"href":"https:\/\/tyyala.utu.fi\/manana\/wp-json\/wp\/v2\/pages\/114\/revisions\/1093"}],"wp:attachment":[{"href":"https:\/\/tyyala.utu.fi\/manana\/wp-json\/wp\/v2\/media?parent=114"}],"curies":[{"name":"wp","href":"https:\/\/api.w.org\/{rel}","templated":true}]}}