{"id":1012,"date":"2025-01-27T13:13:55","date_gmt":"2025-01-27T13:13:55","guid":{"rendered":"https:\/\/tyyala.utu.fi\/manana\/?page_id=1012"},"modified":"2025-08-15T07:56:29","modified_gmt":"2025-08-15T07:56:29","slug":"hallituksen-jasenet","status":"publish","type":"page","link":"https:\/\/tyyala.utu.fi\/manana\/hallitus\/hallituksen-jasenet\/","title":{"rendered":"HALLITUKSEN J\u00c4SENET (25-26)"},"content":{"rendered":"\n<figure class=\"wp-block-table\"><table class=\"has-fixed-layout\"><tbody><tr><td><strong>Puheenjohtaja<\/strong> (Chair, Presidente)<\/td><td>Frans M\u00e4ki-Jyllil\u00e4<br>famajy@utu.fi<\/td><\/tr><tr><td><strong>Varapuheenjohtaja<\/strong> (Vice Chair, Vicepresidenta)<\/td><td>Emma Vedentausta <br>emma.j.vedentausta@utu.fi<\/td><\/tr><tr><td><strong>Taloudenhoitaja<\/strong> (Treasurer, Tesorera)<\/td><td>Niina Railoma<br>narail@utu.fi<\/td><\/tr><tr><td><strong>Tiedottaja<\/strong> (Communications coordinator, Responsable de comunicaci\u00f3n)<\/td><td>Emilia Tolonen<br>ematol@utu.fi<\/td><\/tr><tr><td><strong>Sihteeri<\/strong> (Secretary, Secretaria)<\/td><td>Jenna Remes<br>jereme@utu.fi<\/td><\/tr><tr><td><strong>Sosiaalipoliittinen vastaava<\/strong> (Social affairs coordinator, Responsable de pol\u00edtica social)<\/td><td>Konstantina Angelou<br>kgange@utu.fi<\/td><\/tr><tr><td><strong>Koulutuspoliittinen vastaava<\/strong> (Educational affairs coordinator, Responsable de pol\u00edtica educativa)<\/td><td>Anna Savolainen<br>amarsa@utu.fi<\/td><\/tr><tr><td><strong>Yritysyhteisty\u00f6vastaava<\/strong> (Cooperation coordinator, Responsable de relaciones empresariales)<\/td><td>Eero Lappi<br>eellap@utu.fi<\/td><\/tr><tr><td><strong>Kansainv\u00e4lisyysvastaava<\/strong> (International affairs coordinator, responsable de relaciones internacionales)<\/td><td>Tuuli Nuutinen<br>tanuut@utu.fi<\/td><\/tr><tr><td><strong>Tuutorivastaava<\/strong> (Tutor coordinator, Coordinatora de tutores)<\/td><td>Emma Raikisto<br>elraik@utu.fi<\/td><\/tr><tr><td><strong>Tapahtumavastaavat <\/strong>(Event organizers, coordinator@s de eventos)<\/td><td>Tuuli Nuutinen (tanuut@utu.fi)<br>Eero Lappi (eellap@utu.fi)<br>Niina Railoma (narail@utu.fi)<br>Emilia Tolonen (ematol@utu.fi)<\/td><\/tr><tr><td><strong>H\u00e4irint\u00e4yhdyshenkil\u00f6t<\/strong> (Harassment contact persons, Responsables de prevenci\u00f3n de acoso)<\/td><td>Anna Savolainen (amarsa@utu.fi)<br>Konstantina Angelou (kgange@utu.fi)<\/td><\/tr><tr><td><strong>Ymp\u00e4rist\u00f6vastaava <\/strong>(Environmental affairs coordinator, Responsable de medio ambiente)<\/td><td>Konstantina Angelou<br>kgange@utu.fi<\/td><\/tr><tr><td><strong>Pullisvastaava<\/strong> (Bake sale coordinator, Responsable de ventas de pasteles)<\/td><td>Emma Raikisto <br>elraik@utu.fi<\/td><\/tr><tr><td><strong>Varaj\u00e4senet<\/strong> (Vice members, Miembros suplentes)<\/td><td>Saara Viitanen (smviit@utu.fi)<br>Rebekka Jaatinen (rajaat@utu.fi)<\/td><\/tr><\/tbody><\/table><\/figure>\n","protected":false},"excerpt":{"rendered":"<p>Puheenjohtaja (Chair, Presidente) Frans M\u00e4ki-Jyllil\u00e4famajy@utu.fi Varapuheenjohtaja (Vice Chair, Vicepresidenta) Emma Vedentausta emma.j.vedentausta@utu.fi Taloudenhoitaja (Treasurer, Tesorera) Niina Railomanarail@utu.fi Tiedottaja (Communications coordinator, Responsable de comunicaci\u00f3n) Emilia Tolonenematol@utu.fi Sihteeri (Secretary, Secretaria) Jenna Remesjereme@utu.fi Sosiaalipoliittinen vastaava (Social affairs coordinator, Responsable de pol\u00edtica social) Konstantina Angeloukgange@utu.fi Koulutuspoliittinen vastaava (Educational affairs coordinator, Responsable de pol\u00edtica educativa) Anna Savolainenamarsa@utu.fi Yritysyhteisty\u00f6vastaava (Cooperation coordinator, [&hellip;]<\/p>\n","protected":false},"author":3460,"featured_media":0,"parent":8,"menu_order":0,"comment_status":"closed","ping_status":"closed","template":"","meta":{"footnotes":""},"class_list":["post-1012","page","type-page","status-publish","hentry"],"_links":{"self":[{"href":"https:\/\/tyyala.utu.fi\/manana\/wp-json\/wp\/v2\/pages\/1012","targetHints":{"allow":["GET"]}}],"collection":[{"href":"https:\/\/tyyala.utu.fi\/manana\/wp-json\/wp\/v2\/pages"}],"about":[{"href":"https:\/\/tyyala.utu.fi\/manana\/wp-json\/wp\/v2\/types\/page"}],"author":[{"embeddable":true,"href":"https:\/\/tyyala.utu.fi\/manana\/wp-json\/wp\/v2\/users\/3460"}],"replies":[{"embeddable":true,"href":"https:\/\/tyyala.utu.fi\/manana\/wp-json\/wp\/v2\/comments?post=1012"}],"version-history":[{"count":7,"href":"https:\/\/tyyala.utu.fi\/manana\/wp-json\/wp\/v2\/pages\/1012\/revisions"}],"predecessor-version":[{"id":1077,"href":"https:\/\/tyyala.utu.fi\/manana\/wp-json\/wp\/v2\/pages\/1012\/revisions\/1077"}],"up":[{"embeddable":true,"href":"https:\/\/tyyala.utu.fi\/manana\/wp-json\/wp\/v2\/pages\/8"}],"wp:attachment":[{"href":"https:\/\/tyyala.utu.fi\/manana\/wp-json\/wp\/v2\/media?parent=1012"}],"curies":[{"name":"wp","href":"https:\/\/api.w.org\/{rel}","templated":true}]}}