{"id":575,"date":"2016-06-06T09:47:55","date_gmt":"2016-06-06T09:47:55","guid":{"rendered":"http:\/\/tyyala.utu.fi\/seita\/?page_id=575"},"modified":"2024-12-09T13:27:25","modified_gmt":"2024-12-09T13:27:25","slug":"astiavuokraus","status":"publish","type":"page","link":"https:\/\/tyyala.utu.fi\/kutu\/muu-toiminta\/astiavuokraus\/","title":{"rendered":"Astiavuokraus"},"content":{"rendered":"\n<p class=\"Standard\">Kutu vuokraa noin 70 hengen valkoista posliiniastiastoaan hallituksen harkinnan mukaan toisille opiskelijaj\u00e4rjest\u00f6ille ja muille henkil\u00f6ille edulliseen hintaan. Vuokraaja hoitaa astiaston kuljetuksen sek\u00e4 palauttaa astiat puhtaina ellei toisin sovita. Vuokraamista varten allekirjoitetaan sopimus Kutun edustajan kanssa.<\/p>\n\n\n\n<p class=\"Standard\">Astioiden vuokraamisesta voi kysell\u00e4 hallitukselta s\u00e4hk\u00f6postitse l\u00e4hett\u00e4m\u00e4ll\u00e4 viesti\u00e4 osoitteeseen\u00a0<em>kutu@utu.fi<\/em><\/p>\n\n\n\n<hr class=\"wp-block-separator has-alpha-channel-opacity\" \/>\n\n\n\n<p class=\"Standard\"><\/p>\n","protected":false},"excerpt":{"rendered":"<p>Kutu vuokraa noin 70 hengen valkoista posliiniastiastoaan hallituksen harkinnan mukaan toisille opiskelijaj\u00e4rjest\u00f6ille ja muille henkil\u00f6ille edulliseen hintaan. Vuokraaja hoitaa astiaston kuljetuksen sek\u00e4 palauttaa astiat puhtaina ellei toisin sovita. Vuokraamista varten allekirjoitetaan sopimus Kutun edustajan kanssa. Astioiden vuokraamisesta voi kysell\u00e4 hallitukselta s\u00e4hk\u00f6postitse l\u00e4hett\u00e4m\u00e4ll\u00e4 viesti\u00e4 osoitteeseen\u00a0kutu@utu.fi<\/p>\n","protected":false},"author":92,"featured_media":0,"parent":569,"menu_order":0,"comment_status":"closed","ping_status":"closed","template":"","meta":{"footnotes":""},"class_list":["post-575","page","type-page","status-publish","hentry"],"_links":{"self":[{"href":"https:\/\/tyyala.utu.fi\/kutu\/wp-json\/wp\/v2\/pages\/575","targetHints":{"allow":["GET"]}}],"collection":[{"href":"https:\/\/tyyala.utu.fi\/kutu\/wp-json\/wp\/v2\/pages"}],"about":[{"href":"https:\/\/tyyala.utu.fi\/kutu\/wp-json\/wp\/v2\/types\/page"}],"author":[{"embeddable":true,"href":"https:\/\/tyyala.utu.fi\/kutu\/wp-json\/wp\/v2\/users\/92"}],"replies":[{"embeddable":true,"href":"https:\/\/tyyala.utu.fi\/kutu\/wp-json\/wp\/v2\/comments?post=575"}],"version-history":[{"count":12,"href":"https:\/\/tyyala.utu.fi\/kutu\/wp-json\/wp\/v2\/pages\/575\/revisions"}],"predecessor-version":[{"id":2467,"href":"https:\/\/tyyala.utu.fi\/kutu\/wp-json\/wp\/v2\/pages\/575\/revisions\/2467"}],"up":[{"embeddable":true,"href":"https:\/\/tyyala.utu.fi\/kutu\/wp-json\/wp\/v2\/pages\/569"}],"wp:attachment":[{"href":"https:\/\/tyyala.utu.fi\/kutu\/wp-json\/wp\/v2\/media?parent=575"}],"curies":[{"name":"wp","href":"https:\/\/api.w.org\/{rel}","templated":true}]}}