{"id":2527,"date":"2025-09-18T13:57:30","date_gmt":"2025-09-18T13:57:30","guid":{"rendered":"https:\/\/tyyala.utu.fi\/kutu\/?page_id=2527"},"modified":"2026-01-13T15:28:38","modified_gmt":"2026-01-13T15:28:38","slug":"ainejarjestonauha","status":"publish","type":"page","link":"https:\/\/tyyala.utu.fi\/kutu\/ainejarjestonauha\/","title":{"rendered":"Ainej\u00e4rjest\u00f6nauha"},"content":{"rendered":"\n<p>Kutu ry:n j\u00e4sennauhaa myyd\u00e4\u00e4n 60 ja 80 cm pituisena. 60cm soveltuu ruusukkeeseen, ja 80cm riitt\u00e4\u00e4 olalta kyljelle.&nbsp;<\/p>\n\n\n\n<p>J\u00e4sennauha asetetaan joko ruusukkeena vasemmalle rintamukselle taikka oikealta olalta vasemmalle kyljelle, mahdollisen puvuntakin alle. Internet on pullollaan erilaisia keinoja taitella j\u00e4sennauhasta ruusuke, mutta alta l\u00f6yd\u00e4t yhden tavan. Jos seuraat toisia ohjeita, huomaathan, ett\u00e4 Kutu suosii kahden taitteen mallia.<\/p>\n\n\n\n<figure class=\"wp-block-gallery has-nested-images columns-default is-cropped wp-block-gallery-1 is-layout-flex wp-block-gallery-is-layout-flex\">\n<figure class=\"wp-block-image size-large\"><img loading=\"lazy\" decoding=\"async\" width=\"682\" height=\"1024\" data-id=\"2529\" src=\"https:\/\/tyyala.utu.fi\/kutu\/wp-content\/uploads\/sites\/18\/2025\/09\/Ainejarjestonauhan-taittelu-682x1024.png\" alt=\"\" class=\"wp-image-2529\" srcset=\"https:\/\/tyyala.utu.fi\/kutu\/wp-content\/uploads\/sites\/18\/2025\/09\/Ainejarjestonauhan-taittelu-682x1024.png 682w, https:\/\/tyyala.utu.fi\/kutu\/wp-content\/uploads\/sites\/18\/2025\/09\/Ainejarjestonauhan-taittelu-200x300.png 200w, https:\/\/tyyala.utu.fi\/kutu\/wp-content\/uploads\/sites\/18\/2025\/09\/Ainejarjestonauhan-taittelu-768x1152.png 768w, https:\/\/tyyala.utu.fi\/kutu\/wp-content\/uploads\/sites\/18\/2025\/09\/Ainejarjestonauhan-taittelu-1024x1536.png 1024w, https:\/\/tyyala.utu.fi\/kutu\/wp-content\/uploads\/sites\/18\/2025\/09\/Ainejarjestonauhan-taittelu.png 1333w\" sizes=\"auto, (max-width: 682px) 100vw, 682px\" \/><\/figure>\n<\/figure>\n\n\n\n<p><\/p>\n\n\n\n<h3 class=\"wp-block-heading\">Ruusukkeen taittelu:<\/h3>\n\n\n\n<p>1. Tee ensin 3 cm taitos vasemmalle.&nbsp;<\/p>\n\n\n\n<p>2. Tee my\u00f6s 3 cm taitos oikealle ensimm\u00e4isen taitoksen viereen.&nbsp;<\/p>\n\n\n\n<p>3. T\u00e4m\u00e4n j\u00e4lkeen taitellaan ruusukkeen alin kerros. Taita ensin vasemmalle puolelle 1,5 cm taitos.&nbsp;<\/p>\n\n\n\n<p>4. Tee 1,5 cm taitos my\u00f6s oikealle puolelle.&nbsp;<\/p>\n\n\n\n<p>5. Lopuksi taitellaan ruusukkeen keskikohta. K\u00e4\u00e4nn\u00e4 ruusuke ymp\u00e4ri ja taita nauha viistosti yl\u00f6sp\u00e4in.<\/p>\n\n\n\n<p>6. Py\u00f6r\u00e4yt\u00e4 nauha ruusukkeen keskikohdan ymp\u00e4ri pari kertaa.&nbsp;<\/p>\n\n\n\n<p>7. K\u00e4\u00e4nn\u00e4 lopuksi nauha ruusukkeen taakse, leikkaa ylim\u00e4\u00e4r\u00e4inen pituus pois &amp; ompele nauhan p\u00e4\u00e4 kiinni. Ja n\u00e4in ruusuke on valmis!<\/p>\n\n\n\n<div class=\"wp-block-buttons is-layout-flex wp-block-buttons-is-layout-flex\"><\/div>\n\n\n\n<p><\/p>\n","protected":false},"excerpt":{"rendered":"<p>Kutu ry:n j\u00e4sennauhaa myyd\u00e4\u00e4n 60 ja 80 cm pituisena. 60cm soveltuu ruusukkeeseen, ja 80cm riitt\u00e4\u00e4 olalta kyljelle.&nbsp; J\u00e4sennauha asetetaan joko ruusukkeena vasemmalle rintamukselle taikka oikealta olalta vasemmalle kyljelle, mahdollisen puvuntakin alle. Internet on pullollaan erilaisia keinoja taitella j\u00e4sennauhasta ruusuke, mutta alta l\u00f6yd\u00e4t yhden tavan. Jos seuraat toisia ohjeita, huomaathan, ett\u00e4 Kutu suosii kahden taitteen mallia. &hellip; <a href=\"https:\/\/tyyala.utu.fi\/kutu\/ainejarjestonauha\/\" class=\"more-link\">Jatka artikkeliin <span class=\"screen-reader-text\">Ainej\u00e4rjest\u00f6nauha<\/span><\/a><\/p>\n","protected":false},"author":3386,"featured_media":0,"parent":0,"menu_order":0,"comment_status":"closed","ping_status":"closed","template":"","meta":{"footnotes":""},"class_list":["post-2527","page","type-page","status-publish","hentry"],"_links":{"self":[{"href":"https:\/\/tyyala.utu.fi\/kutu\/wp-json\/wp\/v2\/pages\/2527","targetHints":{"allow":["GET"]}}],"collection":[{"href":"https:\/\/tyyala.utu.fi\/kutu\/wp-json\/wp\/v2\/pages"}],"about":[{"href":"https:\/\/tyyala.utu.fi\/kutu\/wp-json\/wp\/v2\/types\/page"}],"author":[{"embeddable":true,"href":"https:\/\/tyyala.utu.fi\/kutu\/wp-json\/wp\/v2\/users\/3386"}],"replies":[{"embeddable":true,"href":"https:\/\/tyyala.utu.fi\/kutu\/wp-json\/wp\/v2\/comments?post=2527"}],"version-history":[{"count":3,"href":"https:\/\/tyyala.utu.fi\/kutu\/wp-json\/wp\/v2\/pages\/2527\/revisions"}],"predecessor-version":[{"id":2561,"href":"https:\/\/tyyala.utu.fi\/kutu\/wp-json\/wp\/v2\/pages\/2527\/revisions\/2561"}],"wp:attachment":[{"href":"https:\/\/tyyala.utu.fi\/kutu\/wp-json\/wp\/v2\/media?parent=2527"}],"curies":[{"name":"wp","href":"https:\/\/api.w.org\/{rel}","templated":true}]}}