{"id":2524,"date":"2025-09-18T13:52:03","date_gmt":"2025-09-18T13:52:03","guid":{"rendered":"https:\/\/tyyala.utu.fi\/kutu\/?page_id=2524"},"modified":"2026-01-12T21:48:27","modified_gmt":"2026-01-12T21:48:27","slug":"vuosijuhlat","status":"publish","type":"page","link":"https:\/\/tyyala.utu.fi\/kutu\/vuosijuhlat\/","title":{"rendered":"Vuosijuhlat"},"content":{"rendered":"\n<p><\/p>\n\n\n\n<h2 class=\"wp-block-heading\">Vujuetiketti Kutu ry:n vuosijuhlilla<\/h2>\n\n\n\n<p>Vuosijuhla on ainej\u00e4rjest\u00f6mme arvokkain juhla. Etiketin noudattamista ei kannata liikaa j\u00e4nnitt\u00e4\u00e4 \u2013 hyvill\u00e4 k\u00e4yt\u00f6stavoilla p\u00e4\u00e4see pitk\u00e4lle. T\u00e4rkeint\u00e4 on, ett\u00e4 huomioit p\u00f6yt\u00e4seurueesi ja muut juhlavieraat. Jos jokin asia mietitytt\u00e4\u00e4, voit aina kys\u00e4ist\u00e4 Kutu ry:n hallitukselta neuvoa joko ennen iltaa tai sen aikana. Kutu ry:n vuosijuhlilla noudatetaan turvallisemman tilan periaatteita, joihin voit tutustua Kutun nettisivuilta: <a href=\"https:\/\/tyyala.utu.fi\/kutu\/jasen\/turvallisemman-tilan-periaatteet\/\">https:\/\/tyyala.utu.fi\/kutu\/jasen\/turvallisemman-tilan-periaatteet\/<\/a><\/p>\n\n\n\n<p>Vaikka vuosijuhlilla on paljon yhteist\u00e4 sitsien kanssa, vuosijuhlat ovat tunnelmaltaan paljon juhlavammat. Esimerkiksi vuosijuhlille ei kuulu sitseilt\u00e4 yleiset laulujen v\u00e4lihuutelut tai p\u00f6ydille ja tuoleille nouseminen.<\/p>\n\n\n\n<hr class=\"wp-block-separator has-alpha-channel-opacity\" \/>\n\n\n\n<h3 class=\"wp-block-heading\">Pukeutuminen<\/h3>\n\n\n\n<p>Haluamme ensialkuun muistuttaa, ett\u00e4 Kutu ry:n vuosijuhlille jokainen on tervetullut omana itsen\u00e4\u00e4n, ja oma tyyli saa n\u00e4ky\u00e4 pukeutumisessa. Vuosijuhlapukeutumisen etiketin perustan muodostaa pukukoodi \u201dtumma puku\u201d. Pukukoodin mukaisesti tilaisuuteen voi pukeutua siten tummaan pukuun tai iltapukuun, ja arkea juhlavampi pukeutuminen on toivottua.&nbsp;<\/p>\n\n\n\n<p>Akateemisia ansiomerkkej\u00e4 sek\u00e4 ainej\u00e4rjest\u00f6nauhasta tehty\u00e4 ruusuketta kannetaan puvun vasemmassa rintamuksessa, sill\u00e4 ovathan ne niin l\u00e4hell\u00e4 syd\u00e4mi\u00e4mme.<\/p>\n\n\n\n<h3 class=\"wp-block-heading\">Seremoniamestari<\/h3>\n\n\n\n<p>Illan yksi hienoimmista kunniateht\u00e4vist\u00e4! Seremoniamestari toimii tilaisuuden juontajana ja heid\u00e4n antamiaan ohjeita tulee noudattaa, sill\u00e4 h\u00e4n on illan ylin auktoriteetti.<\/p>\n\n\n\n<h3 class=\"wp-block-heading\">Laulunjohtaja<\/h3>\n\n\n\n<p>Vuosijuhlassa lauletaan my\u00f6s yhteislauluja. Laulunjohtaja aloittaa laulut ja johtaa laulua, laulujen sanat l\u00f6ytyv\u00e4t p\u00f6yt\u00e4ohjelmista.<\/p>\n\n\n\n<hr class=\"wp-block-separator has-alpha-channel-opacity\" \/>\n\n\n\n<h2 class=\"wp-block-heading\">Juhlan kulku<\/h2>\n\n\n\n<h3 class=\"wp-block-heading\">Cocktail-tilaisuus<\/h3>\n\n\n\n<p>Iltajuhlaa edelt\u00e4\u00e4 <strong>kutsuvieraiden<\/strong> vapaamuotoinen cocktail-tilaisuus. Sen aikana kutsuvieraat voivat halutessaan esitt\u00e4\u00e4 Kutu ry:n nykyiselle hallitukselle tervehdyksens\u00e4.<\/p>\n\n\n\n<h3 class=\"wp-block-heading\">Iltajuhla<\/h3>\n\n\n\n<p>Saavuthan iltajuhlaan ajoissa, jotta karkelot voivat alkaa suunnitellusti.<\/p>\n\n\n\n<p>Oma paikkasi l\u00f6ytyy plaseerauskartasta illallissalin ulkopuolelta. Iltajuhlan aluksi vuosijuhlavieraat seisovat oman tuolinsa takana, ja odottavat seremoniamestarilta lupaa istuutua. On my\u00f6s kohteliasta esitt\u00e4yty\u00e4 p\u00f6yt\u00e4seurueelleen.<\/p>\n\n\n\n<h3 class=\"wp-block-heading\">Illallinen<\/h3>\n\n\n\n<p>Iltajuhla sis\u00e4lt\u00e4\u00e4 kolmen ruokalajin illallisen ruokajuomineen sek\u00e4 juhlakahvin. Kaikki Kutu ry:n vuosijuhlien tarjoilut ovat vegaanisia. Tarjoilun alettua on kohteliasta odottaa, ett\u00e4 kaikki p\u00f6yt\u00e4seurueen j\u00e4senet ovat saaneet annoksensa ennen ruokailun aloittamista. K\u00e4yt\u00e4nn\u00f6ss\u00e4 t\u00e4m\u00e4 tarkoittaa, ett\u00e4 kylm\u00e4n ruuan saapuessa odotetaan, kunnes koko p\u00f6yt\u00e4seurue on saanut ruokansa, mutta l\u00e4mmint\u00e4 ruokaa voi alkaa nautiskella, kun l\u00e4himm\u00e4t istuintoverit ovat saaneet ruokansa. Illalliskortti sis\u00e4lt\u00e4\u00e4 muutaman kierroksen juhlajuomaa ja tarvittaessa juotavaa voi my\u00f6s ostaa paikan p\u00e4\u00e4lt\u00e4. Lautasliinasta taiteltavien konjakkikorvien aika on vasta j\u00e4lkiruuan saapuessa, johon my\u00f6s seremoniamestari erikseen ohjeistaa.<br \/><\/p>\n\n\n\n<h3 class=\"wp-block-heading\">Ohjelma<\/h3>\n\n\n\n<p>Iltatilaisuuden ohjelma koostuu puheista, esityksist\u00e4, palkitsemistilaisuudesta ja yhteislauluista. Puheiden, puheenvuorojen ja esitysten aikana tulee kunnioittaa puhujaa ja esiintyj\u00e4\u00e4, joten eth\u00e4n selaa puhelintasi tai sy\u00f6 samaan aikaan. Omalta paikalta poistuminen tai paikalle palaaminen on hyv\u00e4 ajoittaa niin, ettet h\u00e4iritse esityst\u00e4 tai puheenvuoroa. Vuosijuhlilla on tauot, joten p\u00e4\u00e4set my\u00f6s verryttelem\u00e4\u00e4n s\u00e4\u00e4nn\u00f6llisesti. Perinteisesti iltatilaisuudessa kuullaan puheet ainakin vuosijuhlaan erikseen pyydetylt\u00e4 ansioituneelta juhlapuhujalta ja Kutun hallituksen puheenjohtajalta. Vuosijuhlassa my\u00f6s palkitaan Kutun toiminnassa ansioituneita henkil\u00f6it\u00e4.&nbsp;<\/p>\n\n\n\n<p>Vuosijuhlaan kuuluu olennaisena osana sitseilt\u00e4 tuttujen juomalaulujen yhteislaulaminen laulunjohtajan johdolla. Laulunjohtajalle voi my\u00f6s esitt\u00e4\u00e4 halutessaan laulutoiveita. Laulun lopuksi skoolataan. Skoolaaminen tapahtuu seuraavasti: ensin oikealle etuviistoon, sitten vasemmalle etuviistoon ja lopuksi eteen.<\/p>\n\n\n\n<h3 class=\"wp-block-heading\">Vuosijuhlien jatkot<\/h3>\n\n\n\n<p>Vuosijuhlat p\u00e4\u00e4ttyv\u00e4t jatkoihin. Juhlimista jatketaan y\u00f6my\u00f6h\u00e4\u00e4n, kunnes on aika k\u00e4\u00e4nt\u00e4\u00e4 katse jo seuraavaan p\u00e4iv\u00e4\u00e4n ja SILLIKSEEN!<\/p>\n\n\n\n<h3 class=\"wp-block-heading\">Akateeminen silliaamiainen<\/h3>\n\n\n\n<p>Seuraava aamu saattaa valjeta monelle melko harmaana. On siis aika suunnata hakemaan helpotusta perinteiselle akateemiselle silliaamiaiselle eli tuttavallisemmin sillikselle. Nimest\u00e4\u00e4n huolimatta, n\u00e4iss\u00e4kin juhlissa tarjoilu on vegaanista ja sillit saavat j\u00e4\u00e4d\u00e4 valtameriin uiskentelemaan. Vuosijuhlat on oikeastaan silliksen pre-partyt, joten kannattaa vet\u00e4\u00e4 haalarit jalkaan ja p\u00e4\u00e4st\u00e4\u00e4 sis\u00e4inen sillisel\u00e4imesi valloilleen \u2013 t\u00e4st\u00e4 ne juhlat vasta alkavat!<\/p>\n","protected":false},"excerpt":{"rendered":"<p>Vujuetiketti Kutu ry:n vuosijuhlilla Vuosijuhla on ainej\u00e4rjest\u00f6mme arvokkain juhla. Etiketin noudattamista ei kannata liikaa j\u00e4nnitt\u00e4\u00e4 \u2013 hyvill\u00e4 k\u00e4yt\u00f6stavoilla p\u00e4\u00e4see pitk\u00e4lle. T\u00e4rkeint\u00e4 on, ett\u00e4 huomioit p\u00f6yt\u00e4seurueesi ja muut juhlavieraat. Jos jokin asia mietitytt\u00e4\u00e4, voit aina kys\u00e4ist\u00e4 Kutu ry:n hallitukselta neuvoa joko ennen iltaa tai sen aikana. Kutu ry:n vuosijuhlilla noudatetaan turvallisemman tilan periaatteita, joihin voit tutustua &hellip; <a href=\"https:\/\/tyyala.utu.fi\/kutu\/vuosijuhlat\/\" class=\"more-link\">Jatka artikkeliin <span class=\"screen-reader-text\">Vuosijuhlat<\/span><\/a><\/p>\n","protected":false},"author":3386,"featured_media":0,"parent":0,"menu_order":0,"comment_status":"closed","ping_status":"closed","template":"","meta":{"footnotes":""},"class_list":["post-2524","page","type-page","status-publish","hentry"],"_links":{"self":[{"href":"https:\/\/tyyala.utu.fi\/kutu\/wp-json\/wp\/v2\/pages\/2524","targetHints":{"allow":["GET"]}}],"collection":[{"href":"https:\/\/tyyala.utu.fi\/kutu\/wp-json\/wp\/v2\/pages"}],"about":[{"href":"https:\/\/tyyala.utu.fi\/kutu\/wp-json\/wp\/v2\/types\/page"}],"author":[{"embeddable":true,"href":"https:\/\/tyyala.utu.fi\/kutu\/wp-json\/wp\/v2\/users\/3386"}],"replies":[{"embeddable":true,"href":"https:\/\/tyyala.utu.fi\/kutu\/wp-json\/wp\/v2\/comments?post=2524"}],"version-history":[{"count":2,"href":"https:\/\/tyyala.utu.fi\/kutu\/wp-json\/wp\/v2\/pages\/2524\/revisions"}],"predecessor-version":[{"id":2555,"href":"https:\/\/tyyala.utu.fi\/kutu\/wp-json\/wp\/v2\/pages\/2524\/revisions\/2555"}],"wp:attachment":[{"href":"https:\/\/tyyala.utu.fi\/kutu\/wp-json\/wp\/v2\/media?parent=2524"}],"curies":[{"name":"wp","href":"https:\/\/api.w.org\/{rel}","templated":true}]}}