{"id":2491,"date":"2025-01-20T12:02:39","date_gmt":"2025-01-20T12:02:39","guid":{"rendered":"https:\/\/tyyala.utu.fi\/kutu\/?page_id=2491"},"modified":"2026-04-12T15:16:55","modified_gmt":"2026-04-12T15:16:55","slug":"tervetuloa","status":"publish","type":"page","link":"https:\/\/tyyala.utu.fi\/kutu\/","title":{"rendered":"Tervetuloa"},"content":{"rendered":"\n<p class=\"has-text-align-left\"><strong>Kutu ry<\/strong> on Turun yliopiston folkloristiikan, etnologian ja uskontotieteen opiskelijain ainej\u00e4rjest\u00f6.<\/p>\n\n\n\n<p class=\"has-text-align-left\">Ainej\u00e4rjest\u00f6 on perustettu vuonna 2015. Yhdistys oli entiselt\u00e4 nimelt\u00e4\u00e4n Seita ry, mutta nimi p\u00e4ivitettiin vuoden 2018 kev\u00e4\u00e4ll\u00e4.<\/p>\n\n\n\n<p class=\"has-text-align-left\">Yhdistys jatkaa folkloristiikan ja kansatieteen opiskelijoiden ainej\u00e4rjest\u00f6&nbsp;<strong>NEFA-Turku ry<\/strong>:n ja uskontotieteen opiskelijoiden ainej\u00e4rjest\u00f6&nbsp;<strong>Nirvana ry<\/strong>:n pitki\u00e4 perinteit\u00e4 Turun opiskelijamaailmassa.<\/p>\n\n\n\n<hr class=\"wp-block-separator has-alpha-channel-opacity\" \/>\n\n\n\n<p><span style=\"font-weight: 400\">Yhdistyksen tarkoituksena on:<\/span><\/p>\n\n\n\n<ol class=\"wp-block-list\">\n<li><span style=\"font-weight: 400\">huolehtia j\u00e4senist\u00f6ns\u00e4 edunvalvonnasta ja harjoittaa aktiivista koulutuspolitiikkaa<\/span><\/li>\n\n\n\n<li><span style=\"font-weight: 400\">tukea j\u00e4senist\u00f6ns\u00e4 opintoja ja luoda sosiaalisia kontakteja opiskelijoiden v\u00e4lille<\/span><\/li>\n\n\n\n<li><span style=\"font-weight: 400\">olla yhdyssiteen\u00e4 Turun yliopiston nykyisille ja entisille folkloristiikan, kansatieteen ja uskontotieteen opiskelijoille&nbsp;<\/span><\/li>\n\n\n\n<li><span style=\"font-weight: 400\">edist\u00e4\u00e4 ja tukea folkloristiikan, kansatieteen ja uskontotieteen alan opetusta ja tutkimusta<\/span><\/li>\n<\/ol>\n\n\n\n<p><span style=\"font-weight: 400\">Yhdistys on Turun yliopiston ylioppilaskunnan piiriin kuuluva j\u00e4rjest\u00f6. Tarkoituksensa toteuttamiseksi yhdistys j\u00e4rjest\u00e4\u00e4 kokouksia, juhla- ja huvitilaisuuksia, edist\u00e4\u00e4 j\u00e4sentens\u00e4 osallistumista opiskelija- ja ammatilliseen toimintaan sek\u00e4 suorittaa yhdistykselle s\u00e4\u00e4nt\u00f6jen mukaan kuuluvat teht\u00e4v\u00e4t.<\/span><\/p>\n\n\n\n<hr class=\"wp-block-separator has-alpha-channel-opacity\" \/>\n","protected":false},"excerpt":{"rendered":"<p>Kutu ry on Turun yliopiston folkloristiikan, etnologian ja uskontotieteen opiskelijain ainej\u00e4rjest\u00f6. Ainej\u00e4rjest\u00f6 on perustettu vuonna 2015. Yhdistys oli entiselt\u00e4 nimelt\u00e4\u00e4n Seita ry, mutta nimi p\u00e4ivitettiin vuoden 2018 kev\u00e4\u00e4ll\u00e4. Yhdistys jatkaa folkloristiikan ja kansatieteen opiskelijoiden ainej\u00e4rjest\u00f6&nbsp;NEFA-Turku ry:n ja uskontotieteen opiskelijoiden ainej\u00e4rjest\u00f6&nbsp;Nirvana ry:n pitki\u00e4 perinteit\u00e4 Turun opiskelijamaailmassa. Yhdistyksen tarkoituksena on: Yhdistys on Turun yliopiston ylioppilaskunnan piiriin kuuluva &hellip; <a href=\"https:\/\/tyyala.utu.fi\/kutu\/\" class=\"more-link\">Jatka artikkeliin <span class=\"screen-reader-text\">Tervetuloa<\/span><\/a><\/p>\n","protected":false},"author":3386,"featured_media":0,"parent":0,"menu_order":0,"comment_status":"closed","ping_status":"closed","template":"","meta":{"footnotes":""},"class_list":["post-2491","page","type-page","status-publish","hentry"],"_links":{"self":[{"href":"https:\/\/tyyala.utu.fi\/kutu\/wp-json\/wp\/v2\/pages\/2491","targetHints":{"allow":["GET"]}}],"collection":[{"href":"https:\/\/tyyala.utu.fi\/kutu\/wp-json\/wp\/v2\/pages"}],"about":[{"href":"https:\/\/tyyala.utu.fi\/kutu\/wp-json\/wp\/v2\/types\/page"}],"author":[{"embeddable":true,"href":"https:\/\/tyyala.utu.fi\/kutu\/wp-json\/wp\/v2\/users\/3386"}],"replies":[{"embeddable":true,"href":"https:\/\/tyyala.utu.fi\/kutu\/wp-json\/wp\/v2\/comments?post=2491"}],"version-history":[{"count":4,"href":"https:\/\/tyyala.utu.fi\/kutu\/wp-json\/wp\/v2\/pages\/2491\/revisions"}],"predecessor-version":[{"id":2602,"href":"https:\/\/tyyala.utu.fi\/kutu\/wp-json\/wp\/v2\/pages\/2491\/revisions\/2602"}],"wp:attachment":[{"href":"https:\/\/tyyala.utu.fi\/kutu\/wp-json\/wp\/v2\/media?parent=2491"}],"curies":[{"name":"wp","href":"https:\/\/api.w.org\/{rel}","templated":true}]}}