{"id":2406,"date":"2024-09-17T08:59:45","date_gmt":"2024-09-17T08:59:45","guid":{"rendered":"https:\/\/tyyala.utu.fi\/kutu\/?page_id=2406"},"modified":"2024-09-27T12:31:30","modified_gmt":"2024-09-27T12:31:30","slug":"jasenkortin-aktivointi-kide-app-sovelluksessa","status":"publish","type":"page","link":"https:\/\/tyyala.utu.fi\/kutu\/jasenkortin-aktivointi-kide-app-sovelluksessa\/","title":{"rendered":"J\u00e4senkortin aktivointi Kide.app- sovelluksessa"},"content":{"rendered":"\n<p>Kutu ry:n j\u00e4senkortti muuttuu s\u00e4hk\u00f6iseksi toukokuun 2024 aikana. Paperisista korteista<br \/>ja lukuvuositarroista siis luovutaan. Itse j\u00e4senyys pysyy ennallaan, mutta j\u00e4senetujen<br \/>hy\u00f6dynt\u00e4minen ja j\u00e4senyyden osoittaminen tapahtuu jatkossa s\u00e4hk\u00f6ist\u00e4 j\u00e4senkorttia<br \/>esitt\u00e4m\u00e4ll\u00e4. Alta l\u00f6ytyv\u00e4t ohjeet j\u00e4senkortin aktivoimiseksi.<strong> Huom! T\u00e4m\u00e4 ohje on tarkoitettu ainej\u00e4rjest\u00f6n nykyisille j\u00e4senille, joiden ei tarvitse ostaa itselleen uudestaan j\u00e4senyytt\u00e4!<\/strong><\/p>\n\n\n\n<ol class=\"wp-block-list\">\n<li>Lataa puhelimeesi Kide.app sovellus Play-kaupasta tai Apple Storesta<\/li>\n\n\n\n<li>Kirjaudu sis\u00e4\u00e4n olemassa olevaan tiliin tai tee uusi tili.<\/li>\n\n\n\n<li>T\u00e4m\u00e4n j\u00e4lkeen avaa alla oleva linkki sovelluksessa<br \/><a href=\"https:\/\/kide.app\/community\/0deb8943-bec5-428b-91f3-\nf4e4162ecd32?action=activate-membership&amp;membershipId=b1d8e860-fcc4-\n46f0-b8d5-0940fd5c9718\">https:\/\/kide.app\/community\/0deb8943-bec5-428b-91f3-<br \/>f4e4162ecd32?action=activate-membership&amp;membershipId=b1d8e860-fcc4-<br \/>46f0-b8d5-0940fd5c9718<\/a><\/li>\n\n\n\n<li>T\u00e4m\u00e4n j\u00e4lkeen aukeaa Aktivoi j\u00e4senyytesi -lomake. Kirjoita kohtaan \u201cJ\u00e4senen<br \/>nimi\u201d oma nimesi muodossa: Sukunimi, Etunimi (<strong>muista pilkku v\u00e4liss\u00e4!<\/strong>)<\/li>\n\n\n\n<li>Kirjoita \u201cS\u00e4hk\u00f6posti\u201d kohtaan se s\u00e4hk\u00f6posti, jonka annoit, kun liityit Kutu ry:n<br \/>j\u00e4seneksi (<strong>huom!<\/strong> t\u00e4m\u00e4n ei tarvitse olla sama kuin se, jolla olet luonut Kide.app<br \/>tunnukset). Kirjoita \u201cKotipaikkakunta\u201d kohtaan kotipaikkakuntasi tai, jos et<br \/>antanut paikkakuntaa j\u00e4senyyden ostamisen ohessa niin kirjoita: \u201c?\u201d<\/li>\n\n\n\n<li>T\u00e4m\u00e4n vaiheen j\u00e4lkeen avautuu viel\u00e4 toinen lomake, johon t\u00e4ytet\u00e4\u00e4n kaikki<br \/>kysytyt tiedot (<strong>t\u00e4ss\u00e4 lomakkeessa ei ole v\u00e4li\u00e4 tarkoilla muodoilla<\/strong> esim. nimi<br \/>kirjoitetaan normaalisti Etunimi Sukunimi.) Toinen lomake on sit\u00e4 varten, ett\u00e4<br \/>saadaan varmasti kaikilta samat tiedot j\u00e4senrekisteriin.<\/li>\n\n\n\n<li>Nyt j\u00e4senkorttisi l\u00f6ytyy Kide.appista oikeasta yl\u00e4kulmasta omasta profiilista<br \/>kohdasta \u201c<strong>lompakko<\/strong>\u201d.<\/li>\n<\/ol>\n\n\n\n<p><strong>Huom!<\/strong> J\u00e4sentietojen pit\u00e4\u00e4 olla samat kuin rekisteriss\u00e4 muuten aktivointi ei onnistu!<br \/>Jos et muista mink\u00e4 s\u00e4hk\u00f6postin olet antanut tai oletko antanut kotipaikkakuntaa, ota<br \/>yhteys hallitukseen <strong>kutu@utu.fi<\/strong><\/p>\n\n\n\n<p><strong>Huom!<\/strong> Jos et ole viel\u00e4 Kutu ry:n j\u00e4sen ja haluaisit ostaa j\u00e4senyyden, l\u00f6yd\u00e4t siihen ohjeet alla olevasta linkist\u00e4. <\/p>\n\n\n\n<div class=\"wp-block-buttons is-layout-flex wp-block-buttons-is-layout-flex\">\n<div class=\"wp-block-button\"><a class=\"wp-block-button__link wp-element-button\" href=\"https:\/\/tyyala.utu.fi\/kutu\/jasenyyden-ostaminen-kide-app-sovelluksessa\/\">J\u00e4senyyden ostaminen<\/a><\/div>\n<\/div>\n\n\n\n<p><\/p>\n","protected":false},"excerpt":{"rendered":"<p>Kutu ry:n j\u00e4senkortti muuttuu s\u00e4hk\u00f6iseksi toukokuun 2024 aikana. Paperisista korteistaja lukuvuositarroista siis luovutaan. Itse j\u00e4senyys pysyy ennallaan, mutta j\u00e4senetujenhy\u00f6dynt\u00e4minen ja j\u00e4senyyden osoittaminen tapahtuu jatkossa s\u00e4hk\u00f6ist\u00e4 j\u00e4senkorttiaesitt\u00e4m\u00e4ll\u00e4. Alta l\u00f6ytyv\u00e4t ohjeet j\u00e4senkortin aktivoimiseksi. Huom! T\u00e4m\u00e4 ohje on tarkoitettu ainej\u00e4rjest\u00f6n nykyisille j\u00e4senille, joiden ei tarvitse ostaa itselleen uudestaan j\u00e4senyytt\u00e4! Huom! J\u00e4sentietojen pit\u00e4\u00e4 olla samat kuin rekisteriss\u00e4 muuten aktivointi &hellip; <a href=\"https:\/\/tyyala.utu.fi\/kutu\/jasenkortin-aktivointi-kide-app-sovelluksessa\/\" class=\"more-link\">Jatka artikkeliin <span class=\"screen-reader-text\">J\u00e4senkortin aktivointi Kide.app- sovelluksessa<\/span><\/a><\/p>\n","protected":false},"author":3386,"featured_media":0,"parent":0,"menu_order":0,"comment_status":"closed","ping_status":"closed","template":"","meta":{"footnotes":""},"class_list":["post-2406","page","type-page","status-publish","hentry"],"_links":{"self":[{"href":"https:\/\/tyyala.utu.fi\/kutu\/wp-json\/wp\/v2\/pages\/2406","targetHints":{"allow":["GET"]}}],"collection":[{"href":"https:\/\/tyyala.utu.fi\/kutu\/wp-json\/wp\/v2\/pages"}],"about":[{"href":"https:\/\/tyyala.utu.fi\/kutu\/wp-json\/wp\/v2\/types\/page"}],"author":[{"embeddable":true,"href":"https:\/\/tyyala.utu.fi\/kutu\/wp-json\/wp\/v2\/users\/3386"}],"replies":[{"embeddable":true,"href":"https:\/\/tyyala.utu.fi\/kutu\/wp-json\/wp\/v2\/comments?post=2406"}],"version-history":[{"count":3,"href":"https:\/\/tyyala.utu.fi\/kutu\/wp-json\/wp\/v2\/pages\/2406\/revisions"}],"predecessor-version":[{"id":2430,"href":"https:\/\/tyyala.utu.fi\/kutu\/wp-json\/wp\/v2\/pages\/2406\/revisions\/2430"}],"wp:attachment":[{"href":"https:\/\/tyyala.utu.fi\/kutu\/wp-json\/wp\/v2\/media?parent=2406"}],"curies":[{"name":"wp","href":"https:\/\/api.w.org\/{rel}","templated":true}]}}