{"id":2402,"date":"2024-09-17T08:26:35","date_gmt":"2024-09-17T08:26:35","guid":{"rendered":"https:\/\/tyyala.utu.fi\/kutu\/?page_id=2402"},"modified":"2025-08-26T14:43:35","modified_gmt":"2025-08-26T14:43:35","slug":"jasenyyden-ostaminen-kide-app-sovelluksessa","status":"publish","type":"page","link":"https:\/\/tyyala.utu.fi\/kutu\/jasenyyden-ostaminen-kide-app-sovelluksessa\/","title":{"rendered":"J\u00e4senyyden ostaminen Kide.app -sovelluksessa"},"content":{"rendered":"\n<p>Kutu ry:n j\u00e4senkortti on s\u00e4hk\u00f6inen. J\u00e4senetujen hy\u00f6dynt\u00e4minen ja j\u00e4senyyden osoittaminen<br \/>tapahtuu jatkossa s\u00e4hk\u00f6ist\u00e4 j\u00e4senkorttia esitt\u00e4m\u00e4ll\u00e4. Alta l\u00f6ytyv\u00e4t ohjeet j\u00e4senyyden<br \/>ostamiseen ja j\u00e4senkortin aktivoimiseen. <\/p>\n\n\n\n<ol class=\"wp-block-list\">\n<li>Lataa puhelimeesi Kide.app sovellus Play-kaupasta tai Apple Storesta. <\/li>\n\n\n\n<li>Kirjaudu sis\u00e4\u00e4n olemassa olevaan tiliin tai tee uusi tili.<\/li>\n\n\n\n<li>T\u00e4m\u00e4n j\u00e4lkeen etsi sovelluksen hakukent\u00e4st\u00e4 \u201d<strong>Kutu Ry<\/strong>\u201d.<\/li>\n\n\n\n<li>L\u00f6ytyy <strong>kaksi<\/strong> j\u00e4senyytt\u00e4.<strong> Valitse alempi<\/strong>, jossa lukee Turun yliopiston etnologian<br \/>folkloristiikan ja uskontotieteen opiskelijan yhdistys Kutu ry.<\/li>\n\n\n\n<li>T\u00e4m\u00e4n j\u00e4lkeen valitse kumman j\u00e4senyyden haluat ostaa. Koko opiskeluajan aikainen<br \/>j\u00e4senyys maksaa 25 \u20ac ja yhden vuoden j\u00e4senyys maksaa 7 \u20ac.<\/li>\n\n\n\n<li>T\u00e4m\u00e4n j\u00e4lkeen avautuu j\u00e4senkysely, johon t\u00e4yt\u00e4t omat tietosi.<\/li>\n\n\n\n<li>T\u00e4m\u00e4n vaiheen j\u00e4lkeen paina siirry tilamaan ja maksa j\u00e4senyytesi valitsemallasi tavalla.<br \/>Kide.appissa voi maksaa pankkikortilla, MobilePay:lla tai Pivolla.<\/li>\n\n\n\n<li>Maksun j\u00e4lkeen j\u00e4senkorttisi l\u00f6ytyy Kide.appista oikeasta yl\u00e4kulmasta omasta profiilista<br \/>kohdasta \u201clompakko\u201d.<\/li>\n<\/ol>\n\n\n\n<p>Jos sinulla on kysymyksi\u00e4 kide.app:in k\u00e4ytt\u00f6\u00f6n liittyen, ota yhteys hallitukseen (<strong>kutu@utu.fi<\/strong>).<\/p>\n\n\n\n<p><strong>HUOM! <\/strong>Jos olet jo Kutun j\u00e4sen ja haluat aktivoida j\u00e4senyytesi Kide.app -sovelluksessa, siirry sivulle &#8221;J\u00e4senyyden aktivointi&#8221; alla olevasta linkist\u00e4. <\/p>\n\n\n\n<div class=\"wp-block-buttons is-layout-flex wp-block-buttons-is-layout-flex\">\n<div class=\"wp-block-button is-style-fill\"><a class=\"wp-block-button__link wp-element-button\" href=\"https:\/\/tyyala.utu.fi\/kutu\/jasenkortin-aktivointi-kide-app-sovelluksessa\/\">J\u00e4senkortin aktivointi<\/a><\/div>\n<\/div>\n\n\n\n<p><\/p>\n","protected":false},"excerpt":{"rendered":"<p>Kutu ry:n j\u00e4senkortti on s\u00e4hk\u00f6inen. J\u00e4senetujen hy\u00f6dynt\u00e4minen ja j\u00e4senyyden osoittaminentapahtuu jatkossa s\u00e4hk\u00f6ist\u00e4 j\u00e4senkorttia esitt\u00e4m\u00e4ll\u00e4. Alta l\u00f6ytyv\u00e4t ohjeet j\u00e4senyydenostamiseen ja j\u00e4senkortin aktivoimiseen. Jos sinulla on kysymyksi\u00e4 kide.app:in k\u00e4ytt\u00f6\u00f6n liittyen, ota yhteys hallitukseen (kutu@utu.fi). HUOM! Jos olet jo Kutun j\u00e4sen ja haluat aktivoida j\u00e4senyytesi Kide.app -sovelluksessa, siirry sivulle &#8221;J\u00e4senyyden aktivointi&#8221; alla olevasta linkist\u00e4.<\/p>\n","protected":false},"author":3386,"featured_media":0,"parent":0,"menu_order":0,"comment_status":"closed","ping_status":"closed","template":"","meta":{"footnotes":""},"class_list":["post-2402","page","type-page","status-publish","hentry"],"_links":{"self":[{"href":"https:\/\/tyyala.utu.fi\/kutu\/wp-json\/wp\/v2\/pages\/2402","targetHints":{"allow":["GET"]}}],"collection":[{"href":"https:\/\/tyyala.utu.fi\/kutu\/wp-json\/wp\/v2\/pages"}],"about":[{"href":"https:\/\/tyyala.utu.fi\/kutu\/wp-json\/wp\/v2\/types\/page"}],"author":[{"embeddable":true,"href":"https:\/\/tyyala.utu.fi\/kutu\/wp-json\/wp\/v2\/users\/3386"}],"replies":[{"embeddable":true,"href":"https:\/\/tyyala.utu.fi\/kutu\/wp-json\/wp\/v2\/comments?post=2402"}],"version-history":[{"count":4,"href":"https:\/\/tyyala.utu.fi\/kutu\/wp-json\/wp\/v2\/pages\/2402\/revisions"}],"predecessor-version":[{"id":2522,"href":"https:\/\/tyyala.utu.fi\/kutu\/wp-json\/wp\/v2\/pages\/2402\/revisions\/2522"}],"wp:attachment":[{"href":"https:\/\/tyyala.utu.fi\/kutu\/wp-json\/wp\/v2\/media?parent=2402"}],"curies":[{"name":"wp","href":"https:\/\/api.w.org\/{rel}","templated":true}]}}