{"id":24,"date":"2016-03-22T11:39:20","date_gmt":"2016-03-22T11:39:20","guid":{"rendered":"http:\/\/tyyala.utu.fi\/seita\/?page_id=24"},"modified":"2026-04-12T14:39:04","modified_gmt":"2026-04-12T14:39:04","slug":"hallitus","status":"publish","type":"page","link":"https:\/\/tyyala.utu.fi\/kutu\/hallitus\/","title":{"rendered":"Hallitus"},"content":{"rendered":"<h4><strong>Hallituksen s\u00e4hk\u00f6posti: <em>kutu(at)<\/em><\/strong><em><strong>utu.fi<\/strong><\/em><\/h4>\n<p>Otathan meihin yhteytt\u00e4 ensisijaisesti hallituksen s\u00e4hk\u00f6postin kautta, jotta asiasi tavoittaa meid\u00e4t parhaiten!<\/p>\n<p><strong>HUOM!<\/strong> Vaihda sivulla esiintyv\u00e4 (at) s\u00e4hk\u00f6postissasi muotoon @.<\/p>\n<hr \/>\n\n\n<p><strong>Saima Huovinen <\/strong><em>saima.k.huovinen(at)utu.fi <\/em><\/p>\n\n\n\n<p>Hallituksen puheenjohtaja, Alumnivastaava, Tilavastaava<\/p>\n\n\n\n<hr class=\"wp-block-separator has-alpha-channel-opacity is-style-dots\" \/>\n\n\n\n<p><strong>Iiris P\u00f6yry<\/strong> <em>iiris.a.poyry(at)utu.fi<\/em><\/p>\n\n\n\n<p>Hallituksen varapuheenjohtaja, Folkloristiikan koulutuspoliittinen vastaava<\/p>\n\n\n\n<hr class=\"wp-block-separator has-alpha-channel-opacity is-style-dots\" \/>\n\n\n\n<p><strong>Juuso Laanti<\/strong> <em>jjlaan<\/em><em>(at)<\/em>utu.fi<\/p>\n\n\n\n<p>Taloudenhoitaja, ISHA-yhteyshenkil\u00f6<\/p>\n\n\n\n<hr class=\"wp-block-separator has-alpha-channel-opacity is-style-dots\" \/>\n\n\n\n<p><strong>Laura Leino <\/strong><em>laura.k.leino<\/em><em>(at)<\/em>utu.fi <\/p>\n\n\n\n<p>Hallituksen sihteeri, TikTok-vastaava<\/p>\n\n\n\n<hr class=\"wp-block-separator has-alpha-channel-opacity is-style-dots\" \/>\n\n\n\n<p><strong>Sini Jokimies<\/strong> <em>sini.s.jokimies<\/em><em>(at)<\/em>utu.fi<\/p>\n\n\n\n<p>Etnologian koulutuspoliittinen vastaava, Kansainv\u00e4lisyysvastaava, Tapahtumatiimin j\u00e4sen<\/p>\n\n\n\n<hr class=\"wp-block-separator has-alpha-channel-opacity is-style-dots\" \/>\n\n\n\n<p><strong>Siru Huhtala<\/strong> <em>siru.e.huhtala<\/em><em>(at)<\/em>utu.fi<\/p>\n\n\n\n<p>Uskontotieteen koulutuspoliittinen vastaava ja auskultointivastaava, Sosiaalipoliittinen vastaava, Tuutorvastaava, Tapahtumatiimin j\u00e4sen<\/p>\n\n\n\n<hr class=\"wp-block-separator has-alpha-channel-opacity is-style-dots\" \/>\n\n\n\n<p><strong>Jenny Lehto <\/strong><em>jenny.v.lehto<\/em><em>(at)<\/em>utu.fi<\/p>\n\n\n\n<p>Tiedotustiimin j\u00e4sen<\/p>\n\n\n\n<hr class=\"wp-block-separator has-alpha-channel-opacity is-style-dots\" \/>\n\n\n\n<p><strong>Ella M\u00e4nty <\/strong><em>ella.i.manty<\/em><em>(at)<\/em>utu.fi<\/p>\n\n\n\n<p>Tapahtumavastaava, Ymp\u00e4rist\u00f6vastaava, Liikuntavastaava<\/p>\n\n\n\n<hr class=\"wp-block-separator has-alpha-channel-opacity is-style-dots\" \/>\n\n\n\n<p><strong>Inka Sipi<\/strong> <em>inka.s.sipi<\/em><em>(at)<\/em>utu.fi<\/p>\n\n\n\n<p>Tapahtumavastaava<\/p>\n\n\n\n<hr class=\"wp-block-separator has-alpha-channel-opacity is-style-dots\" \/>\n\n\n\n<p><strong>Verneri Lehto <\/strong><em>verneri.m.lehto<\/em><em>(at)<\/em>utu.fi <\/p>\n\n\n\n<p>Viestint\u00e4vastaava, Yritysyhteisty\u00f6- ja ulkosuhdevastaava<\/p>\n\n\n\n<hr class=\"wp-block-separator has-alpha-channel-opacity is-style-dots\" \/>\n\n\n\n<p><strong>Sara Marttila<\/strong> <em>ssomar<\/em><em>(at)<\/em>utu.fi<\/p>\n\n\n\n<p><mark style=\"background-color:#ffe5d1\" class=\"has-inline-color\">H\u00e4irint\u00e4yhdyshenkil\u00f6<\/mark>, Myyj\u00e4isvastaava, Tapahtumatiimin j\u00e4sen<\/p>\n\n\n\n<hr class=\"wp-block-separator has-alpha-channel-opacity is-style-dots\" \/>\n\n\n\n<p><strong>Milma Kauppinen <\/strong><em>milma.e.kauppinen<\/em><em>(at)<\/em>utu.fi<\/p>\n\n\n\n<p>Sosiaalipoliittinen vastaava<\/p>\n\n\n\n<hr class=\"wp-block-separator has-alpha-channel-opacity is-style-dots\" \/>\n\n\n\n<p><strong>Anniina Per\u00e4m\u00e4ki <\/strong><em>anniina.b.peramaki<\/em><em>(at)<\/em>utu.fi<\/p>\n\n\n\n<p>Tapahtumatiimin j\u00e4sen<\/p>\n\n\n\n<hr class=\"wp-block-separator has-alpha-channel-opacity is-style-dots\" \/>\n\n\n\n<p><strong>Lassi Mikkonen<\/strong> <em>lassi.a.mikkonen<\/em><em>(at)<\/em>utu.fi<\/p>\n\n\n\n<p><mark style=\"background-color:#ffe5d1\" class=\"has-inline-color\">H\u00e4irint\u00e4yhdyshenkil\u00f6<\/mark>, Viestint\u00e4tiimin j\u00e4sen<\/p>\n\n\n\n<hr class=\"wp-block-separator has-alpha-channel-opacity is-style-dots\" \/>\n\n\n\n<p><strong>Eeli \u00d6rn<\/strong> <em>eeli.o.orn<\/em><em>(at)<\/em>utu.fi<\/p>\n\n\n\n<p>Kulttuurivastaava, Nettisivuvastaava, Kulo ry -yhteyshenkil\u00f6, Tiedotustiimin j\u00e4sen<\/p>\n","protected":false},"excerpt":{"rendered":"<p>Hallituksen s\u00e4hk\u00f6posti: kutu(at)utu.fi Otathan meihin yhteytt\u00e4 ensisijaisesti hallituksen s\u00e4hk\u00f6postin kautta, jotta asiasi tavoittaa meid\u00e4t parhaiten! HUOM! Vaihda sivulla esiintyv\u00e4 (at) s\u00e4hk\u00f6postissasi muotoon @. Saima Huovinen saima.k.huovinen(at)utu.fi Hallituksen puheenjohtaja, Alumnivastaava, Tilavastaava Iiris P\u00f6yry iiris.a.poyry(at)utu.fi Hallituksen varapuheenjohtaja, Folkloristiikan koulutuspoliittinen vastaava Juuso Laanti jjlaan(at)utu.fi Taloudenhoitaja, ISHA-yhteyshenkil\u00f6 Laura Leino laura.k.leino(at)utu.fi Hallituksen sihteeri, TikTok-vastaava Sini Jokimies sini.s.jokimies(at)utu.fi Etnologian koulutuspoliittinen vastaava, &hellip; <a href=\"https:\/\/tyyala.utu.fi\/kutu\/hallitus\/\" class=\"more-link\">Jatka artikkeliin <span class=\"screen-reader-text\">Hallitus<\/span><\/a><\/p>\n","protected":false},"author":92,"featured_media":0,"parent":0,"menu_order":0,"comment_status":"closed","ping_status":"closed","template":"","meta":{"footnotes":""},"class_list":["post-24","page","type-page","status-publish","hentry"],"_links":{"self":[{"href":"https:\/\/tyyala.utu.fi\/kutu\/wp-json\/wp\/v2\/pages\/24","targetHints":{"allow":["GET"]}}],"collection":[{"href":"https:\/\/tyyala.utu.fi\/kutu\/wp-json\/wp\/v2\/pages"}],"about":[{"href":"https:\/\/tyyala.utu.fi\/kutu\/wp-json\/wp\/v2\/types\/page"}],"author":[{"embeddable":true,"href":"https:\/\/tyyala.utu.fi\/kutu\/wp-json\/wp\/v2\/users\/92"}],"replies":[{"embeddable":true,"href":"https:\/\/tyyala.utu.fi\/kutu\/wp-json\/wp\/v2\/comments?post=24"}],"version-history":[{"count":109,"href":"https:\/\/tyyala.utu.fi\/kutu\/wp-json\/wp\/v2\/pages\/24\/revisions"}],"predecessor-version":[{"id":2594,"href":"https:\/\/tyyala.utu.fi\/kutu\/wp-json\/wp\/v2\/pages\/24\/revisions\/2594"}],"wp:attachment":[{"href":"https:\/\/tyyala.utu.fi\/kutu\/wp-json\/wp\/v2\/media?parent=24"}],"curies":[{"name":"wp","href":"https:\/\/api.w.org\/{rel}","templated":true}]}}