{"id":2146,"date":"2023-03-30T12:29:22","date_gmt":"2023-03-30T12:29:22","guid":{"rendered":"https:\/\/tyyala.utu.fi\/kutu\/?page_id=2146"},"modified":"2024-12-09T13:20:09","modified_gmt":"2024-12-09T13:20:09","slug":"jata-palautetta","status":"publish","type":"page","link":"https:\/\/tyyala.utu.fi\/kutu\/muu-toiminta\/jata-palautetta\/","title":{"rendered":"J\u00e4t\u00e4 palautetta"},"content":{"rendered":"\n<p>Voit halutessaan antaa t\u00e4ss\u00e4 nimesi + s\u00e4hk\u00f6postisi, mik\u00e4li haluat ett\u00e4 sinua kontaktoidaan aiheesta my\u00f6hemmin.<\/p>\n\n\n\n<div class=\"wpcf7 no-js\" id=\"wpcf7-f2458-o1\" lang=\"fi\" dir=\"ltr\" data-wpcf7-id=\"2458\">\n<div class=\"screen-reader-response\"><p role=\"status\" aria-live=\"polite\" aria-atomic=\"true\"><\/p> <ul><\/ul><\/div>\n<form action=\"\/kutu\/wp-json\/wp\/v2\/pages\/2146#wpcf7-f2458-o1\" method=\"post\" class=\"wpcf7-form init\" aria-label=\"Yhteydenottolomake\" novalidate=\"novalidate\" data-status=\"init\">\n<fieldset class=\"hidden-fields-container\"><input type=\"hidden\" name=\"_wpcf7\" value=\"2458\" \/><input type=\"hidden\" name=\"_wpcf7_version\" value=\"6.1.4\" \/><input type=\"hidden\" name=\"_wpcf7_locale\" value=\"fi\" \/><input type=\"hidden\" name=\"_wpcf7_unit_tag\" value=\"wpcf7-f2458-o1\" \/><input type=\"hidden\" name=\"_wpcf7_container_post\" value=\"0\" \/><input type=\"hidden\" name=\"_wpcf7_posted_data_hash\" value=\"\" \/>\n<\/fieldset>\n<p><label> Nimesi (ei pakollinen)<br \/>\n<span class=\"wpcf7-form-control-wrap\" data-name=\"your-name\"><input size=\"40\" maxlength=\"400\" class=\"wpcf7-form-control wpcf7-text\" autocomplete=\"name\" aria-invalid=\"false\" value=\"\" type=\"text\" name=\"your-name\" \/><\/span> <\/label>\n<\/p>\n<p><label> S\u00e4hk\u00f6postiosoitteesi (ei pakollinen)<br \/>\n<span class=\"wpcf7-form-control-wrap\" data-name=\"your-email\"><input size=\"40\" maxlength=\"400\" class=\"wpcf7-form-control wpcf7-email wpcf7-text wpcf7-validates-as-email\" autocomplete=\"email\" aria-invalid=\"false\" value=\"\" type=\"email\" name=\"your-email\" \/><\/span> <\/label>\n<\/p>\n<p><label> Aihe<br \/>\n<span class=\"wpcf7-form-control-wrap\" data-name=\"your-subject\"><input size=\"40\" maxlength=\"400\" class=\"wpcf7-form-control wpcf7-text\" aria-invalid=\"false\" value=\"\" type=\"text\" name=\"your-subject\" \/><\/span> <\/label>\n<\/p>\n<p><label> Viestisi<br \/>\n<span class=\"wpcf7-form-control-wrap\" data-name=\"your-message\"><textarea cols=\"40\" rows=\"10\" maxlength=\"2000\" class=\"wpcf7-form-control wpcf7-textarea\" aria-invalid=\"false\" name=\"your-message\"><\/textarea><\/span> <\/label>\n<\/p>\n<p><input class=\"wpcf7-form-control wpcf7-submit has-spinner\" type=\"submit\" value=\"L\u00e4het\u00e4\" \/>\n<\/p><div class=\"wpcf7-response-output\" aria-hidden=\"true\"><\/div>\n<\/form>\n<\/div>\n\n\n\n\n<p>T\u00e4ll\u00e4 palautelomakkeelle j\u00e4tetty palaute l\u00e4hetet\u00e4\u00e4n suoraan hallituksen s\u00e4hk\u00f6postiin, josta sen voi lukea jokainen hallituksen j\u00e4sen ja varaj\u00e4sen. Lomakkeelle ei ole v\u00e4ltt\u00e4m\u00e4t\u00f6nt\u00e4 kirjata omia yhteystietoja ja jos koet haluavasi t\u00e4m\u00e4n sijaan kontaktoida suoraan hallituksen sosiaalipoliittista vastaavaa, l\u00f6yd\u00e4t h\u00e4nen yhteystietonsa Hallitus-v\u00e4lilehdelt\u00e4. <\/p>\n\n\n\n<p><\/p>\n","protected":false},"excerpt":{"rendered":"<p>Voit halutessaan antaa t\u00e4ss\u00e4 nimesi + s\u00e4hk\u00f6postisi, mik\u00e4li haluat ett\u00e4 sinua kontaktoidaan aiheesta my\u00f6hemmin. T\u00e4ll\u00e4 palautelomakkeelle j\u00e4tetty palaute l\u00e4hetet\u00e4\u00e4n suoraan hallituksen s\u00e4hk\u00f6postiin, josta sen voi lukea jokainen hallituksen j\u00e4sen ja varaj\u00e4sen. Lomakkeelle ei ole v\u00e4ltt\u00e4m\u00e4t\u00f6nt\u00e4 kirjata omia yhteystietoja ja jos koet haluavasi t\u00e4m\u00e4n sijaan kontaktoida suoraan hallituksen sosiaalipoliittista vastaavaa, l\u00f6yd\u00e4t h\u00e4nen yhteystietonsa Hallitus-v\u00e4lilehdelt\u00e4.<\/p>\n","protected":false},"author":3386,"featured_media":0,"parent":569,"menu_order":0,"comment_status":"closed","ping_status":"closed","template":"","meta":{"footnotes":""},"class_list":["post-2146","page","type-page","status-publish","hentry"],"_links":{"self":[{"href":"https:\/\/tyyala.utu.fi\/kutu\/wp-json\/wp\/v2\/pages\/2146","targetHints":{"allow":["GET"]}}],"collection":[{"href":"https:\/\/tyyala.utu.fi\/kutu\/wp-json\/wp\/v2\/pages"}],"about":[{"href":"https:\/\/tyyala.utu.fi\/kutu\/wp-json\/wp\/v2\/types\/page"}],"author":[{"embeddable":true,"href":"https:\/\/tyyala.utu.fi\/kutu\/wp-json\/wp\/v2\/users\/3386"}],"replies":[{"embeddable":true,"href":"https:\/\/tyyala.utu.fi\/kutu\/wp-json\/wp\/v2\/comments?post=2146"}],"version-history":[{"count":7,"href":"https:\/\/tyyala.utu.fi\/kutu\/wp-json\/wp\/v2\/pages\/2146\/revisions"}],"predecessor-version":[{"id":2462,"href":"https:\/\/tyyala.utu.fi\/kutu\/wp-json\/wp\/v2\/pages\/2146\/revisions\/2462"}],"up":[{"embeddable":true,"href":"https:\/\/tyyala.utu.fi\/kutu\/wp-json\/wp\/v2\/pages\/569"}],"wp:attachment":[{"href":"https:\/\/tyyala.utu.fi\/kutu\/wp-json\/wp\/v2\/media?parent=2146"}],"curies":[{"name":"wp","href":"https:\/\/api.w.org\/{rel}","templated":true}]}}