{"id":2062,"date":"2022-09-15T07:59:07","date_gmt":"2022-09-15T07:59:07","guid":{"rendered":"https:\/\/tyyala.utu.fi\/kutu\/?page_id=2062"},"modified":"2026-03-23T15:26:33","modified_gmt":"2026-03-23T15:26:33","slug":"poytakirjat","status":"publish","type":"page","link":"https:\/\/tyyala.utu.fi\/kutu\/hallitus\/poytakirjat\/","title":{"rendered":"P\u00f6yt\u00e4kirjat"},"content":{"rendered":"\n<p>Yhdistyksen kokouksien p\u00f6yt\u00e4kirjat l\u00f6yd\u00e4t alta<\/p>\n\n\n\n<p><strong>2026<\/strong><\/p>\n\n\n\n<div data-wp-interactive=\"core\/file\" class=\"wp-block-file\"><object data-wp-bind--hidden=\"!state.hasPdfPreview\" hidden class=\"wp-block-file__embed\" data=\"https:\/\/tyyala.utu.fi\/kutu\/wp-content\/uploads\/sites\/18\/2026\/03\/Kutu-ry-kevatkokous-2026.pdf\" type=\"application\/pdf\" style=\"width:100%;height:600px\" aria-label=\"Tiedoston Kutu ry keva\u0308tkokous 2026 upotus.\"><\/object><a id=\"wp-block-file--media-fccdaf9c-48ef-42fa-b10f-5f5220acc048\" href=\"https:\/\/tyyala.utu.fi\/kutu\/wp-content\/uploads\/sites\/18\/2026\/03\/Kutu-ry-kevatkokous-2026.pdf\">Kutu ry keva\u0308tkokous 2026<\/a><a href=\"https:\/\/tyyala.utu.fi\/kutu\/wp-content\/uploads\/sites\/18\/2026\/03\/Kutu-ry-kevatkokous-2026.pdf\" class=\"wp-block-file__button wp-element-button\" download aria-describedby=\"wp-block-file--media-fccdaf9c-48ef-42fa-b10f-5f5220acc048\">Lataa<\/a><\/div>\n\n\n\n<p><strong>2025 <\/strong><\/p>\n\n\n\n<div data-wp-interactive=\"core\/file\" class=\"wp-block-file\"><object data-wp-bind--hidden=\"!state.hasPdfPreview\" hidden class=\"wp-block-file__embed\" data=\"https:\/\/tyyala.utu.fi\/kutu\/wp-content\/uploads\/sites\/18\/2025\/11\/Kutu-ry_syyskokous-2025-allekirjoitettu.pdf\" type=\"application\/pdf\" style=\"width:100%;height:600px\" aria-label=\"Tiedoston Kutu ry_syyskokous 2025 allekirjoitettu upotus.\"><\/object><a id=\"wp-block-file--media-c4997040-2904-438c-80c0-817787eb72ef\" href=\"https:\/\/tyyala.utu.fi\/kutu\/wp-content\/uploads\/sites\/18\/2025\/11\/Kutu-ry_syyskokous-2025-allekirjoitettu.pdf\">Kutu ry_syyskokous 2025 allekirjoitettu<\/a><a href=\"https:\/\/tyyala.utu.fi\/kutu\/wp-content\/uploads\/sites\/18\/2025\/11\/Kutu-ry_syyskokous-2025-allekirjoitettu.pdf\" class=\"wp-block-file__button wp-element-button\" download aria-describedby=\"wp-block-file--media-c4997040-2904-438c-80c0-817787eb72ef\">Lataa<\/a><\/div>\n\n\n\n<div data-wp-interactive=\"core\/file\" class=\"wp-block-file\"><object data-wp-bind--hidden=\"!state.hasPdfPreview\" hidden class=\"wp-block-file__embed\" data=\"https:\/\/tyyala.utu.fi\/kutu\/wp-content\/uploads\/sites\/18\/2025\/03\/Kutu-ry-Kevatkokous-poytakirja-2025.pdf\" type=\"application\/pdf\" style=\"width:100%;height:600px\" aria-label=\"Tiedoston Kutu ry Keva\u0308tkokous po\u0308yta\u0308kirja 2025 upotus.\"><\/object><a id=\"wp-block-file--media-f592d48c-8f0a-46a6-9013-31a0d82ba481\" href=\"https:\/\/tyyala.utu.fi\/kutu\/wp-content\/uploads\/sites\/18\/2025\/03\/Kutu-ry-Kevatkokous-poytakirja-2025.pdf\">Kutu ry Keva\u0308tkokous po\u0308yta\u0308kirja 2025<\/a><a href=\"https:\/\/tyyala.utu.fi\/kutu\/wp-content\/uploads\/sites\/18\/2025\/03\/Kutu-ry-Kevatkokous-poytakirja-2025.pdf\" class=\"wp-block-file__button wp-element-button\" download aria-describedby=\"wp-block-file--media-f592d48c-8f0a-46a6-9013-31a0d82ba481\">Lataa<\/a><\/div>\n\n\n\n<div data-wp-interactive=\"core\/file\" class=\"wp-block-file\"><object data-wp-bind--hidden=\"!state.hasPdfPreview\" hidden class=\"wp-block-file__embed\" data=\"https:\/\/tyyala.utu.fi\/kutu\/wp-content\/uploads\/sites\/18\/2025\/01\/Ylimaarainen-1_25.pdf\" type=\"application\/pdf\" style=\"width:100%;height:600px\" aria-label=\"Tiedoston Ylima\u0308a\u0308ra\u0308inen 1_25 upotus.\"><\/object><a id=\"wp-block-file--media-83ceb9ad-3e86-41ff-aa78-fd3f591324a3\" href=\"https:\/\/tyyala.utu.fi\/kutu\/wp-content\/uploads\/sites\/18\/2025\/01\/Ylimaarainen-1_25.pdf\">Ylima\u0308a\u0308ra\u0308inen 1_25<\/a><a href=\"https:\/\/tyyala.utu.fi\/kutu\/wp-content\/uploads\/sites\/18\/2025\/01\/Ylimaarainen-1_25.pdf\" class=\"wp-block-file__button wp-element-button\" download aria-describedby=\"wp-block-file--media-83ceb9ad-3e86-41ff-aa78-fd3f591324a3\">Lataa<\/a><\/div>\n\n\n\n<p><strong>2024<\/strong><\/p>\n\n\n\n<div data-wp-interactive=\"core\/file\" class=\"wp-block-file\"><object data-wp-bind--hidden=\"!state.hasPdfPreview\" hidden class=\"wp-block-file__embed\" data=\"https:\/\/tyyala.utu.fi\/kutu\/wp-content\/uploads\/sites\/18\/2024\/11\/Kutu-ry_syyskokous-2024_ALLEKIRJOITETTU.pdf\" type=\"application\/pdf\" style=\"width:100%;height:600px\" aria-label=\"Tiedoston Kutu ry_syyskokous 2024_ALLEKIRJOITETTU upotus.\"><\/object><a id=\"wp-block-file--media-69fdc427-1954-44c7-b266-b64113d914f4\" href=\"https:\/\/tyyala.utu.fi\/kutu\/wp-content\/uploads\/sites\/18\/2024\/11\/Kutu-ry_syyskokous-2024_ALLEKIRJOITETTU.pdf\">Kutu ry_syyskokous 2024_ALLEKIRJOITETTU<\/a><a href=\"https:\/\/tyyala.utu.fi\/kutu\/wp-content\/uploads\/sites\/18\/2024\/11\/Kutu-ry_syyskokous-2024_ALLEKIRJOITETTU.pdf\" class=\"wp-block-file__button wp-element-button\" download aria-describedby=\"wp-block-file--media-69fdc427-1954-44c7-b266-b64113d914f4\">Lataa<\/a><\/div>\n\n\n\n<div data-wp-interactive=\"core\/file\" class=\"wp-block-file\"><object data-wp-bind--hidden=\"!state.hasPdfPreview\" hidden class=\"wp-block-file__embed\" data=\"https:\/\/tyyala.utu.fi\/kutu\/wp-content\/uploads\/sites\/18\/2024\/11\/ylimaarainen-4-24-POYTAKIRJA.pdf\" type=\"application\/pdf\" style=\"width:100%;height:600px\" aria-label=\"Tiedoston ylima\u0308a\u0308ra\u0308inen 4-24 PO\u0308YTA\u0308KIRJA upotus.\"><\/object><a id=\"wp-block-file--media-b2d07dd0-60b2-4206-99e1-9b586716352d\" href=\"https:\/\/tyyala.utu.fi\/kutu\/wp-content\/uploads\/sites\/18\/2024\/11\/ylimaarainen-4-24-POYTAKIRJA.pdf\">ylima\u0308a\u0308ra\u0308inen 4-24 PO\u0308YTA\u0308KIRJA<\/a><a href=\"https:\/\/tyyala.utu.fi\/kutu\/wp-content\/uploads\/sites\/18\/2024\/11\/ylimaarainen-4-24-POYTAKIRJA.pdf\" class=\"wp-block-file__button wp-element-button\" download aria-describedby=\"wp-block-file--media-b2d07dd0-60b2-4206-99e1-9b586716352d\">Lataa<\/a><\/div>\n\n\n\n<div data-wp-interactive=\"core\/file\" class=\"wp-block-file\"><object data-wp-bind--hidden=\"!state.hasPdfPreview\" hidden class=\"wp-block-file__embed\" data=\"https:\/\/tyyala.utu.fi\/kutu\/wp-content\/uploads\/sites\/18\/2024\/11\/0217_001.pdf\" type=\"application\/pdf\" style=\"width:100%;height:600px\" aria-label=\"Tiedoston 0217_001 upotus.\"><\/object><a id=\"wp-block-file--media-c69175c4-f98e-466e-b692-1302212b4963\" href=\"https:\/\/tyyala.utu.fi\/kutu\/wp-content\/uploads\/sites\/18\/2024\/11\/0217_001.pdf\">0217_001<\/a><a href=\"https:\/\/tyyala.utu.fi\/kutu\/wp-content\/uploads\/sites\/18\/2024\/11\/0217_001.pdf\" class=\"wp-block-file__button wp-element-button\" download aria-describedby=\"wp-block-file--media-c69175c4-f98e-466e-b692-1302212b4963\">Lataa<\/a><\/div>\n\n\n\n<div data-wp-interactive=\"core\/file\" class=\"wp-block-file\"><object data-wp-bind--hidden=\"!state.hasPdfPreview\" hidden class=\"wp-block-file__embed\" data=\"https:\/\/tyyala.utu.fi\/kutu\/wp-content\/uploads\/sites\/18\/2024\/11\/0218_001.pdf\" type=\"application\/pdf\" style=\"width:100%;height:600px\" aria-label=\"Tiedoston 0218_001 upotus.\"><\/object><a id=\"wp-block-file--media-507baac7-285d-4176-8428-e893a4def226\" href=\"https:\/\/tyyala.utu.fi\/kutu\/wp-content\/uploads\/sites\/18\/2024\/11\/0218_001.pdf\">0218_001<\/a><a href=\"https:\/\/tyyala.utu.fi\/kutu\/wp-content\/uploads\/sites\/18\/2024\/11\/0218_001.pdf\" class=\"wp-block-file__button wp-element-button\" download aria-describedby=\"wp-block-file--media-507baac7-285d-4176-8428-e893a4def226\">Lataa<\/a><\/div>\n\n\n\n<div data-wp-interactive=\"core\/file\" class=\"wp-block-file\"><object data-wp-bind--hidden=\"!state.hasPdfPreview\" hidden class=\"wp-block-file__embed\" data=\"https:\/\/tyyala.utu.fi\/kutu\/wp-content\/uploads\/sites\/18\/2024\/11\/2024-08-05T183013-3425_001.pdf\" type=\"application\/pdf\" style=\"width:100%;height:600px\" aria-label=\"Tiedoston 2024-08-05T183013-3425_001 upotus.\"><\/object><a id=\"wp-block-file--media-62594074-a92a-4e8c-9550-33b7502b5249\" href=\"https:\/\/tyyala.utu.fi\/kutu\/wp-content\/uploads\/sites\/18\/2024\/11\/2024-08-05T183013-3425_001.pdf\">2024-08-05T183013-3425_001<\/a><a href=\"https:\/\/tyyala.utu.fi\/kutu\/wp-content\/uploads\/sites\/18\/2024\/11\/2024-08-05T183013-3425_001.pdf\" class=\"wp-block-file__button wp-element-button\" download aria-describedby=\"wp-block-file--media-62594074-a92a-4e8c-9550-33b7502b5249\">Lataa<\/a><\/div>\n\n\n\n<div data-wp-interactive=\"core\/file\" class=\"wp-block-file\"><object data-wp-bind--hidden=\"!state.hasPdfPreview\" hidden class=\"wp-block-file__embed\" data=\"https:\/\/tyyala.utu.fi\/kutu\/wp-content\/uploads\/sites\/18\/2024\/11\/2024-08-05T183034-3426_001.pdf\" type=\"application\/pdf\" style=\"width:100%;height:600px\" aria-label=\"Tiedoston 2024-08-05T183034-3426_001 upotus.\"><\/object><a id=\"wp-block-file--media-95ada8b0-e4ef-4313-9171-673eb899a73c\" href=\"https:\/\/tyyala.utu.fi\/kutu\/wp-content\/uploads\/sites\/18\/2024\/11\/2024-08-05T183034-3426_001.pdf\">2024-08-05T183034-3426_001<\/a><a href=\"https:\/\/tyyala.utu.fi\/kutu\/wp-content\/uploads\/sites\/18\/2024\/11\/2024-08-05T183034-3426_001.pdf\" class=\"wp-block-file__button wp-element-button\" download aria-describedby=\"wp-block-file--media-95ada8b0-e4ef-4313-9171-673eb899a73c\">Lataa<\/a><\/div>\n\n\n\n<div class=\"wp-block-group\"><div class=\"wp-block-group__inner-container is-layout-constrained wp-block-group-is-layout-constrained\">\n<div class=\"wp-block-columns is-layout-flex wp-container-core-columns-is-layout-9d6595d7 wp-block-columns-is-layout-flex\">\n<div class=\"wp-block-column is-layout-flow wp-block-column-is-layout-flow\" style=\"flex-basis:100%\">\n<div data-wp-interactive=\"core\/file\" class=\"wp-block-file\"><object data-wp-bind--hidden=\"!state.hasPdfPreview\" hidden class=\"wp-block-file__embed\" data=\"https:\/\/tyyala.utu.fi\/kutu\/wp-content\/uploads\/sites\/18\/2024\/11\/2024-08-05T183101-3427_001.pdf\" type=\"application\/pdf\" style=\"width:100%;height:600px\" aria-label=\"Tiedoston 2024-08-05T183101-3427_001 upotus.\"><\/object><a id=\"wp-block-file--media-95ab77bb-af42-417d-9c4b-68a4438ee145\" href=\"https:\/\/tyyala.utu.fi\/kutu\/wp-content\/uploads\/sites\/18\/2024\/11\/2024-08-05T183101-3427_001.pdf\">2024-08-05T183101-3427_001<\/a><a href=\"https:\/\/tyyala.utu.fi\/kutu\/wp-content\/uploads\/sites\/18\/2024\/11\/2024-08-05T183101-3427_001.pdf\" class=\"wp-block-file__button wp-element-button\" download aria-describedby=\"wp-block-file--media-95ab77bb-af42-417d-9c4b-68a4438ee145\">Lataa<\/a><\/div>\n<\/div>\n<\/div>\n<\/div><\/div>\n\n\n\n<div data-wp-interactive=\"core\/file\" class=\"wp-block-file\"><object data-wp-bind--hidden=\"!state.hasPdfPreview\" hidden class=\"wp-block-file__embed\" data=\"https:\/\/tyyala.utu.fi\/kutu\/wp-content\/uploads\/sites\/18\/2024\/11\/1_24-Yhdistyksen-ylimaarainen-kokous.docx.pdf\" type=\"application\/pdf\" style=\"width:100%;height:600px\" aria-label=\"Tiedoston 1_24 Yhdistyksen ylima\u0308a\u0308ra\u0308inen kokous.docx upotus.\"><\/object><a id=\"wp-block-file--media-89173131-1c51-4c85-af66-a36637317582\" href=\"https:\/\/tyyala.utu.fi\/kutu\/wp-content\/uploads\/sites\/18\/2024\/11\/1_24-Yhdistyksen-ylimaarainen-kokous.docx.pdf\">1_24 Yhdistyksen ylima\u0308a\u0308ra\u0308inen kokous.docx<\/a><a href=\"https:\/\/tyyala.utu.fi\/kutu\/wp-content\/uploads\/sites\/18\/2024\/11\/1_24-Yhdistyksen-ylimaarainen-kokous.docx.pdf\" class=\"wp-block-file__button wp-element-button\" download aria-describedby=\"wp-block-file--media-89173131-1c51-4c85-af66-a36637317582\">Lataa<\/a><\/div>\n\n\n\n<div data-wp-interactive=\"core\/file\" class=\"wp-block-file\"><object data-wp-bind--hidden=\"!state.hasPdfPreview\" hidden class=\"wp-block-file__embed\" data=\"https:\/\/tyyala.utu.fi\/kutu\/wp-content\/uploads\/sites\/18\/2024\/04\/Kutu_ry_yhd_kevatkokous_2024.pdf\" type=\"application\/pdf\" style=\"width:100%;height:600px\" aria-label=\"Tiedoston Kutu ry kev\u00e4tkokous 2024 upotus.\"><\/object><a id=\"wp-block-file--media-8fd21b63-5110-4da1-94fc-77146522edce\" href=\"https:\/\/tyyala.utu.fi\/kutu\/wp-content\/uploads\/sites\/18\/2024\/04\/Kutu_ry_yhd_kevatkokous_2024.pdf\">Kutu ry kev\u00e4tkokous 2024<\/a><a href=\"https:\/\/tyyala.utu.fi\/kutu\/wp-content\/uploads\/sites\/18\/2024\/04\/Kutu_ry_yhd_kevatkokous_2024.pdf\" class=\"wp-block-file__button wp-element-button\" download aria-describedby=\"wp-block-file--media-8fd21b63-5110-4da1-94fc-77146522edce\">Lataa<\/a><\/div>\n\n\n\n<p><strong>2023<\/strong><\/p>\n\n\n\n<div data-wp-interactive=\"core\/file\" class=\"wp-block-file\"><object data-wp-bind--hidden=\"!state.hasPdfPreview\" hidden class=\"wp-block-file__embed\" data=\"https:\/\/tyyala.utu.fi\/kutu\/wp-content\/uploads\/sites\/18\/2023\/12\/Kutu_ry_yhd_syyskokous_2023.docx.pdf\" type=\"application\/pdf\" style=\"width:100%;height:600px\" aria-label=\"Tiedoston Kutu ry syyskokous 2023 upotus.\"><\/object><a id=\"wp-block-file--media-a6a02a76-be13-4616-8c0f-ac6ac5ff58fd\" href=\"https:\/\/tyyala.utu.fi\/kutu\/wp-content\/uploads\/sites\/18\/2023\/12\/Kutu_ry_yhd_syyskokous_2023.docx.pdf\">Kutu ry syyskokous 2023<\/a><a href=\"https:\/\/tyyala.utu.fi\/kutu\/wp-content\/uploads\/sites\/18\/2023\/12\/Kutu_ry_yhd_syyskokous_2023.docx.pdf\" class=\"wp-block-file__button wp-element-button\" download aria-describedby=\"wp-block-file--media-a6a02a76-be13-4616-8c0f-ac6ac5ff58fd\">Lataa<\/a><\/div>\n\n\n\n<div data-wp-interactive=\"core\/file\" class=\"wp-block-file\"><object data-wp-bind--hidden=\"!state.hasPdfPreview\" hidden class=\"wp-block-file__embed\" data=\"https:\/\/tyyala.utu.fi\/kutu\/wp-content\/uploads\/sites\/18\/2023\/08\/Kutu_ry_kevatkokous_2023.docx.pdf\" type=\"application\/pdf\" style=\"width:100%;height:600px\" aria-label=\"Tiedoston Kutu ry kev\u00e4tkokous 2023 upotus.\"><\/object><a id=\"wp-block-file--media-47a50248-78c1-4357-adf8-f5446c054b21\" href=\"https:\/\/tyyala.utu.fi\/kutu\/wp-content\/uploads\/sites\/18\/2023\/08\/Kutu_ry_kevatkokous_2023.docx.pdf\">Kutu ry kev\u00e4tkokous 2023<\/a><a href=\"https:\/\/tyyala.utu.fi\/kutu\/wp-content\/uploads\/sites\/18\/2023\/08\/Kutu_ry_kevatkokous_2023.docx.pdf\" class=\"wp-block-file__button wp-element-button\" download aria-describedby=\"wp-block-file--media-47a50248-78c1-4357-adf8-f5446c054b21\">Lataa<\/a><\/div>\n\n\n\n<div data-wp-interactive=\"core\/file\" class=\"wp-block-file\"><object data-wp-bind--hidden=\"!state.hasPdfPreview\" hidden class=\"wp-block-file__embed\" data=\"https:\/\/tyyala.utu.fi\/kutu\/wp-content\/uploads\/sites\/18\/2023\/08\/YLIM-1_23-Kutu_ry_ylim_poytakirja_1_23.pdf\" type=\"application\/pdf\" style=\"width:100%;height:600px\" aria-label=\"Tiedoston Ylim\u00e4\u00e4r\u00e4inen 1\/23 upotus.\"><\/object><a id=\"wp-block-file--media-c996c1ac-3966-4c05-8798-b766c1b03a88\" href=\"https:\/\/tyyala.utu.fi\/kutu\/wp-content\/uploads\/sites\/18\/2023\/08\/YLIM-1_23-Kutu_ry_ylim_poytakirja_1_23.pdf\">Ylim\u00e4\u00e4r\u00e4inen 1\/23<\/a><a href=\"https:\/\/tyyala.utu.fi\/kutu\/wp-content\/uploads\/sites\/18\/2023\/08\/YLIM-1_23-Kutu_ry_ylim_poytakirja_1_23.pdf\" class=\"wp-block-file__button wp-element-button\" download aria-describedby=\"wp-block-file--media-c996c1ac-3966-4c05-8798-b766c1b03a88\">Lataa<\/a><\/div>\n\n\n\n<div data-wp-interactive=\"core\/file\" class=\"wp-block-file\"><object data-wp-bind--hidden=\"!state.hasPdfPreview\" hidden class=\"wp-block-file__embed\" data=\"https:\/\/tyyala.utu.fi\/kutu\/wp-content\/uploads\/sites\/18\/2023\/08\/YLIM-2_23-Kutu_ry_ylim_poytakirja_2_23.docx.pdf\" type=\"application\/pdf\" style=\"width:100%;height:600px\" aria-label=\"Tiedoston Ylim\u00e4\u00e4r\u00e4inen 2\/23 upotus.\"><\/object><a id=\"wp-block-file--media-ca1b1df3-62b5-4637-a326-7579710159c6\" href=\"https:\/\/tyyala.utu.fi\/kutu\/wp-content\/uploads\/sites\/18\/2023\/08\/YLIM-2_23-Kutu_ry_ylim_poytakirja_2_23.docx.pdf\">Ylim\u00e4\u00e4r\u00e4inen 2\/23<\/a><a href=\"https:\/\/tyyala.utu.fi\/kutu\/wp-content\/uploads\/sites\/18\/2023\/08\/YLIM-2_23-Kutu_ry_ylim_poytakirja_2_23.docx.pdf\" class=\"wp-block-file__button wp-element-button\" download aria-describedby=\"wp-block-file--media-ca1b1df3-62b5-4637-a326-7579710159c6\">Lataa<\/a><\/div>\n\n\n\n<p><\/p>\n\n\n\n<p><strong>2022<\/strong><\/p>\n\n\n\n<div data-wp-interactive=\"core\/file\" class=\"wp-block-file\"><object data-wp-bind--hidden=\"!state.hasPdfPreview\" hidden class=\"wp-block-file__embed\" data=\"https:\/\/tyyala.utu.fi\/kutu\/wp-content\/uploads\/sites\/18\/2022\/09\/Kutu-ry_n-kevatkokous-2022.pdf\" type=\"application\/pdf\" style=\"width:100%;height:600px\" aria-label=\"Tiedoston Kutu ry kev\u00e4tkokous 2022 upotus.\"><\/object><a id=\"wp-block-file--media-c76b6359-230d-4072-9d32-76bdef458c05\" href=\"https:\/\/tyyala.utu.fi\/kutu\/wp-content\/uploads\/sites\/18\/2022\/09\/Kutu-ry_n-kevatkokous-2022.pdf\">Kutu ry kev\u00e4tkokous 2022<\/a><a href=\"https:\/\/tyyala.utu.fi\/kutu\/wp-content\/uploads\/sites\/18\/2022\/09\/Kutu-ry_n-kevatkokous-2022.pdf\" class=\"wp-block-file__button wp-element-button\" download aria-describedby=\"wp-block-file--media-c76b6359-230d-4072-9d32-76bdef458c05\">Lataa<\/a><\/div>\n\n\n\n<div data-wp-interactive=\"core\/file\" class=\"wp-block-file\"><object data-wp-bind--hidden=\"!state.hasPdfPreview\" hidden class=\"wp-block-file__embed\" data=\"https:\/\/tyyala.utu.fi\/kutu\/wp-content\/uploads\/sites\/18\/2022\/11\/Kutu-ry_n-syyskokous-2022.pdf\" type=\"application\/pdf\" style=\"width:100%;height:600px\" aria-label=\"Tiedoston Kutu ry syyskokous 2022 upotus.\"><\/object><a id=\"wp-block-file--media-6d8feaa9-f704-480a-b853-a90a2a92880f\" href=\"https:\/\/tyyala.utu.fi\/kutu\/wp-content\/uploads\/sites\/18\/2022\/11\/Kutu-ry_n-syyskokous-2022.pdf\">Kutu ry syyskokous 2022<\/a><a href=\"https:\/\/tyyala.utu.fi\/kutu\/wp-content\/uploads\/sites\/18\/2022\/11\/Kutu-ry_n-syyskokous-2022.pdf\" class=\"wp-block-file__button wp-element-button\" download aria-describedby=\"wp-block-file--media-6d8feaa9-f704-480a-b853-a90a2a92880f\">Lataa<\/a><\/div>\n\n\n\n<div data-wp-interactive=\"core\/file\" class=\"wp-block-file\"><object data-wp-bind--hidden=\"!state.hasPdfPreview\" hidden class=\"wp-block-file__embed\" data=\"https:\/\/tyyala.utu.fi\/kutu\/wp-content\/uploads\/sites\/18\/2022\/09\/ylimaarainen-1_22.pdf\" type=\"application\/pdf\" style=\"width:100%;height:600px\" aria-label=\"Tiedoston Ylim\u00e4\u00e4r\u00e4inen 1\/22 upotus.\"><\/object><a id=\"wp-block-file--media-30f894bb-b14a-4383-a456-f18817e7e310\" href=\"https:\/\/tyyala.utu.fi\/kutu\/wp-content\/uploads\/sites\/18\/2022\/09\/ylimaarainen-1_22.pdf\">Ylim\u00e4\u00e4r\u00e4inen 1\/22<\/a><a href=\"https:\/\/tyyala.utu.fi\/kutu\/wp-content\/uploads\/sites\/18\/2022\/09\/ylimaarainen-1_22.pdf\" class=\"wp-block-file__button wp-element-button\" download aria-describedby=\"wp-block-file--media-30f894bb-b14a-4383-a456-f18817e7e310\">Lataa<\/a><\/div>\n\n\n\n<div data-wp-interactive=\"core\/file\" class=\"wp-block-file\"><object data-wp-bind--hidden=\"!state.hasPdfPreview\" hidden class=\"wp-block-file__embed\" data=\"https:\/\/tyyala.utu.fi\/kutu\/wp-content\/uploads\/sites\/18\/2022\/09\/Ylimaarainen-2_22.pdf\" type=\"application\/pdf\" style=\"width:100%;height:600px\" aria-label=\"Tiedoston Ylim\u00e4\u00e4r\u00e4inen 2\/22 upotus.\"><\/object><a id=\"wp-block-file--media-e4ec47dd-b125-4235-953d-9ee0b0d6942c\" href=\"https:\/\/tyyala.utu.fi\/kutu\/wp-content\/uploads\/sites\/18\/2022\/09\/Ylimaarainen-2_22.pdf\">Ylim\u00e4\u00e4r\u00e4inen 2\/22<\/a><a href=\"https:\/\/tyyala.utu.fi\/kutu\/wp-content\/uploads\/sites\/18\/2022\/09\/Ylimaarainen-2_22.pdf\" class=\"wp-block-file__button wp-element-button\" download aria-describedby=\"wp-block-file--media-e4ec47dd-b125-4235-953d-9ee0b0d6942c\">Lataa<\/a><\/div>\n","protected":false},"excerpt":{"rendered":"<p>Yhdistyksen kokouksien p\u00f6yt\u00e4kirjat l\u00f6yd\u00e4t alta 2026 2025 2024 2023 2022<\/p>\n","protected":false},"author":1520,"featured_media":0,"parent":24,"menu_order":0,"comment_status":"closed","ping_status":"closed","template":"","meta":{"footnotes":""},"class_list":["post-2062","page","type-page","status-publish","hentry"],"_links":{"self":[{"href":"https:\/\/tyyala.utu.fi\/kutu\/wp-json\/wp\/v2\/pages\/2062","targetHints":{"allow":["GET"]}}],"collection":[{"href":"https:\/\/tyyala.utu.fi\/kutu\/wp-json\/wp\/v2\/pages"}],"about":[{"href":"https:\/\/tyyala.utu.fi\/kutu\/wp-json\/wp\/v2\/types\/page"}],"author":[{"embeddable":true,"href":"https:\/\/tyyala.utu.fi\/kutu\/wp-json\/wp\/v2\/users\/1520"}],"replies":[{"embeddable":true,"href":"https:\/\/tyyala.utu.fi\/kutu\/wp-json\/wp\/v2\/comments?post=2062"}],"version-history":[{"count":21,"href":"https:\/\/tyyala.utu.fi\/kutu\/wp-json\/wp\/v2\/pages\/2062\/revisions"}],"predecessor-version":[{"id":2590,"href":"https:\/\/tyyala.utu.fi\/kutu\/wp-json\/wp\/v2\/pages\/2062\/revisions\/2590"}],"up":[{"embeddable":true,"href":"https:\/\/tyyala.utu.fi\/kutu\/wp-json\/wp\/v2\/pages\/24"}],"wp:attachment":[{"href":"https:\/\/tyyala.utu.fi\/kutu\/wp-json\/wp\/v2\/media?parent=2062"}],"curies":[{"name":"wp","href":"https:\/\/api.w.org\/{rel}","templated":true}]}}