{"id":2049,"date":"2022-09-14T10:09:45","date_gmt":"2022-09-14T10:09:45","guid":{"rendered":"https:\/\/tyyala.utu.fi\/kutu\/?page_id=2049"},"modified":"2023-10-10T14:50:41","modified_gmt":"2023-10-10T14:50:41","slug":"turvallisemman-tilan-periaatteet","status":"publish","type":"page","link":"https:\/\/tyyala.utu.fi\/kutu\/jasen\/turvallisemman-tilan-periaatteet\/","title":{"rendered":"Turvallisemman tilan periaatteet"},"content":{"rendered":"\n<p>Noudatamme tapahtumissamme ja toiminnassamme turvallisemman tilan periaatteita, jotka ovat esitettyn\u00e4 alla.  <\/p>\n\n\n\n<p><\/p>\n\n\n\n<p><strong>Olettaminen ja yleist\u00e4minen<\/strong><\/p>\n\n\n\n<p>On luonnollista tehd\u00e4 oletuksia toisista ihmisist\u00e4, mutta on t\u00e4rke\u00e4\u00e4 tiedostaa ne ja pysy\u00e4 avoimena ja kuuntelevana. Emme voi oikeastaan tiet\u00e4\u00e4 mit\u00e4\u00e4n toisen kokemuksesta maailmassa liikkumisesta, sukupuolesta, seksuaalisuudesta, luokkataustasta, el\u00e4m\u00e4ntilanteesta, identiteetist\u00e4 ja niin edelleen. Emme yleist\u00e4 omia kokemuksiamme muita koskeviksi. Emme m\u00e4\u00e4rittele kokemuksia kenenk\u00e4\u00e4n puolesta ja ymm\u00e4rr\u00e4mme, ett\u00e4 hyvist\u00e4 aikomuksistamme huolimatta kaikki mokaavat joskus. Otamme vastuun ja pyyd\u00e4mme heti anteeksi. <\/p>\n\n\n\n<p><strong>Kunnioitus<\/strong><\/p>\n\n\n\n<p>Olemme kunnioittavia kaikkia tapahtumiin osallistuvia ja heid\u00e4n puheenvuorojaan kohtaan, emmek\u00e4 kyseenalaista erilaisuutta, vaan annamme ihmisten olla omia itsej\u00e4\u00e4n. Otamme huomioon ihmisten eri\u00e4v\u00e4t mielipiteet, uskomukset ja n\u00e4k\u00f6kulmat, mutta kaiken pohjalla on k\u00e4sitys jakamattomasta ihmisarvosta, joka kuuluu kaikille. <\/p>\n\n\n\n<p><strong>H\u00e4irint\u00e4<\/strong><\/p>\n\n\n\n<p>Emme h\u00e4iritse ket\u00e4\u00e4n sanallisesti utelemalla yksityisasioista, koskemalla, tuijottamalla tai vaientamalla. Jos toinen ihminen sanoo ei, se tarkoittaa aina ei. Kunnioitamme ihmisten omaa tilaa sek\u00e4 fyysisi\u00e4 ja emotionaalisia rajoja. Kutu ry:n tapahtumissa on nollatoleranssi kaikenlaiselle h\u00e4irinn\u00e4lle.<\/p>\n\n\n\n<p><strong>Taltiointi<\/strong><\/p>\n\n\n\n<p>Pyyd\u00e4mme luvan kaikilta, joita kuvaamme tai muuten taltioimme suljetuissa tilaisuuksissa. Kuvaamme julkisissa tilaisuuksissa hyv\u00e4n tavan mukaisesti. <\/p>\n\n\n\n<p><strong>Kieli ja viestint\u00e4<\/strong><\/p>\n\n\n\n<p>Pyrimme puhumaan niin, ett\u00e4 kaikki pysyv\u00e4t k\u00e4rryill\u00e4. K\u00e4yt\u00e4mme mahdollisuuksien mukaan kielt\u00e4, joka ei sulje ulos ja pyrimme keskustelemaan ja toimimaan hy\u00f6kk\u00e4\u00e4m\u00e4tt\u00e4, antaen kuitenkin tunteille tilaa.<\/p>\n\n\n\n<p><strong>Vastuuhenkil\u00f6t\/h\u00e4irint\u00e4yhdyshenkil\u00f6<\/strong><\/p>\n\n\n\n<p>Mik\u00e4li koet h\u00e4irint\u00e4\u00e4 tai ep\u00e4sopivaa k\u00e4yt\u00f6st\u00e4 Kutu ry:n tapahtumissa tai toiminnassa, olethan yhteydess\u00e4 sosiaalipoliittisiin vastaaviin. Ajantasaiset yhteystiedot l\u00f6yd\u00e4t n\u00e4ilt\u00e4 nettisivuilta kohdasta <em>Hallitus.<\/em> Tapahtumien aikana voit keskustella tapahtumaan valitun h\u00e4irint\u00e4yhdyshenkil\u00f6n kanssa. <\/p>\n\n\n\n<p><\/p>\n\n\n\n<p>Turvallisemman tilan periaatteet on kirjoitettu @ruskeattytotmedia sivuja mukaillen.<\/p>\n","protected":false},"excerpt":{"rendered":"<p>Noudatamme tapahtumissamme ja toiminnassamme turvallisemman tilan periaatteita, jotka ovat esitettyn\u00e4 alla. Olettaminen ja yleist\u00e4minen On luonnollista tehd\u00e4 oletuksia toisista ihmisist\u00e4, mutta on t\u00e4rke\u00e4\u00e4 tiedostaa ne ja pysy\u00e4 avoimena ja kuuntelevana. Emme voi oikeastaan tiet\u00e4\u00e4 mit\u00e4\u00e4n toisen kokemuksesta maailmassa liikkumisesta, sukupuolesta, seksuaalisuudesta, luokkataustasta, el\u00e4m\u00e4ntilanteesta, identiteetist\u00e4 ja niin edelleen. Emme yleist\u00e4 omia kokemuksiamme muita koskeviksi. Emme m\u00e4\u00e4rittele &hellip; <a href=\"https:\/\/tyyala.utu.fi\/kutu\/jasen\/turvallisemman-tilan-periaatteet\/\" class=\"more-link\">Jatka artikkeliin <span class=\"screen-reader-text\">Turvallisemman tilan periaatteet<\/span><\/a><\/p>\n","protected":false},"author":1520,"featured_media":0,"parent":60,"menu_order":0,"comment_status":"closed","ping_status":"closed","template":"","meta":{"footnotes":""},"class_list":["post-2049","page","type-page","status-publish","hentry"],"_links":{"self":[{"href":"https:\/\/tyyala.utu.fi\/kutu\/wp-json\/wp\/v2\/pages\/2049","targetHints":{"allow":["GET"]}}],"collection":[{"href":"https:\/\/tyyala.utu.fi\/kutu\/wp-json\/wp\/v2\/pages"}],"about":[{"href":"https:\/\/tyyala.utu.fi\/kutu\/wp-json\/wp\/v2\/types\/page"}],"author":[{"embeddable":true,"href":"https:\/\/tyyala.utu.fi\/kutu\/wp-json\/wp\/v2\/users\/1520"}],"replies":[{"embeddable":true,"href":"https:\/\/tyyala.utu.fi\/kutu\/wp-json\/wp\/v2\/comments?post=2049"}],"version-history":[{"count":2,"href":"https:\/\/tyyala.utu.fi\/kutu\/wp-json\/wp\/v2\/pages\/2049\/revisions"}],"predecessor-version":[{"id":2163,"href":"https:\/\/tyyala.utu.fi\/kutu\/wp-json\/wp\/v2\/pages\/2049\/revisions\/2163"}],"up":[{"embeddable":true,"href":"https:\/\/tyyala.utu.fi\/kutu\/wp-json\/wp\/v2\/pages\/60"}],"wp:attachment":[{"href":"https:\/\/tyyala.utu.fi\/kutu\/wp-json\/wp\/v2\/media?parent=2049"}],"curies":[{"name":"wp","href":"https:\/\/api.w.org\/{rel}","templated":true}]}}