{"id":2036,"date":"2022-09-07T20:43:34","date_gmt":"2022-09-07T20:43:34","guid":{"rendered":"https:\/\/tyyala.utu.fi\/kutu\/?page_id=2036"},"modified":"2024-12-09T13:21:12","modified_gmt":"2024-12-09T13:21:12","slug":"yhteystiedot","status":"publish","type":"page","link":"https:\/\/tyyala.utu.fi\/kutu\/yhteystiedot\/","title":{"rendered":"Yhteystiedot"},"content":{"rendered":"\n<p><strong>S\u00e4hk\u00f6posti<\/strong>: kutu@utu.fi<\/p>\n\n\n\n<p>Turun yliopiston etnologian, folkloristiikan ja uskontotieteen opiskelijain yhdistys Kutu ry<br \/>Historian, kulttuurin ja taiteiden tutkimuksen laitos<br \/>Arcanum, 20014 Turun yliopisto<\/p>\n\n\n\n<p><strong>Sosiaalinen media<\/strong><\/p>\n\n\n\n<p><a href=\"https:\/\/www.instagram.com\/kututurku\/\" target=\"_blank\" rel=\"noreferrer noopener\">https:\/\/www.instagram.com\/kututurku\/<\/a><\/p>\n\n\n\n<p><a href=\"https:\/\/www.facebook.com\/kututurku\" target=\"_blank\" rel=\"noreferrer noopener\">https:\/\/www.facebook.com\/kututurku<\/a><\/p>\n\n\n\n<p><strong>Kutu ry:n laskutustiedot<\/strong><br \/>Y-tunnus: 2707903-8<br \/>Laskut voi toimittaa osoitteeseen <a href=\"mailto:kutu-hallitus@lists.utu.fi\">kutu@utu.fi<\/a>.<\/p>\n\n\n\n<p>Mik\u00e4li teill\u00e4 ei kuitenkaan ole mahdollisuutta toimittaa meille s\u00e4hk\u00f6postilaskuja, pyyd\u00e4mme<br \/>teit\u00e4 toimittamaan paperilaskut osoitteella:<\/p>\n\n\n\n<p>Kutu ry<br \/>Historian, kulttuurin ja taiteiden tutkimuksen laitos<br \/>Arcanum<br \/>20014 Turun yliopisto<\/p>\n\n\n\n<p>My\u00f6s muu kirjeposti voidaan l\u00e4hett\u00e4\u00e4 em. osoitteeseen.<br \/>Lis\u00e4tietoja tarvittaessa Kutu ry:n taloudenhoitajalta.<\/p>\n","protected":false},"excerpt":{"rendered":"<p>S\u00e4hk\u00f6posti: kutu@utu.fi Turun yliopiston etnologian, folkloristiikan ja uskontotieteen opiskelijain yhdistys Kutu ryHistorian, kulttuurin ja taiteiden tutkimuksen laitosArcanum, 20014 Turun yliopisto Sosiaalinen media https:\/\/www.instagram.com\/kututurku\/ https:\/\/www.facebook.com\/kututurku Kutu ry:n laskutustiedotY-tunnus: 2707903-8Laskut voi toimittaa osoitteeseen kutu@utu.fi. Mik\u00e4li teill\u00e4 ei kuitenkaan ole mahdollisuutta toimittaa meille s\u00e4hk\u00f6postilaskuja, pyyd\u00e4mmeteit\u00e4 toimittamaan paperilaskut osoitteella: Kutu ryHistorian, kulttuurin ja taiteiden tutkimuksen laitosArcanum20014 Turun yliopisto My\u00f6s &hellip; <a href=\"https:\/\/tyyala.utu.fi\/kutu\/yhteystiedot\/\" class=\"more-link\">Jatka artikkeliin <span class=\"screen-reader-text\">Yhteystiedot<\/span><\/a><\/p>\n","protected":false},"author":1520,"featured_media":0,"parent":0,"menu_order":0,"comment_status":"closed","ping_status":"closed","template":"","meta":{"footnotes":""},"class_list":["post-2036","page","type-page","status-publish","hentry"],"_links":{"self":[{"href":"https:\/\/tyyala.utu.fi\/kutu\/wp-json\/wp\/v2\/pages\/2036","targetHints":{"allow":["GET"]}}],"collection":[{"href":"https:\/\/tyyala.utu.fi\/kutu\/wp-json\/wp\/v2\/pages"}],"about":[{"href":"https:\/\/tyyala.utu.fi\/kutu\/wp-json\/wp\/v2\/types\/page"}],"author":[{"embeddable":true,"href":"https:\/\/tyyala.utu.fi\/kutu\/wp-json\/wp\/v2\/users\/1520"}],"replies":[{"embeddable":true,"href":"https:\/\/tyyala.utu.fi\/kutu\/wp-json\/wp\/v2\/comments?post=2036"}],"version-history":[{"count":4,"href":"https:\/\/tyyala.utu.fi\/kutu\/wp-json\/wp\/v2\/pages\/2036\/revisions"}],"predecessor-version":[{"id":2465,"href":"https:\/\/tyyala.utu.fi\/kutu\/wp-json\/wp\/v2\/pages\/2036\/revisions\/2465"}],"wp:attachment":[{"href":"https:\/\/tyyala.utu.fi\/kutu\/wp-json\/wp\/v2\/media?parent=2036"}],"curies":[{"name":"wp","href":"https:\/\/api.w.org\/{rel}","templated":true}]}}