{"id":2018,"date":"2022-09-07T20:06:57","date_gmt":"2022-09-07T20:06:57","guid":{"rendered":"https:\/\/tyyala.utu.fi\/kutu\/?page_id=2018"},"modified":"2022-09-07T20:08:50","modified_gmt":"2022-09-07T20:08:50","slug":"kannatusjasenyys","status":"publish","type":"page","link":"https:\/\/tyyala.utu.fi\/kutu\/muu-toiminta\/kannatusjasenyys\/","title":{"rendered":"Kannatusj\u00e4senyys"},"content":{"rendered":"\n<p>Yhdistykseen voi kannatusj\u00e4seneksi liitty\u00e4 kuka tahansa henkil\u00f6, joka haluaa tukea yhdistyksen tarkoitusta ja joka hyv\u00e4ksyy yhdistyksen s\u00e4\u00e4nn\u00f6t. <\/p>\n\n\n\n<p>Kannatusj\u00e4senen hyv\u00e4ksymisest\u00e4 p\u00e4\u00e4tt\u00e4\u00e4 yhdistyksen hallitus. Kannatusj\u00e4senill\u00e4 on oikeus osallistua yhdistyksen j\u00e4rjest\u00e4miin kokouksiin ja tilaisuuksiin ja p\u00e4\u00e4st\u00e4 osalliseksi yhdistyksen tarjoamista palveluista ja eduista. Yhdistyksen kokouksissa heill\u00e4 on ainoastaan puhe- ja l\u00e4sn\u00e4olo-oikeus, mutta ei \u00e4\u00e4nioikeutta eik\u00e4 heit\u00e4 voida valita yhdistyksen hallitukseen tai muihin luottamusteht\u00e4viin.<\/p>\n\n\n\n<p>Kannatusj\u00e4senet maksavat kertaluontoisen kannatusj\u00e4senmaksun 55 \u20ac. <\/p>\n\n\n\n<p>Jos haluat liitty\u00e4 Kutu ry:n kannatusj\u00e4seneksi, ota yhteytt\u00e4 Kutu ry:n hallitukseen. Yhteystiedot t\u00e4\u00e4ll\u00e4: <a href=\"https:\/\/tyyala.utu.fi\/kutu\/hallitus\/\">https:\/\/tyyala.utu.fi\/kutu\/hallitus\/<\/a><\/p>\n","protected":false},"excerpt":{"rendered":"<p>Yhdistykseen voi kannatusj\u00e4seneksi liitty\u00e4 kuka tahansa henkil\u00f6, joka haluaa tukea yhdistyksen tarkoitusta ja joka hyv\u00e4ksyy yhdistyksen s\u00e4\u00e4nn\u00f6t. Kannatusj\u00e4senen hyv\u00e4ksymisest\u00e4 p\u00e4\u00e4tt\u00e4\u00e4 yhdistyksen hallitus. Kannatusj\u00e4senill\u00e4 on oikeus osallistua yhdistyksen j\u00e4rjest\u00e4miin kokouksiin ja tilaisuuksiin ja p\u00e4\u00e4st\u00e4 osalliseksi yhdistyksen tarjoamista palveluista ja eduista. Yhdistyksen kokouksissa heill\u00e4 on ainoastaan puhe- ja l\u00e4sn\u00e4olo-oikeus, mutta ei \u00e4\u00e4nioikeutta eik\u00e4 heit\u00e4 voida valita yhdistyksen &hellip; <a href=\"https:\/\/tyyala.utu.fi\/kutu\/muu-toiminta\/kannatusjasenyys\/\" class=\"more-link\">Jatka artikkeliin <span class=\"screen-reader-text\">Kannatusj\u00e4senyys<\/span><\/a><\/p>\n","protected":false},"author":1520,"featured_media":0,"parent":569,"menu_order":0,"comment_status":"closed","ping_status":"closed","template":"","meta":{"footnotes":""},"class_list":["post-2018","page","type-page","status-publish","hentry"],"_links":{"self":[{"href":"https:\/\/tyyala.utu.fi\/kutu\/wp-json\/wp\/v2\/pages\/2018","targetHints":{"allow":["GET"]}}],"collection":[{"href":"https:\/\/tyyala.utu.fi\/kutu\/wp-json\/wp\/v2\/pages"}],"about":[{"href":"https:\/\/tyyala.utu.fi\/kutu\/wp-json\/wp\/v2\/types\/page"}],"author":[{"embeddable":true,"href":"https:\/\/tyyala.utu.fi\/kutu\/wp-json\/wp\/v2\/users\/1520"}],"replies":[{"embeddable":true,"href":"https:\/\/tyyala.utu.fi\/kutu\/wp-json\/wp\/v2\/comments?post=2018"}],"version-history":[{"count":2,"href":"https:\/\/tyyala.utu.fi\/kutu\/wp-json\/wp\/v2\/pages\/2018\/revisions"}],"predecessor-version":[{"id":2020,"href":"https:\/\/tyyala.utu.fi\/kutu\/wp-json\/wp\/v2\/pages\/2018\/revisions\/2020"}],"up":[{"embeddable":true,"href":"https:\/\/tyyala.utu.fi\/kutu\/wp-json\/wp\/v2\/pages\/569"}],"wp:attachment":[{"href":"https:\/\/tyyala.utu.fi\/kutu\/wp-json\/wp\/v2\/media?parent=2018"}],"curies":[{"name":"wp","href":"https:\/\/api.w.org\/{rel}","templated":true}]}}