{"id":1995,"date":"2022-09-07T17:44:42","date_gmt":"2022-09-07T17:44:42","guid":{"rendered":"https:\/\/tyyala.utu.fi\/kutu\/?page_id=1995"},"modified":"2026-03-23T14:18:14","modified_gmt":"2026-03-23T14:18:14","slug":"liity-jaseneksi","status":"publish","type":"page","link":"https:\/\/tyyala.utu.fi\/kutu\/liity-jaseneksi\/","title":{"rendered":"Liity j\u00e4seneksi"},"content":{"rendered":"\n<p>Liitty\u00e4ksesi Kutu ry:n j\u00e4seneksi sinun pit\u00e4\u00e4 opiskella Turun yliopistossa etnologiaa, folkloristiikkaa tai uskontotiedett\u00e4 ja hyv\u00e4ksy\u00e4 Kutu ry:n s\u00e4\u00e4nn\u00f6t. \u00a0Varsinaiset j\u00e4senet voivat maksaa vuosij\u00e4senmaksun (7 \u20ac), tai opiskeluajan kest\u00e4v\u00e4n kertaj\u00e4senmaksun (25 \u20ac). Vuosij\u00e4senmaksu maksetaan lukuvuodeksi (1.8.-31.7.) kerrallaan.<\/p>\n\n\n\n<p><strong>Liitty\u00e4ksesi Kutu ry:n j\u00e4seneksi sinun pit\u00e4\u00e4 rekister\u00f6ity\u00e4 Kide.app -sovelluksessa j\u00e4seneksi!!<\/strong><\/p>\n\n\n\n<p>Liittym\u00e4ll\u00e4 Kutu ry:n j\u00e4seneksi liityt automaattisesti postituslistalle, jota kautta saat ainej\u00e4rjest\u00f6n ajankohtaiset tiedot. Lis\u00e4ksi saat Kutu ry:n neuvottelemia etuja ja alennuksia sek\u00e4 alennuksia Kutu ry:n tapahtumien p\u00e4\u00e4symaksuista.<\/p>\n\n\n\n<div class=\"wp-block-buttons is-layout-flex wp-block-buttons-is-layout-flex\">\n<div class=\"wp-block-button\"><a class=\"wp-block-button__link wp-element-button\" href=\"https:\/\/tyyala.utu.fi\/kutu\/jasenyyden-ostaminen-kide-app-sovelluksessa\/\">Liity j\u00e4seneksi!<\/a><\/div>\n<\/div>\n\n\n\n<p><\/p>\n","protected":false},"excerpt":{"rendered":"<p>Liitty\u00e4ksesi Kutu ry:n j\u00e4seneksi sinun pit\u00e4\u00e4 opiskella Turun yliopistossa etnologiaa, folkloristiikkaa tai uskontotiedett\u00e4 ja hyv\u00e4ksy\u00e4 Kutu ry:n s\u00e4\u00e4nn\u00f6t. \u00a0Varsinaiset j\u00e4senet voivat maksaa vuosij\u00e4senmaksun (7 \u20ac), tai opiskeluajan kest\u00e4v\u00e4n kertaj\u00e4senmaksun (25 \u20ac). Vuosij\u00e4senmaksu maksetaan lukuvuodeksi (1.8.-31.7.) kerrallaan. Liitty\u00e4ksesi Kutu ry:n j\u00e4seneksi sinun pit\u00e4\u00e4 rekister\u00f6ity\u00e4 Kide.app -sovelluksessa j\u00e4seneksi!! Liittym\u00e4ll\u00e4 Kutu ry:n j\u00e4seneksi liityt automaattisesti postituslistalle, jota kautta &hellip; <a href=\"https:\/\/tyyala.utu.fi\/kutu\/liity-jaseneksi\/\" class=\"more-link\">Jatka artikkeliin <span class=\"screen-reader-text\">Liity j\u00e4seneksi<\/span><\/a><\/p>\n","protected":false},"author":1520,"featured_media":0,"parent":0,"menu_order":0,"comment_status":"closed","ping_status":"closed","template":"","meta":{"footnotes":""},"class_list":["post-1995","page","type-page","status-publish","hentry"],"_links":{"self":[{"href":"https:\/\/tyyala.utu.fi\/kutu\/wp-json\/wp\/v2\/pages\/1995","targetHints":{"allow":["GET"]}}],"collection":[{"href":"https:\/\/tyyala.utu.fi\/kutu\/wp-json\/wp\/v2\/pages"}],"about":[{"href":"https:\/\/tyyala.utu.fi\/kutu\/wp-json\/wp\/v2\/types\/page"}],"author":[{"embeddable":true,"href":"https:\/\/tyyala.utu.fi\/kutu\/wp-json\/wp\/v2\/users\/1520"}],"replies":[{"embeddable":true,"href":"https:\/\/tyyala.utu.fi\/kutu\/wp-json\/wp\/v2\/comments?post=1995"}],"version-history":[{"count":8,"href":"https:\/\/tyyala.utu.fi\/kutu\/wp-json\/wp\/v2\/pages\/1995\/revisions"}],"predecessor-version":[{"id":2576,"href":"https:\/\/tyyala.utu.fi\/kutu\/wp-json\/wp\/v2\/pages\/1995\/revisions\/2576"}],"wp:attachment":[{"href":"https:\/\/tyyala.utu.fi\/kutu\/wp-json\/wp\/v2\/media?parent=1995"}],"curies":[{"name":"wp","href":"https:\/\/api.w.org\/{rel}","templated":true}]}}