{"id":1655,"date":"2019-01-14T20:10:07","date_gmt":"2019-01-14T20:10:07","guid":{"rendered":"http:\/\/tyyala.utu.fi\/kutu\/?page_id=1655"},"modified":"2024-12-09T13:29:31","modified_gmt":"2024-12-09T13:29:31","slug":"henkilostorekisteriseloste","status":"publish","type":"page","link":"https:\/\/tyyala.utu.fi\/kutu\/alumnit\/henkilostorekisteriseloste\/","title":{"rendered":"Henkil\u00f6st\u00f6rekisteriseloste"},"content":{"rendered":"\n<p><strong>Rekisterinpit\u00e4j\u00e4<\/strong><\/p>\n\n\n\n<p>Turun yliopiston etnologian, folkloristiikan ja uskontotieteen opiskelijain yhdistys Kutu ry<br \/> Historian, kulttuurin ja taiteiden tutkimuksen laitos<br \/> Arcanum, 20014 Turun yliopisto<br \/> kutu@utu.fi<\/p>\n\n\n\n<p><strong>Henkil\u00f6tiedonk\u00e4sittelij\u00e4n yhteystiedot<\/strong><\/p>\n\n\n\n<p>Turun yliopiston etnologian, folkloristiikan ja uskontotieteen opiskelijain yhdistys Kutu ry<br \/> Historian, kulttuurin ja taiteiden tutkimuksen laitos<br \/> Arcanum, 20014 Turun yliopisto<br \/> kutu@utu.fi<\/p>\n\n\n\n<p><strong>Henkil\u00f6tietojen k\u00e4sittelyn peruste ja tarkoitus<\/strong><\/p>\n\n\n\n<p>Henkil\u00f6t, joiden tietoja voidaan k\u00e4sitell\u00e4, ovat antaneet tietonsa ja suostumuksensa tietojen<br \/>\nk\u00e4sittelyyn.<br \/>\nTietojen luovuttaminen Kutu ry:lle on turvallista ja tiedon m\u00e4\u00e4r\u00e4 ja n\u00e4kyvyys perustuvat<br \/>\nhenkil\u00f6n omaan suostumukseen.<br \/>\nKutu ry:n j\u00e4seneksi ilmoittaudutaan ilmoittautumiskaavakkeella, jonka pakolliset t\u00e4ytett\u00e4v\u00e4t<br \/>\ntiedot ovat nimi, kotipaikkakunta ja s\u00e4hk\u00f6postiosoite. Lis\u00e4ksi henkil\u00f6 valitsee, haluaako h\u00e4n<br \/>\nvuosij\u00e4sennyyden, koko opiskeluajan kest\u00e4v\u00e4n j\u00e4sennyyden vai kannatusj\u00e4sennyyden.<br \/>\nKannatusj\u00e4sennyys on tarkoitettu jo valmistuneille alumneille. Tiedot ker\u00e4t\u00e4\u00e4n tiedostoon,<br \/>\njohon on vain hallituksella p\u00e4\u00e4sy, ja tietoja k\u00e4sittelee hallituksen kullakin toimikaudella<br \/>\nnimitetty sihteeri.<br \/>\nTietoja k\u00e4ytet\u00e4\u00e4n j\u00e4senten kartoittamiseen. Lis\u00e4ksi liittyess\u00e4 j\u00e4seneksi annettu<br \/>\ns\u00e4hk\u00f6postiosoite liitet\u00e4\u00e4n osaksi Kutu ry:n j\u00e4senten s\u00e4hk\u00f6postilistaa, jonka avulla annetaan<br \/>\nj\u00e4senille tietoa ajankohtaisista yhdistyksen tapahtumista, koulutus- ja sosiaalipolitiikasta sek\u00e4<br \/>\nmuista yhdistyst\u00e4 koskevista p\u00e4\u00e4t\u00f6ksist\u00e4.<\/p>\n\n\n\n<p>Kutu ry:n alumnitoimintaan ilmoittaudutaan ilmoittautumiskaavakkeella, jonka pakolliset<br \/>\nt\u00e4ytett\u00e4v\u00e4t tiedot ovat nimi, s\u00e4hk\u00f6postiosoite, p\u00e4\u00e4aine ja valmistumisvuosi. N\u00e4m\u00e4 kyseiset<br \/>\ntiedot ker\u00e4t\u00e4\u00e4n tiedostoon, jonne on vain Kutun hallituksella p\u00e4\u00e4sy. Tietoja k\u00e4sittelee<br \/>\nhallituksen kullakin toimikaudella nimitetty sihteeri.<br \/>\nS\u00e4hk\u00f6postiosoitetietoja k\u00e4ytet\u00e4\u00e4n my\u00f6s alumnitoiminnasta tiedottamiseen. Liittyess\u00e4<br \/>\nrekisteriin henkil\u00f6n antama s\u00e4hk\u00f6postiosoite liitet\u00e4\u00e4n Kutu ry:n alumnien s\u00e4hk\u00f6postilistalle.<br \/>\nS\u00e4hk\u00f6postilistalle tulee ajankohtaista tietoa ja kutsuja tapahtumiin.<br \/>\nHenkil\u00f6 voi halutessaan kirjoittaa itsest\u00e4\u00e4n lyhyen kuvauksen ilmoittautumiskaavakkeessa.<br \/>\nHenkil\u00f6 saa kuvauksen yhteydess\u00e4 valita, n\u00e4kyyk\u00f6 kuvaus vain hallitukselle vai n\u00e4kyyk\u00f6 se<br \/>\nKutu ry:n nettisivuilla henkil\u00f6n etunimen, koko nimen tai koko nimen ja s\u00e4hk\u00f6postiosoitteen<br \/>\nkanssa. Lis\u00e4ksi p\u00e4\u00e4aine liitet\u00e4\u00e4n nimen yhteyteen. Kuvaus antaa kuvan siit\u00e4, kuinka<br \/>\nmonipuolista valmistumisen j\u00e4lkeinen ty\u00f6el\u00e4m\u00e4 on ja auttaa toiminnan profiloinnissa. Jos<br \/>\nhenkil\u00f6 antaa luvan n\u00e4ytt\u00e4\u00e4 kuvauksensa Kutu ry:n nettisivuilla, voivat sivuilla k\u00e4vij\u00e4t saada<br \/>\ntietoa opintojen j\u00e4lkeisen ty\u00f6el\u00e4m\u00e4n mahdollisuuksista. Jos henkil\u00f6 suostumuksellaan antaa<br \/>\ns\u00e4hk\u00f6postiosoitteensa n\u00e4ytett\u00e4v\u00e4ksi Kutu ry:n sivuille kuvan yhteyteen, voivat henkil\u00f6n<br \/>\nurasta kiinnostuneet laittaa h\u00e4nelle lis\u00e4kysymyksi\u00e4.<\/p>\n\n\n\n<p><strong>Rekisterin tietosis\u00e4lt\u00f6<\/strong><\/p>\n\n\n\n<p>Kutu ry pit\u00e4\u00e4 yll\u00e4 kahta erillist\u00e4 rekisteri\u00e4, joista toinen on j\u00e4senrekisteri ja toinen<br \/>\nalumnirekisteri.<br \/>\nJ\u00e4senrekisteri sis\u00e4lt\u00e4\u00e4 tiedot j\u00e4senist\u00e4 ja kannatusj\u00e4senist\u00e4. Rekisteri sis\u00e4lt\u00e4\u00e4 j\u00e4senten ja<br \/>\nkannatusj\u00e4senten etu- ja sukunimen, kotipaikkakunnan, j\u00e4sennyyden luonteen (vuoden ajan<br \/>\ntai koko opiskeluajan kest\u00e4v\u00e4 j\u00e4sennyys tai kannatusj\u00e4sennyys) sek\u00e4 s\u00e4hk\u00f6postiosoitteen.<br \/>\nTiedot poistetaan rekisterist\u00e4, kun j\u00e4sennyys umpeutuu.<br \/>\nAlumnirekisteri sis\u00e4lt\u00e4\u00e4 alumniksi ilmoittautuneiden etunimen, sukunimen ja<br \/>\ns\u00e4hk\u00f6postiosoitteen sek\u00e4 tiedon p\u00e4\u00e4aineesta ja valmistumisvuodesta.<br \/>\nLis\u00e4ksi alumnirekisteri saattaa sis\u00e4lt\u00e4\u00e4 henkil\u00f6n oman kuvauksen opinnoistaan ja ty\u00f6urastaan.<br \/>\nT\u00e4m\u00e4 kuvaus voi olla henkil\u00f6n omasta suostumuksesta n\u00e4kyvill\u00e4 Kutu ry:n nettisivuilla<br \/>\nalumnitoimintaa k\u00e4sittelev\u00e4ss\u00e4 osiossa yhdess\u00e4 alumnin etunimen, kokonimen tai kokonimen<br \/>\nja s\u00e4hk\u00f6postiosoitteen kanssa. Henkil\u00f6 voi my\u00f6s valita, ett\u00e4 h\u00e4nest\u00e4 on kuvaus n\u00e4kyvill\u00e4<br \/>\npelk\u00e4st\u00e4\u00e4n Kutun hallituksen tiedoissa, jolloin h\u00e4nen tietojaan ei n\u00e4y Kutun nettisivuilla.<\/p>\n\n\n\n<p><strong>S\u00e4\u00e4nn\u00f6nmukaiset tietol\u00e4hteet<\/strong><\/p>\n\n\n\n<p>J\u00e4senrekisteri sis\u00e4lt\u00e4\u00e4 henkil\u00f6iden itse antamiaan tietoja itsest\u00e4\u00e4n sek\u00e4 tiedon j\u00e4senmaksusta,<br \/>\njoka vaikuttaa j\u00e4sennyyden luonteeseen.<br \/>\nAlumnirekisteri sis\u00e4lt\u00e4\u00e4 henkil\u00f6iden itse antamiaan tietoja itsest\u00e4\u00e4n.<br \/>\nTietojen s\u00e4\u00e4nn\u00f6nmukaiset luovutukset ja tietojen siirto EU:n tai ETA:n ulkopuolelle<br \/>\nTietoja ei luovuteta rekisterinpit\u00e4jilt\u00e4 ulkopuolisille yrityksille tai yhdistyksille.<\/p>\n\n\n\n<p><strong>Rekisterin suojauksen periaatteet<\/strong><\/p>\n\n\n\n<p>Rekisteritiedot ker\u00e4t\u00e4\u00e4n tiedostoihin, jonne on vain hallituksen j\u00e4senill\u00e4 p\u00e4\u00e4sy. Tiedostoihin<br \/>\np\u00e4\u00e4sy edellytt\u00e4\u00e4 kirjauttamista, jonka salasana on vain hallituslaisilla tiedossa.<br \/>\nS\u00e4hk\u00f6postilistat ovat my\u00f6s salasanasuojattuja.<br \/>\nMik\u00e4li henkil\u00f6 on rekister\u00f6itynyt Kutu ry:n alumniksi ja antanut suostumuksensa siihen, ett\u00e4<br \/>\nh\u00e4nen itse valitsemansa tiedot n\u00e4ytet\u00e4\u00e4n Kutu ry:n nettisivuilla, ovat kaikki kyseiset henkil\u00f6n<br \/>\nantamat tiedot kaikkien n\u00e4ht\u00e4viss\u00e4.<\/p>\n\n\n\n<p><strong>Rekister\u00f6ityjen oikeudet <\/strong><\/p>\n\n\n\n<p>Rekister\u00f6idyill\u00e4 on oikeus pyyt\u00e4\u00e4 ja saada rekisterinpit\u00e4j\u00e4lt\u00e4 p\u00e4\u00e4sy omiin rekisteritietoihinsa<br \/>\nsek\u00e4 oikeus pyyt\u00e4\u00e4 tietojen korjaamista, oikaisemista ja poistamista. Lis\u00e4ksi rekister\u00f6idyll\u00e4 on<br \/>\noikeus pyyt\u00e4\u00e4 tietojensa n\u00e4kyvyyden rajoittamista, jos h\u00e4n on aikaisemmin hyv\u00e4ksynyt<br \/>\ntietojaan n\u00e4kyviksi Kutu ry:n nettisivuilla. Rekister\u00f6idyll\u00e4 on oikeus peruttaa suostumuksensa<br \/>\ntietojensa s\u00e4ilytt\u00e4miseen. Pyynn\u00f6t tulee l\u00e4hett\u00e4\u00e4 kirjallisena rekisterinpit\u00e4j\u00e4lle.<\/p>\n\n\n\n<p>Laatimisp\u00e4iv\u00e4m\u00e4\u00e4r\u00e4 26.5.2018<\/p>\n\n\n\n<p>Yhteystiedot p\u00e4ivitetty 9.12.2024<\/p>\n\n\n\n<p><\/p>\n","protected":false},"excerpt":{"rendered":"<p>Rekisterinpit\u00e4j\u00e4 Turun yliopiston etnologian, folkloristiikan ja uskontotieteen opiskelijain yhdistys Kutu ry Historian, kulttuurin ja taiteiden tutkimuksen laitos Arcanum, 20014 Turun yliopisto kutu@utu.fi Henkil\u00f6tiedonk\u00e4sittelij\u00e4n yhteystiedot Turun yliopiston etnologian, folkloristiikan ja uskontotieteen opiskelijain yhdistys Kutu ry Historian, kulttuurin ja taiteiden tutkimuksen laitos Arcanum, 20014 Turun yliopisto kutu@utu.fi Henkil\u00f6tietojen k\u00e4sittelyn peruste ja tarkoitus Henkil\u00f6t, joiden tietoja voidaan k\u00e4sitell\u00e4, &hellip; <a href=\"https:\/\/tyyala.utu.fi\/kutu\/alumnit\/henkilostorekisteriseloste\/\" class=\"more-link\">Jatka artikkeliin <span class=\"screen-reader-text\">Henkil\u00f6st\u00f6rekisteriseloste<\/span><\/a><\/p>\n","protected":false},"author":1520,"featured_media":0,"parent":1478,"menu_order":0,"comment_status":"closed","ping_status":"closed","template":"","meta":{"footnotes":""},"class_list":["post-1655","page","type-page","status-publish","hentry"],"_links":{"self":[{"href":"https:\/\/tyyala.utu.fi\/kutu\/wp-json\/wp\/v2\/pages\/1655","targetHints":{"allow":["GET"]}}],"collection":[{"href":"https:\/\/tyyala.utu.fi\/kutu\/wp-json\/wp\/v2\/pages"}],"about":[{"href":"https:\/\/tyyala.utu.fi\/kutu\/wp-json\/wp\/v2\/types\/page"}],"author":[{"embeddable":true,"href":"https:\/\/tyyala.utu.fi\/kutu\/wp-json\/wp\/v2\/users\/1520"}],"replies":[{"embeddable":true,"href":"https:\/\/tyyala.utu.fi\/kutu\/wp-json\/wp\/v2\/comments?post=1655"}],"version-history":[{"count":5,"href":"https:\/\/tyyala.utu.fi\/kutu\/wp-json\/wp\/v2\/pages\/1655\/revisions"}],"predecessor-version":[{"id":2468,"href":"https:\/\/tyyala.utu.fi\/kutu\/wp-json\/wp\/v2\/pages\/1655\/revisions\/2468"}],"up":[{"embeddable":true,"href":"https:\/\/tyyala.utu.fi\/kutu\/wp-json\/wp\/v2\/pages\/1478"}],"wp:attachment":[{"href":"https:\/\/tyyala.utu.fi\/kutu\/wp-json\/wp\/v2\/media?parent=1655"}],"curies":[{"name":"wp","href":"https:\/\/api.w.org\/{rel}","templated":true}]}}