{"id":1478,"date":"2018-09-14T10:48:22","date_gmt":"2018-09-14T10:48:22","guid":{"rendered":"http:\/\/tyyala.utu.fi\/kutu\/?page_id=1478"},"modified":"2024-09-27T12:36:54","modified_gmt":"2024-09-27T12:36:54","slug":"alumnit","status":"publish","type":"page","link":"https:\/\/tyyala.utu.fi\/kutu\/alumnit\/","title":{"rendered":"Alumnit"},"content":{"rendered":"\n<h4 class=\"wp-block-heading\"><strong>Alumnitoiminnasta<\/strong><\/h4>\n\n\n\n<p>Sana \u201dalumni\u201d tarkoittaa jossain oppilaitoksessa aiemmin opiskellutta henkil\u00f6\u00e4, ja \u201dalumnitoiminta\u201d tarkoittaa n\u00e4iden kyseisten henkil\u00f6iden toimintaa yhdess\u00e4 heid\u00e4n vanhan oppilaitoksensa ja sen nykyisten opiskelijoiden kanssa.<\/p>\n\n\n\n<p>Kutun alumnitoiminta on suunnattu kaikille Turun yliopistossa opiskelleille folkloristiikan, etnologian tai uskontotieteen oppiaineesta valmistuneille tai valmistumassa oleville henkil\u00f6ille. Alumnitoimintaan voivat siis osallistua jo kaikki, jotka kokevat olevansa oppiaineessa ns. \u201dvanhoja opiskelijoita\u201d.<\/p>\n\n\n\n<p>Kutun alumnitoiminta on l\u00e4htenyt muotoutumaan vuonna 2018. Alumnitoiminta sis\u00e4lt\u00e4\u00e4 alumnien yhteist\u00e4 toimintaa opiskelijoiden kanssa. Alumneja kutsutaan vuoden aikana erilaisiin tapahtumiin, joissa he voivat tutustua ja viett\u00e4\u00e4 aikaa yhdess\u00e4 muiden alumnien ja opiskelijoiden \u2013 sek\u00e4 joissakin tilaisuuksissa henkil\u00f6kunnan \u2013 kanssa. Lis\u00e4ksi alumnitoiminnassa pyrit\u00e4\u00e4n j\u00e4rjest\u00e4m\u00e4\u00e4n tilaisuuksia, joissa alumnit tulevat kertomaan itsest\u00e4\u00e4n ja urastaan valmistumisen j\u00e4lkeen sek\u00e4 antavat opiskelijoille vinkkej\u00e4 opiskeluun ja ty\u00f6el\u00e4m\u00e4\u00e4n. Tilaisuuksien tarkoituksena on lis\u00e4t\u00e4 opiskelijoiden tietoisuutta alojen ty\u00f6el\u00e4m\u00e4mahdollisuuksista.<\/p>\n\n\n\n<p>Alumnit voivat halutessaan liitty\u00e4 my\u00f6s Kutu ry:n kannatusj\u00e4seniksi. Kutun kannatusj\u00e4senin\u00e4 alumnit p\u00e4\u00e4sev\u00e4t l\u00e4hemm\u00e4ksi Kutun toimintaa ja saavat samoja tietoja Kutun toiminnasta ja tapahtumista kuin tavalliset opiskelijaj\u00e4senet.<\/p>\n\n\n\n<p><strong>HUOM!<\/strong> Kutun alumnitoiminta on eri asia kuin Turun yliopiston alumnitoiminta!<\/p>\n\n\n\n<p>Kutun alumnitoiminta on vain yksi osa-alue osana Turun yliopiston alumnitoimintaa. Turun yliopiston alumnitoiminta on laaja-alaisempaa ja sis\u00e4lt\u00e4\u00e4 erilaisia etuuksia. Voit lukea tarkemmin Turun yliopiston alumnitoimintaan liittyvist\u00e4 etuuksista t\u00e4\u00e4lt\u00e4:<\/p>\n\n\n\n<p><a href=\"https:\/\/www.utu.fi\/fi\/yliopisto\/alumneille\">https:\/\/www.utu.fi\/fi\/yliopisto\/alumneille<\/a><\/p>\n\n\n\n<h4 class=\"wp-block-heading\"><strong>Alumniksi<\/strong><\/h4>\n\n\n\n<p>Voit liitty\u00e4 Kutun alumniksi mik\u00e4li olet valmistunut tai valmistumassa Turun yliopistossa folkloristiikan, etnologian tai uskontotieteen oppiaineesta. Tervetulleita Kutun alumnitoimintaan mukaan ovat siis \u201dvanhoiksi opiskelijoiksi\u201d itsens\u00e4 kokevat ja oppiaineista valmistuneet.<\/p>\n\n\n\n<p>Kutun alumnitoimintaan p\u00e4\u00e4see mukaan alumnitoimikunnan kautta. Voit olla yhteydess\u00e4 Kutun alumnivastaavaan Venla Katajaan (vhkata@utu.fi).<\/p>\n\n\n\n<p>Kutun alumneilla on my\u00f6s mahdollisuus liitty\u00e4 Kutun kannatusj\u00e4seneksi. &nbsp;Jos p\u00e4\u00e4t\u00e4t ryhty\u00e4 kannatusj\u00e4seneksi, p\u00e4\u00e4set osallistumaan kaikkeen Kutu ry:n j\u00e4rjest\u00e4m\u00e4\u00e4n toimintaan.<\/p>\n\n\n\n<p>Kannatusj\u00e4seneksi voit liitty\u00e4 maksamalla 55 euroa (55\u20ac) Kutu ry:n tilille FI53 4309 0010 3877 85 tai mobilepaylla numeroon 13655.<\/p>\n\n\n\n<p>Kirjoita viestikentt\u00e4\u00e4n maksun yhteydess\u00e4<\/p>\n\n\n\n<p>1) nimesi<\/p>\n\n\n\n<p>2) kotipaikkakuntasi<\/p>\n\n\n\n<p>3) p\u00e4\u00e4aineesi<\/p>\n\n\n\n<p>4) s\u00e4hk\u00f6postiosoitteesi<\/p>\n\n\n\n<p>L\u00e4het\u00e4 s\u00e4hk\u00f6posti liittymisest\u00e4si Kutun hallitukselle ja liit\u00e4 mukaan samat tiedot kuin maksun yhteydess\u00e4 osoitteeseen <em>kutu@utu.fi<\/em><\/p>\n\n\n\n<hr class=\"wp-block-separator has-alpha-channel-opacity\" \/>\n","protected":false},"excerpt":{"rendered":"<p>Alumnitoiminnasta Sana \u201dalumni\u201d tarkoittaa jossain oppilaitoksessa aiemmin opiskellutta henkil\u00f6\u00e4, ja \u201dalumnitoiminta\u201d tarkoittaa n\u00e4iden kyseisten henkil\u00f6iden toimintaa yhdess\u00e4 heid\u00e4n vanhan oppilaitoksensa ja sen nykyisten opiskelijoiden kanssa. Kutun alumnitoiminta on suunnattu kaikille Turun yliopistossa opiskelleille folkloristiikan, etnologian tai uskontotieteen oppiaineesta valmistuneille tai valmistumassa oleville henkil\u00f6ille. Alumnitoimintaan voivat siis osallistua jo kaikki, jotka kokevat olevansa oppiaineessa ns. \u201dvanhoja &hellip; <a href=\"https:\/\/tyyala.utu.fi\/kutu\/alumnit\/\" class=\"more-link\">Jatka artikkeliin <span class=\"screen-reader-text\">Alumnit<\/span><\/a><\/p>\n","protected":false},"author":1520,"featured_media":0,"parent":0,"menu_order":0,"comment_status":"closed","ping_status":"closed","template":"","meta":{"footnotes":""},"class_list":["post-1478","page","type-page","status-publish","hentry"],"_links":{"self":[{"href":"https:\/\/tyyala.utu.fi\/kutu\/wp-json\/wp\/v2\/pages\/1478","targetHints":{"allow":["GET"]}}],"collection":[{"href":"https:\/\/tyyala.utu.fi\/kutu\/wp-json\/wp\/v2\/pages"}],"about":[{"href":"https:\/\/tyyala.utu.fi\/kutu\/wp-json\/wp\/v2\/types\/page"}],"author":[{"embeddable":true,"href":"https:\/\/tyyala.utu.fi\/kutu\/wp-json\/wp\/v2\/users\/1520"}],"replies":[{"embeddable":true,"href":"https:\/\/tyyala.utu.fi\/kutu\/wp-json\/wp\/v2\/comments?post=1478"}],"version-history":[{"count":12,"href":"https:\/\/tyyala.utu.fi\/kutu\/wp-json\/wp\/v2\/pages\/1478\/revisions"}],"predecessor-version":[{"id":2432,"href":"https:\/\/tyyala.utu.fi\/kutu\/wp-json\/wp\/v2\/pages\/1478\/revisions\/2432"}],"wp:attachment":[{"href":"https:\/\/tyyala.utu.fi\/kutu\/wp-json\/wp\/v2\/media?parent=1478"}],"curies":[{"name":"wp","href":"https:\/\/api.w.org\/{rel}","templated":true}]}}