{"id":137,"date":"2016-03-22T15:13:20","date_gmt":"2016-03-22T15:13:20","guid":{"rendered":"http:\/\/tyyala.utu.fi\/seita\/?page_id=137"},"modified":"2026-04-28T13:30:46","modified_gmt":"2026-04-28T13:30:46","slug":"linkit","status":"publish","type":"page","link":"https:\/\/tyyala.utu.fi\/kutu\/muu-toiminta\/linkit\/","title":{"rendered":"Linkit"},"content":{"rendered":"<p><strong>Linkit oppiaineiden sivuille<\/strong><\/p>\n<p><a href=\"https:\/\/www.utu.fi\/fi\/yliopisto\/humanistinen-tiedekunta\/folkloristiikka\" target=\"_blank\" rel=\"noopener noreferrer\">Folkloristiikka \u2013 Turun yliopisto<\/a><\/p>\n<p><a href=\"https:\/\/www.utu.fi\/fi\/yliopisto\/humanistinen-tiedekunta\/etnologia\" target=\"_blank\" rel=\"noopener noreferrer\">Etnologia \u2013 Turun yliopisto<\/a><\/p>\n<p><a href=\"https:\/\/www.utu.fi\/fi\/yliopisto\/humanistinen-tiedekunta\/uskontotiede\" target=\"_blank\" rel=\"noopener noreferrer\">Uskontotiede \u2013 Turun yliopisto<\/a><\/p>\n<p><a href=\"https:\/\/www.utu.fi\/fi\/opiskelijaksi\">Hae opiskelijaksi Turun yliopistoon<\/a><\/p>\n<hr \/>\n<p><strong>Linkit kattoj\u00e4rjest\u00f6jen sivuille<\/strong><\/p>\n<p><a href=\"http:\/\/humanitas.fi\" target=\"_blank\" rel=\"noopener noreferrer\">Humanitas ry <\/a><\/p>\n<p><a href=\"https:\/\/www.facebook.com\/kulory\/\" target=\"_blank\" rel=\"noopener noreferrer\">Kulo ry<\/a><\/p>\n<p><a href=\"https:\/\/tyyala.utu.fi\/isha\/\">ISHA Turku-\u00c5bo<\/a><\/p>\n<hr \/>\n<p><strong>Muita hy\u00f6dyllisi\u00e4 linkkej\u00e4<\/strong><\/p>\n<p><a href=\"https:\/\/www.donnerinstitute.fi\/fi\/\" target=\"_blank\" rel=\"noopener noreferrer\">Donner-instituutin kirjasto<\/a><\/p>\n<p><a href=\"http:\/\/www.ethnosry.org\" target=\"_blank\" rel=\"noopener noreferrer\">Ethnos ry \u2013 Suomen kansatieteilij\u00f6iden yhdistys<\/a><\/p>\n<p><a href=\"http:\/\/www.antropologinenseura.fi\" target=\"_blank\" rel=\"noopener noreferrer\">Suomen Antropologinen Seura<\/a><\/p>\n<p><a href=\"http:\/\/uskontotiede.fi\" target=\"_blank\" rel=\"noopener noreferrer\">Suomen Uskontotieteellinen Seura<\/a><\/p>\n<hr \/>\n<p><strong>Linkkej\u00e4 yhteisty\u00f6j\u00e4rjest\u00f6jen sivuille<\/strong><\/p>\n<p><a href=\"https:\/\/kultury.webnode.fi\" target=\"_blank\" rel=\"noopener noreferrer\">Kultu ry<\/a><\/p>\n<p><a href=\"http:\/\/mythos-ry.blogspot.fi\" target=\"_blank\" rel=\"noopener noreferrer\">Mythos ry<\/a><\/p>\n<p><a href=\"http:\/\/blogs.helsinki.fi\/nefa-helsinki\/\" target=\"_blank\" rel=\"noopener noreferrer\">NEFA-Helsinki ry<\/a><\/p>\n<p><a href=\"http:\/\/www.nefajoensuu.net\" target=\"_blank\" rel=\"noopener noreferrer\">NEFA-Joensuu ry<\/a><\/p>\n<p><a href=\"https:\/\/sites.google.com\/view\/nefa-jkl\" target=\"_blank\" rel=\"noopener noreferrer\">NEFA-Jyv\u00e4skyl\u00e4 ry<\/a><\/p>\n<p><a href=\"https:\/\/www.facebook.com\/nefatartu\" target=\"_blank\" rel=\"noopener noreferrer\">NEFA-Tart\u00fc<\/a><\/p>\n<hr \/>\n","protected":false},"excerpt":{"rendered":"<p>Linkit oppiaineiden sivuille Folkloristiikka \u2013 Turun yliopisto Etnologia \u2013 Turun yliopisto Uskontotiede \u2013 Turun yliopisto Hae opiskelijaksi Turun yliopistoon Linkit kattoj\u00e4rjest\u00f6jen sivuille Humanitas ry Kulo ry ISHA Turku-\u00c5bo Muita hy\u00f6dyllisi\u00e4 linkkej\u00e4 Donner-instituutin kirjasto Ethnos ry \u2013 Suomen kansatieteilij\u00f6iden yhdistys Suomen Antropologinen Seura Suomen Uskontotieteellinen Seura Linkkej\u00e4 yhteisty\u00f6j\u00e4rjest\u00f6jen sivuille Kultu ry Mythos ry NEFA-Helsinki ry NEFA-Joensuu &hellip; <a href=\"https:\/\/tyyala.utu.fi\/kutu\/muu-toiminta\/linkit\/\" class=\"more-link\">Jatka artikkeliin <span class=\"screen-reader-text\">Linkit<\/span><\/a><\/p>\n","protected":false},"author":92,"featured_media":0,"parent":569,"menu_order":0,"comment_status":"closed","ping_status":"closed","template":"","meta":{"footnotes":""},"class_list":["post-137","page","type-page","status-publish","hentry"],"_links":{"self":[{"href":"https:\/\/tyyala.utu.fi\/kutu\/wp-json\/wp\/v2\/pages\/137","targetHints":{"allow":["GET"]}}],"collection":[{"href":"https:\/\/tyyala.utu.fi\/kutu\/wp-json\/wp\/v2\/pages"}],"about":[{"href":"https:\/\/tyyala.utu.fi\/kutu\/wp-json\/wp\/v2\/types\/page"}],"author":[{"embeddable":true,"href":"https:\/\/tyyala.utu.fi\/kutu\/wp-json\/wp\/v2\/users\/92"}],"replies":[{"embeddable":true,"href":"https:\/\/tyyala.utu.fi\/kutu\/wp-json\/wp\/v2\/comments?post=137"}],"version-history":[{"count":22,"href":"https:\/\/tyyala.utu.fi\/kutu\/wp-json\/wp\/v2\/pages\/137\/revisions"}],"predecessor-version":[{"id":2606,"href":"https:\/\/tyyala.utu.fi\/kutu\/wp-json\/wp\/v2\/pages\/137\/revisions\/2606"}],"up":[{"embeddable":true,"href":"https:\/\/tyyala.utu.fi\/kutu\/wp-json\/wp\/v2\/pages\/569"}],"wp:attachment":[{"href":"https:\/\/tyyala.utu.fi\/kutu\/wp-json\/wp\/v2\/media?parent=137"}],"curies":[{"name":"wp","href":"https:\/\/api.w.org\/{rel}","templated":true}]}}