{"id":96,"date":"2014-02-13T23:58:14","date_gmt":"2014-02-13T21:58:14","guid":{"rendered":"http:\/\/tyyala.utu.fi\/kanta\/?page_id=96"},"modified":"2025-11-11T13:42:08","modified_gmt":"2025-11-11T11:42:08","slug":"tenttiarkisto","status":"publish","type":"page","link":"https:\/\/tyyala.utu.fi\/kanta\/tenttiarkisto\/","title":{"rendered":"Tenttiarkisto"},"content":{"rendered":"\n<p>Tenttiarkistosta l\u00f6yd\u00e4t vanhoja tenttikysymyksi\u00e4. Kannan tenttiarkisto perustuu talkoohenkeen: jos koet hy\u00f6tyv\u00e4si siit\u00e4, ett\u00e4 l\u00f6yd\u00e4t arkistosta apua tentteihin valmistautumiseen, muista l\u00e4hett\u00e4\u00e4 my\u00f6s omat tenttisi arkistoitavaksi! Arkistoinnin voit hoitaa l\u00e4hett\u00e4m\u00e4ll\u00e4 tentin hallitukselle <strong>(kanta \u00e4t lists.utu.fi)<\/strong>.<\/p>\n\n\n\n<p>Kun l\u00e4het\u00e4t tentin arkistoitavaksi, ole hyv\u00e4 ja kirjoita viestiisi seuraavat tiedot:<\/p>\n\n\n\n<p>1) Mik\u00e4 oppiaine ja mik\u00e4 kurssi? (Huom! Joissakin aineissa voi olla samannimisi\u00e4 kursseja sek\u00e4 perus- ett\u00e4 aineopinnoissa, joten kirjoitathan my\u00f6s sen, mihin opintokokonaisuuteen kurssi kuuluu!)<br \/>2) Tentin p\u00e4iv\u00e4m\u00e4\u00e4r\u00e4 ja tentaattorin nimi.<br \/>3) Tentin kysymykset mahdollisimman tarkasti.<\/p>\n\n\n\n<p>Huomioithan, ett\u00e4 vaikkei tenttim\u00e4\u00e4si ainetta olisi viel\u00e4 arkistossa, voit toki l\u00e4hett\u00e4\u00e4 tentin t\u00e4nne. Lis\u00e4\u00e4mme uusia aineita ja kursseja tarpeen mukaan.<\/p>\n\n\n\n<p>Kanta kiitt\u00e4\u00e4!<\/p>\n\n\n\n<ul class=\"wp-block-list\">\n<li><a title=\"Suomen kielen perusopinnot\" href=\"https:\/\/tyyala.utu.fi\/kanta\/?page_id=100\">Suomen kielen ja suomalais-ugrilaisen kielentutkimuksen perusopinnot<\/a><\/li>\n\n\n\n<li><a title=\"Suomen kielen aineopinnot: pakolliset kurssit\" href=\"https:\/\/tyyala.utu.fi\/kanta\/?page_id=107\">Suomen kielen aineopinnot: pakolliset kurssit<\/a><\/li>\n\n\n\n<li><a title=\"Suomen kielen aineopinnot: valinnaiset kurssit ja kirjatentit\" href=\"https:\/\/tyyala.utu.fi\/kanta\/?page_id=114\">Suomen kielen aineopinnot: valinnaiset kurssit ja kirjatentit<\/a><\/li>\n\n\n\n<li><a title=\"Aineenopettajien pedagogiset opinnot\" href=\"https:\/\/tyyala.utu.fi\/kanta\/?page_id=125\">Aineenopettajan pedagogiset opinnot<\/a><\/li>\n\n\n\n<li><a title=\"Kasvatustiede\" href=\"https:\/\/tyyala.utu.fi\/kanta\/?page_id=127\">Kasvatustiede<\/a><\/li>\n\n\n\n<li><a href=\"https:\/\/tyyala.utu.fi\/kanta\/2021\/01\/kirjallisuustiede\/\">Kirjallisuustiede<\/a><\/li>\n<\/ul>\n\n\n\n<p>Kanta julkaisee vuonna 2025 kokeiluna halukkaiden opiskelijoiden muistiinpanoja, joita voi k\u00e4ytt\u00e4\u00e4 apuna tenttiin valmistautumisessa. <\/p>\n\n\n\n<ul class=\"wp-block-list\">\n<li><a href=\"https:\/\/tyyala.utu.fi\/kanta\/?page_id=2016\" data-type=\"page\" data-id=\"2016\">Lauseopin kurssi<\/a><\/li>\n\n\n\n<li><a href=\"https:\/\/tyyala.utu.fi\/kanta\/?page_id=2038\" data-type=\"page\" data-id=\"2038\">Suomen kielen vaihtelu<\/a><\/li>\n\n\n\n<li><a href=\"https:\/\/tyyala.utu.fi\/kanta\/?page_id=2050\" data-type=\"page\" data-id=\"2050\">Suomen kielen kehitys<\/a><\/li>\n<\/ul>\n\n\n\n<p><\/p>\n","protected":false},"excerpt":{"rendered":"<p>Tenttiarkistosta l\u00f6yd\u00e4t vanhoja tenttikysymyksi\u00e4. Kannan tenttiarkisto perustuu talkoohenkeen: jos koet hy\u00f6tyv\u00e4si siit\u00e4, ett\u00e4 l\u00f6yd\u00e4t arkistosta apua tentteihin valmistautumiseen, muista l\u00e4hett\u00e4\u00e4 my\u00f6s omat tenttisi arkistoitavaksi! Arkistoinnin voit hoitaa l\u00e4hett\u00e4m\u00e4ll\u00e4 tentin hallitukselle (kanta \u00e4t lists.utu.fi). Kun l\u00e4het\u00e4t tentin arkistoitavaksi, ole hyv\u00e4 ja kirjoita viestiisi seuraavat tiedot: 1) Mik\u00e4 oppiaine ja mik\u00e4 kurssi? (Huom! Joissakin aineissa voi olla &hellip; <a href=\"https:\/\/tyyala.utu.fi\/kanta\/tenttiarkisto\/\" class=\"more-link\">Jatka artikkeliin <span class=\"screen-reader-text\">Tenttiarkisto<\/span><\/a><\/p>\n","protected":false},"author":241,"featured_media":0,"parent":0,"menu_order":0,"comment_status":"open","ping_status":"closed","template":"","meta":{"footnotes":""},"class_list":["post-96","page","type-page","status-publish","hentry"],"_links":{"self":[{"href":"https:\/\/tyyala.utu.fi\/kanta\/wp-json\/wp\/v2\/pages\/96","targetHints":{"allow":["GET"]}}],"collection":[{"href":"https:\/\/tyyala.utu.fi\/kanta\/wp-json\/wp\/v2\/pages"}],"about":[{"href":"https:\/\/tyyala.utu.fi\/kanta\/wp-json\/wp\/v2\/types\/page"}],"author":[{"embeddable":true,"href":"https:\/\/tyyala.utu.fi\/kanta\/wp-json\/wp\/v2\/users\/241"}],"replies":[{"embeddable":true,"href":"https:\/\/tyyala.utu.fi\/kanta\/wp-json\/wp\/v2\/comments?post=96"}],"version-history":[{"count":23,"href":"https:\/\/tyyala.utu.fi\/kanta\/wp-json\/wp\/v2\/pages\/96\/revisions"}],"predecessor-version":[{"id":2051,"href":"https:\/\/tyyala.utu.fi\/kanta\/wp-json\/wp\/v2\/pages\/96\/revisions\/2051"}],"wp:attachment":[{"href":"https:\/\/tyyala.utu.fi\/kanta\/wp-json\/wp\/v2\/media?parent=96"}],"curies":[{"name":"wp","href":"https:\/\/api.w.org\/{rel}","templated":true}]}}