{"id":954,"date":"2020-01-07T16:29:13","date_gmt":"2020-01-07T14:29:13","guid":{"rendered":"http:\/\/tyyala.utu.fi\/kanta\/?page_id=954"},"modified":"2020-02-01T14:31:24","modified_gmt":"2020-02-01T12:31:24","slug":"kannan-kirjasto","status":"publish","type":"page","link":"https:\/\/tyyala.utu.fi\/kanta\/kannan-kirjasto\/","title":{"rendered":"Kannan kirjasto"},"content":{"rendered":"\n<p>Kannalla on toimistolla kirjasto, josta j\u00e4senist\u00f6 voi lainata teoksia luettavaksi. Kirjoja voi noutaa toimistolta esimerkiksi p\u00e4ivystysten aikaan. Kirjalistaa p\u00e4\u00e4set katsomaan  kohdasta <a href=\"https:\/\/tyyala.utu.fi\/kanta\/kirjaston-kirjalista\/\">Kirjaston kirjalista<\/a>.<\/p>\n\n\n\n<div class=\"wp-block-image\"><figure class=\"aligncenter is-resized\"><img loading=\"lazy\" decoding=\"async\" src=\"https:\/\/tyyala.utu.fi\/kanta\/wp-content\/uploads\/sites\/52\/2020\/01\/Kannan-kirjasto-768x1024.jpeg\" alt=\"\" class=\"wp-image-978\" width=\"434\" height=\"579\" srcset=\"https:\/\/tyyala.utu.fi\/kanta\/wp-content\/uploads\/sites\/52\/2020\/01\/Kannan-kirjasto-768x1024.jpeg 768w, https:\/\/tyyala.utu.fi\/kanta\/wp-content\/uploads\/sites\/52\/2020\/01\/Kannan-kirjasto-225x300.jpeg 225w\" sizes=\"auto, (max-width: 434px) 100vw, 434px\" \/><\/figure><\/div>\n","protected":false},"excerpt":{"rendered":"<p>Kannalla on toimistolla kirjasto, josta j\u00e4senist\u00f6 voi lainata teoksia luettavaksi. Kirjoja voi noutaa toimistolta esimerkiksi p\u00e4ivystysten aikaan. Kirjalistaa p\u00e4\u00e4set katsomaan kohdasta Kirjaston kirjalista.<\/p>\n","protected":false},"author":241,"featured_media":0,"parent":0,"menu_order":0,"comment_status":"closed","ping_status":"closed","template":"","meta":{"footnotes":""},"class_list":["post-954","page","type-page","status-publish","hentry"],"_links":{"self":[{"href":"https:\/\/tyyala.utu.fi\/kanta\/wp-json\/wp\/v2\/pages\/954","targetHints":{"allow":["GET"]}}],"collection":[{"href":"https:\/\/tyyala.utu.fi\/kanta\/wp-json\/wp\/v2\/pages"}],"about":[{"href":"https:\/\/tyyala.utu.fi\/kanta\/wp-json\/wp\/v2\/types\/page"}],"author":[{"embeddable":true,"href":"https:\/\/tyyala.utu.fi\/kanta\/wp-json\/wp\/v2\/users\/241"}],"replies":[{"embeddable":true,"href":"https:\/\/tyyala.utu.fi\/kanta\/wp-json\/wp\/v2\/comments?post=954"}],"version-history":[{"count":5,"href":"https:\/\/tyyala.utu.fi\/kanta\/wp-json\/wp\/v2\/pages\/954\/revisions"}],"predecessor-version":[{"id":1161,"href":"https:\/\/tyyala.utu.fi\/kanta\/wp-json\/wp\/v2\/pages\/954\/revisions\/1161"}],"wp:attachment":[{"href":"https:\/\/tyyala.utu.fi\/kanta\/wp-json\/wp\/v2\/media?parent=954"}],"curies":[{"name":"wp","href":"https:\/\/api.w.org\/{rel}","templated":true}]}}