{"id":76,"date":"2014-01-13T22:12:51","date_gmt":"2014-01-13T20:12:51","guid":{"rendered":"http:\/\/tyyala.utu.fi\/kanta\/?page_id=76"},"modified":"2024-03-06T19:25:54","modified_gmt":"2024-03-06T17:25:54","slug":"kannan-tuotteet","status":"publish","type":"page","link":"https:\/\/tyyala.utu.fi\/kanta\/kannan-tuotteet\/","title":{"rendered":"Kannan tuotteet"},"content":{"rendered":"<p style=\"line-height: 200%;background: white;vertical-align: baseline\"><span style=\"color: #222222\">Kannan tuotteisiin kuuluvat haalarimerkit, kangaskassit sek\u00e4 laulukirjat. N\u00e4iden lis\u00e4ksi Kannalla on oma collegepaita, jota tilataan halukkaille aina syksyisin.<br \/><\/span><\/p>\n<p style=\"line-height: 200%;background: white;vertical-align: baseline\"><span style=\"color: #222222\">Kanta myy haalarimerkkej\u00e4 aina tilaisuuden tullen. Myynniss\u00e4 on sek\u00e4 omia ett\u00e4 muiden suomen kielen opiskelijoiden ainej\u00e4rjest\u00f6jen merkkej\u00e4. Merkit (viitenumero 1012) maksavat j\u00e4senille 3 \u20ac kappaleelta (tai 8 \u20ac kolmen kappaleen paketilta) ja ei-j\u00e4senille 3,5 \u20ac kappaleelta. Kangaskassin (viitenumero 1038) hinta on 6 \u20ac. Se Wsi Weisukiria -laulukirja (viitenumero 1025) taas kustantaa 10 \u20ac. Tilisiirrolla maksettaessa k\u00e4ytet\u00e4\u00e4n viitenumeroita, jotka on merkitty sulkeisiin tuotteen per\u00e4\u00e4n.<\/span><\/p>\n<p style=\"line-height: 200%;background: white;vertical-align: baseline\"><span style=\"color: #222222\">Tuotteita saa varmimmin p\u00e4ivystyksist\u00e4 ja myyj\u00e4isist\u00e4. Muulloin niit\u00e4 voi tiedustella hallitukselta esimerkiksi laittamalla <a href=\"mailto:kanta@lists.utu.fi\">s\u00e4hk\u00f6postia<\/a>. Kanta pystyy my\u00f6s tarvittaessa postittamaan tuotteitaan ymp\u00e4ri Suomea.<\/span><\/p>\n<p>Kannan omat tuotteet ja merkit n\u00e4ytt\u00e4v\u00e4t seuraavanlaisilta:<\/p>\n<p><img loading=\"lazy\" decoding=\"async\" class=\"wp-image-1616 aligncenter\" src=\"https:\/\/tyyala.utu.fi\/kanta\/wp-content\/uploads\/sites\/52\/2022\/10\/Untitled-824x1024.jpeg\" alt=\"\" width=\"383\" height=\"476\" srcset=\"https:\/\/tyyala.utu.fi\/kanta\/wp-content\/uploads\/sites\/52\/2022\/10\/Untitled-824x1024.jpeg 824w, https:\/\/tyyala.utu.fi\/kanta\/wp-content\/uploads\/sites\/52\/2022\/10\/Untitled-241x300.jpeg 241w, https:\/\/tyyala.utu.fi\/kanta\/wp-content\/uploads\/sites\/52\/2022\/10\/Untitled-768x954.jpeg 768w, https:\/\/tyyala.utu.fi\/kanta\/wp-content\/uploads\/sites\/52\/2022\/10\/Untitled.jpeg 1080w\" sizes=\"auto, (max-width: 383px) 100vw, 383px\" \/><\/p>\n<p><img loading=\"lazy\" decoding=\"async\" class=\"size-large wp-image-1630 aligncenter\" src=\"https:\/\/tyyala.utu.fi\/kanta\/wp-content\/uploads\/sites\/52\/2022\/10\/4-1024x577.png\" alt=\"\" width=\"640\" height=\"361\" srcset=\"https:\/\/tyyala.utu.fi\/kanta\/wp-content\/uploads\/sites\/52\/2022\/10\/4-1024x577.png 1024w, https:\/\/tyyala.utu.fi\/kanta\/wp-content\/uploads\/sites\/52\/2022\/10\/4-300x169.png 300w, https:\/\/tyyala.utu.fi\/kanta\/wp-content\/uploads\/sites\/52\/2022\/10\/4-768x433.png 768w, https:\/\/tyyala.utu.fi\/kanta\/wp-content\/uploads\/sites\/52\/2022\/10\/4-1536x865.png 1536w, https:\/\/tyyala.utu.fi\/kanta\/wp-content\/uploads\/sites\/52\/2022\/10\/4.png 1640w\" sizes=\"auto, (max-width: 640px) 100vw, 640px\" \/><\/p>\n<p><img loading=\"lazy\" decoding=\"async\" class=\"wp-image-626 aligncenter\" src=\"https:\/\/tyyala.utu.fi\/kanta\/wp-content\/uploads\/sites\/52\/2019\/01\/IMG_20181210_140049-1024x1024.jpg\" alt=\"\" width=\"362\" height=\"362\" srcset=\"https:\/\/tyyala.utu.fi\/kanta\/wp-content\/uploads\/sites\/52\/2019\/01\/IMG_20181210_140049-1024x1024.jpg 1024w, https:\/\/tyyala.utu.fi\/kanta\/wp-content\/uploads\/sites\/52\/2019\/01\/IMG_20181210_140049-150x150.jpg 150w, https:\/\/tyyala.utu.fi\/kanta\/wp-content\/uploads\/sites\/52\/2019\/01\/IMG_20181210_140049-300x300.jpg 300w, https:\/\/tyyala.utu.fi\/kanta\/wp-content\/uploads\/sites\/52\/2019\/01\/IMG_20181210_140049-768x768.jpg 768w\" sizes=\"auto, (max-width: 362px) 100vw, 362px\" \/><\/p>\n\n\n<div class=\"wp-block-columns is-layout-flex wp-container-core-columns-is-layout-9d6595d7 wp-block-columns-is-layout-flex\">\n<div class=\"wp-block-column is-layout-flow wp-block-column-is-layout-flow\">\n<figure class=\"wp-block-image size-large is-style-default\"><img loading=\"lazy\" decoding=\"async\" width=\"924\" height=\"923\" src=\"https:\/\/tyyala.utu.fi\/kanta\/wp-content\/uploads\/sites\/52\/2022\/10\/1-1-edited.png\" alt=\"\" class=\"wp-image-1644\" srcset=\"https:\/\/tyyala.utu.fi\/kanta\/wp-content\/uploads\/sites\/52\/2022\/10\/1-1-edited.png 924w, https:\/\/tyyala.utu.fi\/kanta\/wp-content\/uploads\/sites\/52\/2022\/10\/1-1-edited-300x300.png 300w, https:\/\/tyyala.utu.fi\/kanta\/wp-content\/uploads\/sites\/52\/2022\/10\/1-1-edited-150x150.png 150w, https:\/\/tyyala.utu.fi\/kanta\/wp-content\/uploads\/sites\/52\/2022\/10\/1-1-edited-768x767.png 768w\" sizes=\"auto, (max-width: 924px) 100vw, 924px\" \/><\/figure>\n<\/div>\n\n\n\n<div class=\"wp-block-column is-layout-flow wp-block-column-is-layout-flow\">\n<figure class=\"wp-block-image size-full is-resized is-style-default\"><img loading=\"lazy\" decoding=\"async\" width=\"1000\" height=\"830\" src=\"https:\/\/tyyala.utu.fi\/kanta\/wp-content\/uploads\/sites\/52\/2022\/10\/2-1.png\" alt=\"\" class=\"wp-image-1641\" style=\"width:398px;height:330px\" srcset=\"https:\/\/tyyala.utu.fi\/kanta\/wp-content\/uploads\/sites\/52\/2022\/10\/2-1.png 1000w, https:\/\/tyyala.utu.fi\/kanta\/wp-content\/uploads\/sites\/52\/2022\/10\/2-1-300x249.png 300w, https:\/\/tyyala.utu.fi\/kanta\/wp-content\/uploads\/sites\/52\/2022\/10\/2-1-768x637.png 768w\" sizes=\"auto, (max-width: 1000px) 100vw, 1000px\" \/><\/figure>\n<\/div>\n<\/div>\n\n\n\n<div class=\"wp-block-columns is-layout-flex wp-container-core-columns-is-layout-9d6595d7 wp-block-columns-is-layout-flex\">\n<div class=\"wp-block-column is-layout-flow wp-block-column-is-layout-flow\">\n<figure class=\"wp-block-image size-full is-resized is-style-default\"><img loading=\"lazy\" decoding=\"async\" width=\"1000\" height=\"830\" src=\"https:\/\/tyyala.utu.fi\/kanta\/wp-content\/uploads\/sites\/52\/2022\/10\/3-1.png\" alt=\"\" class=\"wp-image-1642\" style=\"width:425px;height:352px\" srcset=\"https:\/\/tyyala.utu.fi\/kanta\/wp-content\/uploads\/sites\/52\/2022\/10\/3-1.png 1000w, https:\/\/tyyala.utu.fi\/kanta\/wp-content\/uploads\/sites\/52\/2022\/10\/3-1-300x249.png 300w, https:\/\/tyyala.utu.fi\/kanta\/wp-content\/uploads\/sites\/52\/2022\/10\/3-1-768x637.png 768w\" sizes=\"auto, (max-width: 1000px) 100vw, 1000px\" \/><\/figure>\n<\/div>\n\n\n\n<div class=\"wp-block-column is-layout-flow wp-block-column-is-layout-flow\">\n<figure class=\"wp-block-image size-full is-resized is-style-default\"><img loading=\"lazy\" decoding=\"async\" width=\"817\" height=\"779\" src=\"https:\/\/tyyala.utu.fi\/kanta\/wp-content\/uploads\/sites\/52\/2022\/10\/1-2.png\" alt=\"\" class=\"wp-image-1637\" style=\"width:372px;height:355px\" srcset=\"https:\/\/tyyala.utu.fi\/kanta\/wp-content\/uploads\/sites\/52\/2022\/10\/1-2.png 817w, https:\/\/tyyala.utu.fi\/kanta\/wp-content\/uploads\/sites\/52\/2022\/10\/1-2-300x286.png 300w, https:\/\/tyyala.utu.fi\/kanta\/wp-content\/uploads\/sites\/52\/2022\/10\/1-2-768x732.png 768w\" sizes=\"auto, (max-width: 817px) 100vw, 817px\" \/><\/figure>\n<\/div>\n<\/div>\n\n\n\n<div class=\"wp-block-columns is-layout-flex wp-container-core-columns-is-layout-9d6595d7 wp-block-columns-is-layout-flex\">\n<div class=\"wp-block-column is-layout-flow wp-block-column-is-layout-flow\">\n<figure class=\"wp-block-image size-full is-resized is-style-default\"><img loading=\"lazy\" decoding=\"async\" width=\"981\" height=\"825\" src=\"https:\/\/tyyala.utu.fi\/kanta\/wp-content\/uploads\/sites\/52\/2022\/10\/2.png\" alt=\"\" class=\"wp-image-1638\" style=\"width:541px;height:453px\" srcset=\"https:\/\/tyyala.utu.fi\/kanta\/wp-content\/uploads\/sites\/52\/2022\/10\/2.png 981w, https:\/\/tyyala.utu.fi\/kanta\/wp-content\/uploads\/sites\/52\/2022\/10\/2-300x252.png 300w, https:\/\/tyyala.utu.fi\/kanta\/wp-content\/uploads\/sites\/52\/2022\/10\/2-768x646.png 768w\" sizes=\"auto, (max-width: 981px) 100vw, 981px\" \/><\/figure>\n<\/div>\n\n\n\n<div class=\"wp-block-column is-layout-flow wp-block-column-is-layout-flow\"><\/div>\n<\/div>\n","protected":false},"excerpt":{"rendered":"<p>Kannan tuotteisiin kuuluvat haalarimerkit, kangaskassit sek\u00e4 laulukirjat. N\u00e4iden lis\u00e4ksi Kannalla on oma collegepaita, jota tilataan halukkaille aina syksyisin. Kanta myy haalarimerkkej\u00e4 aina tilaisuuden tullen. Myynniss\u00e4 on sek\u00e4 omia ett\u00e4 muiden suomen kielen opiskelijoiden ainej\u00e4rjest\u00f6jen merkkej\u00e4. Merkit (viitenumero 1012) maksavat j\u00e4senille 3 \u20ac kappaleelta (tai 8 \u20ac kolmen kappaleen paketilta) ja ei-j\u00e4senille 3,5 \u20ac kappaleelta. Kangaskassin &hellip; <a href=\"https:\/\/tyyala.utu.fi\/kanta\/kannan-tuotteet\/\" class=\"more-link\">Jatka artikkeliin <span class=\"screen-reader-text\">Kannan tuotteet<\/span><\/a><\/p>\n","protected":false},"author":241,"featured_media":0,"parent":0,"menu_order":0,"comment_status":"open","ping_status":"closed","template":"","meta":{"footnotes":""},"class_list":["post-76","page","type-page","status-publish","hentry"],"_links":{"self":[{"href":"https:\/\/tyyala.utu.fi\/kanta\/wp-json\/wp\/v2\/pages\/76","targetHints":{"allow":["GET"]}}],"collection":[{"href":"https:\/\/tyyala.utu.fi\/kanta\/wp-json\/wp\/v2\/pages"}],"about":[{"href":"https:\/\/tyyala.utu.fi\/kanta\/wp-json\/wp\/v2\/types\/page"}],"author":[{"embeddable":true,"href":"https:\/\/tyyala.utu.fi\/kanta\/wp-json\/wp\/v2\/users\/241"}],"replies":[{"embeddable":true,"href":"https:\/\/tyyala.utu.fi\/kanta\/wp-json\/wp\/v2\/comments?post=76"}],"version-history":[{"count":27,"href":"https:\/\/tyyala.utu.fi\/kanta\/wp-json\/wp\/v2\/pages\/76\/revisions"}],"predecessor-version":[{"id":1944,"href":"https:\/\/tyyala.utu.fi\/kanta\/wp-json\/wp\/v2\/pages\/76\/revisions\/1944"}],"wp:attachment":[{"href":"https:\/\/tyyala.utu.fi\/kanta\/wp-json\/wp\/v2\/media?parent=76"}],"curies":[{"name":"wp","href":"https:\/\/api.w.org\/{rel}","templated":true}]}}