{"id":67,"date":"2014-01-13T22:05:30","date_gmt":"2014-01-13T20:05:30","guid":{"rendered":"http:\/\/tyyala.utu.fi\/kanta\/?page_id=67"},"modified":"2023-08-26T01:30:30","modified_gmt":"2023-08-25T22:30:30","slug":"kieleke","status":"publish","type":"page","link":"https:\/\/tyyala.utu.fi\/kanta\/kieleke\/","title":{"rendered":"Kieleke"},"content":{"rendered":"<p>Kieleke on Kannan julkaisema lehti, joka ilmestyy verkossa nelj\u00e4 kertaa vuodessa. Kes\u00e4ll\u00e4 toimitetaan yhdess\u00e4 oppiaineen kanssa Info-Kieleke, joka on erityisesti uusille suomen kielen opiskelijoille tarkoitettu tietopaketti.<\/p>\n<ul>\n<li><a href=\"http:\/\/kieleke.fi\">Lue Kielekett\u00e4 osoitteessa kieleke.fi!<\/a><\/li>\n<\/ul>\n<p>Kielekkeelle valitaan vuosittain p\u00e4\u00e4toimittaja(t), jo(t)ka vastaa(vat) materiaalin hankinnasta ja lehden taittamisesta. Lis\u00e4ksi Kielekkeelle valitaan toimittajia. Mik\u00e4li olet kiinnostunut kirjoittamaan tai kuvaamaan jotakin Kielekkeeseen, ota yhteytt\u00e4 toimitukseen, <strong>s\u00e4hk\u00f6postiosoite on kieleke \u00e4t lists.utu.fi<\/strong>.<\/p>\n<p>P\u00e4\u00e4toimittajat: Henrik Uhinki, Hilda Hietanen<br \/>\nToimittajat: Anniina Lautkankare, Elias Kukkonen, Elina Peltonen, Erika L\u00f6ytynoja, Kristina Tuomi, Mariette Oksanen, Miska T\u00f6rm\u00e4nen, Sini Launiainen, Veera Hotanen, Vilma Ranta<\/p>\n","protected":false},"excerpt":{"rendered":"<p>Kieleke on Kannan julkaisema lehti, joka ilmestyy verkossa nelj\u00e4 kertaa vuodessa. Kes\u00e4ll\u00e4 toimitetaan yhdess\u00e4 oppiaineen kanssa Info-Kieleke, joka on erityisesti uusille suomen kielen opiskelijoille tarkoitettu tietopaketti. Lue Kielekett\u00e4 osoitteessa kieleke.fi! Kielekkeelle valitaan vuosittain p\u00e4\u00e4toimittaja(t), jo(t)ka vastaa(vat) materiaalin hankinnasta ja lehden taittamisesta. Lis\u00e4ksi Kielekkeelle valitaan toimittajia. Mik\u00e4li olet kiinnostunut kirjoittamaan tai kuvaamaan jotakin Kielekkeeseen, ota yhteytt\u00e4 &hellip; <a href=\"https:\/\/tyyala.utu.fi\/kanta\/kieleke\/\" class=\"more-link\">Jatka artikkeliin <span class=\"screen-reader-text\">Kieleke<\/span><\/a><\/p>\n","protected":false},"author":241,"featured_media":0,"parent":0,"menu_order":0,"comment_status":"open","ping_status":"closed","template":"","meta":{"footnotes":""},"class_list":["post-67","page","type-page","status-publish","hentry"],"_links":{"self":[{"href":"https:\/\/tyyala.utu.fi\/kanta\/wp-json\/wp\/v2\/pages\/67","targetHints":{"allow":["GET"]}}],"collection":[{"href":"https:\/\/tyyala.utu.fi\/kanta\/wp-json\/wp\/v2\/pages"}],"about":[{"href":"https:\/\/tyyala.utu.fi\/kanta\/wp-json\/wp\/v2\/types\/page"}],"author":[{"embeddable":true,"href":"https:\/\/tyyala.utu.fi\/kanta\/wp-json\/wp\/v2\/users\/241"}],"replies":[{"embeddable":true,"href":"https:\/\/tyyala.utu.fi\/kanta\/wp-json\/wp\/v2\/comments?post=67"}],"version-history":[{"count":13,"href":"https:\/\/tyyala.utu.fi\/kanta\/wp-json\/wp\/v2\/pages\/67\/revisions"}],"predecessor-version":[{"id":1856,"href":"https:\/\/tyyala.utu.fi\/kanta\/wp-json\/wp\/v2\/pages\/67\/revisions\/1856"}],"wp:attachment":[{"href":"https:\/\/tyyala.utu.fi\/kanta\/wp-json\/wp\/v2\/media?parent=67"}],"curies":[{"name":"wp","href":"https:\/\/api.w.org\/{rel}","templated":true}]}}