{"id":58,"date":"2014-01-13T21:52:47","date_gmt":"2014-01-13T19:52:47","guid":{"rendered":"http:\/\/tyyala.utu.fi\/kanta\/?page_id=58"},"modified":"2023-10-03T21:34:34","modified_gmt":"2023-10-03T18:34:34","slug":"tyollista-kantalainen","status":"publish","type":"page","link":"https:\/\/tyyala.utu.fi\/kanta\/tyollista-kantalainen\/","title":{"rendered":"Ty\u00f6llist\u00e4 kantalainen!"},"content":{"rendered":"<p>Tarvitsetko oikolukijaa? Onko etsinn\u00e4ss\u00e4 sijainen, joka oikeasti osaa asiansa? Onko kyseess\u00e4 teht\u00e4v\u00e4, johon tarvitaan kielen ammattilaista? Joka tapauksessa on viisasta ty\u00f6llist\u00e4\u00e4 kantalainen.<\/p>\n<p>Turun yliopistossa opiskelee monitaitoisia kielen ammattilaisia ja suomen kielen asiantuntijoita. T\u00e4m\u00e4n sivun lopussa olevalla s\u00e4hk\u00f6postiosoitteella tavoitat Kannan tiedotuskanavan kautta yli 200 suomen kielen opiskelijaa!<\/p>\n<p>Ty\u00f6tarjouksissa on hyv\u00e4 olla selke\u00e4 kuvaus ty\u00f6n luonteesta. Alla ohjeita tyypillisimmist\u00e4 ty\u00f6tarjouksista:<\/p>\n<p>Mik\u00e4li haussa on opettajan sijainen, on ilmoituksessa hyv\u00e4 esitt\u00e4\u00e4 v\u00e4hint\u00e4\u00e4n seuraavat tiedot:<br \/>\n&#8211; Ty\u00f6n sijanti.<br \/>\n&#8211; Ty\u00f6n ajankohta ja kesto.<br \/>\n&#8211; Opetettavat aineet.<br \/>\n&#8211; Mahdolliset p\u00e4tevyysvaatimukset, esimerkiksi kandidaatintutkinto.<\/p>\n<p>Mik\u00e4li haussa on oikolukija:<br \/>\n&#8211; Oikoluettavan materiaalin luonne, esimerkiksi kandidaatin- tai\u00a0 \u00a0maisterintutkielma.<br \/>\n&#8211; Sivum\u00e4\u00e4r\u00e4.<br \/>\n&#8211; Hintatarjous, esimerkiksi ?\u20ac\/sivu.<\/p>\n<p>Anna fennistin tehd\u00e4, mit\u00e4 fennisti tekee parhaiten. Alla s\u00e4hk\u00f6postiosoite, jolla tavoitat koko Kannan j\u00e4senist\u00f6n. Ty\u00f6tarjoukset julkaistaan maanantaisin l\u00e4hetett\u00e4v\u00e4ss\u00e4 viikkotiedotteessa, mutta kiireelliset ty\u00f6tarjoukset voidaan l\u00e4hett\u00e4\u00e4 listalle erikseen.<\/p>\n<p><a href=\"mailto:kantalaiset@lists.utu.fi\" target=\"_blank\" rel=\"noopener\">kantalaiset@lists.utu.fi<\/a><\/p>\n","protected":false},"excerpt":{"rendered":"<p>Tarvitsetko oikolukijaa? Onko etsinn\u00e4ss\u00e4 sijainen, joka oikeasti osaa asiansa? Onko kyseess\u00e4 teht\u00e4v\u00e4, johon tarvitaan kielen ammattilaista? Joka tapauksessa on viisasta ty\u00f6llist\u00e4\u00e4 kantalainen. Turun yliopistossa opiskelee monitaitoisia kielen ammattilaisia ja suomen kielen asiantuntijoita. T\u00e4m\u00e4n sivun lopussa olevalla s\u00e4hk\u00f6postiosoitteella tavoitat Kannan tiedotuskanavan kautta yli 200 suomen kielen opiskelijaa! Ty\u00f6tarjouksissa on hyv\u00e4 olla selke\u00e4 kuvaus ty\u00f6n luonteesta. Alla &hellip; <a href=\"https:\/\/tyyala.utu.fi\/kanta\/tyollista-kantalainen\/\" class=\"more-link\">Jatka artikkeliin <span class=\"screen-reader-text\">Ty\u00f6llist\u00e4 kantalainen!<\/span><\/a><\/p>\n","protected":false},"author":241,"featured_media":0,"parent":0,"menu_order":0,"comment_status":"open","ping_status":"closed","template":"","meta":{"footnotes":""},"class_list":["post-58","page","type-page","status-publish","hentry"],"_links":{"self":[{"href":"https:\/\/tyyala.utu.fi\/kanta\/wp-json\/wp\/v2\/pages\/58","targetHints":{"allow":["GET"]}}],"collection":[{"href":"https:\/\/tyyala.utu.fi\/kanta\/wp-json\/wp\/v2\/pages"}],"about":[{"href":"https:\/\/tyyala.utu.fi\/kanta\/wp-json\/wp\/v2\/types\/page"}],"author":[{"embeddable":true,"href":"https:\/\/tyyala.utu.fi\/kanta\/wp-json\/wp\/v2\/users\/241"}],"replies":[{"embeddable":true,"href":"https:\/\/tyyala.utu.fi\/kanta\/wp-json\/wp\/v2\/comments?post=58"}],"version-history":[{"count":9,"href":"https:\/\/tyyala.utu.fi\/kanta\/wp-json\/wp\/v2\/pages\/58\/revisions"}],"predecessor-version":[{"id":1889,"href":"https:\/\/tyyala.utu.fi\/kanta\/wp-json\/wp\/v2\/pages\/58\/revisions\/1889"}],"wp:attachment":[{"href":"https:\/\/tyyala.utu.fi\/kanta\/wp-json\/wp\/v2\/media?parent=58"}],"curies":[{"name":"wp","href":"https:\/\/api.w.org\/{rel}","templated":true}]}}