{"id":46,"date":"2014-01-13T21:26:30","date_gmt":"2014-01-13T19:26:30","guid":{"rendered":"http:\/\/tyyala.utu.fi\/kanta\/?page_id=46"},"modified":"2016-10-20T11:33:10","modified_gmt":"2016-10-20T08:33:10","slug":"yhdistyksen-saannot","status":"publish","type":"page","link":"https:\/\/tyyala.utu.fi\/kanta\/yhdistyksen-saannot\/","title":{"rendered":"Yhdistyksen s\u00e4\u00e4nn\u00f6t"},"content":{"rendered":"<p><strong>Nimi ja kotipaikka<\/strong><\/p>\n<p>1\u00a7<\/p>\n<p>Yhdistyksen nimi on Kanta ry., ja sen kotipaikka on Turku. Kanta ry. on Turun yliopiston suomen kielen opiskelijoiden yhdistys ja ainej\u00e4rjest\u00f6.<\/p>\n<p><strong>Tarkoitus ja toimintamuodot<\/strong><\/p>\n<p>2\u00a7<\/p>\n<p>Yhdistyksen tarkoituksena on toimia Turun yliopiston suomen kielen opiskelijoiden edunvalvonta- ja virkistysj\u00e4rjest\u00f6n\u00e4. Tarkoitustaan yhdistys toteuttaa j\u00e4rjest\u00e4m\u00e4ll\u00e4 kokous-, julkaisu- ja tiedotustoimintaa sek\u00e4 kulttuuritoimintaa, seminaareja ja matkoja. Yhdistys pit\u00e4\u00e4 yhteytt\u00e4 muihin suomen kielen opiskelijoiden ainej\u00e4rjest\u00f6ihin ja ottaa osaa opetuksen suunnitteluun.<\/p>\n<p>Toimintansa tukemiseksi yhdistys voi ker\u00e4t\u00e4 j\u00e4senmaksuja, ottaa vastaan lahjoituksia, j\u00e4rjest\u00e4\u00e4 myyj\u00e4isi\u00e4 ja muita varainhankintatapahtumia sek\u00e4 tehd\u00e4 talkoot\u00f6it\u00e4. Yhdistys voi my\u00f6s myyd\u00e4 mainostilaa julkaisuihinsa sek\u00e4 hankkia ja hallita irtainta ja kiinte\u00e4\u00e4 omaisuutta.<\/p>\n<p>Yhdistys voi liitty\u00e4 yhteis\u00f6\u00f6n, jonka tarkoitukset tukevat yhdistyksen tarkoituksia. P\u00e4\u00e4t\u00f6s t\u00e4llaiseen yhteis\u00f6\u00f6n liittymisest\u00e4 tai siit\u00e4 eroamisesta on teht\u00e4v\u00e4 yhdistyksen kokouksessa.<\/p>\n<p><strong>J\u00e4senet<\/strong><\/p>\n<p>3\u00a7<\/p>\n<p>Yhdistykseen voi liitty\u00e4 jokainen yliopistossa tai korkeakoulussa suomen kielt\u00e4 tai sen l\u00e4hiaineita opiskeleva henkil\u00f6. Yhdistyksen kokous voi hyv\u00e4ksy\u00e4 j\u00e4seneksi my\u00f6s jokaisen, joka haluaa toimia yhdistyksen tarkoituksen toteuttamiseksi. Hallituksen kokouksen suostumuksella voi kuka tahansa liitty\u00e4 yhdistykseen kannattajaj\u00e4senen\u00e4. Kannattajaj\u00e4senell\u00e4 ei ole \u00e4\u00e4nioikeutta kokouksissa, eik\u00e4 h\u00e4n ole oikeutettu j\u00e4senetuihin.<\/p>\n<p>J\u00e4seneksi aikovalla on mahdollisuus valita kahdesta j\u00e4senmaksuvaihtoehdosta: vuosittain maksettavasta vuosij\u00e4senyydest\u00e4 ja seitsem\u00e4n vuoden v\u00e4lein maksettavasta pitk\u00e4aikaisj\u00e4senyydest\u00e4. Uudet j\u00e4senet hyv\u00e4ksyt\u00e4\u00e4n joko hallituksen tai yhdistyksen kokouksessa.<\/p>\n<p>Pitk\u00e4aikaisj\u00e4senet ovat velvoitettuja ilmoittamaan t\u00e4ydellisen nimens\u00e4 ja kotipaikkakuntansa hallituksen pit\u00e4m\u00e4\u00e4n j\u00e4senluetteloon jokaisen lukuvuoden alussa, mik\u00e4li haluavat jatkaa j\u00e4senyytt\u00e4\u00e4n. Jos pitk\u00e4aikaisj\u00e4sen ei tee ilmoitusta lokakuun loppuun menness\u00e4, yhdistyksen syyskokous voi erottaa h\u00e4net. Jos pitk\u00e4aikaisj\u00e4sen erotetaan ennen seitsem\u00e4n lukuvuoden m\u00e4\u00e4r\u00e4ajan t\u00e4yttymist\u00e4, h\u00e4net voidaan hyv\u00e4ksy\u00e4 hallituksen kokouksessa takaisin j\u00e4seneksi eik\u00e4 h\u00e4nen t\u00e4ll\u00f6in tarvitse maksaa j\u00e4senmaksua uudelleen. T\u00e4ss\u00e4 tapauksessa j\u00e4senyyden m\u00e4\u00e4r\u00e4aika saavutetaan, kun pitk\u00e4aikaisj\u00e4senyyden maksamisesta on kulunut seitsem\u00e4n lukuvuotta. Seitsem\u00e4n vuoden m\u00e4\u00e4r\u00e4ajan t\u00e4yttymisen j\u00e4lkeen pitk\u00e4aikaisj\u00e4sen voi jatkaa j\u00e4senyytt\u00e4\u00e4n yhdistyksess\u00e4 maksamalla joko vuosi- tai pitk\u00e4aikaisj\u00e4senmaksun, mik\u00e4li h\u00e4n muuten t\u00e4ytt\u00e4\u00e4 yhdistyksen j\u00e4senyydelle asetetut ehdot.<\/p>\n<p>Yhdistyksen kokous voi erottaa yhdistyksest\u00e4 j\u00e4senen, joka on toiminut vastoin yhdistyksen tarkoitusperi\u00e4 tai on k\u00e4ytt\u00e4ytynyt muuten yhdistyst\u00e4 vahingoittavalla tavalla.<\/p>\n<p>J\u00e4senmaksujen ja kannattajaj\u00e4senmaksujen suuruudet p\u00e4\u00e4tt\u00e4\u00e4 yhdistyksen syyskokous.<\/p>\n<p>J\u00e4sen voi erota yhdistyksest\u00e4 ilmoittamalla siit\u00e4 kirjallisesti hallitukselle, sen puheenjohtajalle tai ilmoittamalla erosta yhdistyksen kokouksessa merkitt\u00e4v\u00e4ksi p\u00f6yt\u00e4kirjaan.<\/p>\n<p><strong>Yhdistyksen talous<\/strong><\/p>\n<p>4\u00a7<\/p>\n<p>Yhdistyksen tili- ja toimikausi on kalenterivuosi. Tilit, vuosikertomus ja muut tarvittavat asiakirjat on toimitettava toiminnantarkastajille viimeist\u00e4\u00e4n kuukausi ennen yhdistyksen kev\u00e4tkokousta hallinnon ja tilien tarkastusta varten. Toiminnantarkastajien tulee antaa kirjallinen lausunto hallitukselle kaksi viikkoa ennen kev\u00e4tkokousta.<\/p>\n<p><strong>Yhdistyksen hallinto<\/strong><\/p>\n<p>5\u00a7<\/p>\n<p>Yhdistyksen asioita ja omaisuutta hoitaa syyskokouksessa toimikaudeksi valittu hallitus, johon kuuluu puheenjohtaja, varapuheenjohtaja, sihteeri, taloudenhoitaja ja 3\u20139 muuta j\u00e4sent\u00e4. Hallitus kokoontuu puheenjohtajan tai h\u00e4nen estyess\u00e4\u00e4n varapuheenjohtajan kutsusta. Hallitus on p\u00e4\u00e4t\u00f6svaltainen, jos puheenjohtajan (tai varapuheenjohtajan) lis\u00e4ksi v\u00e4hint\u00e4\u00e4n puolet hallituksen j\u00e4senist\u00e4 on l\u00e4sn\u00e4. Hallituksen tai yhdistyksen kokous voi asettaa yhdistyksen j\u00e4senist\u00e4 toimikuntia suunnittelemaan ja suorittamaan erityisi\u00e4 teht\u00e4vi\u00e4 ja valita toimihenkil\u00f6it\u00e4, kuten kulttuuri-, tiedotus-, liikunta-, matkailu- tai ulkoasiainsihteeri, julkaisujen toimittaja tai kirjastonhoitaja.<\/p>\n<p><strong>Nimen kirjoittaminen<\/strong><\/p>\n<p>6\u00a7<\/p>\n<p>Yhdistyksen nimen kirjoittaa puheenjohtaja, varapuheenjohtaja, sihteeri tai taloudenhoitaja kaksi yhdess\u00e4.<\/p>\n<p><strong>Yhdistyksen kokoukset<\/strong><\/p>\n<p>7\u00a7<\/p>\n<p>Hallitus kutsuu yhdistyksen vuosi- tai ylim\u00e4\u00e4r\u00e4isen kokouksen koolle v\u00e4hint\u00e4\u00e4n kaksi viikkoa ennen kokousta Kantalaiset-s\u00e4hk\u00f6postilistaa tai Turun yliopiston tai ylioppilaskunnan ilmoitustauluja hyv\u00e4ksik\u00e4ytt\u00e4en. Ylim\u00e4\u00e4r\u00e4inen yhdistyksen kokous on kutsuttava koolle, mik\u00e4li v\u00e4hint\u00e4\u00e4n 1\/10 yhdistyksen \u00e4\u00e4nioikeutetuista j\u00e4senist\u00e4 sit\u00e4 kirjallisesti hallitukselta vaatii tai mik\u00e4li yhdistyksen kokous niin p\u00e4\u00e4tt\u00e4\u00e4. Hallituksen on kutsuttava kokous koolle kuukauden kuluessa pyynn\u00f6n saapumisesta.<\/p>\n<p>8\u00a7<\/p>\n<p>Yhdistyksen syyskokous pidet\u00e4\u00e4n marras-joulukuussa. Syyskokouksessa k\u00e4sitell\u00e4\u00e4n seuraavat asiat:<\/p>\n<ol>\n<li>Valitaan kokouksen puheenjohtaja, sihteeri ja kaksi p\u00f6yt\u00e4kirjantarkastajaa.<\/li>\n<li>Vahvistetaan toimintasuunnitelma, talousarvio sek\u00e4 j\u00e4senmaksujen suuruus seuraavaksi toimikaudeksi.<\/li>\n<li>Valitaan hallituksen puheenjohtaja, varapuheenjohtaja, sihteeri, taloudenhoitaja sek\u00e4 hallituksen muut j\u00e4senet seuraavaksi toimikaudeksi.<\/li>\n<li>Valitaan kaksi toiminnantarkastajaa ja n\u00e4iden varahenkil\u00f6t tarkastamaan tulevan toimikauden hallintoa ja tilej\u00e4.<\/li>\n<li>Poistetaan j\u00e4senrekisterist\u00e4 eronneiksi katsotut j\u00e4senet<\/li>\n<li>K\u00e4sitell\u00e4\u00e4n muut esille tulevat asiat.<\/li>\n<\/ol>\n<p>Yhdistyksen kev\u00e4tkokous pidet\u00e4\u00e4n helmi-maaliskuussa. Kokouksessa k\u00e4sitell\u00e4\u00e4n seuraavat asiat:<\/p>\n<ol>\n<li>Valitaan kokouksen puheenjohtaja, sihteeri ja kaksi p\u00f6yt\u00e4kirjantarkastajaa.<\/li>\n<li>Esitet\u00e4\u00e4n toimintakertomus, tilinp\u00e4\u00e4t\u00f6s ja toiminnantarkastajien lausunto.<\/li>\n<li>Vahvistetaan tilinp\u00e4\u00e4t\u00f6s ja p\u00e4\u00e4tet\u00e4\u00e4n tili- ja vastuuvapauden my\u00f6nt\u00e4misest\u00e4 edellisen toimikauden hallitukselle.<\/li>\n<li>K\u00e4sitell\u00e4\u00e4n muut esille tulevat asiat.<\/li>\n<\/ol>\n<p>Kokouksessa jokaisella l\u00e4sn\u00e4 olevalla j\u00e4senell\u00e4 on yksi \u00e4\u00e4ni. Valtakirjaa k\u00e4ytt\u00e4en ei saa \u00e4\u00e4nest\u00e4\u00e4. P\u00e4\u00e4t\u00f6kset tehd\u00e4\u00e4n yksinkertaisella \u00e4\u00e4ntenenemmist\u00f6ll\u00e4, ellei n\u00e4iss\u00e4 s\u00e4\u00e4nn\u00f6iss\u00e4 toisin m\u00e4\u00e4r\u00e4t\u00e4. \u00c4\u00e4nten menness\u00e4 tasan puheenjohtajan \u00e4\u00e4ni ratkaisee, vaaleissa arpa.<\/p>\n<p><strong>S\u00e4\u00e4nt\u00f6jen muuttaminen<\/strong><\/p>\n<p>9\u00a7<\/p>\n<p>Jos p\u00e4\u00e4t\u00f6s koskee s\u00e4\u00e4nt\u00f6jen muuttamista, vaaditaan p\u00e4\u00e4t\u00f6ksen hyv\u00e4ksymiseksi v\u00e4hint\u00e4\u00e4n 2\/3 kaikista yhdistyksen kokouksessa annetuista \u00e4\u00e4nist\u00e4.<\/p>\n<p><strong>Yhdistyksen purkaminen<\/strong><\/p>\n<p>10\u00a7<\/p>\n<p>Yhdistys voidaan purkaa, mik\u00e4li 2\/3 annetuista \u00e4\u00e4nist\u00e4 kahdessa per\u00e4kk\u00e4isess\u00e4 yhdistyksen kokouksessa sit\u00e4 kannattaa. Mik\u00e4li yhdistys purkautuu tai lakkautetaan, luovutettakoon sen varat Turun yliopiston ylioppilaskunnalle.<\/p>\n","protected":false},"excerpt":{"rendered":"<p>Nimi ja kotipaikka 1\u00a7 Yhdistyksen nimi on Kanta ry., ja sen kotipaikka on Turku. Kanta ry. on Turun yliopiston suomen kielen opiskelijoiden yhdistys ja ainej\u00e4rjest\u00f6. Tarkoitus ja toimintamuodot 2\u00a7 Yhdistyksen tarkoituksena on toimia Turun yliopiston suomen kielen opiskelijoiden edunvalvonta- ja virkistysj\u00e4rjest\u00f6n\u00e4. Tarkoitustaan yhdistys toteuttaa j\u00e4rjest\u00e4m\u00e4ll\u00e4 kokous-, julkaisu- ja tiedotustoimintaa sek\u00e4 kulttuuritoimintaa, seminaareja ja matkoja. Yhdistys &hellip; <a href=\"https:\/\/tyyala.utu.fi\/kanta\/yhdistyksen-saannot\/\" class=\"more-link\">Jatka artikkeliin <span class=\"screen-reader-text\">Yhdistyksen s\u00e4\u00e4nn\u00f6t<\/span><\/a><\/p>\n","protected":false},"author":241,"featured_media":0,"parent":0,"menu_order":0,"comment_status":"open","ping_status":"closed","template":"","meta":{"footnotes":""},"class_list":["post-46","page","type-page","status-publish","hentry"],"_links":{"self":[{"href":"https:\/\/tyyala.utu.fi\/kanta\/wp-json\/wp\/v2\/pages\/46","targetHints":{"allow":["GET"]}}],"collection":[{"href":"https:\/\/tyyala.utu.fi\/kanta\/wp-json\/wp\/v2\/pages"}],"about":[{"href":"https:\/\/tyyala.utu.fi\/kanta\/wp-json\/wp\/v2\/types\/page"}],"author":[{"embeddable":true,"href":"https:\/\/tyyala.utu.fi\/kanta\/wp-json\/wp\/v2\/users\/241"}],"replies":[{"embeddable":true,"href":"https:\/\/tyyala.utu.fi\/kanta\/wp-json\/wp\/v2\/comments?post=46"}],"version-history":[{"count":2,"href":"https:\/\/tyyala.utu.fi\/kanta\/wp-json\/wp\/v2\/pages\/46\/revisions"}],"predecessor-version":[{"id":322,"href":"https:\/\/tyyala.utu.fi\/kanta\/wp-json\/wp\/v2\/pages\/46\/revisions\/322"}],"wp:attachment":[{"href":"https:\/\/tyyala.utu.fi\/kanta\/wp-json\/wp\/v2\/media?parent=46"}],"curies":[{"name":"wp","href":"https:\/\/api.w.org\/{rel}","templated":true}]}}