{"id":38,"date":"2014-01-13T20:57:50","date_gmt":"2014-01-13T18:57:50","guid":{"rendered":"http:\/\/tyyala.utu.fi\/kanta\/?page_id=38"},"modified":"2026-04-07T15:41:19","modified_gmt":"2026-04-07T12:41:19","slug":"hallitus","status":"publish","type":"page","link":"https:\/\/tyyala.utu.fi\/kanta\/hallitus\/","title":{"rendered":"Hallitus 2026"},"content":{"rendered":"\n<div class=\"wp-block-columns is-layout-flex wp-container-core-columns-is-layout-9d6595d7 wp-block-columns-is-layout-flex\">\n<div class=\"wp-block-column is-layout-flow wp-block-column-is-layout-flow\">\n<p>Kannan hallitus vastaa Kannan toiminnasta. Hallitus kokoontuu s\u00e4\u00e4nn\u00f6llisesti Kannan toimistolla. Kokouksiin voivat osallistua ilman \u00e4\u00e4nivaltaa kaikki yhdistyksen j\u00e4senet.<\/p>\n\n\n\n<p>Yhteydenotto <strong>tunnus \u00e4t utu.fi<\/strong><\/p>\n\n\n\n<p>Kannan koko hallituksen tavoittaa s\u00e4hk\u00f6postitse osoitteella <strong>kanta \u00e4t lists.utu.fi.<\/strong><\/p>\n\n\n\n<h1 class=\"wp-block-heading has-text-align-center\"><strong>Kannan hallitus 202<\/strong>6<\/h1>\n<\/div>\n<\/div>\n\n\n\n<div class=\"wp-block-columns is-layout-flex wp-container-core-columns-is-layout-9d6595d7 wp-block-columns-is-layout-flex\">\n<div class=\"wp-block-column is-layout-flow wp-block-column-is-layout-flow\"><\/div>\n\n\n\n<div class=\"wp-block-column is-layout-flow wp-block-column-is-layout-flow\"><\/div>\n<\/div>\n\n\n\n<div class=\"wp-block-columns is-layout-flex wp-container-core-columns-is-layout-9d6595d7 wp-block-columns-is-layout-flex\">\n<div class=\"wp-block-column is-layout-flow wp-block-column-is-layout-flow\">\n<h4 class=\"wp-block-heading\"><strong>Puheenjohtaja<\/strong><\/h4>\n\n\n\n<p>Edit Hustad<br \/>emhust<\/p>\n\n\n\n<p><em>Puheenjohtaja (pj) on k\u00e4rryill\u00e4 siit\u00e4, mit\u00e4 yhdistyksess\u00e4 tapahtuu, ja on vastuussa siit\u00e4, ett\u00e4 yhdistystoiminta py\u00f6rii niin kuin kuuluukin. Puheenjohtajan teht\u00e4viin kuuluu kutsua koolle hallituksen ja yhdistyksen kokoukset ja toimia niiss\u00e4 puheenjohtajana sek\u00e4 edustaa Kantaa erilaisissa tilaisuuksissa.<\/em><\/p>\n<\/div>\n\n\n\n<div class=\"wp-block-column is-layout-flow wp-block-column-is-layout-flow\">\n<h4 class=\"wp-block-heading\"><strong>Varapuheenjohtaja<\/strong><\/h4>\n\n\n\n<p>Venla Vainio<br \/>vemarv<\/p>\n\n\n\n<p><em>Varapuheenjohtaja (vpj) auttaa puheenjohtajaa pit\u00e4m\u00e4\u00e4n yhdistyksen toimivana kokonaisuutena ja paikkaa puheenjohtajaa t\u00e4m\u00e4n ollessa estynyt.<\/em><\/p>\n<\/div>\n<\/div>\n\n\n\n<div class=\"wp-block-columns is-layout-flex wp-container-core-columns-is-layout-9d6595d7 wp-block-columns-is-layout-flex\">\n<div class=\"wp-block-column is-layout-flow wp-block-column-is-layout-flow\"><\/div>\n\n\n\n<div class=\"wp-block-column is-layout-flow wp-block-column-is-layout-flow\"><\/div>\n<\/div>\n\n\n\n<div class=\"wp-block-columns is-layout-flex wp-container-core-columns-is-layout-9d6595d7 wp-block-columns-is-layout-flex\">\n<div class=\"wp-block-column is-layout-flow wp-block-column-is-layout-flow\">\n<h4 class=\"wp-block-heading\"><strong>Taloudenhoitaja<\/strong><\/h4>\n\n\n\n<p>Sanni Ansaranta<br \/>ssansa<\/p>\n\n\n\n<p><em>Taloudenhoitaja hoitaa Kannan rahaliikenteen, kirjoittaa ja maksaa laskut, laatii tulevan vuoden budjetin ja huolehtii menneen vuoden tilinp\u00e4\u00e4t\u00f6ksest\u00e4.&nbsp;<\/em><\/p>\n<\/div>\n\n\n\n<div class=\"wp-block-column is-layout-flow wp-block-column-is-layout-flow\">\n<h4 class=\"wp-block-heading\"><strong>Sihteeri<\/strong><\/h4>\n\n\n\n<p>Laila Paananen<br \/>lipaan<\/p>\n\n\n\n<p><em>Sihteeri laatii kokousten p\u00f6yt\u00e4kirjat. Lis\u00e4ksi h\u00e4n pit\u00e4\u00e4 kirjaa Kannan kannatustuotteista ja huolehtii niiden t\u00e4ydent\u00e4misest\u00e4. Tarvittaessa h\u00e4n my\u00f6s auttaa puheenjohtajistoa virallisten dokumenttien laatimisessa.<\/em><\/p>\n<\/div>\n<\/div>\n\n\n\n<div class=\"wp-block-columns is-layout-flex wp-container-core-columns-is-layout-9d6595d7 wp-block-columns-is-layout-flex\">\n<div class=\"wp-block-column is-layout-flow wp-block-column-is-layout-flow\"><\/div>\n\n\n\n<div class=\"wp-block-column is-layout-flow wp-block-column-is-layout-flow\"><\/div>\n<\/div>\n\n\n\n<div class=\"wp-block-columns is-layout-flex wp-container-core-columns-is-layout-9d6595d7 wp-block-columns-is-layout-flex\">\n<div class=\"wp-block-column is-layout-flow wp-block-column-is-layout-flow\">\n<h4 class=\"wp-block-heading\"><strong>Tiedotus- ja verkkovastaava<\/strong><\/h4>\n\n\n\n<p>Iiris Kyyr\u00f6<br \/>ivkyyr<\/p>\n\n\n\n<p><em>Tiedotus- ja verkkovastaava (tiedottaja) huolehtii Kannan tapahtumien tiedottamisesta j\u00e4senist\u00f6lle. Teht\u00e4viin kuuluu viikoittaisen Kantamus-tiedotteen kokoamisen ja yhdistyksen s\u00e4hk\u00f6postilistojen hallinnoinnin lis\u00e4ksi verkkosivujen pit\u00e4minen ajan tasalla. Tiedottaja my\u00f6s laatii erilaisia tiedotteita ja tapahtumakuvauksia Kannan tapahtumille.<\/em><\/p>\n<\/div>\n\n\n\n<div class=\"wp-block-column is-layout-flow wp-block-column-is-layout-flow\">\n<h4 class=\"wp-block-heading\"><strong>Koulutuspoliittinen vastaava ja kansainv\u00e4listen asioiden vastaava<\/strong><\/h4>\n\n\n\n<p>Sofia Palin<br \/>sgpali<\/p>\n\n\n\n<p><em>Koulutuspoliittisen vastaavan ja kansainv\u00e4listen asioiden vastaavan (kopo) t\u00e4rkein teht\u00e4v\u00e4 on toimia yhdistyksen yhteyshenkil\u00f6n\u00e4 oppiaineeseen. Kopo osallistuu yliopiston eri toimielinten kokouksiin ja pit\u00e4\u00e4 yhteytt\u00e4 sek\u00e4 muiden ainej\u00e4rjest\u00f6jen kopoihin ett\u00e4 oman oppiaineen henkil\u00f6kuntaan. Lis\u00e4ksi kopo j\u00e4rjest\u00e4\u00e4 opintopiirej\u00e4 ja toimii linkkin\u00e4 kv-maisteriohjelmien opiskelijoihin.<\/em><\/p>\n<\/div>\n<\/div>\n\n\n\n<div class=\"wp-block-columns is-layout-flex wp-container-core-columns-is-layout-9d6595d7 wp-block-columns-is-layout-flex\">\n<div class=\"wp-block-column is-layout-flow wp-block-column-is-layout-flow\"><\/div>\n\n\n\n<div class=\"wp-block-column is-layout-flow wp-block-column-is-layout-flow\"><\/div>\n<\/div>\n\n\n\n<h4 class=\"wp-block-heading has-text-align-left\"><strong>Tapahtumavastaavat<\/strong><\/h4>\n\n\n\n<div class=\"wp-block-columns is-layout-flex wp-container-core-columns-is-layout-9d6595d7 wp-block-columns-is-layout-flex\">\n<div class=\"wp-block-column is-layout-flow wp-block-column-is-layout-flow\">\n<p>Marianne Porkkala<br \/>marianne.porkkala@icloud.com<\/p>\n<\/div>\n\n\n\n<div class=\"wp-block-column is-layout-flow wp-block-column-is-layout-flow\">\n<p>Emilia Huhta-aho<br \/>emhuah<\/p>\n<\/div>\n<\/div>\n\n\n\n<p><em>Tapahtumavastaavat vastaavat sitsien ja bileiden j\u00e4rjest\u00e4misest\u00e4. Tapahtumavastaavat yll\u00e4pit\u00e4v\u00e4t yhteisty\u00f6t\u00e4 yritysten ja toisten yhdistysten kanssa, ideoivat ja organisoivat uusia tapahtumia&nbsp;sek\u00e4 markkinoivat tapahtumia j\u00e4senist\u00f6lle.<\/em><\/p>\n\n\n\n<div class=\"wp-block-columns is-layout-flex wp-container-core-columns-is-layout-9d6595d7 wp-block-columns-is-layout-flex\">\n<div class=\"wp-block-column is-layout-flow wp-block-column-is-layout-flow\"><\/div>\n\n\n\n<div class=\"wp-block-column is-layout-flow wp-block-column-is-layout-flow\"><\/div>\n\n\n\n<div class=\"wp-block-column is-layout-flow wp-block-column-is-layout-flow\"><\/div>\n\n\n\n<div class=\"wp-block-column is-layout-flow wp-block-column-is-layout-flow\"><\/div>\n<\/div>\n\n\n\n<div class=\"wp-block-columns is-layout-flex wp-container-core-columns-is-layout-9d6595d7 wp-block-columns-is-layout-flex\">\n<div class=\"wp-block-column is-layout-flow wp-block-column-is-layout-flow\">\n<h4 class=\"wp-block-heading\"><strong>Kulttuuri-, sopo- ja yhdenvertaisuusvastaava<\/strong><\/h4>\n\n\n\n<p>Malva Rantanen<br \/>makanr<\/p>\n\n\n\n<p><em>Kulttuuri-, sopo- ja yhdenvertaisuusvastaavan teht\u00e4v\u00e4 on j\u00e4rjest\u00e4\u00e4 erilaisia kulttuuritapahtumia, kuten konsertti-, teatteri-, museo- tai elokuvaekskursioita. H\u00e4n my\u00f6s huolehtii j\u00e4senist\u00f6n tasa-arvoisesta kohtelusta, hyvinvoinnista ja yhdenvertaisuudesta yhdess\u00e4 liikuntasopon kanssa.<\/em><\/p>\n<\/div>\n\n\n\n<div class=\"wp-block-column is-layout-flow wp-block-column-is-layout-flow\">\n<h4 class=\"wp-block-heading\"><strong>Liikunta-, sopo- ja yhdenvertaisuusvastaava<\/strong><\/h4>\n\n\n\n<p>Ada Nyman<br \/>adcnym<\/p>\n\n\n\n<p><em>Liikunta-, sopo- ja yhdenvertaisuusvastaava j\u00e4rjest\u00e4\u00e4 erilaisia liikuntatapahtumia ja lajikokeiluja. Liikuntatapahtumia j\u00e4rjestet\u00e4\u00e4n Kannan j\u00e4senille, mutta tapahtumien ja lajikokeiluiden parissa tehd\u00e4\u00e4n yhteisty\u00f6t\u00e4 my\u00f6s muiden j\u00e4rjest\u00f6jen kanssa.&nbsp;Sopo- ja yhdenvertaisuusvastaavana h\u00e4n&nbsp;my\u00f6s huolehtii j\u00e4senist\u00f6n tasa-arvoisesta kohtelusta, hyvinvoinnista ja yhdenvertaisuudesta yhdess\u00e4 kulttuurisopon kanssa.<\/em><\/p>\n<\/div>\n<\/div>\n\n\n\n<div class=\"wp-block-columns is-layout-flex wp-container-core-columns-is-layout-9d6595d7 wp-block-columns-is-layout-flex\">\n<div class=\"wp-block-column is-layout-flow wp-block-column-is-layout-flow\"><\/div>\n\n\n\n<div class=\"wp-block-column is-layout-flow wp-block-column-is-layout-flow\"><\/div>\n<\/div>\n\n\n\n<div class=\"wp-block-columns is-layout-flex wp-container-core-columns-is-layout-9d6595d7 wp-block-columns-is-layout-flex\">\n<div class=\"wp-block-column is-layout-flow wp-block-column-is-layout-flow\">\n<h4 class=\"wp-block-heading\"><strong>V\u00e4\u00e4peli ja ymp\u00e4rist\u00f6vastaava<\/strong><\/h4>\n\n\n\n<p>Anni Mauriala<br \/>ankmau<\/p>\n\n\n\n<p><em>V\u00e4\u00e4peli ja ymp\u00e4rist\u00f6vastaava huolehtii Kannan toimiston siisteydest\u00e4 ja viihtyvyydest\u00e4, vastaa p\u00e4ivystystarjoiluista, hoitaa sitsien ja muiden tapahtumien tarjoilut&nbsp;sek\u00e4 organisoi myyj\u00e4iset. Lis\u00e4ksi h\u00e4n varmistaa, ett\u00e4 Kanta p\u00e4\u00e4tyy mahdollisuuksien mukaan ymp\u00e4rist\u00f6yst\u00e4v\u00e4llisiin ratkaisuihin toimistoon ja tarjoiluihin liittyviss\u00e4 kysymyksiss\u00e4.<\/em><\/p>\n<\/div>\n\n\n\n<div class=\"wp-block-column is-layout-flow wp-block-column-is-layout-flow\">\n<h4 class=\"wp-block-heading\"><strong>Yritys-, yhteisty\u00f6- ja ulkosuhdevastaava<\/strong><\/h4>\n\n\n\n<p>Alina Rovanper\u00e4<br \/>alrova<\/p>\n\n\n\n<p><em>Yritys-, yhteisty\u00f6- ja ulkosuhdevastaava toimii yhteyshenkil\u00f6n\u00e4 Kannan ja yritysten v\u00e4lill\u00e4 kehitt\u00e4en n\u00e4iden v\u00e4list\u00e4 yhteisty\u00f6t\u00e4. H\u00e4nen teht\u00e4viins\u00e4 kuuluu muun muassa ty\u00f6el\u00e4m\u00e4- ja yritysekskursioiden j\u00e4rjest\u00e4minen j\u00e4senist\u00f6lle ja Kannan j\u00e4seneduista huolehtiminen. Lis\u00e4ksi h\u00e4n auttaa ja opastaa fukseja haalarisponsoreiden hankinnassa.<\/em><\/p>\n<\/div>\n<\/div>\n\n\n\n<div class=\"wp-block-columns is-layout-flex wp-container-core-columns-is-layout-9d6595d7 wp-block-columns-is-layout-flex\">\n<div class=\"wp-block-column is-layout-flow wp-block-column-is-layout-flow\">\n<div class=\"wp-block-columns is-layout-flex wp-container-core-columns-is-layout-9d6595d7 wp-block-columns-is-layout-flex\">\n<div class=\"wp-block-column is-layout-flow wp-block-column-is-layout-flow\" style=\"flex-basis:50%\">\n<h3 class=\"wp-block-heading\"><strong>Fuksivastaava<\/strong><\/h3>\n\n\n\n<p>Marianne Porkkala<\/p>\n<\/div>\n\n\n\n<div class=\"wp-block-column is-layout-flow wp-block-column-is-layout-flow\" style=\"flex-basis:50%\">\n<h3 class=\"wp-block-heading\"><strong>J\u00e4senvastaava<\/strong><\/h3>\n\n\n\n<p>Emilia Huhta-aho<\/p>\n<\/div>\n<\/div>\n\n\n\n<h1 class=\"wp-block-heading has-text-align-center\"><strong>Hallituksen ulkopuoliset toimihenkil\u00f6t<\/strong><\/h1>\n\n\n\n<h3 class=\"wp-block-heading\"><strong>Kielekkeen toimitus<\/strong><\/h3>\n\n\n\n<p>Milana Uutela ja Ville V\u00e4is\u00e4nen<\/p>\n\n\n\n<p><strong>kieleke \u00e4t lists.utu.fi<\/strong><\/p>\n\n\n\n<p><em>Kielekkeen p\u00e4\u00e4toimittajat vastaavat Kannan lehden, <strong><a href=\"http:\/\/kieleke.fi\/\">Kielekkeen<\/a><\/strong>, toiminnasta. P\u00e4\u00e4toimittajat paitsi tuottavat itse juttuja my\u00f6s houkuttelevat muita kantalaisia kirjoittamaan ja ideoimaan erilaista sis\u00e4lt\u00f6\u00e4 lehteen. Teht\u00e4viin kuuluu my\u00f6s p\u00e4ivitt\u00e4\u00e4 nelj\u00e4sti vuodessa ilmestyv\u00e4n lehden sis\u00e4ll\u00f6t verkkoon ja koota paperinen info-Kieleke fukseille.<\/em><\/p>\n\n\n\n<h3 class=\"wp-block-heading\"><strong>Osma-vastaava<\/strong><\/h3>\n\n\n\n<p>Onni Hassila<br \/>aohass<\/p>\n\n\n\n<p><em>Osma-vastaavat toimivat Kannan virallisina edustajina Osman tapaamisissa, organisoivat kantalaisten yhteisl\u00e4ht\u00f6j\u00e4 Osmaan ja hoitavat Osmasta tiedottamisen omalle ainej\u00e4rjest\u00f6lle.&nbsp;Osma-vastaavat kuuluvat Osma ry:n hallitukseen.<\/em><\/p>\n\n\n\n<h3 class=\"wp-block-heading\"><strong>Alumnivastaava<\/strong><\/h3>\n\n\n\n<p>Anniina Lautkankare<br \/>aslaut<\/p>\n\n\n\n<p><em>Alumnivastaava toimii linkkin\u00e4 hallituksen ja alumnien v\u00e4lill\u00e4.<\/em><\/p>\n<\/div>\n<\/div>\n","protected":false},"excerpt":{"rendered":"<p>Kannan hallitus vastaa Kannan toiminnasta. Hallitus kokoontuu s\u00e4\u00e4nn\u00f6llisesti Kannan toimistolla. Kokouksiin voivat osallistua ilman \u00e4\u00e4nivaltaa kaikki yhdistyksen j\u00e4senet. Yhteydenotto tunnus \u00e4t utu.fi Kannan koko hallituksen tavoittaa s\u00e4hk\u00f6postitse osoitteella kanta \u00e4t lists.utu.fi. Kannan hallitus 2026 Puheenjohtaja Edit Hustademhust Puheenjohtaja (pj) on k\u00e4rryill\u00e4 siit\u00e4, mit\u00e4 yhdistyksess\u00e4 tapahtuu, ja on vastuussa siit\u00e4, ett\u00e4 yhdistystoiminta py\u00f6rii niin kuin kuuluukin. &hellip; <a href=\"https:\/\/tyyala.utu.fi\/kanta\/hallitus\/\" class=\"more-link\">Jatka artikkeliin <span class=\"screen-reader-text\">Hallitus 2026<\/span><\/a><\/p>\n","protected":false},"author":241,"featured_media":0,"parent":0,"menu_order":0,"comment_status":"open","ping_status":"closed","template":"","meta":{"footnotes":""},"class_list":["post-38","page","type-page","status-publish","hentry"],"_links":{"self":[{"href":"https:\/\/tyyala.utu.fi\/kanta\/wp-json\/wp\/v2\/pages\/38","targetHints":{"allow":["GET"]}}],"collection":[{"href":"https:\/\/tyyala.utu.fi\/kanta\/wp-json\/wp\/v2\/pages"}],"about":[{"href":"https:\/\/tyyala.utu.fi\/kanta\/wp-json\/wp\/v2\/types\/page"}],"author":[{"embeddable":true,"href":"https:\/\/tyyala.utu.fi\/kanta\/wp-json\/wp\/v2\/users\/241"}],"replies":[{"embeddable":true,"href":"https:\/\/tyyala.utu.fi\/kanta\/wp-json\/wp\/v2\/comments?post=38"}],"version-history":[{"count":64,"href":"https:\/\/tyyala.utu.fi\/kanta\/wp-json\/wp\/v2\/pages\/38\/revisions"}],"predecessor-version":[{"id":2089,"href":"https:\/\/tyyala.utu.fi\/kanta\/wp-json\/wp\/v2\/pages\/38\/revisions\/2089"}],"wp:attachment":[{"href":"https:\/\/tyyala.utu.fi\/kanta\/wp-json\/wp\/v2\/media?parent=38"}],"curies":[{"name":"wp","href":"https:\/\/api.w.org\/{rel}","templated":true}]}}