{"id":2094,"date":"2026-04-19T12:18:12","date_gmt":"2026-04-19T09:18:12","guid":{"rendered":"https:\/\/tyyala.utu.fi\/kanta\/?page_id=2094"},"modified":"2026-04-19T12:25:24","modified_gmt":"2026-04-19T09:25:24","slug":"2094-2","status":"publish","type":"page","link":"https:\/\/tyyala.utu.fi\/kanta\/2094-2\/","title":{"rendered":"Kannan vappu 2026"},"content":{"rendered":"\n<p>T\u00e4st\u00e4 sivulta l\u00f6yd\u00e4t kootusti tietoa vapun tapahtumista. Toivottavasti tapaamme mukavien tapahtumien merkeiss\u00e4! &lt;3<\/p>\n\n\n\n<p><strong>Torstai 23.4. Yrj\u00f6n p\u00e4iv\u00e4n baarikierros<\/strong><\/p>\n\n\n\n<p>Kannan vapun perinteisell\u00e4 baarikierroksella kierr\u00e4mme porukalla Turun eri baareja. <strong>Aloitamme kierroksen tutusta ja turvallisesta Proffan Kellarista klo 18<\/strong>. Proffasta jatkamme kiert\u00e4m\u00e4\u00e4n eri baareja p\u00e4\u00e4tyen lopulta Coco Locoon.<\/p>\n\n\n\n<p>Osallistuminen ei vaadi erillist\u00e4 ilmoittautumista, ja kierrokselle mukaan saa liitty\u00e4 miss\u00e4 vaiheessa tahansa. Kierroksen tarkempi aikataulu julkaistaan my\u00f6hemmin Kannan Instagramissa.<\/p>\n\n\n\n<p>Ved\u00e4 siis haalarit jalkaan ja tule nauttimaan kylmist\u00e4 juomista ja (toivottavasti) l\u00e4mpim\u00e4st\u00e4 s\u00e4\u00e4st\u00e4!<\/p>\n\n\n\n<p><strong>Perjantai 24.4. 24 h p\u00e4ivystys Kritiikin kanssa<\/strong><\/p>\n\n\n\n<p>On tullut aika treenata toimistop\u00e4ivyst\u00e4mist\u00e4 oikein olan takaa! <strong>Vuorokauden mittainen p\u00e4ivyst\u00e4minen alkaa normaalisti perjantaina 24.4. yhteisp\u00e4ivystyksest\u00e4 klo 12 ja kest\u00e4\u00e4 lauantaihin 25.4. klo 12 asti.<\/strong> Kovimmille p\u00e4ivyst\u00e4jille on luvassa yll\u00e4tyspalkintoja!<\/p>\n\n\n\n<p>Vuorokauden alustava ohjelma on seuraavanlainen:<\/p>\n\n\n\n<p>Perjantai klo 12\u201318: P\u00e4ivystysosio! Pidennetty\u00e4 perusp\u00e4ivyst\u00e4mist\u00e4, kahvia, teet\u00e4, huonoja tai hyvi\u00e4 tarinoita sek\u00e4 uusia tuttavuuksia. J\u00e4senist\u00f6 muovaa olemisen n\u00e4k\u00f6isekseen!<\/p>\n\n\n\n<p>Perjantai klo 18\u201324: Sitsiosio! Toimistositsit ovat usein suosittuja, ja niinh\u00e4n se pit\u00e4\u00e4 p\u00e4ivystyksess\u00e4kin v\u00e4h\u00e4n sitsata. T\u00e4m\u00e4 on hetki, jolloin (laulu)meno alkaa koveta ja OPM muuttuu sallituksi. J\u00e4rjest\u00f6jen puolesta saattaa l\u00f6yty\u00e4 pient\u00e4 purtavaa!<\/p>\n\n\n\n<p>Lauantai klo 00\u201312: Jatko-osio! Kuuluisien toimistojatkojen aika. Meininki voi olla mit\u00e4 vain rauhaisista nukkumisj\u00e4rjestelyist\u00e4 leffamaratoniin tai syv\u00e4llisiin keskusteluihin. Edellisten osioiden vaikutus saattaa kertautua aamulla.<\/p>\n\n\n\n<p>Toivomme kaikkien huomioivan toimiston rajallisen tilan ja etenkin nukkumistilan (n. 10 henke\u00e4), jos suunnittelette pidemp\u00e4\u00e4kin p\u00e4ivyst\u00e4mist\u00e4. Otattehan kaikki toimistolla olijat huomioon. Noudatamme turvallisen tilan periaatteita toimistolla ollessamme.<\/p>\n\n\n\n<p><strong>Maanantai 27.4. Vappusitsit<\/strong><\/p>\n\n\n\n<p>Tule viritt\u00e4ytym\u00e4\u00e4n vapputunnelmaan ja viett\u00e4m\u00e4\u00e4n Kannan kev\u00e4\u00e4n viimeisi\u00e4 sitsej\u00e4 <strong>Osakuntasalille klo 18 alkaen<\/strong>!<\/p>\n\n\n\n<p>Huomioithan, ett\u00e4 n\u00e4m\u00e4 sitsit ovat OPM, joten oma simapullo kannattaa muistaa napata mukaan. Tuttuun tapaan t\u00e4ll\u00e4kin kertaa sitsit ovat poikkitieteelliset, joten my\u00f6s muut kuin kantalaiset ovat tervetulleita mukaan nauttimaan huikeasta sitsitunnelmasta! Lipunmyynti sulkeutuu 24.4. tai heti paikkojen t\u00e4ytytty\u00e4.<\/p>\n\n\n\n<p>Lipunmyynti: <a href=\"https:\/\/kide.app\/events\/0a96fd9e-b769-463f-b019-592122ec33b5\">https:\/\/kide.app\/events\/0a96fd9e-b769-463f-b019-592122ec33b5<\/a><\/p>\n\n\n\n<p><strong>Tiistai 28.4. SuperPark-ekskursio<\/strong><\/p>\n\n\n\n<p>Iloiseen vapputunnelmaan viritt\u00e4\u00e4 mainiosti Kannan SuperPark-ekskursio. <strong>Liikkuminen ja hauskanpito Turun SuperParkissa (Kongressikuja 1) alkaa klo 16 ja p\u00e4\u00e4ttyy klo 18.<\/strong><\/p>\n\n\n\n<p>Vierailu maksaa 16 \u20ac\/henkil\u00f6. Jokainen maksaa oman p\u00e4\u00e4symaksunsa paikan p\u00e4\u00e4ll\u00e4. Vierailu toteutuu, mik\u00e4li osallistujia on v\u00e4hint\u00e4\u00e4n 11. Ilmoittautumisaikaa on 24.4. klo 23.59 saakka.<\/p>\n\n\n\n<p>Linkki ilmoittautumiseen: <a href=\"https:\/\/docs.google.com\/forms\/d\/e\/1FAIpQLScjXdwjO35ywjuB24w4BQ39EekdaypBMh_c7aIt-ASszLV3IQ\/viewform?usp=publish-editor\">https:\/\/docs.google.com\/forms\/d\/e\/1FAIpQLScjXdwjO35ywjuB24w4BQ39EekdaypBMh_c7aIt-ASszLV3IQ\/viewform?usp=publish-editor<\/a><\/p>\n\n\n\n<p><strong>Keskiviikko 29.4. Rakkauden kes\u00e4 -bileet Kritiikin kanssa<\/strong><\/p>\n\n\n\n<p><strong>Kanta ja Kritiikki kutsuvat sinut juhlimaan rakkauden kes\u00e4\u00e4 klo 21 alkaen Saaristobaariin. <\/strong>Sis\u00e4\u00e4np\u00e4\u00e4sy kustantaa ovelta 3 \u20ac, ja nopeimmille on my\u00f6s luvassa ainutlaatuisen upea haalarimerkki. Laita siis p\u00e4\u00e4h\u00e4n kukkaseppele ja pue p\u00e4\u00e4llesi haalarit\/viitta ja tule juhlimaan yhdess\u00e4 Saaristobaariin!<\/p>\n\n\n\n<p><strong>Torstai 30.4. Vappuaatto!<\/strong><\/p>\n\n\n\n<ul class=\"wp-block-list\">\n<li>Klo 10\u201312 Kanta on tarjoilemassa vappuboolia TYYn boolituksessa. Kannan piste sijaitsee Arcanumin edustalla. Myynniss\u00e4 on my\u00f6s haalarimerkkej\u00e4 ja muita kannatustuotteita!<\/li>\n\n\n\n<li>Klo 13.30 yhteisl\u00e4ht\u00f6 Arcanumilta Agricolan patsaalle.<\/li>\n\n\n\n<li>Klo 14.00 Agricolan patsaan viitoitus tuomiokirkon edustalla.<\/li>\n\n\n\n<li>Klo 16.45 vappukulkue l\u00e4htee Yliopistonm\u00e4elt\u00e4.<\/li>\n\n\n\n<li>klo 17.30 alkaen lakitus ja TYYn hallituksen puheenjohtajan puhe Taidemuseonm\u00e4ell\u00e4.<\/li>\n\n\n\n<li>Lakituksen j\u00e4lkeen kantalaiset voivat halutessaan kokoontua viett\u00e4m\u00e4\u00e4n iltaa Aboa Vetuksen edustalle.<\/li>\n<\/ul>\n\n\n\n<p><strong>Perjantai 1.5. TYYn Vappupiknik<\/strong><\/p>\n\n\n\n<p>Vappupiknik j\u00e4rjestet\u00e4\u00e4n Vartiovuorenm\u00e4ell\u00e4 klo 12\u201317. Pakkaa piknikviltti, vappuruuat ja -juomat, pihapelej\u00e4 ja kutsu mukaan kaikki opiskelijakaverisi!<\/p>\n\n\n\n<p>Kannan hallitus kokoontuu yhdess\u00e4 piknik-alueelle. Seuraan saa liitty\u00e4 miss\u00e4 vaiheessa tahansa, tiedotamme tarkemman paikan kyseisen\u00e4 p\u00e4iv\u00e4n\u00e4 kantalaisten Tunarointi-ryhm\u00e4ss\u00e4.<\/p>\n","protected":false},"excerpt":{"rendered":"<p>T\u00e4st\u00e4 sivulta l\u00f6yd\u00e4t kootusti tietoa vapun tapahtumista. Toivottavasti tapaamme mukavien tapahtumien merkeiss\u00e4! &lt;3 Torstai 23.4. Yrj\u00f6n p\u00e4iv\u00e4n baarikierros Kannan vapun perinteisell\u00e4 baarikierroksella kierr\u00e4mme porukalla Turun eri baareja. Aloitamme kierroksen tutusta ja turvallisesta Proffan Kellarista klo 18. Proffasta jatkamme kiert\u00e4m\u00e4\u00e4n eri baareja p\u00e4\u00e4tyen lopulta Coco Locoon. Osallistuminen ei vaadi erillist\u00e4 ilmoittautumista, ja kierrokselle mukaan saa liitty\u00e4 &hellip; <a href=\"https:\/\/tyyala.utu.fi\/kanta\/2094-2\/\" class=\"more-link\">Jatka artikkeliin <span class=\"screen-reader-text\">Kannan vappu 2026<\/span><\/a><\/p>\n","protected":false},"author":241,"featured_media":0,"parent":0,"menu_order":0,"comment_status":"closed","ping_status":"closed","template":"","meta":{"footnotes":""},"class_list":["post-2094","page","type-page","status-publish","hentry"],"_links":{"self":[{"href":"https:\/\/tyyala.utu.fi\/kanta\/wp-json\/wp\/v2\/pages\/2094","targetHints":{"allow":["GET"]}}],"collection":[{"href":"https:\/\/tyyala.utu.fi\/kanta\/wp-json\/wp\/v2\/pages"}],"about":[{"href":"https:\/\/tyyala.utu.fi\/kanta\/wp-json\/wp\/v2\/types\/page"}],"author":[{"embeddable":true,"href":"https:\/\/tyyala.utu.fi\/kanta\/wp-json\/wp\/v2\/users\/241"}],"replies":[{"embeddable":true,"href":"https:\/\/tyyala.utu.fi\/kanta\/wp-json\/wp\/v2\/comments?post=2094"}],"version-history":[{"count":3,"href":"https:\/\/tyyala.utu.fi\/kanta\/wp-json\/wp\/v2\/pages\/2094\/revisions"}],"predecessor-version":[{"id":2100,"href":"https:\/\/tyyala.utu.fi\/kanta\/wp-json\/wp\/v2\/pages\/2094\/revisions\/2100"}],"wp:attachment":[{"href":"https:\/\/tyyala.utu.fi\/kanta\/wp-json\/wp\/v2\/media?parent=2094"}],"curies":[{"name":"wp","href":"https:\/\/api.w.org\/{rel}","templated":true}]}}