{"id":2061,"date":"2025-12-17T13:37:20","date_gmt":"2025-12-17T11:37:20","guid":{"rendered":"https:\/\/tyyala.utu.fi\/kanta\/?page_id=2061"},"modified":"2025-12-17T13:37:20","modified_gmt":"2025-12-17T11:37:20","slug":"kokouskoosteet-2025","status":"publish","type":"page","link":"https:\/\/tyyala.utu.fi\/kanta\/kokouskoosteet-2025\/","title":{"rendered":"Kokouskoosteet 2025"},"content":{"rendered":"\n<p><strong>Kokouskooste 15.1.<\/strong><\/p>\n\n\n\n<p>Hyv\u00e4t Kannan j\u00e4senet,<\/p>\n\n\n\n<p>vuoden 2025 uusi ja innokas hallitus kokousti ensimm\u00e4isen kerran. Teimme hallituksen sis\u00e4ist\u00e4 vastuunjakoa, p\u00e4ivitimme tietoja ajantasaisiksi ja suunnittelimme tulevaa vuotta. Aku-Matti Tapani on uusi j\u00e4senvastaava ja Marianne Porkkala tuutorivastaava.<\/p>\n\n\n\n<p>Kev\u00e4t tiet\u00e4\u00e4 monenlaisia tapahtumia ja kokoontumisia Kantalaisille, joten yhdistyksen tiedotuslistaa sek\u00e4 Instagramia kannattaa seurata aktiivisesti!<\/p>\n\n\n\n<p>Kokouksen puolesta,<br \/>Ada Nyman,<br \/>sihteeri<\/p>\n\n\n\n<p><\/p>\n\n\n\n<p><strong>Kokouskooste 27.1.<\/strong><\/p>\n\n\n\n<p>Hyv\u00e4t Kannan j\u00e4senet,<\/p>\n\n\n\n<p>kev\u00e4\u00e4n toisessa kokouksessa k\u00e4vimme l\u00e4pi alkuvuoden jo menneit\u00e4 tapahtumia sek\u00e4 tulevaa, varsin runsasta ohjelmaa. Uusi laulukirja on valmistunut, ja se lauletaan l\u00e4pi 18.2. Omia karaoketaitojaan p\u00e4\u00e4see harjoittamaan karaokeillassa 12.2.<\/p>\n\n\n\n<p>Colleget ovat saapuneet toimistolle, ja ne ovat sielt\u00e4 noudettavissa. P\u00e4ivystykset ovat kev\u00e4\u00e4ll\u00e4 tuttuun tapaan maanantaisin, keskiviikkoisin ja perjantaisin klo 12\u201314.<\/p>\n\n\n\n<p>Kokouksen puolesta,<br \/>Ada Nyman,<br \/>sihteeri<\/p>\n\n\n\n<p><\/p>\n\n\n\n<p><strong>Kokouskooste 30.1.<\/strong><\/p>\n\n\n\n<p>Hyv\u00e4t Kannan j\u00e4senet,<\/p>\n\n\n\n<p>kolmannen kokouksen asialistalla oli ainoastaan edelt\u00e4v\u00e4n p\u00f6yt\u00e4kirjan hyv\u00e4ksyminen.<\/p>\n\n\n\n<p>Kokouksen puolesta,<br \/>Ada Nyman,<br \/>sihteeri<\/p>\n\n\n\n<p><\/p>\n\n\n\n<p><strong>Kokouskooste 7.2.<\/strong><\/p>\n\n\n\n<p>Hyv\u00e4t Kannan j\u00e4senet,<\/p>\n\n\n\n<p>kev\u00e4\u00e4n nelj\u00e4nness\u00e4 kokouksessa riitti asiaa muun muassa tulevista tapahtumista sek\u00e4 kokouksista. Tulossa on ainakin myyj\u00e4iset (4.3.), bileet (5.3.) ja sitsit (27.3.). Kalenteriin kannattaa merkata my\u00f6s yhdistyksen ylim\u00e4\u00e4r\u00e4inen kokous, joka pidet\u00e4\u00e4n 10. maaliskuuta.<\/p>\n\n\n\n<p>Tukea omiin opiskeluihin on saatavilla Kannan yhteisist\u00e4 opiskeluhetkist\u00e4. Suomen kielen kehityksen opintopiiri pidet\u00e4\u00e4n 26.2. ja lauseopin tenttiin on luvassa my\u00f6hemmin niin ik\u00e4\u00e4n kertausta. Viikoittainen opintohetki alkaa sekin rullata my\u00f6hemmin kev\u00e4\u00e4ll\u00e4.<\/p>\n\n\n\n<p>Kannan kokoukset ovat avoimia j\u00e4senist\u00f6lle, joten tervetuloa kuulolle!<\/p>\n\n\n\n<p>Kokouksen puolesta,<br \/>Ada Nyman,<br \/>sihteeri<\/p>\n\n\n\n<p><\/p>\n\n\n\n<p><strong>Kokouskooste 28.2.<\/strong><\/p>\n\n\n\n<p>Hyv\u00e4t Kannan j\u00e4senet,<\/p>\n\n\n\n<p>kokouksessa hyv\u00e4ksyttiin vuoden 2024 toimintakertomus ja tilinp\u00e4\u00e4t\u00f6s. Kev\u00e4tkokous pidet\u00e4\u00e4n 31.3. Tarkemmat tiedot l\u00e4hetet\u00e4\u00e4n j\u00e4senist\u00f6lle viel\u00e4 l\u00e4hemp\u00e4n\u00e4.<\/p>\n\n\n\n<p>T\u00e4ll\u00e4 viikolla on tarjolla miltei joka p\u00e4iv\u00e4 ohjelmaa. Suuntaa siis esimerkiksi laskiaistiistain myyj\u00e4isiin tai keskiviikon iskelm\u00e4bileisiin!<\/p>\n\n\n\n<p>Kokouksen puolesta,<br \/>Ada Nyman,<br \/>sihteeri<\/p>\n\n\n\n<p><\/p>\n\n\n\n<p><strong>Kokouskooste 13.3.<\/strong><\/p>\n\n\n\n<p>Hyv\u00e4t Kannan j\u00e4senet,<\/p>\n\n\n\n<p>Kannalta on l\u00e4hd\u00f6ss\u00e4 Osmaan kuusihenkinen joukkue valmiina voittamaan.<\/p>\n\n\n\n<p>Kanta ottaa osaa l\u00e4hestyv\u00e4\u00e4n opiskelijoiden mielenterveysviikkoon monin eri tapahtumin. My\u00f6s sitsej\u00e4 ja bileit\u00e4 tulossa runsaasti kev\u00e4\u00e4n aikana. Kannattaa siis ehdottomasti osallistua kaikkeen toimintaan!<\/p>\n\n\n\n<p>Kokouksen puolesta,<br \/>Ada Nyman,<br \/>sihteeri<\/p>\n\n\n\n<p><\/p>\n\n\n\n<p><strong>Kokouskooste 28.3.<\/strong><\/p>\n\n\n\n<p>Hyv\u00e4t Kannan j\u00e4senet,<\/p>\n\n\n\n<p>kev\u00e4tkokous on pian, se pidet\u00e4\u00e4n 31.3. Kokoukseen on j\u00e4senist\u00f6 tervetullut!<\/p>\n\n\n\n<p>Ensimm\u00e4inen katsaus vappuunkin on jo luotu: koko viikon ajan on luvassa hauskaa ohjelmaa, kuten 24h-toimistop\u00e4ivystys, baarikierros ja toki itse vappuaaton meiningit yliopistolla ja Taidemuseonm\u00e4ell\u00e4. Merkkaa jo nyt kalenteriin!<\/p>\n\n\n\n<p>Kokouksen puolesta,<br \/>Ada Nyman,<br \/>sihteeri<\/p>\n\n\n\n<p><\/p>\n\n\n\n<p><strong>Kokouskooste 11.4.<\/strong><\/p>\n\n\n\n<p>Hyv\u00e4t Kannan j\u00e4senet,<\/p>\n\n\n\n<p>huhtikuun ensimm\u00e4isess\u00e4 kokouksessa summattiin hiljattain pidetty kev\u00e4tkokous ja luotiin katsaus monenmoiseen tulevaan ohjelmaan. Munajahtibileet pidet\u00e4\u00e4n 17.4. ja 64-vuotisjuhlasitsit koittaa 23.4. Sitsien j\u00e4lkeen voi suunnata Kannan ja Germanican bileisiin, jotka on Fortessa.<\/p>\n\n\n\n<p>T\u00e4n\u00e4 vuonna toimintansa aloittanut kahvilakerho jatkaa uusiin kahviloihin tutustumista, seuraava kerta on suunnitteilla viel\u00e4 toukokuun alkuun.<\/p>\n\n\n\n<p>Kokouksen puolesta,<br \/>Ada Nyman,<br \/>sihteeri<\/p>\n\n\n\n<p><\/p>\n\n\n\n<p><strong>Kokouskooste 21.4.<\/strong><\/p>\n\n\n\n<p>Hyv\u00e4t Kannan j\u00e4senet,<\/p>\n\n\n\n<p>vappu l\u00e4henee kovaa vauhtia, ja Kanta on toki perinteille uskollisesti mukana yhteisiss\u00e4 tapahtumissa sek\u00e4 omalla ohjelmalla.<\/p>\n\n\n\n<p>Hallitus kokoustaa viel\u00e4 toukokuussa, ja sen j\u00e4lkeen suuntaa ansaitulle kes\u00e4tauolle. Kes\u00e4sitsit on kuitenkin suunnitteilla, joten aivan kokonaan toiminta ei hiljene silloinkaan.<\/p>\n\n\n\n<p>Kokouksen puolesta,<br \/>Ada Nyman,<br \/>sihteeri<\/p>\n\n\n\n<p><\/p>\n\n\n\n<p><strong>Kokouskooste 16.5.<\/strong><\/p>\n\n\n\n<p>Hyv\u00e4t Kannan j\u00e4senet,<\/p>\n\n\n\n<p>hallitus k\u00e4vi vapun tapahtumat l\u00e4pi, joista mainittakoon Kannan voitto Humanistis\u00e4hlyss\u00e4, hyv\u00e4 me!<\/p>\n\n\n\n<p>T\u00e4ss\u00e4 kuussa ei ole en\u00e4\u00e4 Kannan p\u00e4ivystyst\u00e4 toimistolla. Hyv\u00e4\u00e4 kes\u00e4\u00e4 kaikille!<\/p>\n\n\n\n<p>Kokouksen puolesta,<br \/>Ada Nyman,<br \/>sihteeri<\/p>\n\n\n\n<p><\/p>\n\n\n\n<p><strong>Kokouskooste 17.8.<\/strong><\/p>\n\n\n\n<p>Hyv\u00e4t Kannan j\u00e4senet,<\/p>\n\n\n\n<p>syksy l\u00e4hestyy ja Kannan toimintakin on py\u00f6r\u00e4ht\u00e4nyt k\u00e4yntiin kes\u00e4tauon j\u00e4lkeen. Tuutorit ovat valmistautuneet vastaanottamaan pian yliopistolle saapuvat fuksit. Fukseille ja ihan kaikille kantalaisille on suunniteltu mukavaa ohjelmaa tuleville viikoille, joten rohkeasti vain mukaan. My\u00f6s avajaiskarnevaalit ja Tyylik\u00e4s avaus l\u00e4hestyv\u00e4t.<\/p>\n\n\n\n<p>Kokouksen puolesta,<br \/>Ada Nyman,<br \/>sihteeri<\/p>\n\n\n\n<p><\/p>\n\n\n\n<p><strong>Kokouskooste 15.9.<\/strong><\/p>\n\n\n\n<p>Hyv\u00e4t Kannan j\u00e4senet,<\/p>\n\n\n\n<p>kokoustimme runsaslukuisen joukon kera viime maanantaina. Hallituksen uudeksi varapuheenjohtajaksi valittiin Milana Uutela, kulttuurisopoksi Edit Hustad, YYU-vastaavaksi Telma Wargh ja hallituksen j\u00e4seneksi Sanni Ansaranta. Onnea uusille hallituslaisille!<\/p>\n\n\n\n<p>Alumnij\u00e4rjest\u00f6 Fenniks j\u00e4rjest\u00e4\u00e4 muun muassa ty\u00f6nj\u00e4lkeisi\u00e4 ja muita kokoontumisia, joihin opiskelijatkin ovat tervetulleita. My\u00f6s yhteisi\u00e4 tilaisuuksia, kuten urailta, on syksylle suunnitteilla.<\/p>\n\n\n\n<p>Kokouksen puolesta,<br \/>Ada Nyman,<br \/>sihteeri<\/p>\n\n\n\n<p><\/p>\n\n\n\n<p><strong>Kokouskooste 13.9.<\/strong><\/p>\n\n\n\n<p>Hyv\u00e4t Kannan j\u00e4senet,<\/p>\n\n\n\n<p>houkuttelisiko kaljaviesti tai valokuvasuunnistus? Ent\u00e4p\u00e4 bileet? Sellaisia olisi tiedossa ihan l\u00e4hiaikoina. Hallitus kannustaa kaikkia osallistumaan!<\/p>\n\n\n\n<p>Koulutuspoliittinen vastaava osallistuu s\u00e4\u00e4nn\u00f6llisesti oppainepalavereihin, joissa k\u00e4yd\u00e4\u00e4n oppiaineen ajankohtaisia asioita l\u00e4pi.<\/p>\n\n\n\n<p>Etenkin fuksien kannattaa huomioida \u00e4\u00e4nne- ja muotorakenteen kurssin opintopiiri, joka pidet\u00e4\u00e4n 6.10.<\/p>\n\n\n\n<p>Kokouksen puolesta,<br \/>Ada Nyman,<br \/>sihteeri<\/p>\n\n\n\n<p><\/p>\n\n\n\n<p><strong>Kokouskooste 16.10.<\/strong><\/p>\n\n\n\n<p>Hyv\u00e4t Kannan j\u00e4senet,<\/p>\n\n\n\n<p>hallitus edist\u00e4\u00e4 Kannan toimintaa my\u00f6s niilt\u00e4 osin, jotka eiv\u00e4t n\u00e4y ulosp\u00e4in: t\u00e4ll\u00e4 kertaa kirjanpito-ohjelma p\u00e4\u00e4tettiin vaihtaa uuteen ja toimivampaan Kitsas-ohjelmaan.<\/p>\n\n\n\n<p>Kokouksen puolesta,<br \/>Ada Nyman,<br \/>sihteeri<\/p>\n\n\n\n<p><\/p>\n\n\n\n<p><strong>Kokouskooste 19.10.<\/strong><\/p>\n\n\n\n<p>Hyv\u00e4t Kannan j\u00e4senet,<\/p>\n\n\n\n<p>syyskokous pidet\u00e4\u00e4n 18.11. Nyt on siis hyv\u00e4 aika alkaa mietti\u00e4, hakisiko ensi vuonna mukaan hallitukseen. Jos aiheesta her\u00e4\u00e4 kysymyksi\u00e4 tai ajatuksia, kannattaa osallistua my\u00f6s hallitushoukutteluun, joka puolestaan pidet\u00e4\u00e4n 11.11.<\/p>\n\n\n\n<p>Luovaa tekemist\u00e4 on luvassa lokakuun lopussa, kun toimistolla pidet\u00e4\u00e4n runoilta.&nbsp;<\/p>\n\n\n\n<p>Ensi vuonna pidett\u00e4vien vuosijuhlien suunnittelu my\u00f6s etenee ja vujutoimikunta kokoustaa ahkerasti. Jos vuosijuhlien suunnittelu kiinnostaa, ota rohkeasti yhteytt\u00e4 esimerkiksi ryhm\u00e4n puheenjohtaja Siniin. Kaikenlainen osaaminen on tervetullutta!<\/p>\n\n\n\n<p>Kokouksen puolesta,<br \/>Ada Nyman,<br \/>sihteeri<\/p>\n\n\n\n<p><\/p>\n\n\n\n<p><strong>Kokouskooste 3.11.<\/strong><\/p>\n\n\n\n<p>Hyv\u00e4t Kannan j\u00e4senet,<\/p>\n\n\n\n<p>Kanta edustaa pian perinteisess\u00e4 Porthanian p\u00e4iv\u00e4n kulkueessa. Vegasin tanssilattialle Kanta suuntaa yhdess\u00e4 Anglican kanssa 12.11. Frat House Party- teemaisissa bileiss\u00e4. Urailtakin l\u00e4henee, se pidet\u00e4\u00e4n Arcanumilla 10.11.<\/p>\n\n\n\n<p>Syyskokousta silm\u00e4ll\u00e4 pit\u00e4en l\u00e4hiaikoina kannattaa seurata Kannan Instagramia. Siell\u00e4 hallituslaiset esittelev\u00e4t pestins\u00e4 ja kertovat samalla, miksi kannattaisi hakea ensi kaudelle mukaan.<\/p>\n\n\n\n<p>Syksyn Osma koittaa t\u00e4m\u00e4n kuun lopussa Tampereella. Kannalta on l\u00e4hd\u00f6ss\u00e4 runsaslukuinen joukkue.<\/p>\n\n\n\n<p>Kokouksen puolesta,<br \/>Ada Nyman,<br \/>sihteeri<\/p>\n\n\n\n<p><\/p>\n\n\n\n<p><strong>Kokouskooste 17.11.<\/strong><\/p>\n\n\n\n<p>Hyv\u00e4t Kannan j\u00e4senet,<\/p>\n\n\n\n<p>joulu l\u00e4henee, ja niin my\u00f6s Kannan perinteiset pikkujoulut. Seuraa tiedotusta somessa! My\u00f6s itsen\u00e4isyysp\u00e4iv\u00e4n kulkueessa on t\u00e4n\u00e4kin vuonna Kannan edustus.<\/p>\n\n\n\n<p>Osma on nyt tulevana viikonloppuna, ja Kannan timanttinen teema on viinatro\u2026siis kalakauppiaat 1920-luvulta.<\/p>\n\n\n\n<p>Kokouksen puolesta,<br \/>Ada Nyman,<br \/>sihteeri<\/p>\n\n\n\n<p><\/p>\n\n\n\n<p><strong>Kokouskooste 2.12.<\/strong><\/p>\n\n\n\n<p>Hyv\u00e4t Kannan j\u00e4senet,<\/p>\n\n\n\n<p>Kannalle on valittu uusi ja upea hallitus, joten ensi vuoden toiminta on hyviss\u00e4 k\u00e4siss\u00e4. Hallituslaiset tullaan my\u00f6hemmin esittelem\u00e4\u00e4n my\u00f6s somessa.<\/p>\n\n\n\n<p>T\u00e4m\u00e4n vuoden viimeiset myyj\u00e4iset ovat 10.12. Nyt kannattaa tulla ostelemaan uusiakin merkkej\u00e4!<\/p>\n\n\n\n<p>Vuosi l\u00e4henee loppuaan, niin my\u00f6s hallituksen kokoukset. Ainakin yksi kokous on kuitenkin t\u00e4lle vuodelle viel\u00e4 tulossa.<\/p>\n\n\n\n<p>Kokouksen puolesta,<br \/>Ada Nyman,<br \/>sihteeri<\/p>\n\n\n\n<p><\/p>\n\n\n\n<p><strong>Kokouskooste 16.12.<\/strong><\/p>\n\n\n\n<p>Hyv\u00e4t Kannan j\u00e4senet,<\/p>\n\n\n\n<p>Kanta kokousti toimistolla jouluisissa tunnelmissa. K\u00e4vimme tuttuun tapaan l\u00e4pi menneet tapahtumat sek\u00e4 my\u00f6s tulevia yhdistysasioita. Vuosi on ollut toiminnant\u00e4yteinen ja nyt sek\u00e4 hallituksen ett\u00e4 j\u00e4senten on v\u00e4hitellen aika suunnata joululoman viettoon.<\/p>\n\n\n\n<p>Kiitos t\u00e4st\u00e4 vuodesta ja hyv\u00e4\u00e4 joulua!<\/p>\n\n\n\n<p>Kokouksen puolesta,<br \/>Ada Nyman,<br \/>sihteeri<\/p>\n\n\n\n<p><\/p>\n","protected":false},"excerpt":{"rendered":"<p>Kokouskooste 15.1. Hyv\u00e4t Kannan j\u00e4senet, vuoden 2025 uusi ja innokas hallitus kokousti ensimm\u00e4isen kerran. Teimme hallituksen sis\u00e4ist\u00e4 vastuunjakoa, p\u00e4ivitimme tietoja ajantasaisiksi ja suunnittelimme tulevaa vuotta. Aku-Matti Tapani on uusi j\u00e4senvastaava ja Marianne Porkkala tuutorivastaava. Kev\u00e4t tiet\u00e4\u00e4 monenlaisia tapahtumia ja kokoontumisia Kantalaisille, joten yhdistyksen tiedotuslistaa sek\u00e4 Instagramia kannattaa seurata aktiivisesti! Kokouksen puolesta,Ada Nyman,sihteeri Kokouskooste 27.1. Hyv\u00e4t &hellip; <a href=\"https:\/\/tyyala.utu.fi\/kanta\/kokouskoosteet-2025\/\" class=\"more-link\">Jatka artikkeliin <span class=\"screen-reader-text\">Kokouskoosteet 2025<\/span><\/a><\/p>\n","protected":false},"author":241,"featured_media":0,"parent":0,"menu_order":0,"comment_status":"closed","ping_status":"closed","template":"","meta":{"footnotes":""},"class_list":["post-2061","page","type-page","status-publish","hentry"],"_links":{"self":[{"href":"https:\/\/tyyala.utu.fi\/kanta\/wp-json\/wp\/v2\/pages\/2061","targetHints":{"allow":["GET"]}}],"collection":[{"href":"https:\/\/tyyala.utu.fi\/kanta\/wp-json\/wp\/v2\/pages"}],"about":[{"href":"https:\/\/tyyala.utu.fi\/kanta\/wp-json\/wp\/v2\/types\/page"}],"author":[{"embeddable":true,"href":"https:\/\/tyyala.utu.fi\/kanta\/wp-json\/wp\/v2\/users\/241"}],"replies":[{"embeddable":true,"href":"https:\/\/tyyala.utu.fi\/kanta\/wp-json\/wp\/v2\/comments?post=2061"}],"version-history":[{"count":2,"href":"https:\/\/tyyala.utu.fi\/kanta\/wp-json\/wp\/v2\/pages\/2061\/revisions"}],"predecessor-version":[{"id":2063,"href":"https:\/\/tyyala.utu.fi\/kanta\/wp-json\/wp\/v2\/pages\/2061\/revisions\/2063"}],"wp:attachment":[{"href":"https:\/\/tyyala.utu.fi\/kanta\/wp-json\/wp\/v2\/media?parent=2061"}],"curies":[{"name":"wp","href":"https:\/\/api.w.org\/{rel}","templated":true}]}}