{"id":1902,"date":"2024-01-10T15:18:40","date_gmt":"2024-01-10T13:18:40","guid":{"rendered":"https:\/\/tyyala.utu.fi\/kanta\/?page_id=1902"},"modified":"2024-12-18T11:03:09","modified_gmt":"2024-12-18T09:03:09","slug":"kokouskoosteet-2024","status":"publish","type":"page","link":"https:\/\/tyyala.utu.fi\/kanta\/kokouskoosteet-2024\/","title":{"rendered":"Kokouskoosteet 2024"},"content":{"rendered":"\n<p><strong>Kokouskooste, 16.1.2024<\/strong><\/p>\n\n\n\n<p>Hyv\u00e4t Kannan j\u00e4senet,<\/p>\n\n\n\n<p>vuoden 2024 hallitus on kokoustanut ensimm\u00e4isen kerran.<\/p>\n\n\n\n<p>Kev\u00e4\u00e4n aikana on tulossa monenlaista kivaa tapahtumaa, joten kannattaa pysy\u00e4 kuulolla. Lis\u00e4ksi uudeksi j\u00e4senvastaavaksi valittiin Tiina M\u00e4kel\u00e4 ja fuksivastaaviksi Mea Lampinen ja Ella Leppiniemi.<\/p>\n\n\n\n<p>Kokouksen puolesta,<br \/>Joanna Penttala,<br \/>sihteeri<\/p>\n\n\n\n<p><\/p>\n\n\n\n<p><strong>Kokouskooste, 30.1.2024<\/strong><br \/><br \/>Hyv\u00e4t Kannan j\u00e4senet,<\/p>\n\n\n\n<p>vuoden 2024 hallitus on kokoustanut toisen kerran!<br \/><br \/>Tulossa ovat muun muassa seuraavat tapahtumat: Muumi-ilta (6.2.), Ensitreffibileet (7.2.), laskiaismyyj\u00e4iset (15.2.) ja kaverisitsit (22.2.) <br \/>Suomen kielen kehityksest\u00e4 j\u00e4rjestet\u00e4\u00e4n opintopiiri 27.2. ja my\u00f6s lauseopista on tulossa opintopiiri. <\/p>\n\n\n\n<p>Kokouksen puolesta,<br \/>Joanna Penttala,<br \/>sihteeri<\/p>\n\n\n\n<p><\/p>\n\n\n\n<p><strong>Kokouskooste, 13.2.<\/strong><\/p>\n\n\n\n<p>Hyv\u00e4t Kannan j\u00e4senet,<\/p>\n\n\n\n<p>vuoden 2024 hallitus on j\u00e4lleen kokoustanut.<\/p>\n\n\n\n<p>Hyv\u00e4ksyimme vuoden 2023 toimintakertomuksen, ja yhdistyksen kev\u00e4tkokous j\u00e4rjestet\u00e4\u00e4n 19. maaliskuuta. Kannatin-toimikunta on aloittamassa toimintansa helmikuussa.<\/p>\n\n\n\n<p>Kokouksen puolesta,<br \/>Joanna Penttala,<br \/>sihteeri<\/p>\n\n\n\n<p><strong>Kokouskooste, 18.2.<\/strong><\/p>\n\n\n\n<p>Hyv\u00e4t Kannan j\u00e4senet,<br \/><br \/>vuoden 2024 hallitus kokousti pikaisesti nelj\u00e4tt\u00e4 kertaa. Hyv\u00e4ksyimme Kannan tilinp\u00e4\u00e4t\u00f6ksen vuodelle 2023. Lis\u00e4ksi Osma kolkuttelee oven takana.<\/p>\n\n\n\n<p>Kokouksen puolesta,<br \/>Joanna Penttala,<br \/>sihteeri<\/p>\n\n\n\n<p><strong>Kokouskooste, 12.3.<\/strong><\/p>\n\n\n\n<p>Hyv\u00e4t Kannan j\u00e4senet,<\/p>\n\n\n\n<p>vuoden 2024 hallitus kokousti kuudetta kertaa. Kannan kev\u00e4tkokous j\u00e4rjestet\u00e4\u00e4n tiistaina 19.3. Lis\u00e4ksi tulossa ovat Munajahtibileet (28.3.) sek\u00e4 vappu monine tapahtumineen.<\/p>\n\n\n\n<p>Kokouksen puolesta,<br \/>Joanna Penttala,<br \/>sihteeri<\/p>\n\n\n\n<p><strong>Kokouskooste, 26.3.<\/strong><\/p>\n\n\n\n<p>Hyv\u00e4t Kannan j\u00e4senet,<br \/><br \/>vuoden 2024 hallitus kokousti seitsem\u00e4tt\u00e4 kertaa. Turun Osma j\u00e4rjestettiin viikonloppuna onnistuneesti. Vappu on tulossa ja sen j\u00e4rjestelyt ovat hyv\u00e4ll\u00e4 mallilla.<br \/><br \/>Kokouksen puolesta,<br \/>Joanna Penttala,<br \/>sihteeri<\/p>\n\n\n\n<p><strong>Kokouskooste, 9.4.<\/strong><\/p>\n\n\n\n<p>Hyv\u00e4t Kannan j\u00e4senet,<\/p>\n\n\n\n<p>vuoden 2024 hallitus kokousti kahdeksatta kertaa. Kokouksessa oli vierailemassa my\u00f6s Humanitas-kummimme. Vapputapahtumat alkavat jo ensi viikolla, lis\u00e4ksi tulossa on kev\u00e4\u00e4lle viel\u00e4 myyj\u00e4iset ylihuomenna sek\u00e4 k\u00e4velytapahtuma.<\/p>\n\n\n\n<p>Kokouksen puolesta,<br \/>Joanna Penttala,<br \/>sihteeri<\/p>\n\n\n\n<p><strong>Kokouskooste, 16.5.<\/strong><br \/><br \/>Hyv\u00e4t Kannan j\u00e4senet,<br \/><br \/>Kannan hallitus kokousti viel\u00e4 ennen kes\u00e4taukoa kymmenett\u00e4 kertaa t\u00e4lle vuodelle. K\u00e4vimme l\u00e4pi vappua ja syksyn tulevia tapahtumia, kuten fuksiviikkoja. N\u00e4hd\u00e4\u00e4n syksyll\u00e4!<br \/><br \/>Kokouksen puolesta,<br \/>Joanna Penttala,<br \/>sihteeri<\/p>\n\n\n\n<p><\/p>\n\n\n\n<p><strong>Kokouskooste, 19.7.<\/strong><\/p>\n\n\n\n<p>Hyv\u00e4t Kannan j\u00e4senet,<\/p>\n\n\n\n<p>Kannan hallitus kokousti kes\u00e4ll\u00e4 yhdennentoista kerran. Varapuheenjohtajan eron my\u00f6t\u00e4 pid\u00e4mme syksyll\u00e4 ylim\u00e4\u00e4r\u00e4isen kokouksen vapaiden hallituspestien t\u00e4ytt\u00e4miseksi. <\/p>\n\n\n\n<p>Kokouksen puolesta,<br \/>Joanna Penttala,<br \/>sihteeri<br \/><br \/><strong>Kokouskooste, 18.8.<\/strong><br \/><br \/>Hyv\u00e4t Kannan j\u00e4senet,<br \/><br \/>Kannan hallitus kokousti kes\u00e4ll\u00e4 kahdennentoista kerran. Suunniteltiin syksyn tapahtumia, kuten fuksiviikkoja.<br \/><br \/>Kokouksen puolesta,<br \/>Joanna Penttala,<br \/>sihteeri<br \/><br \/><strong>Kokouskooste, 5.9.<\/strong><br \/><br \/>Hyv\u00e4t Kannan j\u00e4senet,<br \/><br \/>Kannan hallitus kokousti kolmannentoista kerran. Kannan hallitus t\u00e4ydentyi ylim\u00e4\u00e4r\u00e4isess\u00e4 yhdistyksen kokouksessa uudella varapuheenjohtajalla, kulttuurisopolla ja kopolla.<br \/><br \/>Kokouksen puolesta,<br \/>Joanna Penttala,<br \/>sihteeri<br \/><br \/><strong>Kokouskooste, 16.9.<\/strong><br \/><br \/>Hyv\u00e4t Kannan j\u00e4senet,<br \/><br \/>Kannan hallitus kokousti nelj\u00e4nnentoista kerran. Alumnivastaava toi kokoukseen terveisi\u00e4 alumnij\u00e4rjest\u00f6 Fenniksilt\u00e4, jonka kanssa ollaan j\u00e4rjestem\u00e4ss\u00e4 syksyll\u00e4 tapahtumia, kuten urailta.<br \/><br \/>Kokouksen puolesta,<br \/>Joanna Penttala, <br \/>sihteeri<\/p>\n\n\n\n<p><strong>Kokouskooste, 30.9.<\/strong><br \/><br \/>Hyv\u00e4t Kannan j\u00e4senet,<br \/><br \/>Kannan hallitus kokousti viidennentoista kerran. Kannan syyskokous j\u00e4rjestet\u00e4\u00e4n 19.11. klo 18. Kokouksessa on mahdollisuus hakea hallitukseen sek\u00e4 Kielekkeeseen sek\u00e4 kokouksessa perustettavaan vujutoimikuntaan.<br \/><br \/>Kokouksen puolesta,<br \/>Joanna Penttala, <br \/>sihteeri<\/p>\n\n\n\n<p><strong>Kokouskooste, 14.10.<\/strong><\/p>\n\n\n\n<p>Hyv\u00e4t Kannan j\u00e4senet,<\/p>\n\n\n\n<p>Kannan hallitus kokousti kuudennentoista kerran. Humanitas-kummimme Mikko oli vierailulla kokouksessa. Kanta j\u00e4rjest\u00e4\u00e4 syksyn viel\u00e4 muun muassa useammat bileet: Teen Pop Party 6.11., Kielaribileet 7.11. ja 70&#8217;s-bileet 14.11. Lis\u00e4ksi pikkujoulut j\u00e4rjestet\u00e4\u00e4n 16.12.<\/p>\n\n\n\n<p>Kokouksen puolesta,<br \/>Joanna Penttala,<br \/>sihteeri<\/p>\n\n\n\n<p><strong>Kokouskooste, 30.10.<\/strong><\/p>\n\n\n\n<p>Hyv\u00e4t Kannan j\u00e4senet,<\/p>\n\n\n\n<p>Kannan hallitus kokosti seitsem\u00e4nnentoista kerran. Hyv\u00e4ksyimme luonnoksen vuoden 2025 toimintasuunnitelmasta, joka esitell\u00e4\u00e4n syyskokouksessa. Ennen syyskokousta j\u00e4rjestet\u00e4\u00e4n my\u00f6s hallitushoukuttelu maanantaina 11.11. klo 18 Proffan kellarissa.<\/p>\n\n\n\n<p>Kokouksen puolesta,<br \/>Joanna Penttala,<br \/>sihteeri<\/p>\n\n\n\n<p><strong>Kokouskooste, 5.11.<\/strong><\/p>\n\n\n\n<p>Hyv\u00e4t Kannan j\u00e4senet,<br \/><br \/>Kannan hallitus kokousti kahdeksannentoista kerran. Hyv\u00e4ksyimme luonnoksen vuoden 2025 talousarviosta, joka esitell\u00e4\u00e4n syyskokouksessa.<\/p>\n\n\n\n<p>Kokouksen puolesta,<br \/>Joanna Penttala,<br \/>sihteeri<\/p>\n\n\n\n<p><strong>Kokouskooste, 13.11.<\/strong><\/p>\n\n\n\n<p>Hyv\u00e4t Kannan j\u00e4senet,<\/p>\n\n\n\n<p>Kannan hallitus kokousti yhdeks\u00e4nnentoista kerran. Kanta j\u00e4rjest\u00e4\u00e4 pikkujoulut yhdess\u00e4 oppiaineen kanssa 9.12. ja pikkujoulut Sugrin kanssa 16.12.<\/p>\n\n\n\n<p>Kokouksen puolesta,<br \/>Joanna Penttala,<br \/>sihteeri<\/p>\n\n\n\n<p><strong>Kokouskooste, 27.11.<\/strong><\/p>\n\n\n\n<p>Hyv\u00e4t Kannan j\u00e4senet,<\/p>\n\n\n\n<p>Kannan hallitus kokousti kahdennenkymmennen kerran. Osma ry totesi Osman olleen, Kanta j\u00e4i t\u00e4ll\u00e4 kertaa niukasti toiseksi. Kannan uusi laulukirja on l\u00e4hd\u00f6ss\u00e4 painoon!<br \/><br \/>Kokouksen puolesta,<br \/>Joanna Penttala,<br \/>sihteeri<\/p>\n\n\n\n<p><strong>Kokouskooste, 11.12.2024<\/strong><\/p>\n\n\n\n<p>Kannan hallitus kokousti kahdennenkymmenenyhdennen kerran, n\u00e4ill\u00e4 n\u00e4kymin viimeist\u00e4 kertaa t\u00e4lle vuodelle. Kanta ry j\u00e4rjest\u00e4\u00e4 ylim\u00e4\u00e4r\u00e4isen kokouksen perjantaina 10.1. klo 16 Kannan toimistolla hallituksen toisen tapahtumavastaavan pestin t\u00e4ytt\u00e4miseksi.<\/p>\n\n\n\n<p>Kokouksen puolesta,<br \/>Joanna Penttala,<br \/>sihteeri<\/p>\n","protected":false},"excerpt":{"rendered":"<p>Kokouskooste, 16.1.2024 Hyv\u00e4t Kannan j\u00e4senet, vuoden 2024 hallitus on kokoustanut ensimm\u00e4isen kerran. Kev\u00e4\u00e4n aikana on tulossa monenlaista kivaa tapahtumaa, joten kannattaa pysy\u00e4 kuulolla. Lis\u00e4ksi uudeksi j\u00e4senvastaavaksi valittiin Tiina M\u00e4kel\u00e4 ja fuksivastaaviksi Mea Lampinen ja Ella Leppiniemi. Kokouksen puolesta,Joanna Penttala,sihteeri Kokouskooste, 30.1.2024 Hyv\u00e4t Kannan j\u00e4senet, vuoden 2024 hallitus on kokoustanut toisen kerran! Tulossa ovat muun muassa &hellip; <a href=\"https:\/\/tyyala.utu.fi\/kanta\/kokouskoosteet-2024\/\" class=\"more-link\">Jatka artikkeliin <span class=\"screen-reader-text\">Kokouskoosteet 2024<\/span><\/a><\/p>\n","protected":false},"author":241,"featured_media":0,"parent":0,"menu_order":0,"comment_status":"closed","ping_status":"closed","template":"","meta":{"footnotes":""},"class_list":["post-1902","page","type-page","status-publish","hentry"],"_links":{"self":[{"href":"https:\/\/tyyala.utu.fi\/kanta\/wp-json\/wp\/v2\/pages\/1902","targetHints":{"allow":["GET"]}}],"collection":[{"href":"https:\/\/tyyala.utu.fi\/kanta\/wp-json\/wp\/v2\/pages"}],"about":[{"href":"https:\/\/tyyala.utu.fi\/kanta\/wp-json\/wp\/v2\/types\/page"}],"author":[{"embeddable":true,"href":"https:\/\/tyyala.utu.fi\/kanta\/wp-json\/wp\/v2\/users\/241"}],"replies":[{"embeddable":true,"href":"https:\/\/tyyala.utu.fi\/kanta\/wp-json\/wp\/v2\/comments?post=1902"}],"version-history":[{"count":20,"href":"https:\/\/tyyala.utu.fi\/kanta\/wp-json\/wp\/v2\/pages\/1902\/revisions"}],"predecessor-version":[{"id":1998,"href":"https:\/\/tyyala.utu.fi\/kanta\/wp-json\/wp\/v2\/pages\/1902\/revisions\/1998"}],"wp:attachment":[{"href":"https:\/\/tyyala.utu.fi\/kanta\/wp-json\/wp\/v2\/media?parent=1902"}],"curies":[{"name":"wp","href":"https:\/\/api.w.org\/{rel}","templated":true}]}}