{"id":1835,"date":"2023-08-25T22:26:03","date_gmt":"2023-08-25T19:26:03","guid":{"rendered":"https:\/\/tyyala.utu.fi\/kanta\/?page_id=1835"},"modified":"2023-08-25T22:26:38","modified_gmt":"2023-08-25T19:26:38","slug":"linkkeja-ja-vinkkeja","status":"publish","type":"page","link":"https:\/\/tyyala.utu.fi\/kanta\/linkkeja-ja-vinkkeja\/","title":{"rendered":"Linkkej\u00e4 ja vinkkej\u00e4"},"content":{"rendered":"\n<h2 class=\"wp-block-heading\">Yleist\u00e4<\/h2>\n\n\n\n<p><a href=\"https:\/\/intranet.utu.fi\/fi\/yksikot\/hum\/yksikot\/kkl\/opetus\/Sivut\/home.aspx\">Kieli- ja k\u00e4\u00e4nn\u00f6stieteiden laitoksen yhteiset k\u00e4yt\u00e4nn\u00f6t<\/a> <\/p>\n\n\n\n<p><a href=\"https:\/\/intranet.utu.fi\/fi\/yksikot\/hum\/opiskelu\/perustutkinnot\/uudelle-opiskelijalle\/Sivut\/default.aspx\">T\u00e4rkeimm\u00e4t asiat ytimekk\u00e4\u00e4sti (uudelle) humanistiopiskelijalle<\/a><\/p>\n\n\n\n<p><a href=\"https:\/\/opas.peppi.utu.fi\/fi\/ohjelma\/87450?period=2022-2024\">Opinto-opas<\/a>, klikkaamalla &#8221;SUOMEN KIELI JA SUOMALAIS-UGRILAINEN KIELENTUTKIMUS&#8221;<em> <\/em>voi valita n\u00e4ht\u00e4v\u00e4ksi vain suomen kielen linjan opinnot.<\/p>\n\n\n\n<h2 class=\"wp-block-heading\">Opinnot ja opiskelu<\/h2>\n\n\n\n<p><a href=\"https:\/\/intranet.utu.fi\/index\/ahot\/Sivut\/default.aspx\" data-type=\"URL\" data-id=\"https:\/\/intranet.utu.fi\/index\/ahot\/Sivut\/default.aspx\">Opintojen hyv\u00e4ksilukeminen<\/a><\/p>\n\n\n\n<p><a href=\"https:\/\/intranet.utu.fi\/fi\/yksikot\/hum\/yksikot\/kkl\/oppiaineet\/suomi-sgr\/opiskelu\/lomakkeet_ohjeet\/Sivut\/Opintokokonaisuuden-loppumerkint%C3%A4.aspx\">Opintokokonaisuuden loppumerkinn\u00e4n hakeminen<\/a><\/p>\n\n\n\n<p><a href=\"https:\/\/intranet.utu.fi\/fi\/yksikot\/hum\/opiskelu\/sivuaine\/opettajaksi\/Sivut\/home.aspx\">Opettajaksi opiskelusta<\/a>: Tutkinnon sis\u00e4ll\u00e4 pedagogisiin hakevalta edellytet\u00e4\u00e4n p\u00e4\u00e4s\u00e4\u00e4nt\u00f6isesti p\u00e4\u00e4aineen opintoja 50 opintopisteen verran. <a href=\"https:\/\/intranet.utu.fi\/fi\/yksikot\/hum\/opiskelu\/sivuaine\/opettajaksi\/Sivut\/valintapedagogisiin.aspx\">Poikkeukset edellytyksiin t\u00e4m\u00e4n linkin takaa<\/a>, joihin \u00e4idinkielen ja kirjallisuuden opettaja sis\u00e4ltyy.<\/p>\n\n\n\n<p>Tukea opintoihin: <a href=\"https:\/\/www.utu.fi\/fi\/ekaaskel\">Eka askel<\/a><\/p>\n\n\n\n<h2 class=\"wp-block-heading\">Valmistuminen<\/h2>\n\n\n\n<p><a href=\"https:\/\/intranet.utu.fi\/fi\/yksikot\/hum\/opiskelu\/valmistuminen\/Sivut\/default.aspx\">Tutkintotodistuksen hakeminen<\/a><\/p>\n\n\n\n<p><a href=\"https:\/\/www.utupub.fi\/browse?type=studysubject&amp;value=fi%3DSuomen+kieli+ja+suomalais-ugrilainen+kielentutkimus%2Fsuomen+kieli%7Cen%3DFinnish+and+Finno-Ugric+Languages%2FFinnish+Language%7C\">Suomen kielen pro gradu -tutkielmia ja v\u00e4it\u00f6skirjoja<\/a><\/p>\n\n\n\n<p><\/p>\n","protected":false},"excerpt":{"rendered":"<p>Yleist\u00e4 Kieli- ja k\u00e4\u00e4nn\u00f6stieteiden laitoksen yhteiset k\u00e4yt\u00e4nn\u00f6t T\u00e4rkeimm\u00e4t asiat ytimekk\u00e4\u00e4sti (uudelle) humanistiopiskelijalle Opinto-opas, klikkaamalla &#8221;SUOMEN KIELI JA SUOMALAIS-UGRILAINEN KIELENTUTKIMUS&#8221; voi valita n\u00e4ht\u00e4v\u00e4ksi vain suomen kielen linjan opinnot. Opinnot ja opiskelu Opintojen hyv\u00e4ksilukeminen Opintokokonaisuuden loppumerkinn\u00e4n hakeminen Opettajaksi opiskelusta: Tutkinnon sis\u00e4ll\u00e4 pedagogisiin hakevalta edellytet\u00e4\u00e4n p\u00e4\u00e4s\u00e4\u00e4nt\u00f6isesti p\u00e4\u00e4aineen opintoja 50 opintopisteen verran. Poikkeukset edellytyksiin t\u00e4m\u00e4n linkin takaa, joihin \u00e4idinkielen &hellip; <a href=\"https:\/\/tyyala.utu.fi\/kanta\/linkkeja-ja-vinkkeja\/\" class=\"more-link\">Jatka artikkeliin <span class=\"screen-reader-text\">Linkkej\u00e4 ja vinkkej\u00e4<\/span><\/a><\/p>\n","protected":false},"author":241,"featured_media":0,"parent":0,"menu_order":0,"comment_status":"closed","ping_status":"closed","template":"","meta":{"footnotes":""},"class_list":["post-1835","page","type-page","status-publish","hentry"],"_links":{"self":[{"href":"https:\/\/tyyala.utu.fi\/kanta\/wp-json\/wp\/v2\/pages\/1835","targetHints":{"allow":["GET"]}}],"collection":[{"href":"https:\/\/tyyala.utu.fi\/kanta\/wp-json\/wp\/v2\/pages"}],"about":[{"href":"https:\/\/tyyala.utu.fi\/kanta\/wp-json\/wp\/v2\/types\/page"}],"author":[{"embeddable":true,"href":"https:\/\/tyyala.utu.fi\/kanta\/wp-json\/wp\/v2\/users\/241"}],"replies":[{"embeddable":true,"href":"https:\/\/tyyala.utu.fi\/kanta\/wp-json\/wp\/v2\/comments?post=1835"}],"version-history":[{"count":3,"href":"https:\/\/tyyala.utu.fi\/kanta\/wp-json\/wp\/v2\/pages\/1835\/revisions"}],"predecessor-version":[{"id":1838,"href":"https:\/\/tyyala.utu.fi\/kanta\/wp-json\/wp\/v2\/pages\/1835\/revisions\/1838"}],"wp:attachment":[{"href":"https:\/\/tyyala.utu.fi\/kanta\/wp-json\/wp\/v2\/media?parent=1835"}],"curies":[{"name":"wp","href":"https:\/\/api.w.org\/{rel}","templated":true}]}}