{"id":1780,"date":"2023-08-23T00:00:21","date_gmt":"2023-08-22T21:00:21","guid":{"rendered":"https:\/\/tyyala.utu.fi\/kanta\/?page_id=1780"},"modified":"2025-07-25T13:21:47","modified_gmt":"2025-07-25T10:21:47","slug":"uudelle-opiskelijalle","status":"publish","type":"page","link":"https:\/\/tyyala.utu.fi\/kanta\/uudelle-opiskelijalle\/","title":{"rendered":"Uudelle opiskelijalle"},"content":{"rendered":"\n<p>Hei fuksi! Ihanaa, ett\u00e4 olet valinnut suomen kielen ja onnea opiskelupaikasta! L\u00e4mpim\u00e4sti tervetuloa opiskelemaan Turun yliopistoon sek\u00e4 mukaan Kanta ry:n toimintaan.<\/p>\n\n\n\n<p>Tuutorien l\u00e4hett\u00e4m\u00e4n infokirjeen lis\u00e4ksi t\u00e4m\u00e4n sivun tarkoitus on koota kaikenlainen t\u00e4rke\u00e4 info yhteen paikkaan muistutukseksi sek\u00e4 infoksi siit\u00e4, mit\u00e4 tulevat viikot ja vuosi pit\u00e4v\u00e4t sis\u00e4ll\u00e4\u00e4n.<\/p>\n\n\n\n<p>Orientaatioviikoilla tutustutaan yliopistoon, opiskelutovereihin sek\u00e4 Turkuun! Opinnot l\u00e4htev\u00e4t k\u00e4yntiin kaikille kieliaineiden uusille opiskelijoille yhteisell\u00e4 johdantokurssilla. Ensimm\u00e4inen kurssin luento alkaa <strong>**** <\/strong>Yliopistonm\u00e4ell\u00e4 Naturan luentosalissa **. Tuutorit ovat j\u00e4rjest\u00e4neet orientaatio- tai fuksiviikoille muutakin rentoa ja mukavaa ohjelmaa, joten my\u00f6s illat kannattaa pit\u00e4\u00e4 vapaina.<\/p>\n\n\n\n<p>Kannan alaisuudessa toimiva verkkolehti, Kieleke, julkaisee joka syksy perinteisen uusille opiskelijoille suunnatun Info-Kielekkeen. Uusimman Info-Kielekkeen voi lukea <a href=\"https:\/\/kieleke.fi\/tag\/info-kieleke-2025\/\">t\u00e4st\u00e4 linkist\u00e4<\/a>. Aiempia Info-Kielekkeit\u00e4: <a href=\"https:\/\/kieleke.fi\/category\/info-kieleke-2024\/\">2024<\/a>, <a href=\"https:\/\/kieleke.fi\/category\/info-kieleke-2023\/\">2023<\/a>, <a href=\"http:\/\/kieleke.fi\/category\/info-kieleke-2022\/\">2022<\/a>, <a href=\"http:\/\/kieleke.fi\/category\/info-kieleke-2021\/\">2021<\/a>, <a href=\"https:\/\/kieleke.fi\/category\/info-kieleke-2020\/\">2020<\/a>.<\/p>\n\n\n\n<p><br \/>Tuutorisi ja muut kantalaiset odottavat innolla tapaamistasi!<\/p>\n\n\n\n<p class=\"has-medium-font-size\">Muista n\u00e4m\u00e4:<\/p>\n\n\n\n<ul style=\"font-size:63px\" class=\"wp-block-list\">\n<li style=\"font-size:16px\">Ilmoittaudu l\u00e4sn\u00e4olevaksi opiskelijaksi ja maksa Turun yliopiston ylioppilaskunnan (TYY) j\u00e4senmaksu: <a href=\"https:\/\/www.utu.fi\/fi\/opiskelijaksi\/ilmo\/uuden-ilmo\">Uuden perustutkinto-opiskelijan ilmoittautuminen<\/a><\/li>\n\n\n\n<li style=\"font-size:16px\">Tilaa itsellesi opiskelijakortti tai lataa ilmainen opiskelijakortti puhelimeesi: <a href=\"https:\/\/www.frank.fi\/\">Frank.fi<\/a> ja\/tai <a href=\"https:\/\/www.tuudo.fi\/\">Tuudo.fi<\/a><\/li>\n\n\n\n<li style=\"font-size:16px\">Hae opinto- ja asumistukea Kelalta: <a href=\"https:\/\/www.kela.fi\/opiskelijat-pikaopas\">Pikaopas opintoetuuksiin<\/a><\/li>\n\n\n\n<li style=\"font-size:16px\">Maksa korkeakouluopiskelijan terveydenhoitomaksu Kelalle: <a href=\"https:\/\/www.kela.fi\/nain-maksat-korkeakouluopiskelijan-terveydenhoitomaksun\">N\u00e4in maksat terveydenhoitomaksun<\/a><\/li>\n\n\n\n<li style=\"font-size:16px\"><strong>Liity Kannan j\u00e4seneksi: <a href=\"https:\/\/kide.app\/memberships\/b99dab9a-16a9-48ee-b196-d2009f1a7860\">Kide.app<\/a><\/strong><\/li>\n\n\n\n<li style=\"font-size:16px\">Seuraa <a href=\"https:\/\/www.instagram.com\/kantalaiset\/?hl=fi\">@kantalaiset <\/a>Instagramissa ja <a href=\"https:\/\/lists.utu.fi\/mailman\/listinfo\/kantalaiset\">liity s\u00e4hk\u00f6postilistalle<\/a>, joka on Kannan ensisijainen viestint\u00e4kanava!<\/li>\n<\/ul>\n\n\n\n<p class=\"has-medium-font-size\">Hy\u00f6dyllisi\u00e4 linkkej\u00e4:<\/p>\n\n\n\n<ul class=\"wp-block-list\">\n<li style=\"font-size:16px\">Turun yliopiston <em><a href=\"https:\/\/www.utu.fi\/fi\/opiskelijaksi\/uudelle-opiskelijalle\" data-type=\"URL\" data-id=\"https:\/\/www.utu.fi\/fi\/opiskelijaksi\/uudelle-opiskelijalle\">Uudelle opiskelijalle<\/a><\/em><\/li>\n\n\n\n<li style=\"font-size:16px\">Suomen kielen ja suomalais-ugrilaisen kielentutkimuksen <a href=\"https:\/\/opas.peppi.utu.fi\/fi\/ohjelma\/87450?period=2022-2024\" data-type=\"URL\" data-id=\"https:\/\/opas.peppi.utu.fi\/fi\/ohjelma\/87450?period=2022-2024\">opinto-opas<\/a> &amp; <a href=\"https:\/\/opas.peppi.utu.fi\/fi\/sivuainetarjonta-ja-muut-opintokokonaisuudet\/13997?period=2022-2024\">sivuainetarjonta<\/a><\/li>\n\n\n\n<li style=\"font-size:16px\"><a href=\"https:\/\/student.peppi.utu.fi\/\">Opintorekisteri Peppi<\/a><\/li>\n\n\n\n<li style=\"font-size:16px\"><a href=\"https:\/\/intranet.utu.fi\/fi\/Sivut\/opiskelija.aspx\">Yliopiston intranet<\/a><\/li>\n\n\n\n<li style=\"font-size:16px\"><a href=\"https:\/\/www.utu.fi\/fi\/yliopisto\/humanistinen-tiedekunta\/suomen-kieli-ja-suomalais-ugrilainen-kielentutkimus\/suomen-kieli\/yhteystiedot\" data-type=\"URL\" data-id=\"https:\/\/www.utu.fi\/fi\/yliopisto\/humanistinen-tiedekunta\/suomen-kieli-ja-suomalais-ugrilainen-kielentutkimus\/suomen-kieli\/yhteystiedot\">Suomen kielen linjan yhteystiedot<\/a> (opetushenkil\u00f6kunta)<\/li>\n\n\n\n<li style=\"font-size:16px\"><a href=\"https:\/\/moodle.utu.fi\/\">Moodle<\/a><\/li>\n\n\n\n<li style=\"font-size:16px\">Yliopiston kirjasto <a href=\"https:\/\/utuvolter.fi\/discovery\/search?vid=358FIN_UTUR:VU1\">Volter<\/a><br \/><br \/><\/li>\n\n\n\n<li style=\"font-size:16px\"><a href=\"https:\/\/www.unica.fi\/\">Unican lounaslistat<\/a><\/li>\n\n\n\n<li style=\"font-size:16px\"><a href=\"https:\/\/www.karkafeerna.fi\/fi\/lounas\/\">K\u00e5rkaf\u00e9ernan lounaslistat<\/a><\/li>\n\n\n\n<li style=\"font-size:16px\"><a href=\"https:\/\/www.utu.fi\/fi\/yliopisto\/turun-kampus\">Turun kampus<\/a> &amp; <a href=\"https:\/\/goo.gl\/maps\/16Q5F1M7m1Vr9SQR9\">Turun kampus kartalla<\/a><br \/><br \/><\/li>\n\n\n\n<li style=\"font-size:16px\"><a href=\"https:\/\/www.turku.fi\/opiskelijakaupunki\">Turku opiskelijakaupunkina<\/a><\/li>\n\n\n\n<li style=\"font-size:16px\"><a href=\"https:\/\/www.campussport.fi\/fi\/\">CampusSport<\/a><\/li>\n\n\n\n<li style=\"font-size:16px\"><a href=\"https:\/\/tys.fi\/\">Turun ylioppilaskyl\u00e4s\u00e4\u00e4ti\u00f6 <\/a>(TYS)<\/li>\n\n\n\n<li style=\"font-size:16px\"><a href=\"https:\/\/www.tyy.fi\/fi\">Turun yliopiston ylioppilaskunta <\/a>(TYY)<\/li>\n\n\n\n<li style=\"font-size:16px\"><a href=\"https:\/\/www.yths.fi\/\">Ylioppilaiden terveydenhuoltos\u00e4\u00e4ti\u00f6<\/a> (YTHS)<\/li>\n<\/ul>\n","protected":false},"excerpt":{"rendered":"<p>Hei fuksi! Ihanaa, ett\u00e4 olet valinnut suomen kielen ja onnea opiskelupaikasta! L\u00e4mpim\u00e4sti tervetuloa opiskelemaan Turun yliopistoon sek\u00e4 mukaan Kanta ry:n toimintaan. Tuutorien l\u00e4hett\u00e4m\u00e4n infokirjeen lis\u00e4ksi t\u00e4m\u00e4n sivun tarkoitus on koota kaikenlainen t\u00e4rke\u00e4 info yhteen paikkaan muistutukseksi sek\u00e4 infoksi siit\u00e4, mit\u00e4 tulevat viikot ja vuosi pit\u00e4v\u00e4t sis\u00e4ll\u00e4\u00e4n. Orientaatioviikoilla tutustutaan yliopistoon, opiskelutovereihin sek\u00e4 Turkuun! Opinnot l\u00e4htev\u00e4t k\u00e4yntiin &hellip; <a href=\"https:\/\/tyyala.utu.fi\/kanta\/uudelle-opiskelijalle\/\" class=\"more-link\">Jatka artikkeliin <span class=\"screen-reader-text\">Uudelle opiskelijalle<\/span><\/a><\/p>\n","protected":false},"author":241,"featured_media":0,"parent":0,"menu_order":0,"comment_status":"closed","ping_status":"closed","template":"","meta":{"footnotes":""},"class_list":["post-1780","page","type-page","status-publish","hentry"],"_links":{"self":[{"href":"https:\/\/tyyala.utu.fi\/kanta\/wp-json\/wp\/v2\/pages\/1780","targetHints":{"allow":["GET"]}}],"collection":[{"href":"https:\/\/tyyala.utu.fi\/kanta\/wp-json\/wp\/v2\/pages"}],"about":[{"href":"https:\/\/tyyala.utu.fi\/kanta\/wp-json\/wp\/v2\/types\/page"}],"author":[{"embeddable":true,"href":"https:\/\/tyyala.utu.fi\/kanta\/wp-json\/wp\/v2\/users\/241"}],"replies":[{"embeddable":true,"href":"https:\/\/tyyala.utu.fi\/kanta\/wp-json\/wp\/v2\/comments?post=1780"}],"version-history":[{"count":8,"href":"https:\/\/tyyala.utu.fi\/kanta\/wp-json\/wp\/v2\/pages\/1780\/revisions"}],"predecessor-version":[{"id":2024,"href":"https:\/\/tyyala.utu.fi\/kanta\/wp-json\/wp\/v2\/pages\/1780\/revisions\/2024"}],"wp:attachment":[{"href":"https:\/\/tyyala.utu.fi\/kanta\/wp-json\/wp\/v2\/media?parent=1780"}],"curies":[{"name":"wp","href":"https:\/\/api.w.org\/{rel}","templated":true}]}}