{"id":1555,"date":"2022-02-26T13:46:48","date_gmt":"2022-02-26T11:46:48","guid":{"rendered":"https:\/\/tyyala.utu.fi\/kanta\/?page_id=1555"},"modified":"2023-01-09T18:59:34","modified_gmt":"2023-01-09T16:59:34","slug":"kokouskoosteet-2022","status":"publish","type":"page","link":"https:\/\/tyyala.utu.fi\/kanta\/kokouskoosteet-2022\/","title":{"rendered":"Kokouskoosteet 2022"},"content":{"rendered":"\n<p><strong>Kokouskooste 19.1.2022<\/strong><\/p>\n\n\n\n<p>Hyv\u00e4t Kannan j\u00e4senet,<\/p>\n\n\n\n<p>Kannan vuoden 2022 hallitus on kokoustanut ensimm\u00e4isen kerran!<\/p>\n\n\n\n<p>Kokouksessa k\u00e4siteltiin muun muassa kev\u00e4\u00e4n tulevia tapahtumia. Valitettavasti joudumme j\u00e4lleen aloittamaan vuoden et\u00e4tapahtumilla. Hallituslaiset esitt\u00e4ytyv\u00e4t Instagramissa viikoilla 4 ja 5.<\/p>\n\n\n\n<p>Kanta j\u00e4rjest\u00e4\u00e4 opintopiirej\u00e4 muutamille kursseille, kuten lauseopin ja suomen kielen kehityksen kurssille.<\/p>\n\n\n\n<p>P\u00e4ivystykset aloitetaan niin ik\u00e4\u00e4n et\u00e4n\u00e4 maanantaisin ja keskiviikkoisin klo 12-14.<\/p>\n\n\n\n<p>Kokouksen puolesta,<br \/>Mariette Oksanen, sihteeri<\/p>\n\n\n\n<p><strong>Kokouskooste, 2.2.2022<\/strong><\/p>\n\n\n\n<p>Hyv\u00e4t Kannan j\u00e4senet,<\/p>\n\n\n\n<p>Kannan hallitus on j\u00e4lleen p\u00e4\u00e4ssyt kokoustamisen makuun.<\/p>\n\n\n\n<p>Kokouksen puheenaiheina olivat monituiset tulevat tapahtumat sek\u00e4 teemap\u00e4ivystykset. Rajoitusten lieventyess\u00e4 aletaan j\u00e4rjest\u00e4\u00e4 l\u00e4hitapahtumia.<\/p>\n\n\n\n<p>Hallitus on perustanut Perinnetoimikunnan, johon toivotaan liittyv\u00e4n vanhempien vuosikurssien opiskelijoita.<\/p>\n\n\n\n<p>P\u00e4ivystykset siirtyv\u00e4t toimistolle maanantaista 7.2. alkaen.<\/p>\n\n\n\n<p>Kokouksen puolesta,<br \/>Mariette Oksanen, sihteeri<\/p>\n\n\n\n<p><strong>Kokouskooste, 17.2.2022<\/strong><\/p>\n\n\n\n<p>Hyv\u00e4 Kannan j\u00e4senist\u00f6,<\/p>\n\n\n\n<p>hallitus kokousti kolmannen kerran t\u00e4n\u00e4 vuonna.<\/p>\n\n\n\n<p>Kokouksessa k\u00e4ytiin l\u00e4pi sek\u00e4 menneet ett\u00e4 tulevat tapahtumat. Menneit\u00e4 tapahtumia ovat olleet muun muassa vvv-ilta, yst\u00e4v\u00e4np\u00e4iv\u00e4n korttipajap\u00e4ivystys ja laskiaispullap\u00e4ivystys. Tulevia tapahtumia ovat muun muassa lomaltapaluuristeily ja valkohaalarisitsit.<\/p>\n\n\n\n<p>Vuosijuhlien suunnittelu ja toteutustoimenpiteet ovat hurjassa vauhdissa. Toimikuntaan vois edelleen liitty\u00e4 apuk\u00e4siksi.<\/p>\n\n\n\n<p>My\u00f6hemmin kev\u00e4\u00e4ll\u00e4 julkaistaan my\u00f6s hyvinvointikysely.<\/p>\n\n\n\n<p>Kokouksen puolesta,<br \/>Mariette Oksanen, sihteeri<\/p>\n\n\n\n<p><strong>Kokouskooste, 21.2.2022<\/strong><\/p>\n\n\n\n<p>Hyv\u00e4t Kannan j\u00e4senet,<\/p>\n\n\n\n<p>hallitus kokousti maanantaina nelj\u00e4nnen kerran t\u00e4n\u00e4 vuonna.<\/p>\n\n\n\n<p>Kokouksessa k\u00e4ytiin l\u00e4pi vuoden 2021 toimintakertomus ja tilinp\u00e4\u00e4t\u00f6s. Samalla ne hyv\u00e4ksyttiin esitett\u00e4v\u00e4ksi Kannan s\u00e4\u00e4nt\u00f6m\u00e4\u00e4r\u00e4isess\u00e4 kev\u00e4tkokouksessa.<\/p>\n\n\n\n<p>Kokouksessa keskusteltiin my\u00f6s tulevista tapahtumista, joita ovat muun muassa kirpputoritapahtuma 4.3. ja lomaltapaluuristeily 6.3.<\/p>\n\n\n\n<p>Kokouksen puolesta,<br \/>Mariette Oksanen, sihteeri<\/p>\n\n\n\n<p><strong>Kokouskooste, 1.3.2022<\/strong><\/p>\n\n\n\n<p>Hyv\u00e4t Kannan j\u00e4senet,<\/p>\n\n\n\n<p>vuoden viides hallituksen kokous on pidetty.<\/p>\n\n\n\n<p>Nyt rajoitusten helpotuttua Kanta pystyy j\u00e4lleen j\u00e4rjest\u00e4m\u00e4\u00e4n paljon tapahtumia. T\u00e4ll\u00e4 viikolla on Ruotsinlaivabileet, Kantakirppis ja Lomaltapaluuristeily. Muita maaliskuun tapahtumia ovat Balettikokeilu Sugrin kanssa 10.3., Valkohaalarisitsit 17.3. ja peli-ilta toimistolla 22.3. My\u00f6s loppukev\u00e4\u00e4n tapahtumien suunnittelu on jo pitk\u00e4ll\u00e4.<\/p>\n\n\n\n<p>Seuraava Kieleke julkaistaan maanantaina 14.3. Ilmoittautuminen vuosijuhlille on auennut 28.2. ja se on auki 10.3. saakka.<\/p>\n\n\n\n<p>P\u00e4ivystykset j\u00e4rjestet\u00e4\u00e4n edelleen maanantaisin ja keskiviikkoisin kello 12-14 toimistolla, lukuun ottamatta maanantaita 7.3., jolloin p\u00e4ivystys on peruttu Kannan Lomaltapaluuristeilyn vuoksi.<\/p>\n\n\n\n<p>Kokouksen puolesta,<br \/>Mariette Oksanen, sihteeri<\/p>\n\n\n\n<p><strong>Kokouskooste 16.3.2022<\/strong><\/p>\n\n\n\n<p>Hyv\u00e4 j\u00e4senist\u00f6,<\/p>\n\n\n\n<p>Kannan hallitus on kokoustanut j\u00e4lleen.<\/p>\n\n\n\n<p>Kokouksen puheenaiheina olivat sek\u00e4 menneet tapahtumat, kuten Ruotsinlaivabileet ja Lomaltapaluuristeily, ett\u00e4 tulevat tapahtumat, kuten Valkohaalarisitsit, Osma ja Kannan vuosijuhlat. My\u00f6s vapun ohjelma p\u00e4\u00e4si jo alustavasti suunnittelun alle!<\/p>\n\n\n\n<p>Kev\u00e4\u00e4ll\u00e4 on lis\u00e4ksi tulossa viel\u00e4 muun muassa myyj\u00e4iset ja konserttiekskursio.<\/p>\n\n\n\n<p>Kev\u00e4\u00e4n ensimm\u00e4inen Kieleke julkaistiin 14.3.! Sielt\u00e4 l\u00f6yt\u00e4\u00e4 muun muassa hallituslaisten ytimekk\u00e4\u00e4t esittelyt.<\/p>\n\n\n\n<p>Kokouksen puolesta,<br \/>Mariette Oksanen, sihteeri<\/p>\n\n\n\n<p><strong>Kokouskooste 28.3.2022<\/strong><\/p>\n\n\n\n<p>Hyv\u00e4t Kannan j\u00e4senet,<\/p>\n\n\n\n<p>hallitus on kokoustanut j\u00e4lleen.<\/p>\n\n\n\n<p>Kanta on kev\u00e4tkokouksessaan sitoutunut Kannan turvallisen tilan periaatteisiin. Ohjeistukset tulevat n\u00e4kyviin toimiston sein\u00e4lle ja jokainen toimiston k\u00e4ytt\u00e4j\u00e4 sitoutuu niit\u00e4 noudattamaan.<\/p>\n\n\n\n<p>Kanta on edustanut Osmassa Jyv\u00e4skyl\u00e4ss\u00e4 ja tullut kolmanneksi Osma-turnauksessa. Kanta on osallistunut my\u00f6s Valkohaalarisitseille. Vujutanssiharjoituksia on pidetty kolmin kappalein ja opetusvideot on l\u00e4hetetty Kantalaiset-s\u00e4hk\u00f6postilistalle.<\/p>\n\n\n\n<p>Kokouksessa suunniteltiin tulevia tapahtumia, joista suurin on vappu. Vapun ohjelma tullaan pian paljastamaan Kannan Instagramissa. Keskiviikkona 6.4. Kanta j\u00e4rjest\u00e4\u00e4 kev\u00e4tmyyj\u00e4iset Feeniksin aulassa.<\/p>\n\n\n\n<p>Vuosijuhlavalmistelut ovat loppusuoralla, t\u00e4m\u00e4n viikon lauantaina juhlitaan!<\/p>\n\n\n\n<p>Kokouksen puolesta,<br \/>Mariette Oksanen, sihteeri<\/p>\n\n\n\n<p><strong>Kokouskooste, 12.4.2022<\/strong><\/p>\n\n\n\n<p>Hyv\u00e4t Kannan j\u00e4senet,<\/p>\n\n\n\n<p>Kannan hallitus kokousti taas.<\/p>\n\n\n\n<p>Kokouksen puheenaiheina olivat menneet tapahtumat sek\u00e4 vappu. Menneit\u00e4 tapahtumia ovat muun muassa vuosijuhlat ja kev\u00e4tmyyj\u00e4iset. Kev\u00e4tmyyj\u00e4iset oli menestys, ja vuosijuhlilla viihdyttiin erinomaisesti. My\u00f6s silliaamiainen veti paljon k\u00e4vij\u00f6it\u00e4. Kannan vapun suunnittelu on saatu p\u00e4\u00e4t\u00f6kseen ja pian p\u00e4\u00e4st\u00e4\u00e4n viett\u00e4m\u00e4\u00e4n l\u00e4hivappua pitk\u00e4st\u00e4 aikaa! Aiemmin lopputalvella perustetusta Perinnetoimikunnasta on ollut hallitukselle suuri apua vapun suunnittelussa, ja hallitus on siit\u00e4 iloinen ja kiitollinen.<\/p>\n\n\n\n<p>Oppiaine j\u00e4rjest\u00e4\u00e4 opiskelijoiden kanssa yhteis\u00f6llisyysp\u00e4iv\u00e4n 4.5. kello 13-16. Tilaisuuden yhteydess\u00e4 j\u00e4rjestet\u00e4\u00e4n aidot kissanristi\u00e4iset.<\/p>\n\n\n\n<p>Ensi syksyn tuutorit on julkaistu, ja Kannan tuutorit ovat Emmi Saarnilehto, Sara Ij\u00e4s, Erika L\u00f6ytynoja, Elias Kukkonen, Verna Laine ja Kristiina Toukovalkama. Sugrin tuutorit ovat Mirjami Sipil\u00e4 ja Riku Pihkakoski.<\/p>\n\n\n\n<p>Kokouksen puolesta,<br \/>Mariette Oksanen, sihteeri<\/p>\n\n\n\n<p><strong>Kooste, 25.4.2022<\/strong><\/p>\n\n\n\n<p>Hyv\u00e4t Kannan j\u00e4senet,<br \/>hallitus kokousti j\u00e4lleen vappuviikolla.<\/p>\n\n\n\n<p>Kokouksen p\u00e4\u00e4puheenaiheena oli vappu. Menneet tapahtumat k\u00e4ytiin l\u00e4pi ja loppuvapun tapahtumien suunnitelmat viimeisteltiin.<\/p>\n\n\n\n<p>Vapun j\u00e4lkeen julkaistaan hyvinvointikysely, johon toivotaan mahdollisimman monelta vastauksia.<\/p>\n\n\n\n<p>Keskiviikkona 4.5. on oppiaineen yhteis\u00f6llisyysp\u00e4iv\u00e4 ja kissanristi\u00e4iset.<\/p>\n\n\n\n<p>Kannan viimeinen kev\u00e4\u00e4n p\u00e4ivystys pidet\u00e4\u00e4n maanantaina 2.5. kello 12-14 toimistolla.<\/p>\n\n\n\n<p>Kokouksen puolesta,<br \/>Mariette Oksanen, sihteeri<\/p>\n\n\n\n<p><strong>Kooste, 10.5.2022<\/strong><\/p>\n\n\n\n<p>Hyv\u00e4t j\u00e4senemme,<br \/>Kannan hallitus kokousti j\u00e4lleen.<\/p>\n\n\n\n<p>Kokouksessa k\u00e4ytiin kootusti l\u00e4pi vappu, ja muut menneet tapahtumat, kuten CMT:n konserttieksku ja oppiaineen yhteis\u00f6llisyysp\u00e4iv\u00e4. N\u00e4in ollen Kannan kev\u00e4\u00e4n tapahtumat ovat ohi.<\/p>\n\n\n\n<p>Kantalaiset-s\u00e4hk\u00f6postilistalle on l\u00e4hetetty hyvinvointikysely, johon toivotaan j\u00e4senist\u00f6lt\u00e4 vastauksia.<\/p>\n\n\n\n<p>Juhla-Kieleke on tekeill\u00e4, ja siihen etsit\u00e4\u00e4n sponsoreita.<\/p>\n\n\n\n<p>Kokouksen puolesta,<br \/>Mariette Oksanen, sihteeri<\/p>\n\n\n\n<p><strong>Kooste, 25.5.2022<\/strong><\/p>\n\n\n\n<p>Hyv\u00e4 Kannan j\u00e4senist\u00f6,<\/p>\n\n\n\n<p>hallitus on pit\u00e4nyt kev\u00e4\u00e4n viimeisen kokouksen ja j\u00e4\u00e4nyt kes\u00e4lomalle.<\/p>\n\n\n\n<p>Kokouksen puheenaiheina olivat muun muassa toukokuun Kielitieteen p\u00e4ivien kahvitukset sek\u00e4 Kannan jokakev\u00e4inen hyvinvoinyikysely, johon saatiin mukavasti vastauksia.<\/p>\n\n\n\n<p>Hallitus toivottaa jokaiselle hyv\u00e4\u00e4 kes\u00e4\u00e4!<\/p>\n\n\n\n<p>Kokouksen puolesta,<br \/>Mariette Oksanen, sihteeri<\/p>\n\n\n\n<p><strong>Kooste 16.8.2022<\/strong><\/p>\n\n\n\n<p>Hyv\u00e4t Kannan j\u00e4senet,<\/p>\n\n\n\n<p>hallitus on pit\u00e4nyt syksyn ensimm\u00e4isen kokouksen.<\/p>\n\n\n\n<p>Kokouksessa keskusteltiin fuksien orientaatioviikoista ja 1.9. j\u00e4rjestett\u00e4vist\u00e4 kastajaisista. Lis\u00e4ksi k\u00e4ytiin l\u00e4pi kes\u00e4kuussa Kannan Instagramissa pidetty liikuntahaaste. Kastajaisrastien j\u00e4rjest\u00e4misest\u00e4 tullaan pian muistuttamaan Kannan Whatsapp-ryhmiss\u00e4.<\/p>\n\n\n\n<p>Kokouksen puolesta,<br \/>Mariette Oksanen, sihteeri<\/p>\n\n\n\n<p><strong>Kooste, 5.9.2022<\/strong><\/p>\n\n\n\n<p>Hyv\u00e4t kantalaiset,<\/p>\n\n\n\n<p>hallitus on taas kokoustanut.<\/p>\n\n\n\n<p>TYY:n avajaiskarnevaalit ovat 6.9. Vanhalla Suurtorilla. Sirkka Saarisen l\u00e4ksi\u00e4istilaisuus ja Jussi Ylikosken ja Arja Hamarin tervetuliaistilaisuus pidet\u00e4\u00e4n Arcanumin Luoma-tilassa 22.9. Fuksisitsit j\u00e4rjestet\u00e4\u00e4n 13.10. Q-talolla.<\/p>\n\n\n\n<p>Syksyn mittaan on tulossa hurjasti liikunta- ja kulttuuritapahtumia, sek\u00e4 sitsej\u00e4 ja bileit\u00e4. Pysyk\u00e4\u00e4 kuulolla!<\/p>\n\n\n\n<p>Semantiikka, pragmatiikka ja vuorovaikutus -kurssin opintopiiri kaipaa vet\u00e4j\u00e4\u00e4. Ilmoita kopo Ainolle halukkuudestasi teht\u00e4v\u00e4\u00e4n!<\/p>\n\n\n\n<p>Kanta on saanut hurjasti uusia j\u00e4seni\u00e4, jotka hallitus toivottaa l\u00e4mpim\u00e4sti tervetulleiksi ainej\u00e4rjest\u00f6\u00f6mme!<\/p>\n\n\n\n<p>Kokouksen puolesta,<br \/>Mariette Oksanen, sihteeri<\/p>\n\n\n\n<p><strong>Kooste, 21.9.2022<\/strong><\/p>\n\n\n\n<p>Hyv\u00e4t kantalaiset,<\/p>\n\n\n\n<p>hallitus on kokoustanut.<\/p>\n\n\n\n<p>Suunnittelimme monenlaisia tapahtumia kantalaisten huviksi ja hy\u00f6dyksi. T\u00e4ss\u00e4 muutamia niist\u00e4: 27.9. opiskelupiiri, 28.9. myyj\u00e4iset Feeniksin aulassa, 30.9. viikonp\u00e4\u00e4t\u00f6slenkki ja 6.10. Kannan karaokeilta Coco-Locossa.<\/p>\n\n\n\n<p>Kannan sijaislista on poistettu k\u00e4yt\u00f6st\u00e4, sill\u00e4 se ei ole palvellut tarkoitustaan en\u00e4\u00e4 aikoihin. T\u00e4st\u00e4 eteenp\u00e4in s\u00e4hk\u00f6postitse tulevat ty\u00f6tarjoukset jaetaan suoraan Kantalaiset-s\u00e4hk\u00f6postilistalle.<\/p>\n\n\n\n<p>Lis\u00e4ksi lokakuussa j\u00e4rjestet\u00e4\u00e4n haalarimerkkikilpailu. My\u00f6s college- ja kirjatilaus toteutuvat t\u00e4n\u00e4kin syksyn\u00e4!<\/p>\n\n\n\n<p>28.10. pidet\u00e4\u00e4n Hakijan p\u00e4iv\u00e4, jonne halutaan muutama vapaaehtoinen esittelem\u00e4\u00e4n suomen kielen opintoja. Ota yhteytt\u00e4 kopo Ainoon, jos kiinnostuit.<\/p>\n\n\n\n<p>Kannan j\u00e4sentietorekisteri pyrit\u00e4\u00e4n siirt\u00e4m\u00e4\u00e4n kokonaisuudessaan Kide.appiin. Asiasta tiedotetaan lis\u00e4\u00e4 my\u00f6hemmin yksityiskohtien varmistuttua.<\/p>\n\n\n\n<p>Kokouksen puolesta,<br \/>Sini Launiainen, varasihteeri<\/p>\n\n\n\n<p><strong>Kooste, 6.10.2022<\/strong><\/p>\n\n\n\n<p>Hyv\u00e4 j\u00e4senist\u00f6,<br \/>hallitus on kokoustanut.<\/p>\n\n\n\n<p>P\u00e4\u00e4asiallisena puheenaiheena olivat Kannan tapahtumat, joita tulee viel\u00e4 hyvin runsaasti syksyn mittaan muun muassa erilaisten bileiden, sitsien ja urheilutapahtumien muodossa.<\/p>\n\n\n\n<p>Kannan nettisivuja on p\u00e4ivitetty. Nyt sielt\u00e4 l\u00f6ytyy muun muassa hallituspestien kuvausten ohesta istuvan hallituksen kasvokuvat, jotta hallitus voisi tulla tutummaksi kaikille.<\/p>\n\n\n\n<p>Collegetilauslomake on auki. V\u00e4rivaihtoehtona on tavallisen harmaan lis\u00e4ksi t\u00e4n\u00e4 syksyn\u00e4 my\u00f6s j\u00e4senist\u00f6ll\u00e4 teetetyn \u00e4\u00e4nestyksen voittanut vaaleansininen. My\u00f6s haalarimerkkikilpailu on k\u00e4ynniss\u00e4.<\/p>\n\n\n\n<p>Kokouksen puolesta,<br \/>Mariette Oksanen, sihteeri<\/p>\n\n\n\n<p><strong>Kooste, 25.10.2022<\/strong><\/p>\n\n\n\n<p>Hyv\u00e4t Kannan j\u00e4senet,<br \/>hallitus on j\u00e4lleen kokoustanut.<\/p>\n\n\n\n<p>Kokouksessa k\u00e4siteltiin sek\u00e4 menneit\u00e4 ett\u00e4 tulevia tapahtumia. Osma-tapahtuman liput ovat tulleet myyntiin Kide.appiin.<\/p>\n\n\n\n<p>Kanta-colleget on tilattu. Tilaajia tiedotetaan paitojen noutamisesta, kun ne saapuvat. My\u00f6s kirjatilauslomake aukeaa pian.<\/p>\n\n\n\n<p>Eilen k\u00e4ynnistyi Instagramissa hallituslaisten esittelyviikot. Siell\u00e4 p\u00e4\u00e4see siis tutustumaan hallituslaisiin ja kysym\u00e4\u00e4n mielt\u00e4 askarruttavia kysymyksi\u00e4 eri pesteist\u00e4.<\/p>\n\n\n\n<p>Lis\u00e4ksi kokouksessa hyv\u00e4ksyttiin vuoden 2023 toimintasuunnitelma esitett\u00e4v\u00e4ksi 21.11.2022 Kannan syyskokouksessa, jonne kaikki kantalaiset ovat eritt\u00e4in l\u00e4mpim\u00e4sti tervetulleita.<\/p>\n\n\n\n<p>Kokouksen puolesta,<br \/>Mariette Oksanen, sihteeri<\/p>\n\n\n\n<p><strong>Kooste, 30.10.2022<\/strong><\/p>\n\n\n\n<p>Hyv\u00e4t kantalaiset,<\/p>\n\n\n\n<p>hallitus kokousti koskien talousarvion laatimista tulevalle vuodelle 2023. Talousarvio k\u00e4ytiin keskustelunomaisesti l\u00e4pi taloudenhoitajan johdolla, ja se hyv\u00e4ksyttiin esitett\u00e4v\u00e4ksi Kannan syyskokouksessa 21.11.2022.<\/p>\n\n\n\n<p>Kokouksen puolesta,<br \/>Mariette Oksanen, sihteeri<\/p>\n\n\n\n<p><strong>Kooste, 8.11.2022<\/strong><\/p>\n\n\n\n<p>Hyv\u00e4t kantalaiset,<br \/>hallitus kokousti.<\/p>\n\n\n\n<p>Kanta ry palkittiin TYY:n Hall of Fame -gaalassa vuoden ymp\u00e4rist\u00f6yst\u00e4v\u00e4llisimp\u00e4n\u00e4 ainej\u00e4rjest\u00f6n\u00e4. Hienoa!<\/p>\n\n\n\n<p>Kannan menneit\u00e4 tapahtumia ovat muun muassa Reivibileet, kirppisilta ja kiipeilyn lajikokeilu. Tulevia tapahtumia taas ovat Kielaribileet, Palindromi-ilta, VVVV-ilta, DInsin\u00f6\u00f6ri ja humanisti -sitsit ja bileet, sek\u00e4 perinteiset Kannan ja Sugrin yhteiset pikkujoulut.<\/p>\n\n\n\n<p>Kokouksessa k\u00e4ytiin l\u00e4pi my\u00f6s Kielekkeen kuulumiset ja college- sek\u00e4 kirjatilauksen asiat. Kirjatilauslomake on auki 21.11. asti.<\/p>\n\n\n\n<p>Kannan syyskokous pidet\u00e4\u00e4n maanantaina 21.11. Turku-salissa. Kokoukseen ovat hyvin tervetulleita kaikki Kannan j\u00e4senet.<\/p>\n\n\n\n<p>Haalarimerkkikilpailuun osallistui useita merkkiehdotuksia, joista hallitus on valikoinut kolme parasta \u00e4\u00e4nestykseen. \u00c4\u00e4nestys toteutetaan viikolla 46. Voittajamerkki lis\u00e4t\u00e4\u00e4n Kannan haalarimerkkivalikoimaan.<\/p>\n\n\n\n<p>Kokouksen puolesta,<br \/>Mariette Oksanen, sihteeri<\/p>\n\n\n\n<p><strong>Kooste, 22.11.2022<\/strong><\/p>\n\n\n\n<p>Hyv\u00e4t kantalaiset,<br \/>hallitus on kokoustanut j\u00e4lleen.<\/p>\n\n\n\n<p>Kokouksessa k\u00e4siteltiin muun muassa menneit\u00e4 tapahtumia, joita ovat Kielaribileet, Palindromi-ilta ja VVV-ilta. Kokouksessa valittiin Kannan edustaja Humanitas ry:n syyskokoukseen. Hallitus on my\u00f6s edustanut j\u00e4rjest\u00f6\u00e4 Porthanin p\u00e4iv\u00e4n lippukulkueessa.<\/p>\n\n\n\n<p>Kannan tulevia loppuvuoden tapahtumia ovat Insin\u00f6\u00f6ri ja humanisti -sitsit, Neighbours from Hell -bileet, joulumyyj\u00e4iset, lemmikkiretki, pikkujoulut, ompeluilta, vierailu W\u00e4in\u00f6 Aaltosen museeon, Darts-kokeiluilta sek\u00e4 tietenkin jokaperjantaiset viikonp\u00e4\u00e4t\u00f6slenkit. Paljon siis tapahtuu viel\u00e4 ennen joulua!<\/p>\n\n\n\n<p>Haalarimerkkikilpailun voittaja on julkistettu, onnittelut voittajamerkin ideoijalle ja piirt\u00e4j\u00e4lle!<\/p>\n\n\n\n<p>Eilen Kannan syyskokouksessa valittiin Kannan ensi vuoden 2023 hallitus:<br \/>Puheenjohtaja: Wilma Laitiainen<br \/>Varapuheenjohtaja: Emilia J\u00e4rvel\u00e4<br \/>Taloudenhoitaja: Vilma Ranta<br \/>Sihteeri: Urho Kunnas<br \/>Tapahtumavastaavat: Veera Hotanen ja Tiina M\u00e4kel\u00e4<br \/>Kulttuurisopo: Anniina Lautkankare<br \/>Liikuntasopo: Kristina Tuomi<br \/>Koulutuspoliittinen vastaava: Miska T\u00f6rm\u00e4nen<br \/>Tiedottaja: Oona Virtanen<br \/>Yritys-, yhteisty\u00f6- ja ulkosuhdevastaava: Eemeli Katajaniemi<br \/>V\u00e4\u00e4peli: Telma Wargh<\/p>\n\n\n\n<p>Hallitus onnittelee valittuja viel\u00e4 kerran ja toivottaa tsemppi\u00e4 ensi vuoteen!<\/p>\n\n\n\n<p>Kokouksen puolesta,<br \/>Mariette Oksanen, sihteeri<\/p>\n\n\n\n<p><strong>Kooste, 5.12.2022<\/strong><\/p>\n\n\n\n<p>Hyv\u00e4t kantalaiset,<\/p>\n\n\n\n<p>vuoden 2022 hallitus on kokoustanut toiseksi viimeist\u00e4 kertaa.<\/p>\n\n\n\n<p>Kanta on edustanut itsen\u00e4isyysp\u00e4iv\u00e4n soihtukulkueessa sek\u00e4 Humanitaan syyskokouksessa.<\/p>\n\n\n\n<p>Kannan loppuvuoden tapahtumat ovat Kannan ja Sugrin darts-ilta 5.12., Kannan ja Sugrin pikkujoulut 7.12., opastettu Wam-museokierros 9.12., vuoden viimeinen viikonp\u00e4\u00e4t\u00f6slenkki 9.12. ja ompeluilta 12.12. Viel\u00e4 ehtii siis tapaamaan kantakavereita ennen joululomalle j\u00e4\u00e4mist\u00e4!<\/p>\n\n\n\n<p>Kannan Instagramiin ilmestyy joka p\u00e4iv\u00e4 uusi joulukalenteriluukku, joissa kerrataan Kannan vuotta 2022. Sielt\u00e4 voi my\u00f6s k\u00e4yd\u00e4 poimimassa itselleen joulufiilist\u00e4!<\/p>\n\n\n\n<p>Juhlakieleke on viimein t\u00e4\u00e4ll\u00e4, ja omansa noutamisesta annetaan pian lis\u00e4tietoja. Kirjatilauksen kirjoja viel\u00e4 odotellaan. Kannalle on perustettu Whatsappiin kirppisryhm\u00e4, jossa voi pyrki\u00e4 eroon itselle turhiksi k\u00e4yneist\u00e4 vaatteista ja k\u00e4ytt\u00f6tavaroista. Linkki ryhm\u00e4\u00e4n on l\u00e4hetetty Kannan yleiseen Whatsapp-ryhm\u00e4\u00e4n.<\/p>\n\n\n\n<p>Kanta p\u00e4ivyst\u00e4\u00e4 toimistollaan viimeisen kerran t\u00e4m\u00e4n viikon perjantaina 9.12.<\/p>\n\n\n\n<p>Kokouksen puolesta,<br \/>Mariette Oksanen, sihteeri<\/p>\n\n\n\n<p><strong>Kooste, 16.12.2022<\/strong><\/p>\n\n\n\n<p>Hyv\u00e4 Kannan j\u00e4senist\u00f6,<br \/>hallitus on kokoustanut viimeisen kerran t\u00e4n\u00e4 vuonna j\u00e4\u00e4den joululomalle.<\/p>\n\n\n\n<p>Kannan vuoden viimeiset tapahtumat on nyt pidetty. N\u00e4hd\u00e4\u00e4n ensi vuonna tapahtumissa! Ensimm\u00e4inen onkin lomaltapaluuristeily jo 4.-5.1.<\/p>\n\n\n\n<p>Kirjatilauksen kirjojen nouto j\u00e4rjestet\u00e4\u00e4n ensi vuoden puolella, kuten my\u00f6s Juhlakielekkeiden. N\u00e4ist\u00e4 tiedotetaan my\u00f6hemmin.<\/p>\n\n\n\n<p>Hallitus toivottaa jokaiselle hyv\u00e4\u00e4 joulua ja uuttavuotta!<\/p>\n\n\n\n<p>Kokouksen puolesta,<br \/>Mariette Oksanen, sihteeri.<\/p>\n","protected":false},"excerpt":{"rendered":"<p>Kokouskooste 19.1.2022 Hyv\u00e4t Kannan j\u00e4senet, Kannan vuoden 2022 hallitus on kokoustanut ensimm\u00e4isen kerran! Kokouksessa k\u00e4siteltiin muun muassa kev\u00e4\u00e4n tulevia tapahtumia. Valitettavasti joudumme j\u00e4lleen aloittamaan vuoden et\u00e4tapahtumilla. Hallituslaiset esitt\u00e4ytyv\u00e4t Instagramissa viikoilla 4 ja 5. Kanta j\u00e4rjest\u00e4\u00e4 opintopiirej\u00e4 muutamille kursseille, kuten lauseopin ja suomen kielen kehityksen kurssille. P\u00e4ivystykset aloitetaan niin ik\u00e4\u00e4n et\u00e4n\u00e4 maanantaisin ja keskiviikkoisin klo 12-14. &hellip; <a href=\"https:\/\/tyyala.utu.fi\/kanta\/kokouskoosteet-2022\/\" class=\"more-link\">Jatka artikkeliin <span class=\"screen-reader-text\">Kokouskoosteet 2022<\/span><\/a><\/p>\n","protected":false},"author":241,"featured_media":0,"parent":0,"menu_order":0,"comment_status":"closed","ping_status":"closed","template":"","meta":{"footnotes":""},"class_list":["post-1555","page","type-page","status-publish","hentry"],"_links":{"self":[{"href":"https:\/\/tyyala.utu.fi\/kanta\/wp-json\/wp\/v2\/pages\/1555","targetHints":{"allow":["GET"]}}],"collection":[{"href":"https:\/\/tyyala.utu.fi\/kanta\/wp-json\/wp\/v2\/pages"}],"about":[{"href":"https:\/\/tyyala.utu.fi\/kanta\/wp-json\/wp\/v2\/types\/page"}],"author":[{"embeddable":true,"href":"https:\/\/tyyala.utu.fi\/kanta\/wp-json\/wp\/v2\/users\/241"}],"replies":[{"embeddable":true,"href":"https:\/\/tyyala.utu.fi\/kanta\/wp-json\/wp\/v2\/comments?post=1555"}],"version-history":[{"count":26,"href":"https:\/\/tyyala.utu.fi\/kanta\/wp-json\/wp\/v2\/pages\/1555\/revisions"}],"predecessor-version":[{"id":1683,"href":"https:\/\/tyyala.utu.fi\/kanta\/wp-json\/wp\/v2\/pages\/1555\/revisions\/1683"}],"wp:attachment":[{"href":"https:\/\/tyyala.utu.fi\/kanta\/wp-json\/wp\/v2\/media?parent=1555"}],"curies":[{"name":"wp","href":"https:\/\/api.w.org\/{rel}","templated":true}]}}