{"id":149,"date":"2014-02-27T16:39:40","date_gmt":"2014-02-27T14:39:40","guid":{"rendered":"http:\/\/tyyala.utu.fi\/kanta\/?page_id=149"},"modified":"2024-02-09T16:43:30","modified_gmt":"2024-02-09T14:43:30","slug":"liity-kannan-jaseneksi","status":"publish","type":"page","link":"https:\/\/tyyala.utu.fi\/kanta\/liity-kannan-jaseneksi\/","title":{"rendered":"Liity Kannan j\u00e4seneksi ja kannattajaksi"},"content":{"rendered":"<p>Haluatko liitty\u00e4 Kantaan tai ostaa Kannan kannattajaj\u00e4senyyden?<\/p>\n<p>Liity helposti Kantaan Kide.appin kautta <a href=\"https:\/\/kide.app\/memberships\/b99dab9a-16a9-48ee-b196-d2009f1a7860\">t\u00e4st\u00e4 linkist\u00e4<\/a>!<\/p>\n<p>Kannattajaj\u00e4seneksi voit liitty\u00e4 <a href=\"https:\/\/kide.app\/memberships\/821bb5ae-7da4-48a5-8797-3eac4ea86770\">t\u00e4st\u00e4 linkist\u00e4<\/a>!<\/p>\n<p>Muistathan p\u00e4ivitt\u00e4\u00e4 Kide.appiin, jos tietosi muuttuvat!<\/p>\n<p>Tervetuloa mukaan Kannan toimintaan!<\/p>\n<p><img loading=\"lazy\" decoding=\"async\" class=\"size-medium wp-image-1503 aligncenter\" src=\"https:\/\/tyyala.utu.fi\/kanta\/wp-content\/uploads\/sites\/52\/2021\/06\/kilosport-300x133.jpg\" alt=\"\" width=\"300\" height=\"133\" srcset=\"https:\/\/tyyala.utu.fi\/kanta\/wp-content\/uploads\/sites\/52\/2021\/06\/kilosport-300x133.jpg 300w, https:\/\/tyyala.utu.fi\/kanta\/wp-content\/uploads\/sites\/52\/2021\/06\/kilosport-1024x455.jpg 1024w, https:\/\/tyyala.utu.fi\/kanta\/wp-content\/uploads\/sites\/52\/2021\/06\/kilosport-768x341.jpg 768w, https:\/\/tyyala.utu.fi\/kanta\/wp-content\/uploads\/sites\/52\/2021\/06\/kilosport.jpg 1280w\" sizes=\"auto, (max-width: 300px) 100vw, 300px\" \/><\/p>\n","protected":false},"excerpt":{"rendered":"<p>Haluatko liitty\u00e4 Kantaan tai ostaa Kannan kannattajaj\u00e4senyyden? Liity helposti Kantaan Kide.appin kautta t\u00e4st\u00e4 linkist\u00e4! Kannattajaj\u00e4seneksi voit liitty\u00e4 t\u00e4st\u00e4 linkist\u00e4! Muistathan p\u00e4ivitt\u00e4\u00e4 Kide.appiin, jos tietosi muuttuvat! Tervetuloa mukaan Kannan toimintaan!<\/p>\n","protected":false},"author":241,"featured_media":0,"parent":0,"menu_order":0,"comment_status":"open","ping_status":"closed","template":"","meta":{"footnotes":""},"class_list":["post-149","page","type-page","status-publish","hentry"],"_links":{"self":[{"href":"https:\/\/tyyala.utu.fi\/kanta\/wp-json\/wp\/v2\/pages\/149","targetHints":{"allow":["GET"]}}],"collection":[{"href":"https:\/\/tyyala.utu.fi\/kanta\/wp-json\/wp\/v2\/pages"}],"about":[{"href":"https:\/\/tyyala.utu.fi\/kanta\/wp-json\/wp\/v2\/types\/page"}],"author":[{"embeddable":true,"href":"https:\/\/tyyala.utu.fi\/kanta\/wp-json\/wp\/v2\/users\/241"}],"replies":[{"embeddable":true,"href":"https:\/\/tyyala.utu.fi\/kanta\/wp-json\/wp\/v2\/comments?post=149"}],"version-history":[{"count":13,"href":"https:\/\/tyyala.utu.fi\/kanta\/wp-json\/wp\/v2\/pages\/149\/revisions"}],"predecessor-version":[{"id":1919,"href":"https:\/\/tyyala.utu.fi\/kanta\/wp-json\/wp\/v2\/pages\/149\/revisions\/1919"}],"wp:attachment":[{"href":"https:\/\/tyyala.utu.fi\/kanta\/wp-json\/wp\/v2\/media?parent=149"}],"curies":[{"name":"wp","href":"https:\/\/api.w.org\/{rel}","templated":true}]}}