{"id":1335,"date":"2020-12-10T15:25:05","date_gmt":"2020-12-10T13:25:05","guid":{"rendered":"https:\/\/tyyala.utu.fi\/kanta\/?page_id=1335"},"modified":"2022-01-19T10:51:00","modified_gmt":"2022-01-19T08:51:00","slug":"kokouskoosteet-2021","status":"publish","type":"page","link":"https:\/\/tyyala.utu.fi\/kanta\/kokouskoosteet-2021\/","title":{"rendered":"Kokouskoosteet 2021"},"content":{"rendered":"\n<p><strong>Kokouskooste, 12.1.2021<\/strong><\/p>\n\n\n\n<p>Hyv\u00e4 j\u00e4senist\u00f6,<\/p>\n\n\n\n<p>Kannan uusi hallitus kokousti ensimm\u00e4isen kerran tiistaina 12.1. Kanta jatkaa toimintaansa (p\u00e4ivystykset, kokoukset yms.) TYY:n punaisen ajan ohjeistuksia noudattaen.<\/p>\n\n\n\n<p>Ensimm\u00e4inen Osma-kokous on pidetty ja Osman hallitus on koottu. Fuksisitsit on p\u00e4\u00e4tetty siirt\u00e4\u00e4 tammikuulta my\u00f6hemm\u00e4ksi kev\u00e4\u00e4seen toistaiseksi m\u00e4\u00e4rittelem\u00e4tt\u00f6m\u00e4\u00e4n ajankohtaan. Pedagogisten opintojen haku on auki 4.1.-29.1. ja hakuinfo j\u00e4rjestet\u00e4\u00e4n 19.1.<\/p>\n\n\n\n<p>P\u00e4ivystykset on aloitettu! Ne ovat tuttuun tapaan maanantaisin ja keskiviikkoisin klo 12-14 ja toistaiseksi vain et\u00e4yhteyten\u00e4.<\/p>\n\n\n\n<p>Kannan kev\u00e4tkokouksen ajankohdaksi on p\u00e4\u00e4tetty alustavasti tiistai 23.3. Seuraavan kerran hallitus kokoustaa perjantaina 29.1. kello 10.<\/p>\n\n\n\n<p>Kokouksen puolesta<\/p>\n\n\n\n<p>Mariette Oksanen, sihteeri<\/p>\n\n\n\n<p><strong>Kokouskooste, 29.1.2021<\/strong><\/p>\n\n\n\n<p>Hyv\u00e4 j\u00e4senist\u00f6,<\/p>\n\n\n\n<p>hallitus kokousti j\u00e4lleen perjantaina 29.1.<\/p>\n\n\n\n<p>Luistelutapahtuma ja ompeluilta j\u00e4rjestettiin tammikuussa. Molemmissa tapahtumissa oli hauskaa!<\/p>\n\n\n\n<p>Suomen kielen kehitys -kurssin opintopiiri j\u00e4rjestettiin t\u00e4ll\u00e4 viikolla. My\u00f6s lauseopin kurssia varten on suunnitteilla opintopiirej\u00e4.<\/p>\n\n\n\n<p>Kokouksessa pohdittiin ja ideoitiin paljon uusia konsepteja tapahtumien j\u00e4rjest\u00e4miseen. Muun muassa 16.2. j\u00e4rjestet\u00e4\u00e4n talvirieha, jonka hassun hauskoja teht\u00e4vi\u00e4 julkaistaan etuk\u00e4teen yksi kerrallaan Kannan someissa. Kannattaa osallistua! Tiistaina 23.2. j\u00e4rjestet\u00e4\u00e4n zoomissa my\u00f6s levyraati!<\/p>\n\n\n\n<p>Vuoden ensimm\u00e4inen Kieleke julkaistaan maanantaina 22.2. Kielekkeess\u00e4 esitell\u00e4\u00e4n Kannan uusi vuoden 2021 hallitus.<\/p>\n\n\n\n<p>Kokouksen puolesta<\/p>\n\n\n\n<p>Mariette Oksanen, sihteeri<\/p>\n\n\n\n<p><\/p>\n\n\n\n<p><strong>Kokouskooste, 12.2.2021<\/strong><\/p>\n\n\n\n<p>Hyv\u00e4 j\u00e4senist\u00f6,<\/p>\n\n\n\n<p>Kannan hallitus kokousti j\u00e4lleen perjantaina 12.2.2021.<\/p>\n\n\n\n<p>Kanta j\u00e4rjest\u00e4\u00e4 levyraadin Zoomissa tiistaina 23.2. kello 18. Facebookista l\u00f6ytyy lis\u00e4tietoa!<br \/>Lauseopin kurssia varten j\u00e4rjestet\u00e4\u00e4n kaksi opintopiiri\u00e4: ensimm\u00e4inen keskiviikkona 24.2. ja toinen maanantaina 8.3.<\/p>\n\n\n\n<p>Kannan kev\u00e4tkokouksen alustava p\u00e4iv\u00e4m\u00e4\u00e4r\u00e4 tiistai 23.3. on virallistettu. Koronarajoitusten vuoksi kokous tullaan j\u00e4rjest\u00e4m\u00e4\u00e4n todenn\u00e4k\u00f6isesti et\u00e4n\u00e4.<\/p>\n\n\n\n<p>Kev\u00e4\u00e4n Osma-tapahtuma j\u00e4rjestet\u00e4\u00e4n 26.-28.3.!<\/p>\n\n\n\n<p>Kokouksen puolesta<\/p>\n\n\n\n<p>Mariette Oksanen, sihteeri<\/p>\n\n\n\n<p><strong>Kokouskooste, 1.3.2021<\/strong><\/p>\n\n\n\n<p>Hyv\u00e4 j\u00e4senist\u00f6,<\/p>\n\n\n\n<p>Kannan hallitus on kokoustanut j\u00e4lleen.<\/p>\n\n\n\n<p>Germanican ja Digitin kanssa j\u00e4rjestetyill\u00e4 yst\u00e4v\u00e4np\u00e4iv\u00e4n et\u00e4halisitseill\u00e4 oli hyv\u00e4 meininki. Kannan levyraatikin oli menestys!<\/p>\n\n\n\n<p>Monia tapahtumia on tulossa. Kanta julistautuu l\u00e4hip\u00e4ivin\u00e4 syrjinn\u00e4st\u00e4 vapaaksi j\u00e4rjest\u00f6ksi! Kannan kulttuurikeskiviikko j\u00e4rjestet\u00e4\u00e4n ensimm\u00e4isen kerran keskiviikkona 17.3. kello 19 alkaen Zoomissa. Oppiaineemme opiskelijoiden ja henkil\u00f6kunnan yhteinen kahvitteluhetki j\u00e4rjestet\u00e4\u00e4n 9.4. kello 14. My\u00f6s Osma l\u00e4hestyy hurjaa vauhtia, joten muistakaa k\u00e4yd\u00e4 ilmoittautumassa!<\/p>\n\n\n\n<p>Kokouksen puolesta<\/p>\n\n\n\n<p>Mariette Oksanen, sihteeri<\/p>\n\n\n\n<p><strong>Kokouskooste, 18.3.2021<\/strong><\/p>\n\n\n\n<p>Hyv\u00e4 j\u00e4senist\u00f6,<\/p>\n\n\n\n<p>Kannan hallitus kokousti j\u00e4lleen torstaina 18.3.<\/p>\n\n\n\n<p>Lauseopin kurssin toinen opintopiiri ker\u00e4si paljon ahkeria opiskelijoita kertaamaan lauseoppia. Kannan ensimm\u00e4inen kulttuurikeskiviikko oli pieninuotoinen tilaisuus, jossa oli mukava ja rento tunnelma!<\/p>\n\n\n\n<p>Kanta on julistautunut syrjinn\u00e4st\u00e4 vapaaksi j\u00e4rjest\u00f6ksi. Pidet\u00e4\u00e4n kaikki yhdess\u00e4 huolta t\u00e4m\u00e4n toteutumisesta.<\/p>\n\n\n\n<p>Tiistaina 30.3. j\u00e4rjestet\u00e4\u00e4n Kannan et\u00e4visailutapahtuma, josta voi voittaa huikean palkinnon! My\u00f6s oppiainekahvittelu (9.4.) opettajien kanssa l\u00e4hestyy, joten muista varata p\u00e4iv\u00e4 kalenteriin.<\/p>\n\n\n\n<p>Kokouksen puolesta<\/p>\n\n\n\n<p>Mariette Oksanen, sihteeri<\/p>\n\n\n\n<p><strong>Kokouskooste, 1.4.2021<\/strong><\/p>\n\n\n\n<p>Hyv\u00e4 j\u00e4senist\u00f6,<\/p>\n\n\n\n<p>Kannan hallitus kokousti kiirastorstaina 1.4.<\/p>\n\n\n\n<p>Osma-tapahtuma oli ja meni. Lauantaina nautittiin muun muassa turnauksesta ja sitseist\u00e4, joilla oli pirte\u00e4 meininki. Tiistaina 30.3. j\u00e4rjestettiin Kannan Haluatko ruokakuljetuslahjakortin omistajaksi? -visailu, joka osoittautui eritt\u00e4in onnistuneeksi! Kenties vastaavanlainen visailu j\u00e4rjestet\u00e4\u00e4n my\u00f6s tulevaisuudessa!<\/p>\n\n\n\n<p>Kokouksessa suunniteltiin Kannan vappuviikkojen ohjelmaa. Luvassa on jos jonkinmoista tapahtumaa!<\/p>\n\n\n\n<p>Kokouksen puolesta<\/p>\n\n\n\n<p>Mariette Oksanen, sihteeri<\/p>\n\n\n\n<p><strong>Kokouskooste, 15.4.2021<\/strong><\/p>\n\n\n\n<p>Hyv\u00e4 j\u00e4senist\u00f6,<\/p>\n\n\n\n<p>Kannan hallistus kokousti torstaina 15.4.<\/p>\n\n\n\n<p>9.4. j\u00e4rjestettiin opiskelijoiden ja henkil\u00f6kunnan kahvitteluhetki, joka osoittautui suosituksi. Kannan perustamisen 60-vuotisp\u00e4iv\u00e4\u00e4 juhlittiin 14.4. kippistelytilaisuuden merkeiss\u00e4, mik\u00e4 sekin ker\u00e4si paljon juhlijoita nostamaan maljan Kannan kunniaksi.<\/p>\n\n\n\n<p>Kokouksessa suunniteltiin Kannan vappua. Keskustelun aiheeksi nousivat my\u00f6s monet muut aiheet, kuten jokakev\u00e4inen hyvinvointikysely ja kurssipalautekysely.<\/p>\n\n\n\n<p>Kokouksen puolesta<\/p>\n\n\n\n<p>Mariette Oksanen, sihteeri<\/p>\n\n\n\n<p><strong>Kokouskooste, 10.8.2021<\/strong><\/p>\n\n\n\n<p>Hyv\u00e4 Kannan j\u00e4senist\u00f6,<br \/>Kannan hallitus on kokoustanut j\u00e4lleen.<\/p>\n\n\n\n<p>Kokouksen puheenaiheina olivat muun muassa syksyll\u00e4 koittavat college- ja kirjatilaukset sek\u00e4 fuksiviikkojen tapahtumat. Fukseille j\u00e4rjestet\u00e4\u00e4n kaikenlaista ohjelmaa perinteiden mukaisesti. Osa ohjelmasta tapahtuu liven\u00e4 ja osa et\u00e4n\u00e4. My\u00f6s vanhemmat opiskelijat p\u00e4\u00e4sev\u00e4t halutessaan mukaan esimerkiksi kastajaisiin pit\u00e4m\u00e4\u00e4n rasteja. Asiasta tiedotetaan l\u00e4hip\u00e4ivin\u00e4.<\/p>\n\n\n\n<p>Kanta j\u00e4rjesti kes\u00e4sitsit, jotka osoittautuivat hyvin onnistuneeksi tapahtumaksi. Kes\u00e4ll\u00e4 j\u00e4rjestettiin my\u00f6s et\u00e4osma.<\/p>\n\n\n\n<p>Hallitus pyrkii kokoustamaan viel\u00e4 kerran ennen opintojen alkua, jotta saadaan my\u00f6s k\u00e4yntiin perinteiset kahdesti viikossa pidett\u00e4v\u00e4t p\u00e4ivystykset.<\/p>\n\n\n\n<p>Kokouksen puolesta,<\/p>\n\n\n\n<p>Mariette Oksanen, sihteeri<\/p>\n\n\n\n<p><strong>Kokouskooste 14.9.2021<\/strong><\/p>\n\n\n\n<p>Hyv\u00e4 Kannan j\u00e4senist\u00f6,<\/p>\n\n\n\n<p>ainej\u00e4rjest\u00f6mme hallitus kokousti j\u00e4lleen tiistaina 14.9.<\/p>\n\n\n\n<p>Valitettavasti joudumme ilmoittamaan, ett\u00e4 liikuntasopomme Eelis Autio on eronnut teht\u00e4v\u00e4st\u00e4\u00e4n. Etsimme uutta liikuntavastaava mahdollisimman pian.<\/p>\n\n\n\n<p>Kokouksessa k\u00e4sittelimme Kannan talousarviota p\u00e4ivitt\u00e4\u00e4ksemme sit\u00e4. K\u00e4sittelyyn p\u00e4\u00e4siv\u00e4t my\u00f6s muun muassa syksyn tulevat tapahtumat ja pian l\u00e4hestyv\u00e4 collegetilaus.<\/p>\n\n\n\n<p>Kanta on iloksemme saanut paljon uusia j\u00e4seni\u00e4 kuluvan syksyn aikana. Toivotamme kaikki uudet j\u00e4senet tervetulleiksi joukkoomme!<\/p>\n\n\n\n<p>Pian kaikki p\u00e4\u00e4semme my\u00f6s sitsaamaan! Keskiviikkona 13.10. j\u00e4rjestet\u00e4\u00e4n yhteiset fuksisitsit syksyjen 2020 ja 2021 fukseille. Ilmoittautuminen on auennut, joten kipin kapin kaikki laittamaan nimens\u00e4 ilmoittautujalistalle, joka l\u00f6ytyy facebookista.<\/p>\n\n\n\n<p>My\u00f6s livep\u00e4ivystykset ovat p\u00e4\u00e4sseet vihdoin vauhtiin! Tervetuloa siis maanantaisin ja keskiviikkoisin klo 12-14 Kannan toimistolle tapaamaan kanssakantalaisia.<\/p>\n\n\n\n<p>Kokouksen puolesta,<\/p>\n\n\n\n<p>Mariette Oksanen, sihteeri<\/p>\n\n\n\n<p><strong>Kokouskooste, 2.11.<\/strong><\/p>\n\n\n\n<p>Hyv\u00e4 j\u00e4senist\u00f6,<\/p>\n\n\n\n<p>hallitus on kokoustanut j\u00e4lleen.<\/p>\n\n\n\n<p>Fuksisitsit, konserttivierailu ja teatteriekskursio tulivat ja meniv\u00e4t. Nyt tulevia bileit\u00e4 on Insin\u00f6\u00f6ri- ja humanistisitsit (4.11.), Neighbours from hell -bileet (15.11.), Kieliaineiden bileet (18.11.), Osma (26.-28.11.) ja Kannan ja Sugrin pikkujoulut (8.12.).<\/p>\n\n\n\n<p>Muita tulevia tapahtumia on muun muassa Kannan alumni-ilta (10.11.), hallitushoukuttelut (11.11.), oppiaineen yhteis\u00f6llisyystapahtuma (19.11.) ja Kannan syyskokous (22.11.).<\/p>\n\n\n\n<p>Lis\u00e4ksi kokouksessa k\u00e4ytiin l\u00e4pi toimintasuunnitelma ja talousarvio vuodelle 2022. My\u00f6s Kannan college- ja kirjatilaus on tehty, joten nyt odotellaan!<\/p>\n\n\n\n<p>Kokouksen puolesta,<\/p>\n\n\n\n<p>Mariette Oksanen, sihteeri<\/p>\n\n\n\n<p><strong>Kokouskooste, 14.12.2021<\/strong><\/p>\n\n\n\n<p>Parahin j\u00e4senist\u00f6,<\/p>\n\n\n\n<p>Kannan hallitus 2021 on kokoustanut viimeisen kerran t\u00e4n\u00e4 vuonna.<\/p>\n\n\n\n<p>Pikkujoulut j\u00e4rjestettiin, ja fuksien ohjelma oli hyvin viihdytt\u00e4v\u00e4\u00e4! Valitettavasti Kannan ja Sugrin yhteinen balettikokeilu sek\u00e4 oppiaineen gl\u00f6gitilaisuus peruuntuivat. Ensi vuoden puolella odottavat Kannan Lomaltapaluuristeily ja Valkohaalareiden sitsit!<\/p>\n\n\n\n<p>Kannan joulukalenteria voi seurata Instagramissa, ja Kielekkeen joulukalenteria Kielekkeen nettisivuilla!<\/p>\n\n\n\n<p>Kokouksen puolesta jouluterveisin,<\/p>\n\n\n\n<p>Mariette Oksanen, sihteeri<\/p>\n","protected":false},"excerpt":{"rendered":"<p>Kokouskooste, 12.1.2021 Hyv\u00e4 j\u00e4senist\u00f6, Kannan uusi hallitus kokousti ensimm\u00e4isen kerran tiistaina 12.1. Kanta jatkaa toimintaansa (p\u00e4ivystykset, kokoukset yms.) TYY:n punaisen ajan ohjeistuksia noudattaen. Ensimm\u00e4inen Osma-kokous on pidetty ja Osman hallitus on koottu. Fuksisitsit on p\u00e4\u00e4tetty siirt\u00e4\u00e4 tammikuulta my\u00f6hemm\u00e4ksi kev\u00e4\u00e4seen toistaiseksi m\u00e4\u00e4rittelem\u00e4tt\u00f6m\u00e4\u00e4n ajankohtaan. Pedagogisten opintojen haku on auki 4.1.-29.1. ja hakuinfo j\u00e4rjestet\u00e4\u00e4n 19.1. P\u00e4ivystykset on aloitettu! &hellip; <a href=\"https:\/\/tyyala.utu.fi\/kanta\/kokouskoosteet-2021\/\" class=\"more-link\">Jatka artikkeliin <span class=\"screen-reader-text\">Kokouskoosteet 2021<\/span><\/a><\/p>\n","protected":false},"author":241,"featured_media":0,"parent":0,"menu_order":0,"comment_status":"closed","ping_status":"closed","template":"","meta":{"footnotes":""},"class_list":["post-1335","page","type-page","status-publish","hentry"],"_links":{"self":[{"href":"https:\/\/tyyala.utu.fi\/kanta\/wp-json\/wp\/v2\/pages\/1335","targetHints":{"allow":["GET"]}}],"collection":[{"href":"https:\/\/tyyala.utu.fi\/kanta\/wp-json\/wp\/v2\/pages"}],"about":[{"href":"https:\/\/tyyala.utu.fi\/kanta\/wp-json\/wp\/v2\/types\/page"}],"author":[{"embeddable":true,"href":"https:\/\/tyyala.utu.fi\/kanta\/wp-json\/wp\/v2\/users\/241"}],"replies":[{"embeddable":true,"href":"https:\/\/tyyala.utu.fi\/kanta\/wp-json\/wp\/v2\/comments?post=1335"}],"version-history":[{"count":10,"href":"https:\/\/tyyala.utu.fi\/kanta\/wp-json\/wp\/v2\/pages\/1335\/revisions"}],"predecessor-version":[{"id":1548,"href":"https:\/\/tyyala.utu.fi\/kanta\/wp-json\/wp\/v2\/pages\/1335\/revisions\/1548"}],"wp:attachment":[{"href":"https:\/\/tyyala.utu.fi\/kanta\/wp-json\/wp\/v2\/media?parent=1335"}],"curies":[{"name":"wp","href":"https:\/\/api.w.org\/{rel}","templated":true}]}}