{"id":98,"date":"2009-09-25T17:03:20","date_gmt":"2009-09-25T14:03:20","guid":{"rendered":"http:\/\/org.utu.fi:80\/tyyala\/iva\/wp\/?page_id=98"},"modified":"2025-02-03T14:54:03","modified_gmt":"2025-02-03T12:54:03","slug":"toimisto","status":"publish","type":"page","link":"https:\/\/tyyala.utu.fi\/iva\/toimisto\/","title":{"rendered":"Toimisto"},"content":{"rendered":"<p style=\"text-align: justify\">Yhdistyksemme toimisto sijaitsee Hammasl\u00e4\u00e4ketieteen laitoksen alakerrassa Tykist\u00f6kadun ja Lemmink\u00e4isenkadun kulmassa. Toimistolla sijaitsee koulutusohjelman tietokoneluokka sek\u00e4 keitti\u00f6, taukotupa ja kylpyhuone.<\/p>\n<p>***<\/p>\n<p>Toimithan seuraavien s\u00e4\u00e4nt\u00f6jen mukaisesti Toimistoa k\u00e4ytt\u00e4ess\u00e4si:<\/p>\n<p><span style=\"font-weight: 400\">Yleist\u00e4<\/span><\/p>\n<ol>\n<li style=\"font-weight: 400\"><span style=\"font-weight: 400\">Toimisto on k\u00e4yt\u00f6ss\u00e4 arkisin ja viikonloppuisin vain klo 6-22<\/span><\/li>\n<li style=\"font-weight: 400\"><span style=\"font-weight: 400\">Varmista, ett\u00e4 ovi menee lukkoon kulkiessasi sis\u00e4\u00e4n tai ulos<\/span><\/li>\n<li style=\"font-weight: 400\"><span style=\"font-weight: 400\">J\u00e4t\u00e4 kenk\u00e4si eteiseen<\/span><\/li>\n<li style=\"font-weight: 400\"><span style=\"font-weight: 400\">Viimeinen l\u00e4htij\u00e4 sammuttaa kaikki valot (my\u00f6s ulkovalo)<\/span><\/li>\n<li style=\"font-weight: 400\"><span style=\"font-weight: 400\">Noudata sein\u00e4ss\u00e4 olevia k\u00e4sikirjaston lainauss\u00e4\u00e4nt\u00f6j\u00e4<\/span><\/li>\n<li style=\"font-weight: 400\"><span style=\"font-weight: 400\">Toimisto on tarkoitettu vain IVA:n j\u00e4senille<\/span><\/li>\n<\/ol>\n<p><span style=\"font-weight: 400\">Siisteys<\/span><\/p>\n<ol>\n<li style=\"font-weight: 400\"><span style=\"font-weight: 400\">Siivoa j\u00e4lkesi<\/span><\/li>\n<li style=\"font-weight: 400\"><span style=\"font-weight: 400\">Tiskaa omat tiskisi<\/span><\/li>\n<li style=\"font-weight: 400\"><span style=\"font-weight: 400\">Kun roskis on t\u00e4ynn\u00e4, vie se Dentalian toisella puolella olevaan roskikseen<\/span><\/li>\n<li style=\"font-weight: 400\"><span style=\"font-weight: 400\">Kaksi kertaa vuodessa suoritetaan suursiivous, jonka hoitavat syksyll\u00e4 fetukset ja kev\u00e4\u00e4ll\u00e4 kakkoset<\/span><\/li>\n<\/ol>\n<p><span style=\"font-weight: 400\">Sy\u00f6minen ja juominen<\/span><\/p>\n<ol>\n<li style=\"font-weight: 400\"><span style=\"font-weight: 400\">Vain kahvia, teet\u00e4 ja maitoa saa ottaa<\/span><\/li>\n<li style=\"font-weight: 400\"><span style=\"font-weight: 400\">Merkkaa maitopurkkiin aina avausp\u00e4iv\u00e4m\u00e4\u00e4r\u00e4<\/span><\/li>\n<li style=\"font-weight: 400\"><span style=\"font-weight: 400\">Jos laitat j\u00e4\u00e4kaappiin ruokaa, merkkaa ne (esim. nimi ja p\u00e4iv\u00e4m\u00e4\u00e4r\u00e4). Merkkaamattomia ja pilaantuneita ruokia heitet\u00e4\u00e4n tasaisin v\u00e4liajoin pois<\/span><\/li>\n<li style=\"font-weight: 400\"><span style=\"font-weight: 400\">\u00c4l\u00e4 ota kertak\u00e4ytt\u00f6astioita<\/span><\/li>\n<\/ol>\n<p><span style=\"font-weight: 400\">Tulostaminen<\/span><\/p>\n<ol>\n<li style=\"font-weight: 400\"><span style=\"font-weight: 400\">V\u00e4lt\u00e4 turhaa tulostamista<\/span><\/li>\n<li style=\"font-weight: 400\"><span style=\"font-weight: 400\">Jos mahdollista, tulosta kaksipuolisesti<\/span><\/li>\n<\/ol>\n<p><span style=\"font-weight: 400\">Varasto ja kaapit<\/span><\/p>\n<ol>\n<li style=\"font-weight: 400\"><span style=\"font-weight: 400\">\u00c4l\u00e4 koske hallituksen kaappiin tai varastoon, jos et ole hallituksessa<\/span><\/li>\n<\/ol>\n<p>***<\/p>\n<p><strong>Toimistokahvit<\/strong><\/p>\n<p><img loading=\"lazy\" decoding=\"async\" class=\"alignright\" src=\"https:\/\/tyyala.utu.fi\/iva\/wanha\/toimisto\/tupa.jpg\" alt=\"\" width=\"200\" height=\"150\" \/><em>Kahvia \u00e4l\u00e4 liikaa keit\u00e4,<br \/>\n\u00e4l\u00e4 viem\u00e4riin pois heit\u00e4.<br \/>\nKeitint\u00e4 \u00e4l\u00e4 p\u00e4\u00e4lle j\u00e4t\u00e4,<br \/>\nsiit\u00e4 voi synty\u00e4 suuri h\u00e4t\u00e4.<br \/>\n<\/em><br \/>\n<em>Muista viel\u00e4 j\u00e4lkesi siivota,<br \/>\nettei tarvitse seuraavan raivota.<\/em><br \/>\n<img loading=\"lazy\" decoding=\"async\" class=\"alignright\" src=\"https:\/\/tyyala.utu.fi\/iva\/wanha\/toimisto\/keittio.jpg\" alt=\"\" width=\"200\" height=\"150\" \/><em> Viel\u00e4 kun tiskaat kahvimukin,<\/em><br \/>\n<em>\u00a0niin on tyytyv\u00e4inen itse kukin!<\/em><\/p>\n<p><em>Muista aina ovi sulkea,<br \/>\nkun aiot toimistolta pois kulkea.<br \/>\nSammuta valot sit\u00e4 ennen<br \/>\njos olet toimistolla viimeinen.<\/em><\/p>\n<p>Pidet\u00e4\u00e4n yhdess\u00e4 toimisto siistin\u00e4!<img loading=\"lazy\" decoding=\"async\" class=\"alignright\" src=\"https:\/\/tyyala.utu.fi\/iva\/wanha\/toimisto\/tietokoneluokka.jpg\" alt=\"\" width=\"200\" height=\"150\" \/><\/p>\n<p style=\"text-align: justify\">Kahvia ja hyv\u00e4\u00e4 seuraa on toimistolla aina tarjolla!<\/p>\n<p style=\"text-align: justify\">Toimistolla j\u00e4senist\u00f6\u00e4 palvelee my\u00f6s koulutusohjelman oma kirjasto. Kirjastoon kuuluvat kirjat <em>Miinan ja Manun aapinen<\/em> sek\u00e4 <em>Tutki ja kokeile<\/em>, lis\u00e4ksi hyllyst\u00e4 l\u00f6ytyv\u00e4t seuraavat Duodecimin kustantamat kirjat:<br \/>\n<img loading=\"lazy\" decoding=\"async\" class=\"alignright\" src=\"https:\/\/tyyala.utu.fi\/iva\/wanha\/toimisto\/kirjat.jpg\" alt=\"\" width=\"274\" height=\"205\" \/><\/p>\n<ul>\n<li>Allergologia<\/li>\n<li>Endokrinologia<\/li>\n<li>Gastroenterologia<\/li>\n<li>Neurologia<\/li>\n<li>Ravitsemustiede<\/li>\n<li>Epidemiologia<\/li>\n<li>Biostatistiikka<\/li>\n<li>Gerontologia<\/li>\n<li>Kehitysbiologia, solusta yksil\u00f6ksi<\/li>\n<li>Kipu<\/li>\n<li>Farmakologia ja toksikologia<\/li>\n<li>Diabetes<\/li>\n<li>Muistih\u00e4iri\u00f6t ja dementia<\/li>\n<li>Reumataudit<\/li>\n<li>P\u00e4ihdel\u00e4\u00e4ketiede<\/li>\n<li>Sy\u00f6p\u00e4taudit<\/li>\n<li>Mikrobiologia ja infektiosairaudet I ja II<\/li>\n<li>Psykiatria<\/li>\n<\/ul>\n<p style=\"text-align: left\">\n","protected":false},"excerpt":{"rendered":"<p>Yhdistyksemme toimisto sijaitsee Hammasl\u00e4\u00e4ketieteen laitoksen alakerrassa Tykist\u00f6kadun ja Lemmink\u00e4isenkadun kulmassa. Toimistolla sijaitsee koulutusohjelman tietokoneluokka sek\u00e4 keitti\u00f6, taukotupa ja kylpyhuone. *** Toimithan seuraavien s\u00e4\u00e4nt\u00f6jen mukaisesti Toimistoa k\u00e4ytt\u00e4ess\u00e4si: Yleist\u00e4 Toimisto on k\u00e4yt\u00f6ss\u00e4 [&hellip;]<\/p>\n","protected":false},"author":208,"featured_media":0,"parent":0,"menu_order":0,"comment_status":"closed","ping_status":"closed","template":"","meta":{"footnotes":""},"class_list":["post-98","page","type-page","status-publish","hentry"],"_links":{"self":[{"href":"https:\/\/tyyala.utu.fi\/iva\/wp-json\/wp\/v2\/pages\/98","targetHints":{"allow":["GET"]}}],"collection":[{"href":"https:\/\/tyyala.utu.fi\/iva\/wp-json\/wp\/v2\/pages"}],"about":[{"href":"https:\/\/tyyala.utu.fi\/iva\/wp-json\/wp\/v2\/types\/page"}],"author":[{"embeddable":true,"href":"https:\/\/tyyala.utu.fi\/iva\/wp-json\/wp\/v2\/users\/208"}],"replies":[{"embeddable":true,"href":"https:\/\/tyyala.utu.fi\/iva\/wp-json\/wp\/v2\/comments?post=98"}],"version-history":[{"count":28,"href":"https:\/\/tyyala.utu.fi\/iva\/wp-json\/wp\/v2\/pages\/98\/revisions"}],"predecessor-version":[{"id":3000,"href":"https:\/\/tyyala.utu.fi\/iva\/wp-json\/wp\/v2\/pages\/98\/revisions\/3000"}],"wp:attachment":[{"href":"https:\/\/tyyala.utu.fi\/iva\/wp-json\/wp\/v2\/media?parent=98"}],"curies":[{"name":"wp","href":"https:\/\/api.w.org\/{rel}","templated":true}]}}