{"id":966,"date":"2017-09-25T22:07:09","date_gmt":"2017-09-25T19:07:09","guid":{"rendered":"http:\/\/tyyala.utu.fi\/iva\/?page_id=966"},"modified":"2026-01-14T15:29:36","modified_gmt":"2026-01-14T13:29:36","slug":"miten-jaseneksi","status":"publish","type":"page","link":"https:\/\/tyyala.utu.fi\/iva\/yhdistys\/miten-jaseneksi\/","title":{"rendered":"J\u00e4senyys"},"content":{"rendered":"<p>Yhdistyksen varsinaiseksi j\u00e4seneksi voi liitty\u00e4 jokainen Turun yliopistossa biol\u00e4\u00e4ketiedett\u00e4 opiskeleva henkil\u00f6,\u00a0Drug Discovery and Development, Human Neuroscience ja Biomedical Imaging -maisteriopiskelija\u00a0tai muu alasta kiinnostunut henkil\u00f6 maksamalla vuosittaisen j\u00e4senmaksun. J\u00e4senmaksun suuruudesta p\u00e4\u00e4tt\u00e4\u00e4 yhdistyksen syyskokous. Yhdistyksen ikij\u00e4senyytt\u00e4 voivat yhdistyksen hallitukselta hakea kaikki 5 vuotta varsinaisena j\u00e4senen\u00e4 olleet henkil\u00f6t.<\/p>\n<p>Vuonna 2026 IVAn j\u00e4senyys maksaa 10 \u20ac ja sill\u00e4 IVA tarjoaa sinulle:<\/p>\n<p><strong>-P\u00e4\u00e4syn IVAn Toimistolle.<\/strong> Toimistolla k\u00e4yt\u00f6ss\u00e4si on ilmainen kahvi- ja teetarjoilu, tietokoneet ja screeni kotiteattereineen sek\u00e4 tilaa opiskella yksin tai ryhm\u00e4ss\u00e4.<\/p>\n<p><strong>-Edunvalvontaa.<\/strong> IVAn hallitus valvoo biol\u00e4\u00e4ketieteen opiskelijoiden koulutus- ja sosiaalipoliittista etua sek\u00e4 osallistuu opintojen kehitt\u00e4miseen.<\/p>\n<p><strong>-Oikeuden osallistua IVAn tapahtumiin<\/strong>. IVAn j\u00e4senen\u00e4 p\u00e4\u00e4set osallistumaan muun muassa bileisiin, sitseille, hengailuiltoihin, kes\u00e4ty\u00f6infoihin ja lajikokeiluihin.<\/p>\n<p><strong>-IVApostin.<\/strong> IVApostissa IVA tiedottaa omista ja muiden j\u00e4rjest\u00f6jen tapahtumista, huomauttaa opiskelijoille ajankohtaisista asioista ja jakaa ty\u00f6paikkamainoksia.<\/p>\n<p><strong>-Mahdollisuuden hankkia opiskelijahaalarit.<\/strong> IVAn j\u00e4senen\u00e4 saat mahdollisuuden osallistua haalaritilaukseen ja oikeuden k\u00e4ytt\u00e4\u00e4 IVAn keltaisia opiskelijahaalareita. Haalareiden lis\u00e4ksi voit hankkia my\u00f6s muita IVA-tuotteita!<\/p>\n<p><strong>-Alumnitoimintaa ja verkostoitumismahdollisuuksia.<\/strong> Alumnitapahtumissa p\u00e4\u00e4set tapaamaan valmistuneita ja kuulet heid\u00e4n urapoluistaan. IVA on yhteydess\u00e4 my\u00f6s Kuopion biol\u00e4\u00e4ketieteilij\u00f6ihin ja j\u00e4rjest\u00e4\u00e4 ekskursioita mm. oman alan yrityksiin.<\/p>\n<p>Liity IVAn j\u00e4seneksi t\u00e4ll\u00e4 lomakkeella: <a href=\"https:\/\/forms.gle\/fKHDLmHJeNXxBHxF7\">https:\/\/forms.gle\/fKHDLmHJeNXxBHxF7<\/a><\/p>\n<p>T\u00e4\u00e4lt\u00e4 voit lukea IVAn j\u00e4senrekisteriselosteen: <a href=\"https:\/\/tyyala.utu.fi\/iva\/wp-content\/uploads\/sites\/43\/ivaj%C3%A4senrekisteriseloste.docx\">Ivan j\u00e4senrekisteriseloste<\/a><\/p>\n<p>Hae IVAn ikij\u00e4senyytt\u00e4: <a href=\"https:\/\/forms.gle\/4JMzGh7gNunVwH1X7\">https:\/\/forms.gle\/4JMzGh7gNunVwH1X7<\/a><\/p>\n<p>Lis\u00e4tietoa j\u00e4senyydest\u00e4 saat IVAn hallitukselta iva@utu.fi.<\/p>\n","protected":false},"excerpt":{"rendered":"<p>Yhdistyksen varsinaiseksi j\u00e4seneksi voi liitty\u00e4 jokainen Turun yliopistossa biol\u00e4\u00e4ketiedett\u00e4 opiskeleva henkil\u00f6,\u00a0Drug Discovery and Development, Human Neuroscience ja Biomedical Imaging -maisteriopiskelija\u00a0tai muu alasta kiinnostunut henkil\u00f6 maksamalla vuosittaisen j\u00e4senmaksun. J\u00e4senmaksun suuruudesta p\u00e4\u00e4tt\u00e4\u00e4 [&hellip;]<\/p>\n","protected":false},"author":450,"featured_media":0,"parent":817,"menu_order":0,"comment_status":"closed","ping_status":"closed","template":"","meta":{"footnotes":""},"class_list":["post-966","page","type-page","status-publish","hentry"],"_links":{"self":[{"href":"https:\/\/tyyala.utu.fi\/iva\/wp-json\/wp\/v2\/pages\/966","targetHints":{"allow":["GET"]}}],"collection":[{"href":"https:\/\/tyyala.utu.fi\/iva\/wp-json\/wp\/v2\/pages"}],"about":[{"href":"https:\/\/tyyala.utu.fi\/iva\/wp-json\/wp\/v2\/types\/page"}],"author":[{"embeddable":true,"href":"https:\/\/tyyala.utu.fi\/iva\/wp-json\/wp\/v2\/users\/450"}],"replies":[{"embeddable":true,"href":"https:\/\/tyyala.utu.fi\/iva\/wp-json\/wp\/v2\/comments?post=966"}],"version-history":[{"count":16,"href":"https:\/\/tyyala.utu.fi\/iva\/wp-json\/wp\/v2\/pages\/966\/revisions"}],"predecessor-version":[{"id":3035,"href":"https:\/\/tyyala.utu.fi\/iva\/wp-json\/wp\/v2\/pages\/966\/revisions\/3035"}],"up":[{"embeddable":true,"href":"https:\/\/tyyala.utu.fi\/iva\/wp-json\/wp\/v2\/pages\/817"}],"wp:attachment":[{"href":"https:\/\/tyyala.utu.fi\/iva\/wp-json\/wp\/v2\/media?parent=966"}],"curies":[{"name":"wp","href":"https:\/\/api.w.org\/{rel}","templated":true}]}}