{"id":959,"date":"2017-09-25T21:57:55","date_gmt":"2017-09-25T18:57:55","guid":{"rendered":"http:\/\/tyyala.utu.fi\/iva\/?page_id=959"},"modified":"2025-01-22T13:49:15","modified_gmt":"2025-01-22T11:49:15","slug":"biolaaketieteen-koulutusohjelma","status":"publish","type":"page","link":"https:\/\/tyyala.utu.fi\/iva\/opiskelu\/biolaaketieteen-koulutusohjelma\/","title":{"rendered":"Biol\u00e4\u00e4ketieteen koulutusohjelma"},"content":{"rendered":"<h3>MIST\u00c4 KOULUTUSOHJELMA KOOSTUU?<\/h3>\n<p><b>Luonnontieteiden kandidaatti<\/b><span style=\"font-weight: 400\">, 3 vuotta, p\u00e4\u00e4aine biol\u00e4\u00e4ketiede.<\/span><\/p>\n<p><span style=\"font-weight: 400\">Tutkinnon aikana hankitaan biol\u00e4\u00e4ketieteen perustiedot ja -taidot. Kandidaatintutkinto sis\u00e4lt\u00e4\u00e4 muun muassa anatomian ja fysiologian, solu- ja molekyylibiologian, farmakologian ja kemian opintoja. Luonnontieteiden kandidaatin vaiheen kursseihin voit tutustua tarkemmin<a href=\"https:\/\/opas.peppi.utu.fi\/fi\/ohjelma\/99862?period=2024-2027\">\u00a0t\u00e4\u00e4ll\u00e4<\/a>.<\/span><\/p>\n<p><b>Filosofian maisteri<\/b><span style=\"font-weight: 400\">, 2 vuotta, p\u00e4\u00e4aine l\u00e4\u00e4kekehitystiede (Drug Discovery and Development, englanninkielinen)<\/span><\/p>\n<p><span style=\"font-weight: 400\">Maisterivaiheessa perehdyt\u00e4\u00e4n monipuolisesti l\u00e4\u00e4kekehitykseen liittyviin prosesseihin ja tutustutaan niiss\u00e4 tarvittaviin menetelmiin. Tutkintoon kuuluvia opintoja ovat muun muassa farmakokinetiikka ja -genetiikka, kliininen l\u00e4\u00e4ketutkimus, koe-el\u00e4intutkimukset ja el\u00e4inmallit ja l\u00e4\u00e4kekehitykseen liittyv\u00e4 projektity\u00f6. Drug Discovery and Development \u2013maisterivaiheen kursseista saat lis\u00e4tietoa<a href=\"https:\/\/opas.peppi.utu.fi\/fi\/ohjelma\/98930?period=2024-2027\">\u00a0t\u00e4\u00e4lt\u00e4<\/a>.<\/span><\/p>\n<p><span style=\"font-weight: 400\">Koulutusohjelmaan voit tutustua my\u00f6s\u00a0<a href=\"https:\/\/www.utu.fi\/fi\/opiskelijaksi\/biolaaketieteen-ja-laakekehityksen-tutkinto-ohjelma-luonnontieteiden-kandidaatti-ja\">yliopiston nettisivuilla<\/a>.\u00a0<\/span><\/p>\n\n\n<p><\/p>\n","protected":false},"excerpt":{"rendered":"<p>MIST\u00c4 KOULUTUSOHJELMA KOOSTUU? Luonnontieteiden kandidaatti, 3 vuotta, p\u00e4\u00e4aine biol\u00e4\u00e4ketiede. Tutkinnon aikana hankitaan biol\u00e4\u00e4ketieteen perustiedot ja -taidot. Kandidaatintutkinto sis\u00e4lt\u00e4\u00e4 muun muassa anatomian ja fysiologian, solu- ja molekyylibiologian, farmakologian ja kemian opintoja. [&hellip;]<\/p>\n","protected":false},"author":450,"featured_media":0,"parent":825,"menu_order":0,"comment_status":"closed","ping_status":"closed","template":"","meta":{"footnotes":""},"class_list":["post-959","page","type-page","status-publish","hentry"],"_links":{"self":[{"href":"https:\/\/tyyala.utu.fi\/iva\/wp-json\/wp\/v2\/pages\/959","targetHints":{"allow":["GET"]}}],"collection":[{"href":"https:\/\/tyyala.utu.fi\/iva\/wp-json\/wp\/v2\/pages"}],"about":[{"href":"https:\/\/tyyala.utu.fi\/iva\/wp-json\/wp\/v2\/types\/page"}],"author":[{"embeddable":true,"href":"https:\/\/tyyala.utu.fi\/iva\/wp-json\/wp\/v2\/users\/450"}],"replies":[{"embeddable":true,"href":"https:\/\/tyyala.utu.fi\/iva\/wp-json\/wp\/v2\/comments?post=959"}],"version-history":[{"count":7,"href":"https:\/\/tyyala.utu.fi\/iva\/wp-json\/wp\/v2\/pages\/959\/revisions"}],"predecessor-version":[{"id":2988,"href":"https:\/\/tyyala.utu.fi\/iva\/wp-json\/wp\/v2\/pages\/959\/revisions\/2988"}],"up":[{"embeddable":true,"href":"https:\/\/tyyala.utu.fi\/iva\/wp-json\/wp\/v2\/pages\/825"}],"wp:attachment":[{"href":"https:\/\/tyyala.utu.fi\/iva\/wp-json\/wp\/v2\/media?parent=959"}],"curies":[{"name":"wp","href":"https:\/\/api.w.org\/{rel}","templated":true}]}}