{"id":951,"date":"2017-09-25T21:48:48","date_gmt":"2017-09-25T18:48:48","guid":{"rendered":"http:\/\/tyyala.utu.fi\/iva\/?page_id=951"},"modified":"2022-12-23T11:40:48","modified_gmt":"2022-12-23T09:40:48","slug":"tyoelama","status":"publish","type":"page","link":"https:\/\/tyyala.utu.fi\/iva\/opiskelu\/tyoelama\/","title":{"rendered":"Ty\u00f6el\u00e4m\u00e4"},"content":{"rendered":"\n<p><strong><br><\/strong> Ty\u00f6el\u00e4m\u00e4&nbsp;biol\u00e4\u00e4ketieteen parissa alkaa yleens\u00e4 harjoittelu- ja kes\u00e4ty\u00f6paikan hankkimisella. Jo ensimm\u00e4isten opiskeluvuosien aikana voi hakeutua kes\u00e4t\u00f6ihin tutkimusryhmiin esimerkiksi l\u00e4\u00e4ketieteellisen tiedekunnan laitoksiin tai bioalan yrityksiin. Ty\u00f6nkuvat ovat hyvin erilaisia ja niihin voi kuulua esimerkiksi soluviljely\u00e4, erilaisia molekyylibiologisia menetelmi\u00e4, mikroskopointia sek\u00e4 el\u00e4int\u00f6it\u00e4. Usein ty\u00f6 on vaihtelevaa ja mahdollistaa monien eri menetelmien k\u00e4yt\u00f6n harjoittelemisen.<\/p>\n\n\n\n<p>Valmistuneiden ty\u00f6teht\u00e4v\u00e4t\u00a0yrityksiss\u00e4 ovat usein tutkija-, asiantuntija- tai suunnittelu- tai johtoteht\u00e4vi\u00e4. Koulutusohjelmasta valmistuneita on t\u00f6iss\u00e4 bio- ja l\u00e4\u00e4kealan yritysten lis\u00e4ksi akateemisissa tutkimus- ja opetusteht\u00e4viss\u00e4 sek\u00e4 erilaisissa virastoissa. Omat kiinnostuksen kohteet ja opiskelun aikana kertyv\u00e4 ty\u00f6kokemus vaikuttavat sijoittumiseen ty\u00f6el\u00e4m\u00e4ss\u00e4. Valinnaisia opintoja on tarjolla esimerkiksi virusopista liiketoimintaosaamiseen. Biol\u00e4\u00e4ketieteen koulutusohjelma antaa hyv\u00e4t edellytykset ty\u00f6llistymiselle bio- ja l\u00e4\u00e4kealan teht\u00e4viin.<\/p>\n","protected":false},"excerpt":{"rendered":"<p>Ty\u00f6el\u00e4m\u00e4&nbsp;biol\u00e4\u00e4ketieteen parissa alkaa yleens\u00e4 harjoittelu- ja kes\u00e4ty\u00f6paikan hankkimisella. Jo ensimm\u00e4isten opiskeluvuosien aikana voi hakeutua kes\u00e4t\u00f6ihin tutkimusryhmiin esimerkiksi l\u00e4\u00e4ketieteellisen tiedekunnan laitoksiin tai bioalan yrityksiin. Ty\u00f6nkuvat ovat hyvin erilaisia ja niihin voi [&hellip;]<\/p>\n","protected":false},"author":450,"featured_media":0,"parent":825,"menu_order":0,"comment_status":"closed","ping_status":"closed","template":"","meta":{"footnotes":""},"class_list":["post-951","page","type-page","status-publish","hentry"],"_links":{"self":[{"href":"https:\/\/tyyala.utu.fi\/iva\/wp-json\/wp\/v2\/pages\/951","targetHints":{"allow":["GET"]}}],"collection":[{"href":"https:\/\/tyyala.utu.fi\/iva\/wp-json\/wp\/v2\/pages"}],"about":[{"href":"https:\/\/tyyala.utu.fi\/iva\/wp-json\/wp\/v2\/types\/page"}],"author":[{"embeddable":true,"href":"https:\/\/tyyala.utu.fi\/iva\/wp-json\/wp\/v2\/users\/450"}],"replies":[{"embeddable":true,"href":"https:\/\/tyyala.utu.fi\/iva\/wp-json\/wp\/v2\/comments?post=951"}],"version-history":[{"count":8,"href":"https:\/\/tyyala.utu.fi\/iva\/wp-json\/wp\/v2\/pages\/951\/revisions"}],"predecessor-version":[{"id":2827,"href":"https:\/\/tyyala.utu.fi\/iva\/wp-json\/wp\/v2\/pages\/951\/revisions\/2827"}],"up":[{"embeddable":true,"href":"https:\/\/tyyala.utu.fi\/iva\/wp-json\/wp\/v2\/pages\/825"}],"wp:attachment":[{"href":"https:\/\/tyyala.utu.fi\/iva\/wp-json\/wp\/v2\/media?parent=951"}],"curies":[{"name":"wp","href":"https:\/\/api.w.org\/{rel}","templated":true}]}}