{"id":942,"date":"2017-09-25T21:40:01","date_gmt":"2017-09-25T18:40:01","guid":{"rendered":"http:\/\/tyyala.utu.fi\/iva\/?page_id=942"},"modified":"2026-03-25T15:00:40","modified_gmt":"2026-03-25T13:00:40","slug":"hallitus-2022","status":"publish","type":"page","link":"https:\/\/tyyala.utu.fi\/iva\/hallitus\/hallitus-2022\/","title":{"rendered":"Hallitus 2026 \/ Board 2026"},"content":{"rendered":"\n<p><\/p>\n\n\n\n<p><\/p>\n\n\n\n<div class=\"wp-block-media-text is-stacked-on-mobile\" style=\"grid-template-columns:35% auto\"><figure class=\"wp-block-media-text__media\"><img loading=\"lazy\" decoding=\"async\" width=\"768\" height=\"1024\" src=\"https:\/\/tyyala.utu.fi\/iva\/wp-content\/uploads\/sites\/43\/2026_Emilia-768x1024.jpg\" alt=\"\" class=\"wp-image-3050 size-full\" srcset=\"https:\/\/tyyala.utu.fi\/iva\/wp-content\/uploads\/sites\/43\/2026_Emilia-768x1024.jpg 768w, https:\/\/tyyala.utu.fi\/iva\/wp-content\/uploads\/sites\/43\/2026_Emilia-225x300.jpg 225w, https:\/\/tyyala.utu.fi\/iva\/wp-content\/uploads\/sites\/43\/2026_Emilia-800x1067.jpg 800w, https:\/\/tyyala.utu.fi\/iva\/wp-content\/uploads\/sites\/43\/2026_Emilia.jpg 1145w\" sizes=\"auto, (max-width: 768px) 100vw, 768px\" \/><\/figure><div class=\"wp-block-media-text__content\">\n<h2 class=\"wp-block-heading\"><strong>Emilia Jaakkola<\/strong><\/h2>\n\n\n\n<p><em>Puheenjohtaja, Halloped-koordinaattori<br>Chair, Halloped Coordinator<\/em><br>emilia.m.jaakkola[at]utu.fi<\/p>\n<\/div><\/div>\n\n\n\n<div class=\"wp-block-media-text has-media-on-the-right is-stacked-on-mobile\" style=\"grid-template-columns:auto 35%\"><div class=\"wp-block-media-text__content\">\n<h2 class=\"wp-block-heading has-text-align-right\"><strong>Ville Salmenhaara<\/strong><\/h2>\n\n\n\n<p class=\"has-text-align-right\"><em>Varapuheenjohtaja, koulutuspoliittinen ja alumnivastaava, h\u00e4irint\u00e4yhdyshenkil\u00f6<br>Vice chair, educational policy and alumni responsible, harassment contact person<\/em><br>ville.a.salmenhaara[at]utu.fi<\/p>\n<\/div><figure class=\"wp-block-media-text__media\"><img loading=\"lazy\" decoding=\"async\" width=\"768\" height=\"1024\" src=\"https:\/\/tyyala.utu.fi\/iva\/wp-content\/uploads\/sites\/43\/2026_Ville-768x1024.jpg\" alt=\"\" class=\"wp-image-3056 size-full\" srcset=\"https:\/\/tyyala.utu.fi\/iva\/wp-content\/uploads\/sites\/43\/2026_Ville-768x1024.jpg 768w, https:\/\/tyyala.utu.fi\/iva\/wp-content\/uploads\/sites\/43\/2026_Ville-225x300.jpg 225w, https:\/\/tyyala.utu.fi\/iva\/wp-content\/uploads\/sites\/43\/2026_Ville-1152x1536.jpg 1152w, https:\/\/tyyala.utu.fi\/iva\/wp-content\/uploads\/sites\/43\/2026_Ville-800x1067.jpg 800w, https:\/\/tyyala.utu.fi\/iva\/wp-content\/uploads\/sites\/43\/2026_Ville.jpg 1370w\" sizes=\"auto, (max-width: 768px) 100vw, 768px\" \/><\/figure><\/div>\n\n\n\n<div class=\"wp-block-media-text is-stacked-on-mobile\" style=\"grid-template-columns:35% auto\"><figure class=\"wp-block-media-text__media\"><img loading=\"lazy\" decoding=\"async\" width=\"768\" height=\"1024\" src=\"https:\/\/tyyala.utu.fi\/iva\/wp-content\/uploads\/sites\/43\/2026_Kaisa-768x1024.jpg\" alt=\"\" class=\"wp-image-3052 size-full\" srcset=\"https:\/\/tyyala.utu.fi\/iva\/wp-content\/uploads\/sites\/43\/2026_Kaisa-768x1024.jpg 768w, https:\/\/tyyala.utu.fi\/iva\/wp-content\/uploads\/sites\/43\/2026_Kaisa-225x300.jpg 225w, https:\/\/tyyala.utu.fi\/iva\/wp-content\/uploads\/sites\/43\/2026_Kaisa-1152x1536.jpg 1152w, https:\/\/tyyala.utu.fi\/iva\/wp-content\/uploads\/sites\/43\/2026_Kaisa-800x1067.jpg 800w, https:\/\/tyyala.utu.fi\/iva\/wp-content\/uploads\/sites\/43\/2026_Kaisa.jpg 1227w\" sizes=\"auto, (max-width: 768px) 100vw, 768px\" \/><\/figure><div class=\"wp-block-media-text__content\">\n<h2 class=\"wp-block-heading\"><strong>Kaisa Ansam\u00e4ki<\/strong><\/h2>\n\n\n\n<p><em>Sihteeri, toimistovastaava, h\u00e4irint\u00e4yhdyshenkil\u00f6<br>Secretary, Toimisto responsible, harassment contact person<\/em><br>kaisa.l.ansamaki[at]utu.fi<\/p>\n<\/div><\/div>\n\n\n\n<div class=\"wp-block-media-text has-media-on-the-right is-stacked-on-mobile\" style=\"grid-template-columns:auto 35%\"><div class=\"wp-block-media-text__content\">\n<h2 class=\"wp-block-heading has-text-align-right\"><strong>Leevi Leskel\u00e4<\/strong><\/h2>\n\n\n\n<p class=\"has-text-align-right\"><em>Taloudenhoitaja, urheiluvastaava<br>Treasurer, sports responsible<\/em><br>leevi.j.leskela[at]utu.fi<\/p>\n<\/div><figure class=\"wp-block-media-text__media\"><img loading=\"lazy\" decoding=\"async\" width=\"768\" height=\"1024\" src=\"https:\/\/tyyala.utu.fi\/iva\/wp-content\/uploads\/sites\/43\/2026_Leevi-768x1024.jpg\" alt=\"\" class=\"wp-image-3053 size-full\" srcset=\"https:\/\/tyyala.utu.fi\/iva\/wp-content\/uploads\/sites\/43\/2026_Leevi-768x1024.jpg 768w, https:\/\/tyyala.utu.fi\/iva\/wp-content\/uploads\/sites\/43\/2026_Leevi-225x300.jpg 225w, https:\/\/tyyala.utu.fi\/iva\/wp-content\/uploads\/sites\/43\/2026_Leevi-1152x1536.jpg 1152w, https:\/\/tyyala.utu.fi\/iva\/wp-content\/uploads\/sites\/43\/2026_Leevi-800x1067.jpg 800w, https:\/\/tyyala.utu.fi\/iva\/wp-content\/uploads\/sites\/43\/2026_Leevi.jpg 1335w\" sizes=\"auto, (max-width: 768px) 100vw, 768px\" \/><\/figure><\/div>\n\n\n\n<div class=\"wp-block-media-text is-stacked-on-mobile\" style=\"grid-template-columns:35% auto\"><figure class=\"wp-block-media-text__media\"><img loading=\"lazy\" decoding=\"async\" width=\"768\" height=\"1024\" src=\"https:\/\/tyyala.utu.fi\/iva\/wp-content\/uploads\/sites\/43\/2026_Henrik-768x1024.jpg\" alt=\"\" class=\"wp-image-3051 size-full\" srcset=\"https:\/\/tyyala.utu.fi\/iva\/wp-content\/uploads\/sites\/43\/2026_Henrik-768x1024.jpg 768w, https:\/\/tyyala.utu.fi\/iva\/wp-content\/uploads\/sites\/43\/2026_Henrik-225x300.jpg 225w, https:\/\/tyyala.utu.fi\/iva\/wp-content\/uploads\/sites\/43\/2026_Henrik-800x1067.jpg 800w, https:\/\/tyyala.utu.fi\/iva\/wp-content\/uploads\/sites\/43\/2026_Henrik.jpg 1056w\" sizes=\"auto, (max-width: 768px) 100vw, 768px\" \/><\/figure><div class=\"wp-block-media-text__content\">\n<h2 class=\"wp-block-heading\"><strong>Henrik Mustaj\u00e4rvi<\/strong><\/h2>\n\n\n\n<p><em>Materiaalivastaava<br>Material responsible<\/em><br>henrik.t.mustajarvi[at]utu.fi<\/p>\n<\/div><\/div>\n\n\n\n<div class=\"wp-block-media-text has-media-on-the-right is-stacked-on-mobile\" style=\"grid-template-columns:auto 35%\"><div class=\"wp-block-media-text__content\">\n<h2 class=\"wp-block-heading has-text-align-right\"><strong>Atte Haapanen<\/strong><\/h2>\n\n\n\n<p class=\"has-text-align-right\"><em>Tapahtuma- ja ekskursiovastaava<br>Event and excursion responsible<br><\/em>atte.o.haapanen[at]utu.fi<\/p>\n<\/div><figure class=\"wp-block-media-text__media\"><img loading=\"lazy\" decoding=\"async\" width=\"768\" height=\"1024\" src=\"https:\/\/tyyala.utu.fi\/iva\/wp-content\/uploads\/sites\/43\/2026_Atte-768x1024.jpg\" alt=\"\" class=\"wp-image-3048 size-full\" srcset=\"https:\/\/tyyala.utu.fi\/iva\/wp-content\/uploads\/sites\/43\/2026_Atte-768x1024.jpg 768w, https:\/\/tyyala.utu.fi\/iva\/wp-content\/uploads\/sites\/43\/2026_Atte-225x300.jpg 225w, https:\/\/tyyala.utu.fi\/iva\/wp-content\/uploads\/sites\/43\/2026_Atte-1152x1536.jpg 1152w, https:\/\/tyyala.utu.fi\/iva\/wp-content\/uploads\/sites\/43\/2026_Atte-800x1067.jpg 800w, https:\/\/tyyala.utu.fi\/iva\/wp-content\/uploads\/sites\/43\/2026_Atte.jpg 1361w\" sizes=\"auto, (max-width: 768px) 100vw, 768px\" \/><\/figure><\/div>\n\n\n\n<div class=\"wp-block-media-text is-stacked-on-mobile\" style=\"grid-template-columns:35% auto\"><figure class=\"wp-block-media-text__media\"><img loading=\"lazy\" decoding=\"async\" width=\"768\" height=\"1024\" src=\"https:\/\/tyyala.utu.fi\/iva\/wp-content\/uploads\/sites\/43\/2026_Tuuli-768x1024.jpg\" alt=\"\" class=\"wp-image-3055 size-full\" srcset=\"https:\/\/tyyala.utu.fi\/iva\/wp-content\/uploads\/sites\/43\/2026_Tuuli-768x1024.jpg 768w, https:\/\/tyyala.utu.fi\/iva\/wp-content\/uploads\/sites\/43\/2026_Tuuli-225x300.jpg 225w, https:\/\/tyyala.utu.fi\/iva\/wp-content\/uploads\/sites\/43\/2026_Tuuli-1152x1536.jpg 1152w, https:\/\/tyyala.utu.fi\/iva\/wp-content\/uploads\/sites\/43\/2026_Tuuli-800x1067.jpg 800w, https:\/\/tyyala.utu.fi\/iva\/wp-content\/uploads\/sites\/43\/2026_Tuuli.jpg 1233w\" sizes=\"auto, (max-width: 768px) 100vw, 768px\" \/><\/figure><div class=\"wp-block-media-text__content\">\n<h2 class=\"wp-block-heading\"><strong>Tuuli Virta<\/strong><\/h2>\n\n\n\n<p><em>Sosiaalipoliittinen ja yhdenvertaisuusvastaava<br>Social policy and equality responsible<br><\/em>tuuli.j.virta[at]utu.fi<\/p>\n<\/div><\/div>\n\n\n\n<div class=\"wp-block-media-text has-media-on-the-right is-stacked-on-mobile\" style=\"grid-template-columns:auto 35%\"><div class=\"wp-block-media-text__content\">\n<h2 class=\"wp-block-heading has-text-align-right\"><strong>Milja Salin<\/strong><\/h2>\n\n\n\n<p class=\"has-text-align-right\"><em>Tiedottaja, kulttuurivastaava<br>Communications and culture responsible<\/em><br>milja.h.salin[at]utu.fi<\/p>\n<\/div><figure class=\"wp-block-media-text__media\"><img loading=\"lazy\" decoding=\"async\" width=\"1920\" height=\"2560\" src=\"https:\/\/tyyala.utu.fi\/iva\/wp-content\/uploads\/sites\/43\/Milja-scaled.jpg\" alt=\"\" class=\"wp-image-3057 size-full\" srcset=\"https:\/\/tyyala.utu.fi\/iva\/wp-content\/uploads\/sites\/43\/Milja-scaled.jpg 1920w, https:\/\/tyyala.utu.fi\/iva\/wp-content\/uploads\/sites\/43\/Milja-225x300.jpg 225w\" sizes=\"auto, (max-width: 1920px) 100vw, 1920px\" \/><\/figure><\/div>\n\n\n\n<div class=\"wp-block-media-text is-stacked-on-mobile\" style=\"grid-template-columns:35% auto\"><figure class=\"wp-block-media-text__media\"><img loading=\"lazy\" decoding=\"async\" width=\"683\" height=\"1024\" src=\"https:\/\/tyyala.utu.fi\/iva\/wp-content\/uploads\/sites\/43\/tempImageEMhpyk-683x1024.jpg\" alt=\"\" class=\"wp-image-3023 size-full\" srcset=\"https:\/\/tyyala.utu.fi\/iva\/wp-content\/uploads\/sites\/43\/tempImageEMhpyk-683x1024.jpg 683w, https:\/\/tyyala.utu.fi\/iva\/wp-content\/uploads\/sites\/43\/tempImageEMhpyk-200x300.jpg 200w, https:\/\/tyyala.utu.fi\/iva\/wp-content\/uploads\/sites\/43\/tempImageEMhpyk-768x1152.jpg 768w, https:\/\/tyyala.utu.fi\/iva\/wp-content\/uploads\/sites\/43\/tempImageEMhpyk-1024x1536.jpg 1024w, https:\/\/tyyala.utu.fi\/iva\/wp-content\/uploads\/sites\/43\/tempImageEMhpyk-1365x2048.jpg 1365w, https:\/\/tyyala.utu.fi\/iva\/wp-content\/uploads\/sites\/43\/tempImageEMhpyk-scaled.jpg 1707w\" sizes=\"auto, (max-width: 683px) 100vw, 683px\" \/><\/figure><div class=\"wp-block-media-text__content\">\n<h2 class=\"wp-block-heading\"><strong>Maria Kemppainen<\/strong><\/h2>\n\n\n\n<p><em>Loimu-,ymp\u00e4rist\u00f6- ja yrityssuhdevastaava<br>Loimu, enviromental and business relations and cooperation responsible<\/em><br>maria.s.kemppainen[at]utu.fi<\/p>\n<\/div><\/div>\n\n\n\n<div class=\"wp-block-media-text has-media-on-the-right is-stacked-on-mobile\" style=\"grid-template-columns:auto 35%\"><div class=\"wp-block-media-text__content\">\n<h2 class=\"wp-block-heading has-text-align-right\">Elise Baudrand<\/h2>\n\n\n\n<p class=\"has-text-align-right\"><em>Kansainv\u00e4lisyysvastaava<br>International responsible<\/em><br>elise.m.baudrand[at]utu.fi<\/p>\n<\/div><figure class=\"wp-block-media-text__media\"><img loading=\"lazy\" decoding=\"async\" width=\"768\" height=\"1024\" src=\"https:\/\/tyyala.utu.fi\/iva\/wp-content\/uploads\/sites\/43\/2026_Elise-768x1024.jpg\" alt=\"\" class=\"wp-image-3049 size-full\" srcset=\"https:\/\/tyyala.utu.fi\/iva\/wp-content\/uploads\/sites\/43\/2026_Elise-768x1024.jpg 768w, https:\/\/tyyala.utu.fi\/iva\/wp-content\/uploads\/sites\/43\/2026_Elise-225x300.jpg 225w, https:\/\/tyyala.utu.fi\/iva\/wp-content\/uploads\/sites\/43\/2026_Elise-800x1067.jpg 800w, https:\/\/tyyala.utu.fi\/iva\/wp-content\/uploads\/sites\/43\/2026_Elise.jpg 1025w\" sizes=\"auto, (max-width: 768px) 100vw, 768px\" \/><\/figure><\/div>\n\n\n\n<p><\/p>\n\n\n\n<p><\/p>\n","protected":false},"excerpt":{"rendered":"<p>Emilia Jaakkola Puheenjohtaja, Halloped-koordinaattoriChair, Halloped Coordinatoremilia.m.jaakkola[at]utu.fi Ville Salmenhaara Varapuheenjohtaja, koulutuspoliittinen ja alumnivastaava, h\u00e4irint\u00e4yhdyshenkil\u00f6Vice chair, educational policy and alumni responsible, harassment contact personville.a.salmenhaara[at]utu.fi Kaisa Ansam\u00e4ki Sihteeri, toimistovastaava, h\u00e4irint\u00e4yhdyshenkil\u00f6Secretary, Toimisto responsible, harassment [&hellip;]<\/p>\n","protected":false},"author":450,"featured_media":0,"parent":809,"menu_order":0,"comment_status":"closed","ping_status":"closed","template":"","meta":{"footnotes":""},"class_list":["post-942","page","type-page","status-publish","hentry"],"_links":{"self":[{"href":"https:\/\/tyyala.utu.fi\/iva\/wp-json\/wp\/v2\/pages\/942","targetHints":{"allow":["GET"]}}],"collection":[{"href":"https:\/\/tyyala.utu.fi\/iva\/wp-json\/wp\/v2\/pages"}],"about":[{"href":"https:\/\/tyyala.utu.fi\/iva\/wp-json\/wp\/v2\/types\/page"}],"author":[{"embeddable":true,"href":"https:\/\/tyyala.utu.fi\/iva\/wp-json\/wp\/v2\/users\/450"}],"replies":[{"embeddable":true,"href":"https:\/\/tyyala.utu.fi\/iva\/wp-json\/wp\/v2\/comments?post=942"}],"version-history":[{"count":47,"href":"https:\/\/tyyala.utu.fi\/iva\/wp-json\/wp\/v2\/pages\/942\/revisions"}],"predecessor-version":[{"id":3065,"href":"https:\/\/tyyala.utu.fi\/iva\/wp-json\/wp\/v2\/pages\/942\/revisions\/3065"}],"up":[{"embeddable":true,"href":"https:\/\/tyyala.utu.fi\/iva\/wp-json\/wp\/v2\/pages\/809"}],"wp:attachment":[{"href":"https:\/\/tyyala.utu.fi\/iva\/wp-json\/wp\/v2\/media?parent=942"}],"curies":[{"name":"wp","href":"https:\/\/api.w.org\/{rel}","templated":true}]}}