{"id":853,"date":"2017-09-20T09:25:08","date_gmt":"2017-09-20T06:25:08","guid":{"rendered":"http:\/\/tyyala.utu.fi\/iva\/?page_id=853"},"modified":"2025-01-28T13:51:11","modified_gmt":"2025-01-28T11:51:11","slug":"ota-yhteytta","status":"publish","type":"page","link":"https:\/\/tyyala.utu.fi\/iva\/ota-yhteytta\/","title":{"rendered":"Ota yhteytt\u00e4 \/ Contact us"},"content":{"rendered":"<p><strong>Hallituksen yleinen s\u00e4hk\u00f6postiosoite \/ General email address for the board:\u00a0<\/strong><\/p>\n<p style=\"text-align: left\"><a href=\"mailto:iva@utu.fi\">iva@utu.fi<\/a><\/p>\n<p>(Kunkin hallituslaisen oma s\u00e4hk\u00f6posti vastuualueineen l\u00f6ytyv\u00e4t Hallitus 2025 -alasivulta. \/ You can find personal emails for each board member from Board 2025 subpage.)<\/p>\n<p><strong>S\u00e4hk\u00f6postilistat<\/strong><\/p>\n<p style=\"text-align: justify\">S\u00e4hk\u00f6postilistoja yll\u00e4pit\u00e4v\u00e4t hallituksessa taloudenhoitaja sek\u00e4 tiedottaja.\u00a0Mik\u00e4li haluat liitty\u00e4 jollekin postituslistalle, ota yhteytt\u00e4 listojen hallinnoijaan.<\/p>\n<p style=\"text-align: justify\">Jos haluat v\u00e4litt\u00e4\u00e4 tiedotteita ainej\u00e4rjest\u00f6mme j\u00e4senille, ota ensin yhteytt\u00e4 ainej\u00e4rjest\u00f6n hallitukseen. Hallitus v\u00e4litt\u00e4\u00e4 tiedotteet eteenp\u00e4in parhaaksi katsomallaan tavalla.<\/p>\n<p><strong>Postitusosoite \/ Postal address:<\/strong><\/p>\n<p style=\"text-align: left\">In Vitro Aboensis IVA ry<\/p>\n<p style=\"text-align: left\">Lemmink\u00e4isenkatu 2<\/p>\n<p style=\"text-align: left\">20520 Turku<\/p>\n<p><strong>Anonyymi palautelaatikko \/ Anonymous feedback form:<\/strong><\/p>\n<p><a href=\"https:\/\/link.webropolsurveys.com\/Participation\/Public\/667e9005-ba1e-4008-8975-791876a21b52?displayId=Fin2532343\">https:\/\/link.webropolsurveys.com\/Participation\/Public\/667e9005-ba1e-4008-8975-791876a21b52?displayId=Fin2532343<\/a><\/p>\n<p><strong>Seuraa meit\u00e4 \/ Follow us:<\/strong><\/p>\n<p>IG\u00a0<a href=\"https:\/\/www.instagram.com\/invitroaboensis\/?hl=da\">@invitroaboensis<\/a><\/p>\n<p>IG\u00a0<a href=\"https:\/\/www.instagram.com\/biolaaketiede\/?hl=da\">@biolaaketiede<\/a><\/p>\n<p>FB\u00a0<a href=\"https:\/\/www.facebook.com\/invitroaboensis\/\">In Vitro Aboensis IVA ry<\/a><\/p>\n","protected":false},"excerpt":{"rendered":"<p>Hallituksen yleinen s\u00e4hk\u00f6postiosoite \/ General email address for the board:\u00a0 iva@utu.fi (Kunkin hallituslaisen oma s\u00e4hk\u00f6posti vastuualueineen l\u00f6ytyv\u00e4t Hallitus 2025 -alasivulta. \/ You can find personal emails for each board member [&hellip;]<\/p>\n","protected":false},"author":450,"featured_media":0,"parent":0,"menu_order":0,"comment_status":"closed","ping_status":"closed","template":"","meta":{"footnotes":""},"class_list":["post-853","page","type-page","status-publish","hentry"],"_links":{"self":[{"href":"https:\/\/tyyala.utu.fi\/iva\/wp-json\/wp\/v2\/pages\/853","targetHints":{"allow":["GET"]}}],"collection":[{"href":"https:\/\/tyyala.utu.fi\/iva\/wp-json\/wp\/v2\/pages"}],"about":[{"href":"https:\/\/tyyala.utu.fi\/iva\/wp-json\/wp\/v2\/types\/page"}],"author":[{"embeddable":true,"href":"https:\/\/tyyala.utu.fi\/iva\/wp-json\/wp\/v2\/users\/450"}],"replies":[{"embeddable":true,"href":"https:\/\/tyyala.utu.fi\/iva\/wp-json\/wp\/v2\/comments?post=853"}],"version-history":[{"count":11,"href":"https:\/\/tyyala.utu.fi\/iva\/wp-json\/wp\/v2\/pages\/853\/revisions"}],"predecessor-version":[{"id":2996,"href":"https:\/\/tyyala.utu.fi\/iva\/wp-json\/wp\/v2\/pages\/853\/revisions\/2996"}],"wp:attachment":[{"href":"https:\/\/tyyala.utu.fi\/iva\/wp-json\/wp\/v2\/media?parent=853"}],"curies":[{"name":"wp","href":"https:\/\/api.w.org\/{rel}","templated":true}]}}