{"id":852,"date":"2017-09-20T09:25:08","date_gmt":"2017-09-20T06:25:08","guid":{"rendered":"http:\/\/tyyala.utu.fi\/iva\/?page_id=852"},"modified":"2024-03-25T18:27:14","modified_gmt":"2024-03-25T16:27:14","slug":"arkisto","status":"publish","type":"page","link":"https:\/\/tyyala.utu.fi\/iva\/yhdistys\/arkisto\/","title":{"rendered":"Kulukorvauslomake \/ Reimbursement form"},"content":{"rendered":"<p><b><a href=\"https:\/\/tyyala.utu.fi\/iva\/wp-content\/uploads\/sites\/43\/Iva-kulukorvauslomake1.pdf\"><br \/>\nIva-kulukorvauslomake<\/a>\u00a0<\/b><\/p>\n<p>Huomioithan kulukorvauslomaketta t\u00e4ytt\u00e4ess\u00e4:<\/p>\n<p>Kuitit numeroidaan ja merkataan kulukorvauslomakkeeseen. Kuitteihin ei saa tehd\u00e4 omia merkint\u00f6j\u00e4, esim. yliviivauksia tai omia laskelmia. T\u00e4m\u00e4n vuoksi kuitissa siis on oltava vain IVAn korvaamat asiat, eik\u00e4 mit\u00e4\u00e4n omia ostoksia. Kuitit kiinnitet\u00e4\u00e4n kulukorvauslomakkeeseen nitojalla, mielell\u00e4\u00e4n kulukorvauslomakkeen taakse oikealle puolelle. Vain kuittia vastaan pystyt\u00e4\u00e4n korvaamaan IVAn hyv\u00e4ksymi\u00e4 tuotteita. Katso my\u00f6s <a href=\"https:\/\/tyyala.utu.fi\/iva\/wp-content\/uploads\/sites\/43\/KULUKORVAUSMALLI.pdf\">t\u00e4ytt\u00f6malli<\/a>.<\/p>\n<p>Palauta t\u00e4ytetty lomake joko Toimiston (Lemmink\u00e4isenkatu 2) ilmoitustaululle tai suoraan taloudenhoitajalle.<\/p>\n<p><a href=\"https:\/\/tyyala.utu.fi\/iva\/wp-content\/uploads\/sites\/43\/IVA-reimbursement-form.pdf\"><strong>IVA-reimbursement-form<\/strong><\/a><\/p>\n<p>Please note while filling out the reimbursement form:<\/p>\n<p>Receipts are to be numbered and marked into the reimbursement form. Do not make any other markings on the receipts, e.g. strikethroughs or own calculations. On the receipt there should be only the purchases reimbursed by IVA, no personal purchases. Receipts are to be stapled to the reimbursement form, prefeably behind the form on the right hand side. Purchases can be reimbursed only in exchange for valid receipts. Check out the <a href=\"https:\/\/tyyala.utu.fi\/iva\/wp-content\/uploads\/sites\/43\/instructions.pdf\">instructions<\/a> for filling the dorm.<\/p>\n<p>Return the filled form either to the notice board at Toimisto\/the Office (Lemmink\u00e4isenkatu 2) or directly to the treasurer.<\/p>\n","protected":false},"excerpt":{"rendered":"<p>Iva-kulukorvauslomake\u00a0 Huomioithan kulukorvauslomaketta t\u00e4ytt\u00e4ess\u00e4: Kuitit numeroidaan ja merkataan kulukorvauslomakkeeseen. Kuitteihin ei saa tehd\u00e4 omia merkint\u00f6j\u00e4, esim. yliviivauksia tai omia laskelmia. T\u00e4m\u00e4n vuoksi kuitissa siis on oltava vain IVAn korvaamat asiat, [&hellip;]<\/p>\n","protected":false},"author":450,"featured_media":0,"parent":817,"menu_order":0,"comment_status":"closed","ping_status":"closed","template":"","meta":{"footnotes":""},"class_list":["post-852","page","type-page","status-publish","hentry"],"_links":{"self":[{"href":"https:\/\/tyyala.utu.fi\/iva\/wp-json\/wp\/v2\/pages\/852","targetHints":{"allow":["GET"]}}],"collection":[{"href":"https:\/\/tyyala.utu.fi\/iva\/wp-json\/wp\/v2\/pages"}],"about":[{"href":"https:\/\/tyyala.utu.fi\/iva\/wp-json\/wp\/v2\/types\/page"}],"author":[{"embeddable":true,"href":"https:\/\/tyyala.utu.fi\/iva\/wp-json\/wp\/v2\/users\/450"}],"replies":[{"embeddable":true,"href":"https:\/\/tyyala.utu.fi\/iva\/wp-json\/wp\/v2\/comments?post=852"}],"version-history":[{"count":15,"href":"https:\/\/tyyala.utu.fi\/iva\/wp-json\/wp\/v2\/pages\/852\/revisions"}],"predecessor-version":[{"id":2958,"href":"https:\/\/tyyala.utu.fi\/iva\/wp-json\/wp\/v2\/pages\/852\/revisions\/2958"}],"up":[{"embeddable":true,"href":"https:\/\/tyyala.utu.fi\/iva\/wp-json\/wp\/v2\/pages\/817"}],"wp:attachment":[{"href":"https:\/\/tyyala.utu.fi\/iva\/wp-json\/wp\/v2\/media?parent=852"}],"curies":[{"name":"wp","href":"https:\/\/api.w.org\/{rel}","templated":true}]}}