{"id":825,"date":"2017-09-11T20:59:15","date_gmt":"2017-09-11T17:59:15","guid":{"rendered":"http:\/\/tyyala.utu.fi\/iva\/?page_id=825"},"modified":"2025-01-22T13:41:35","modified_gmt":"2025-01-22T11:41:35","slug":"opiskelu","status":"publish","type":"page","link":"https:\/\/tyyala.utu.fi\/iva\/opiskelu\/","title":{"rendered":"Opiskelu"},"content":{"rendered":"<h3><a href=\"https:\/\/tyyala.utu.fi\/iva\/wp-content\/uploads\/sites\/43\/opiskelu_tyo.jpg\"><img loading=\"lazy\" decoding=\"async\" class=\"alignnone size-full wp-image-1035\" src=\"https:\/\/tyyala.utu.fi\/iva\/wp-content\/uploads\/sites\/43\/opiskelu_tyo.jpg\" alt=\"\" width=\"1600\" height=\"760\" srcset=\"https:\/\/tyyala.utu.fi\/iva\/wp-content\/uploads\/sites\/43\/opiskelu_tyo.jpg 1600w, https:\/\/tyyala.utu.fi\/iva\/wp-content\/uploads\/sites\/43\/opiskelu_tyo-300x143.jpg 300w, https:\/\/tyyala.utu.fi\/iva\/wp-content\/uploads\/sites\/43\/opiskelu_tyo-768x365.jpg 768w, https:\/\/tyyala.utu.fi\/iva\/wp-content\/uploads\/sites\/43\/opiskelu_tyo-1024x486.jpg 1024w\" sizes=\"auto, (max-width: 1600px) 100vw, 1600px\" \/><\/a><\/h3>\n<p>Biol\u00e4\u00e4ketieteen valitsemisen taustalla on usein kiinnostus ihmisen terveytt\u00e4, l\u00e4\u00e4ketieteellist\u00e4 tutkimusta ja luonnontieteit\u00e4 kohtaan. Opiskelu biol\u00e4\u00e4ketieteellisess\u00e4 on poikkitieteellist\u00e4 ja yhdist\u00e4\u00e4 l\u00e4\u00e4ke- ja luonnontieteellist\u00e4 osaamista. Koulutusohjelman kurssit ovat monipuolisia ja aihepiireilt\u00e4\u00e4n vaihtelevia. \u00a0Monialaisuus on haaste, mutta my\u00f6s valtti ty\u00f6el\u00e4m\u00e4\u00e4 ajatellen. Lis\u00e4ksi jo alusta alkaen totutellaan k\u00e4ytt\u00e4m\u00e4\u00e4n englantia opinnoissa, mik\u00e4 paitsi valmistaa englanninkieliseen maisterivaiheeseen, my\u00f6s lis\u00e4\u00e4 mahdollisuutta luoda kansainv\u00e4list\u00e4 uraa tulevaisuudessa. Koulutuksessa painotetaan k\u00e4yt\u00e4nn\u00f6nl\u00e4heisyytt\u00e4 ja erilaiset harjoitusty\u00f6t alkavatkin heti opintojen ensimm\u00e4isill\u00e4 kursseilla. Ne ovat olennainen osa opiskelua aina valmistumiseen saakka ja antavat valmiuksia ty\u00f6el\u00e4m\u00e4\u00e4n, tutkimuksen tekemiseen ja laboratorioty\u00f6skentelyyn. Koulutusohjelman etuna ovat my\u00f6s pienet ryhm\u00e4koot.<\/p>\n<p>Turussa biol\u00e4\u00e4ketieteen koulutusohjelman opiskelijat suorittavat ensin 3-vuotisen luonnontieteiden kandidaatin tutkinnon (LuK, p\u00e4\u00e4ainena biol\u00e4\u00e4ketiede), jonka j\u00e4lkeen on suora opinto-oikeus 2-vuotiseen englanninkieliseen filosofian maisterin tutkintoon (FM, p\u00e4\u00e4aineena Drug Discovery and Development). Soveltuvan alemman korkeakoulututkinnon tai sit\u00e4 vastaavan koulutuksen suorittanut voi hakea suoraan opiskelemaan my\u00f6s pelkk\u00e4\u00e4 FM-tutkintoa.<\/p>\n<h3>MIST\u00c4 KOULUTUSOHJELMA KOOSTUU?<\/h3>\n<p>Luonnontieteiden kandidaatti, 3 vuotta, p\u00e4\u00e4aine biol\u00e4\u00e4ketiede.<\/p>\n<p>Tutkinnon aikana hankitaan biol\u00e4\u00e4ketieteen perustiedot ja -taidot. Kandidaatintutkinto sis\u00e4lt\u00e4\u00e4 muun muassa anatomian ja fysiologian, solu- ja molekyylibiologian, farmakologian ja kemian opintoja. Luonnontieteiden kandidaatin vaiheen kursseihin voit tutustua tarkemmin<a href=\"https:\/\/nettiopsu.utu.fi\/opas\/tutkintoOhjelma.htm?rid=30541&amp;uiLang=fi&amp;lang=fi&amp;lvv=2017\">\u00a0t\u00e4\u00e4ll\u00e4<\/a>.<\/p>\n<p>Filosofian maisteri, 2 vuotta, p\u00e4\u00e4aine l\u00e4\u00e4kekehitystiede (Drug Discovery and Development, englanninkielinen)<\/p>\n<p>Maisterivaiheessa perehdyt\u00e4\u00e4n monipuolisesti l\u00e4\u00e4kekehitykseen liittyviin prosesseihin ja tutustutaan niiss\u00e4 tarvittaviin menetelmiin. Tutkintoon kuuluvia opintoja ovat muun muassa farmakokinetiikka ja -genetiikka, kliininen l\u00e4\u00e4ketutkimus, koe-el\u00e4intutkimukset ja el\u00e4inmallit, Drug development learning project. Drug Discovery and Development \u2013maisterivaiheen kursseista saat lis\u00e4tietoa<a href=\"https:\/\/nettiopsu.utu.fi\/opas\/tutkintoOhjelma.htm?rid=30610&amp;uiLang=fi&amp;lang=en&amp;lvv=2017\">\u00a0t\u00e4\u00e4lt\u00e4<\/a>.<\/p>\n<p>Koulutusohjelmaan voit tutustua my\u00f6s\u00a0<a href=\"https:\/\/www.utu.fi\/fi\/yksikot\/med\/opiskelu\/koulutustarjonta\/terbio\/Sivut\/home.aspx\">yliopiston nettisivuilla<\/a>.<\/p>\n<hr \/>\n<h3 style=\"text-align: right\">Ota yhteytt\u00e4<\/h3>\n<p style=\"text-align: right\"><a href=\"mailto:iva@utu.fi\">iva@utu.fi<\/a><\/p>\n<p style=\"text-align: right\">In Vitro Aboensis ry<\/p>\n<p style=\"text-align: right\">Lemmink\u00e4isenkatu 2<\/p>\n<p style=\"text-align: right\">20520 Turku<\/p>\n<h3 style=\"text-align: right\"><\/h3>\n<h3 style=\"text-align: right\">Seuraa meit\u00e4<\/h3>\n<p style=\"text-align: right\"><a href=\"https:\/\/www.facebook.com\/invitroaboensis\/\">fb<\/a>\u00a0&amp;\u00a0<a href=\"https:\/\/www.instagram.com\/invitroaboensis\/\">ig<\/a><\/p>\n","protected":false},"excerpt":{"rendered":"<p>Biol\u00e4\u00e4ketieteen valitsemisen taustalla on usein kiinnostus ihmisen terveytt\u00e4, l\u00e4\u00e4ketieteellist\u00e4 tutkimusta ja luonnontieteit\u00e4 kohtaan. Opiskelu biol\u00e4\u00e4ketieteellisess\u00e4 on poikkitieteellist\u00e4 ja yhdist\u00e4\u00e4 l\u00e4\u00e4ke- ja luonnontieteellist\u00e4 osaamista. Koulutusohjelman kurssit ovat monipuolisia ja aihepiireilt\u00e4\u00e4n vaihtelevia. [&hellip;]<\/p>\n","protected":false},"author":450,"featured_media":0,"parent":0,"menu_order":0,"comment_status":"closed","ping_status":"closed","template":"","meta":{"footnotes":""},"class_list":["post-825","page","type-page","status-publish","hentry"],"_links":{"self":[{"href":"https:\/\/tyyala.utu.fi\/iva\/wp-json\/wp\/v2\/pages\/825","targetHints":{"allow":["GET"]}}],"collection":[{"href":"https:\/\/tyyala.utu.fi\/iva\/wp-json\/wp\/v2\/pages"}],"about":[{"href":"https:\/\/tyyala.utu.fi\/iva\/wp-json\/wp\/v2\/types\/page"}],"author":[{"embeddable":true,"href":"https:\/\/tyyala.utu.fi\/iva\/wp-json\/wp\/v2\/users\/450"}],"replies":[{"embeddable":true,"href":"https:\/\/tyyala.utu.fi\/iva\/wp-json\/wp\/v2\/comments?post=825"}],"version-history":[{"count":17,"href":"https:\/\/tyyala.utu.fi\/iva\/wp-json\/wp\/v2\/pages\/825\/revisions"}],"predecessor-version":[{"id":2985,"href":"https:\/\/tyyala.utu.fi\/iva\/wp-json\/wp\/v2\/pages\/825\/revisions\/2985"}],"wp:attachment":[{"href":"https:\/\/tyyala.utu.fi\/iva\/wp-json\/wp\/v2\/media?parent=825"}],"curies":[{"name":"wp","href":"https:\/\/api.w.org\/{rel}","templated":true}]}}