{"id":817,"date":"2017-09-11T20:49:18","date_gmt":"2017-09-11T17:49:18","guid":{"rendered":"http:\/\/tyyala.utu.fi\/iva\/?page_id=817"},"modified":"2022-12-23T11:01:14","modified_gmt":"2022-12-23T09:01:14","slug":"yhdistys","status":"publish","type":"page","link":"https:\/\/tyyala.utu.fi\/iva\/yhdistys\/","title":{"rendered":"Yhdistys"},"content":{"rendered":"<h3><a href=\"https:\/\/tyyala.utu.fi\/iva\/wp-content\/uploads\/sites\/43\/Yhdistys.jpg\"><img loading=\"lazy\" decoding=\"async\" class=\"alignnone size-full wp-image-1037\" src=\"https:\/\/tyyala.utu.fi\/iva\/wp-content\/uploads\/sites\/43\/Yhdistys.jpg\" alt=\"\" width=\"1600\" height=\"761\" srcset=\"https:\/\/tyyala.utu.fi\/iva\/wp-content\/uploads\/sites\/43\/Yhdistys.jpg 1600w, https:\/\/tyyala.utu.fi\/iva\/wp-content\/uploads\/sites\/43\/Yhdistys-300x143.jpg 300w, https:\/\/tyyala.utu.fi\/iva\/wp-content\/uploads\/sites\/43\/Yhdistys-768x365.jpg 768w, https:\/\/tyyala.utu.fi\/iva\/wp-content\/uploads\/sites\/43\/Yhdistys-1024x487.jpg 1024w\" sizes=\"auto, (max-width: 1600px) 100vw, 1600px\" \/><\/a><\/h3>\n<h3>IVA AINEJ\u00c4RJEST\u00d6N\u00c4<\/h3>\n<p>IVA ry on vuonna 1998 perustettu biol\u00e4\u00e4ketieteen opiskelijoiden ainej\u00e4rjest\u00f6. J\u00e4senist\u00f6 koostuu niin biol\u00e4\u00e4ketieteen kandiohjelman nykyisist\u00e4 ja entisist\u00e4 opiskelijoista sek\u00e4 Drug Discovery and Development, Human Neuroscience ja Biomedical Imaging -maisteriohjelmien opiskelijoista. Toiminnasta vastaa <a href=\"https:\/\/tyyala.utu.fi\/iva\/hallitus\/hallitus-2022\/\">hallitus<\/a>, joka valitaan vuosittain.<\/p>\n<p>IVAn teht\u00e4viin kuuluu valvoa ja edist\u00e4\u00e4 opiskelijoiden opintoihin ja muuhun opiskeluel\u00e4m\u00e4\u00e4n liittyvi\u00e4 etuja.\u00a0Opintoasioiden edunvalvonnassa t\u00e4rkeit\u00e4 v\u00e4yli\u00e4 ovat biol\u00e4\u00e4ketieteen ohjausryhmiss\u00e4 toimivat opiskelijaedustajat sek\u00e4 IVA ry:n hallituksen koulutuspoliittinen vastaava. Ainej\u00e4rjest\u00f6 yll\u00e4pit\u00e4\u00e4 siteit\u00e4 alan yrityksiin sek\u00e4 koulutusohjelmasta jo valmistuneisiin opiskelijoihin j\u00e4rjest\u00e4m\u00e4ll\u00e4 ekskursioita, kes\u00e4ty\u00f6infoja ja alumnitoimintaa.<\/p>\n<p>Opintoasioiden lis\u00e4ksi IVA huomioi t\u00e4rke\u00e4n tasapainon, jonka tulisi vallita opiskelijan opintojen ja vapaa-ajan v\u00e4lill\u00e4. Opiskeluajan ulkopuolella IVA j\u00e4rjest\u00e4\u00e4kin j\u00e4senilleen erilaisia tapahtumia, kuten illanviettoja, bileit\u00e4, kulttuuritapahtumia sek\u00e4 keskustelutilaisuuksia. Urheilutempauksiakin l\u00f6ytyy tanssista kiipeilyyn ja laser-sotaan. Opiskelijalla on syyt\u00e4 juhlaan ymp\u00e4ri vuoden: niin lukuvuoden aloittavien kastajaisten kuin vapun, laskiaisen ja pikkujoulun merkeiss\u00e4. Juhlista sitsit ja viini-illat ovat erityisesti herrasmiesten ja leidien mieleen. Herrasmiesten tavoista lis\u00e4oppia haluavat voivat hankkia sit\u00e4 Herrainklubin toiminnan kautta. Vuosijuhlia ei j\u00e4rjestet\u00e4 pieness\u00e4 ainej\u00e4rjest\u00f6ss\u00e4 joka vuosi, mutta syntym\u00e4p\u00e4ivi\u00e4 juhlistetaan silti aina yhteisen hauskanpidon merkeiss\u00e4.<\/p>\n<p>IVAn toiminnassa pyrit\u00e4\u00e4n lis\u00e4ksi yhteisty\u00f6h\u00f6n muiden ainej\u00e4rjest\u00f6jen kanssa.\u00a0Yhteisty\u00f6t\u00e4 tehd\u00e4\u00e4n monipuolisesti niin perinteiden kuin uusien tapahtumienkin merkeiss\u00e4. Historiansa ansiosta IVAlla on kunnia kuulua matemaattis-luonnontieteellisen tiedekunnan kattoj\u00e4rjest\u00f6\u00f6n Hybridi ry:n, ja sen hallituksessa onkin IVAlta aina ainakin yksi edustaja. Tuutoritoiminta tapahtuu yhteisty\u00f6ss\u00e4 ensisijaisesti TLKS ry:n ja THLKS ry:n kanssa.\u00a0IVAn j\u00e4senill\u00e4 on oikeus liitty\u00e4 my\u00f6s Tivoliklubiin, joka toimii TLKS ry:n alaisena.<\/p>\n<p style=\"text-align: justify\">Vaikka meid\u00e4n ivalaisten lukum\u00e4\u00e4r\u00e4 ei ole p\u00e4\u00e4t\u00e4huimaava, korvaamme sen erottumalla joukosta kirkkaankeltaisissa haalareissa tai valkoisissa labratakeissa sek\u00e4 nauttimalla toistemme seurasta toisena kotina toimivassa toimistossamme.<\/p>\n<p style=\"text-align: justify\">Tervetuloa mukaan toimintaamme!<\/p>\n<h3>HISTORIAA<\/h3>\n<ul>\n<li style=\"font-weight: 400\">1998- Terveyden biotieteiden koulutusohjelma perustettiin l\u00e4\u00e4ketieteellisen ja matemaatis-luonnontieteellisen tiedekuntien yhteisohjelmana. Kyseess\u00e4 oli biol\u00e4\u00e4ketieteen koulutusohjelman edelt\u00e4j\u00e4, joka toimi Suomen ensimm\u00e4isen\u00e4 monitieteisen\u00e4 bioalan koulutusohjelmana.<\/li>\n<li style=\"font-weight: 400\">1998- IVA ry perustettiin.<\/li>\n<li style=\"font-weight: 400\">2011- Koulutusohjelma siirrettiin kokonaan L\u00e4\u00e4ketieteelliseen tiedekuntaan.<\/li>\n<li style=\"font-weight: 400\">2015- Koulutusohjelman nimeksi muutettiin Biol\u00e4\u00e4ketiede.<\/li>\n<\/ul>\n<h3><\/h3>\n<hr \/>\n<h3 style=\"text-align: right\">Ota yhteytt\u00e4<\/h3>\n<p style=\"text-align: right\"><a href=\"mailto:iva@utu.fi\">iva@utu.fi<\/a><\/p>\n<p style=\"text-align: right\">In Vitro Aboensis ry<\/p>\n<p style=\"text-align: right\">Lemmink\u00e4isenkatu 2<\/p>\n<p style=\"text-align: right\">20520 Turku<\/p>\n<h3 style=\"text-align: right\"><\/h3>\n<h3 style=\"text-align: right\">Seuraa meit\u00e4<\/h3>\n<p style=\"text-align: right\"><a href=\"https:\/\/www.facebook.com\/invitroaboensis\/\">fb<\/a>\u00a0&amp;\u00a0<a href=\"https:\/\/www.instagram.com\/invitroaboensis\/\">ig<\/a><\/p>\n","protected":false},"excerpt":{"rendered":"<p>IVA AINEJ\u00c4RJEST\u00d6N\u00c4 IVA ry on vuonna 1998 perustettu biol\u00e4\u00e4ketieteen opiskelijoiden ainej\u00e4rjest\u00f6. J\u00e4senist\u00f6 koostuu niin biol\u00e4\u00e4ketieteen kandiohjelman nykyisist\u00e4 ja entisist\u00e4 opiskelijoista sek\u00e4 Drug Discovery and Development, Human Neuroscience ja Biomedical Imaging [&hellip;]<\/p>\n","protected":false},"author":450,"featured_media":0,"parent":0,"menu_order":0,"comment_status":"closed","ping_status":"closed","template":"","meta":{"footnotes":""},"class_list":["post-817","page","type-page","status-publish","hentry"],"_links":{"self":[{"href":"https:\/\/tyyala.utu.fi\/iva\/wp-json\/wp\/v2\/pages\/817","targetHints":{"allow":["GET"]}}],"collection":[{"href":"https:\/\/tyyala.utu.fi\/iva\/wp-json\/wp\/v2\/pages"}],"about":[{"href":"https:\/\/tyyala.utu.fi\/iva\/wp-json\/wp\/v2\/types\/page"}],"author":[{"embeddable":true,"href":"https:\/\/tyyala.utu.fi\/iva\/wp-json\/wp\/v2\/users\/450"}],"replies":[{"embeddable":true,"href":"https:\/\/tyyala.utu.fi\/iva\/wp-json\/wp\/v2\/comments?post=817"}],"version-history":[{"count":13,"href":"https:\/\/tyyala.utu.fi\/iva\/wp-json\/wp\/v2\/pages\/817\/revisions"}],"predecessor-version":[{"id":2806,"href":"https:\/\/tyyala.utu.fi\/iva\/wp-json\/wp\/v2\/pages\/817\/revisions\/2806"}],"wp:attachment":[{"href":"https:\/\/tyyala.utu.fi\/iva\/wp-json\/wp\/v2\/media?parent=817"}],"curies":[{"name":"wp","href":"https:\/\/api.w.org\/{rel}","templated":true}]}}