{"id":809,"date":"2017-09-11T20:41:45","date_gmt":"2017-09-11T17:41:45","guid":{"rendered":"http:\/\/tyyala.utu.fi\/iva\/?page_id=809"},"modified":"2026-01-18T12:50:36","modified_gmt":"2026-01-18T10:50:36","slug":"hallitus","status":"publish","type":"page","link":"https:\/\/tyyala.utu.fi\/iva\/hallitus\/","title":{"rendered":"Hallitus &amp; toimihenkil\u00f6t"},"content":{"rendered":"<p><a href=\"https:\/\/tyyala.utu.fi\/iva\/wp-content\/uploads\/sites\/43\/cropped-ivea_header3.jpg\"><img loading=\"lazy\" decoding=\"async\" class=\"alignnone size-full wp-image-1011\" src=\"https:\/\/tyyala.utu.fi\/iva\/wp-content\/uploads\/sites\/43\/cropped-ivea_header3.jpg\" alt=\"\" width=\"1092\" height=\"432\" srcset=\"https:\/\/tyyala.utu.fi\/iva\/wp-content\/uploads\/sites\/43\/cropped-ivea_header3.jpg 1092w, https:\/\/tyyala.utu.fi\/iva\/wp-content\/uploads\/sites\/43\/cropped-ivea_header3-300x119.jpg 300w, https:\/\/tyyala.utu.fi\/iva\/wp-content\/uploads\/sites\/43\/cropped-ivea_header3-768x304.jpg 768w, https:\/\/tyyala.utu.fi\/iva\/wp-content\/uploads\/sites\/43\/cropped-ivea_header3-1024x405.jpg 1024w\" sizes=\"auto, (max-width: 1092px) 100vw, 1092px\" \/><\/a><\/p>\n<p>IVA ry:n hallitus on yhdistyksen toimeenpaneva elin, joka valitaan vuosittain yhdistyksen s\u00e4\u00e4nt\u00f6m\u00e4\u00e4r\u00e4isess\u00e4 syyskokouksessa. Hallituksessa vaikuttaa 10 j\u00e4sent\u00e4. Hallitus kokoustaa noin kahden viikon v\u00e4lein, vastaa kokouksissa tehtyjen p\u00e4\u00e4t\u00f6sten toteuttamisesta sek\u00e4 pyrkii pit\u00e4m\u00e4\u00e4n huolen siit\u00e4, ett\u00e4 ainej\u00e4rjest\u00f6n arvoja toteutetaan sek\u00e4 perinteit\u00e4 kunnioitetaan. Kaikki IVA:n j\u00e4senet ovat tervetulleita osallistumaan hallituksen kokouksiin.<\/p>\n<p>IVA ry:n hallitukseen voit olla yhteydess\u00e4 s\u00e4hk\u00f6postitse <a href=\"mailto:iva@utu.fi\">iva@utu.fi<\/a><\/p>\n<h3 style=\"text-align: left\"><\/h3>\n<hr \/>\n<h3 style=\"text-align: right\">Ota yhteytt\u00e4<\/h3>\n<p style=\"text-align: right\"><a href=\"mailto:iva@utu.fi\">iva@utu.fi<\/a><\/p>\n<p style=\"text-align: right\">In Vitro Aboensis ry<\/p>\n<p style=\"text-align: right\">Lemmink\u00e4isenkatu 2<\/p>\n<p style=\"text-align: right\">20520 Turku<\/p>\n<h3 style=\"text-align: right\"><\/h3>\n<h3 style=\"text-align: right\">Seuraa meit\u00e4<\/h3>\n<p style=\"text-align: right\"><a href=\"https:\/\/www.facebook.com\/invitroaboensis\/\">fb<\/a>\u00a0&amp;\u00a0<a href=\"https:\/\/www.instagram.com\/invitroaboensis\/\">ig<\/a><\/p>\n","protected":false},"excerpt":{"rendered":"<p>IVA ry:n hallitus on yhdistyksen toimeenpaneva elin, joka valitaan vuosittain yhdistyksen s\u00e4\u00e4nt\u00f6m\u00e4\u00e4r\u00e4isess\u00e4 syyskokouksessa. Hallituksessa vaikuttaa 10 j\u00e4sent\u00e4. Hallitus kokoustaa noin kahden viikon v\u00e4lein, vastaa kokouksissa tehtyjen p\u00e4\u00e4t\u00f6sten toteuttamisesta sek\u00e4 pyrkii [&hellip;]<\/p>\n","protected":false},"author":450,"featured_media":0,"parent":0,"menu_order":0,"comment_status":"closed","ping_status":"closed","template":"","meta":{"footnotes":""},"class_list":["post-809","page","type-page","status-publish","hentry"],"_links":{"self":[{"href":"https:\/\/tyyala.utu.fi\/iva\/wp-json\/wp\/v2\/pages\/809","targetHints":{"allow":["GET"]}}],"collection":[{"href":"https:\/\/tyyala.utu.fi\/iva\/wp-json\/wp\/v2\/pages"}],"about":[{"href":"https:\/\/tyyala.utu.fi\/iva\/wp-json\/wp\/v2\/types\/page"}],"author":[{"embeddable":true,"href":"https:\/\/tyyala.utu.fi\/iva\/wp-json\/wp\/v2\/users\/450"}],"replies":[{"embeddable":true,"href":"https:\/\/tyyala.utu.fi\/iva\/wp-json\/wp\/v2\/comments?post=809"}],"version-history":[{"count":23,"href":"https:\/\/tyyala.utu.fi\/iva\/wp-json\/wp\/v2\/pages\/809\/revisions"}],"predecessor-version":[{"id":3042,"href":"https:\/\/tyyala.utu.fi\/iva\/wp-json\/wp\/v2\/pages\/809\/revisions\/3042"}],"wp:attachment":[{"href":"https:\/\/tyyala.utu.fi\/iva\/wp-json\/wp\/v2\/media?parent=809"}],"curies":[{"name":"wp","href":"https:\/\/api.w.org\/{rel}","templated":true}]}}