{"id":786,"date":"2017-09-11T19:50:28","date_gmt":"2017-09-11T16:50:28","guid":{"rendered":"http:\/\/tyyala.utu.fi\/iva\/?page_id=786"},"modified":"2024-01-23T15:48:57","modified_gmt":"2024-01-23T13:48:57","slug":"786-2","status":"publish","type":"page","link":"https:\/\/tyyala.utu.fi\/iva\/","title":{"rendered":""},"content":{"rendered":"<h3><img loading=\"lazy\" decoding=\"async\" class=\"alignnone wp-image-1011 size-full\" src=\"https:\/\/tyyala.utu.fi\/iva\/wp-content\/uploads\/sites\/43\/cropped-ivea_header3.jpg\" alt=\"\" width=\"1092\" height=\"432\" srcset=\"https:\/\/tyyala.utu.fi\/iva\/wp-content\/uploads\/sites\/43\/cropped-ivea_header3.jpg 1092w, https:\/\/tyyala.utu.fi\/iva\/wp-content\/uploads\/sites\/43\/cropped-ivea_header3-300x119.jpg 300w, https:\/\/tyyala.utu.fi\/iva\/wp-content\/uploads\/sites\/43\/cropped-ivea_header3-768x304.jpg 768w, https:\/\/tyyala.utu.fi\/iva\/wp-content\/uploads\/sites\/43\/cropped-ivea_header3-1024x405.jpg 1024w\" sizes=\"auto, (max-width: 1092px) 100vw, 1092px\" \/><\/h3>\n<h3>Turun yliopiston biol\u00e4\u00e4ketieteen opiskelijoiden ainej\u00e4rjest\u00f6<\/h3>\n<p>In Vitro Aboensis IVA ry on vuonna 1998 perustettu Turun yliopiston biol\u00e4\u00e4ketieteen opiskelijoiden ainej\u00e4rjest\u00f6. Ainej\u00e4rjest\u00f6n toiminnan tarkoituksena on yhdist\u00e4\u00e4 opiskelijat tiiviiksi ja aktiiviseksi yhteis\u00f6ksi sek\u00e4 tarjota j\u00e4senilleen edunvalvontaa, virkistystoimintaa ja verkostoitumismahdollisuuksia. J\u00e4senist\u00f6\u00f6n kuuluvat biol\u00e4\u00e4ketieteen kandiopiskelijoiden lis\u00e4ksi my\u00f6s maisteriopiskelijat ohjelmista Drug Discovery and Development, Human Neuroscience sek\u00e4 Biomedical Imaging. IVAn haalarit ovat kirkkaankeltaiset, ja yhdistyksen tunnus on multipolaarinen neuroni, jota koristavat siipisoihdun siivet.<\/p>\n<hr \/>\n<h3 style=\"text-align: right\"><a href=\"https:\/\/tyyala.utu.fi\/iva\/wp-content\/uploads\/sites\/43\/Nayttokuva-2023-11-21-083521.png\"><img loading=\"lazy\" decoding=\"async\" class=\"wp-image-2891  alignleft\" src=\"https:\/\/tyyala.utu.fi\/iva\/wp-content\/uploads\/sites\/43\/Nayttokuva-2023-11-21-083521-300x100.png\" alt=\"\" width=\"417\" height=\"139\" srcset=\"https:\/\/tyyala.utu.fi\/iva\/wp-content\/uploads\/sites\/43\/\/Nayttokuva-2023-11-21-083521-300x100.png 300w, https:\/\/tyyala.utu.fi\/iva\/wp-content\/uploads\/sites\/43\/\/Nayttokuva-2023-11-21-083521.png 676w\" sizes=\"auto, (max-width: 417px) 100vw, 417px\" \/><\/a><\/h3>\n\n<p>Ota yhteytt\u00e4<\/h3>\n<p style=\"text-align: right\"><a href=\"mailto:iva@utu.fi\">iva@utu.fi<\/a><\/p>\n<p style=\"text-align: right\">In Vitro Aboensis IVA ry<\/p>\n<p style=\"text-align: right\">Lemmink\u00e4isenkatu 2<\/p>\n<p style=\"text-align: right\">20520 Turku<\/p>\n<h3 style=\"text-align: right\">\u00a0<\/h3>\n<h3 style=\"text-align: right\">Seuraa meit\u00e4<\/h3>\n<p style=\"text-align: right\"><a href=\"https:\/\/www.facebook.com\/invitroaboensis\/\">fb<\/a>\u00a0&amp;\u00a0<a href=\"https:\/\/www.instagram.com\/invitroaboensis\/\">ig<\/a><\/p>\n\n\n<div class=\"wp-block-group\"><div class=\"wp-block-group__inner-container is-layout-constrained wp-block-group-is-layout-constrained\"><\/div><\/div>\n","protected":false},"excerpt":{"rendered":"<p>Turun yliopiston biol\u00e4\u00e4ketieteen opiskelijoiden ainej\u00e4rjest\u00f6 In Vitro Aboensis IVA ry on vuonna 1998 perustettu Turun yliopiston biol\u00e4\u00e4ketieteen opiskelijoiden ainej\u00e4rjest\u00f6. Ainej\u00e4rjest\u00f6n toiminnan tarkoituksena on yhdist\u00e4\u00e4 opiskelijat tiiviiksi ja aktiiviseksi yhteis\u00f6ksi sek\u00e4 [&hellip;]<\/p>\n","protected":false},"author":450,"featured_media":778,"parent":0,"menu_order":0,"comment_status":"closed","ping_status":"closed","template":"","meta":{"footnotes":""},"class_list":["post-786","page","type-page","status-publish","has-post-thumbnail","hentry"],"_links":{"self":[{"href":"https:\/\/tyyala.utu.fi\/iva\/wp-json\/wp\/v2\/pages\/786","targetHints":{"allow":["GET"]}}],"collection":[{"href":"https:\/\/tyyala.utu.fi\/iva\/wp-json\/wp\/v2\/pages"}],"about":[{"href":"https:\/\/tyyala.utu.fi\/iva\/wp-json\/wp\/v2\/types\/page"}],"author":[{"embeddable":true,"href":"https:\/\/tyyala.utu.fi\/iva\/wp-json\/wp\/v2\/users\/450"}],"replies":[{"embeddable":true,"href":"https:\/\/tyyala.utu.fi\/iva\/wp-json\/wp\/v2\/comments?post=786"}],"version-history":[{"count":26,"href":"https:\/\/tyyala.utu.fi\/iva\/wp-json\/wp\/v2\/pages\/786\/revisions"}],"predecessor-version":[{"id":2927,"href":"https:\/\/tyyala.utu.fi\/iva\/wp-json\/wp\/v2\/pages\/786\/revisions\/2927"}],"wp:featuredmedia":[{"embeddable":true,"href":"https:\/\/tyyala.utu.fi\/iva\/wp-json\/wp\/v2\/media\/778"}],"wp:attachment":[{"href":"https:\/\/tyyala.utu.fi\/iva\/wp-json\/wp\/v2\/media?parent=786"}],"curies":[{"name":"wp","href":"https:\/\/api.w.org\/{rel}","templated":true}]}}