{"id":77,"date":"2009-09-25T16:50:57","date_gmt":"2009-09-25T13:50:57","guid":{"rendered":"http:\/\/org.utu.fi:80\/tyyala\/iva\/wp\/?page_id=77"},"modified":"2024-04-01T21:37:00","modified_gmt":"2024-04-01T18:37:00","slug":"herraklubi","status":"publish","type":"page","link":"https:\/\/tyyala.utu.fi\/iva\/herraklubi\/","title":{"rendered":"Herrainklubi"},"content":{"rendered":"<p style=\"text-align: center\"><strong>Tervetuloa Herraklubin sivuille <\/strong><\/p>\n<p style=\"text-align: left\">Herrainklubi on ep\u00e4virallinen j\u00e4rjest\u00f6, joka j\u00e4rjest\u00e4\u00e4 vapaa-ajan tapahtumia pienell\u00e4 budjetilla, mutta suurilla visioilla. Toimintaa rahoittaa my\u00f6s IVAn hallitus, mutta herrainklubin toiminta ei heijasta Hallituksen toimintaa. Toimintaa py\u00f6ritt\u00e4\u00e4 aktiiviset j\u00e4senemme. Herrainklubi tekee my\u00f6s paljon yhteisty\u00f6t\u00e4 IVAn mammojen kanssa, kuten jo perinteeksi syntynyt Herrainklubi x mammat vappujuhlat.<\/p>\n<p style=\"text-align: left\">\nHerrainklubin toiminta on l\u00e4htenyt alunperin ajatuksesta tukea alan miesv\u00e4hemmist\u00f6jen asemaa, mutta progressiivisuuden nimiss\u00e4 Herrainklubi on siirtynyt hyv\u00e4ksym\u00e4\u00e4n kaikki innokkaat hakijat sukupuolesta riippumatta.<\/p>\n<p style=\"text-align: left\">\nMik\u00e4li haluat liitty\u00e4 toimintaan mukaan, voit t\u00e4ytt\u00e4\u00e4 kyseisen lomakkeen ja liitty\u00e4 mukaan: <a href=\"https:\/\/forms.gle\/Wcfoj5QpuFRGGvyP7\">https:\/\/forms.gle\/Wcfoj5QpuFRGGvyP7<\/a><\/p>\n<p style=\"text-align: left\">\nTietoja k\u00e4sittelev\u00e4t herrainklubin j\u00e4senet asiaankuuluvalla tavalla. Mik\u00e4li haluat ett\u00e4, tietosi poistetaan, ole yhteydess\u00e4 allekirjoittaneeseen: Joakim Gustafsson, jopgus@utu.fi<\/p>\n<p><a href=\"https:\/\/tyyala.utu.fi\/iva\/wp-content\/uploads\/sites\/43\/herrainklubi.jpeg\"><img loading=\"lazy\" decoding=\"async\" class=\"alignnone size-medium wp-image-2962\" src=\"https:\/\/tyyala.utu.fi\/iva\/wp-content\/uploads\/sites\/43\/herrainklubi-286x300.jpeg\" alt=\"\" width=\"286\" height=\"300\" srcset=\"https:\/\/tyyala.utu.fi\/iva\/wp-content\/uploads\/sites\/43\/\/herrainklubi-286x300.jpeg 286w, https:\/\/tyyala.utu.fi\/iva\/wp-content\/uploads\/sites\/43\/\/herrainklubi-768x805.jpeg 768w, https:\/\/tyyala.utu.fi\/iva\/wp-content\/uploads\/sites\/43\/\/herrainklubi.jpeg 910w\" sizes=\"auto, (max-width: 286px) 100vw, 286px\" \/><\/a><\/p>\n<p style=\"text-align: justify\">\n","protected":false},"excerpt":{"rendered":"<p>Tervetuloa Herraklubin sivuille Herrainklubi on ep\u00e4virallinen j\u00e4rjest\u00f6, joka j\u00e4rjest\u00e4\u00e4 vapaa-ajan tapahtumia pienell\u00e4 budjetilla, mutta suurilla visioilla. Toimintaa rahoittaa my\u00f6s IVAn hallitus, mutta herrainklubin toiminta ei heijasta Hallituksen toimintaa. Toimintaa py\u00f6ritt\u00e4\u00e4 [&hellip;]<\/p>\n","protected":false},"author":208,"featured_media":0,"parent":0,"menu_order":0,"comment_status":"closed","ping_status":"closed","template":"","meta":{"footnotes":""},"class_list":["post-77","page","type-page","status-publish","hentry"],"_links":{"self":[{"href":"https:\/\/tyyala.utu.fi\/iva\/wp-json\/wp\/v2\/pages\/77","targetHints":{"allow":["GET"]}}],"collection":[{"href":"https:\/\/tyyala.utu.fi\/iva\/wp-json\/wp\/v2\/pages"}],"about":[{"href":"https:\/\/tyyala.utu.fi\/iva\/wp-json\/wp\/v2\/types\/page"}],"author":[{"embeddable":true,"href":"https:\/\/tyyala.utu.fi\/iva\/wp-json\/wp\/v2\/users\/208"}],"replies":[{"embeddable":true,"href":"https:\/\/tyyala.utu.fi\/iva\/wp-json\/wp\/v2\/comments?post=77"}],"version-history":[{"count":22,"href":"https:\/\/tyyala.utu.fi\/iva\/wp-json\/wp\/v2\/pages\/77\/revisions"}],"predecessor-version":[{"id":2965,"href":"https:\/\/tyyala.utu.fi\/iva\/wp-json\/wp\/v2\/pages\/77\/revisions\/2965"}],"wp:attachment":[{"href":"https:\/\/tyyala.utu.fi\/iva\/wp-json\/wp\/v2\/media?parent=77"}],"curies":[{"name":"wp","href":"https:\/\/api.w.org\/{rel}","templated":true}]}}