{"id":2875,"date":"2023-09-17T21:37:31","date_gmt":"2023-09-17T18:37:31","guid":{"rendered":"https:\/\/tyyala.utu.fi\/iva\/?page_id=2875"},"modified":"2023-09-26T23:02:45","modified_gmt":"2023-09-26T20:02:45","slug":"vuosijuhlien-juhlaetiketti-annual-ball-etiquette","status":"publish","type":"page","link":"https:\/\/tyyala.utu.fi\/iva\/vuosijuhlien-juhlaetiketti-annual-ball-etiquette\/","title":{"rendered":"Vuosijuhlien juhlaetiketti \/ Annual Ball Etiquette"},"content":{"rendered":"\n<p><\/p>\n\n\n\n<p>Vuosijuhlat ovat hieno akateeminen p\u00f6yt\u00e4juhla, johon liittyy omat perinteiset etikettins\u00e4. Alempaa voit tarkistaa vinkit juhlapukeutumiseen sek\u00e4 illan kulkuun ja k\u00e4yt\u00f6kseen!<\/p>\n\n\n\n<p>\/\/<\/p>\n\n\n\n<p>The annual ball is a distinguished academic table party that comes with its own traditional etiquette. Below you can find some tips for formal dressing and manners of the event!&nbsp;<\/p>\n\n\n\n<h3 class=\"wp-block-heading\">Frakkitarjous Academialta \/ Academia&#8217;s Tailcoat discount<\/h3>\n\n\n\n<p>Academia ja IVA tekev\u00e4t yhteisty\u00f6t\u00e4 vuosijuhlilla: juhlavieraat voivat vuokrata laadukkaan frakin 135 euron hintaan (norm. 175 \u20ac), sek\u00e4 lakerikeng\u00e4t hintaan 25-40 \u20ac (merkist\u00e4 riippuen, norm. 45 \u20ac). Sovitukset j\u00e4rjestet\u00e4\u00e4n hyviss\u00e4 ajoin ennen ennen vuosijuhlia, tarkemmasta ajankohdasta infotaan l\u00e4hemp\u00e4n\u00e4. Frakin voi tilata my\u00f6s mittojen mukaan toimitettuna ilman sovitusta. Ilmoittaudu 30.9. menness\u00e4 sovitusp\u00e4iv\u00e4\u00e4n tai varaa frakkisi mittojen mukaan linkin kautta, l\u00f6yd\u00e4t my\u00f6s lis\u00e4tietoa, jos frakin ostaminen kiinnostaa: <a href=\"https:\/\/docs.google.com\/forms\/d\/e\/1FAIpQLSdi9dbp736UUeATUsva0sE9Q42rD1dYF3AYQ463uZ88X5N-GQ\/viewform?usp=pp_url\">https:\/\/docs.google.com\/forms\/d\/e\/1FAIpQLSdi9dbp736UUeATUsva0sE9Q42rD1dYF3AYQ463uZ88X5N-GQ\/viewform?usp=pp_url<\/a><\/p>\n\n\n\n<p>\/\/<\/p>\n\n\n\n<p>Academia and IVA are cooperating and offer a discount on a high-quality tailcoat rental for 135 euros (norm. \u20ac175), as well as a rental of patent leather shoes for 25-40 \u20ac (depending on the brand, norm. \u20ac45). The fittings will be arranged well in advance of the ball, more information about the exact time will be provided closer. The tailcoat can also be ordered delivered to your measurements without a fitting. You can sign up for the fitting day or reserve your tailcoat according to measurements through the link, and find also information about buying your own tailcoat suit, the form (unfortunately in Finnish) is open until 30.9.<\/p>\n\n\n\n<p><a href=\"https:\/\/docs.google.com\/forms\/d\/e\/1FAIpQLSdi9dbp736UUeATUsva0sE9Q42rD1dYF3AYQ463uZ88X5N-GQ\/viewform?usp=pp_url\">https:\/\/docs.google.com\/forms\/d\/e\/1FAIpQLSdi9dbp736UUeATUsva0sE9Q42rD1dYF3AYQ463uZ88X5N-GQ\/viewform?usp=pp_url<\/a><\/p>\n\n\n\n<h3 class=\"wp-block-heading\">Juhlaetiketti<\/h3>\n\n\n\n<p>Pukukoodi vuosijuhlilla on juhlapuku tai tumma puku sek\u00e4 akateemiset kunniamerkit. T\u00e4rkeint\u00e4 on kuitenkin kunnioittaa juhlan luonnetta eik\u00e4 noudattaa s\u00e4\u00e4nt\u00f6j\u00e4 pilkun tarkasti!&nbsp;<\/p>\n\n\n\n<p>Juhlapuku tarkoittaa frakkia. Frakin kanssa k\u00e4ytet\u00e4\u00e4n valkoista liivi\u00e4, solmuketta ja taskuliinaa, sek\u00e4 mustia sukkia ja kenki\u00e4. Rannekelloa ei k\u00e4ytet\u00e4 frakin kanssa, taskukello voi olla vasemmanpuoleisessa taskussa. Frakin sijaan voi k\u00e4ytt\u00e4\u00e4 my\u00f6s yksiv\u00e4rist\u00e4 kaksi- tai kolmiosaista tummaa pukua. Tumma puku on juhlavimmillaan valkoisen kauluspaidan ja helmi\u00e4isen tai vaalea solmion kanssa.&nbsp;<\/p>\n\n\n\n<p>T\u00e4yspitk\u00e4 juhlapuku tai iltapuku on nilkat peitt\u00e4v\u00e4 leninki, jonka alta tulisi n\u00e4ky\u00e4 vain keng\u00e4nk\u00e4rjet. P\u00e4\u00e4juhlassa lippujen l\u00e4sn\u00e4ollessa hartioiden tulisi olla perinteiden mukaan peitettyn\u00e4, esimerkiksi hartiahuivilla.&nbsp;<\/p>\n\n\n\n<p>Jos asuun kuuluu hansikkaat, ne riisutaan ruokailun ajaksi. K\u00e4silaukku on juhlaan sopiva, mieluiten siro ja olkaimeton. Pitk\u00e4t hiukset sidotaan kiinni.<\/p>\n\n\n\n<p>Jatkoilla toimii eritt\u00e4in hyvin iltajuhlan puku tai sen voi halutessaan vaihtaa cocktail asuun.<\/p>\n\n\n\n<p>Silliaamiaisen pukeutuminen on rento ja esimerkiksi haalarit ovat oikein sopivat! Lis\u00e4infoa silliksest\u00e4 seuraa my\u00f6hemmin.<\/p>\n\n\n\n<p>Akateemiset kunniamerkit ovat erilaiset my\u00f6nnetyt akateemiset nauhat ja merkit. Kaikki IVAn j\u00e4senet voivat kantaa vuosijuhlissa IVAn yhdistysnauhaa. Nauhoja kannetaan oikealta olkap\u00e4\u00e4lt\u00e4 rinnan yli viistoon vasemmalle. Nauha puetaan liivin alle ja puvun kanssa solmion p\u00e4\u00e4lle. Nauhaa voi kantaa my\u00f6s ruusukkeena vasemmassa rinnuksessa. Nauha ei saa koskettaa paljasta ihoa. Useamman nauhan kanssa suurin tai arvokkain organisaatio on ylimp\u00e4n\u00e4. Kunniamerkkej\u00e4 kannetaan nauhassa, vasemmassa rintapieless\u00e4 tai noudattaen merkin my\u00f6nt\u00e4j\u00e4n ohjeita. Kunniamarkkien kanssa ei pidet\u00e4 frakin taskuliinaa.<\/p>\n\n\n\n<p>Vuosijuhlilla p\u00e4\u00e4juhla on illan arvokkain osuus, jossa juhlan tuntua lis\u00e4\u00e4v\u00e4t vieraiden arvokas k\u00e4yt\u00f6s. Saavu ajallaan juhlaan ja tauoilta takaisin ja muista hyv\u00e4t k\u00e4yt\u00f6stavat. Saavuthan juhlaan ajoissa ja k\u00e4ytt\u00e4ydyt arvokkaasti. Oman istumapaikkasi voit tarkistaa plaseerauskartasta juhlasalin ulkopuolelta, tuoleihin istuudutaan vasta lippujen saavuttua.<\/p>\n\n\n\n<p>Puheita ja ohjelmanumeroita kunnioitetaan olemalla hiljaa ja sy\u00f6m\u00e4tt\u00e4 niiden aikana. Vuosijuhlilla on kaksi taukoa ja muutoin p\u00f6yd\u00e4st\u00e4 poistumista tulee v\u00e4ltt\u00e4\u00e4, erityisesti puheiden, esitysten ja laulujen aikana. Tarpeen vaatiessa p\u00f6yt\u00e4seurueelta kysyt\u00e4\u00e4n lupaa poistumiseen ja tehd\u00e4\u00e4n liikkuminen hienovaraisesti. On my\u00f6s kohteliasta aloittaa sy\u00f6minen vasta, kun p\u00f6yt\u00e4seurue on saanut ruokansa.&nbsp;<\/p>\n\n\n\n<p>Illan p\u00e4\u00e4tteeksi on vapaa sana, johon voi pyyt\u00e4\u00e4 halutessaan puheenvuoroa. Lauluihin ei ole suotavaa laulaa lauluvihkon ulkopuolisia s\u00e4keist\u00f6j\u00e4. Laulujen j\u00e4lkeen skoolaus tapahtuu ensin oikealla etuviistossa istuvan kanssa, sitten etuviistosti vasempaan ja lopuksi suoraan edess\u00e4 istuvan kanssa. Skoolattaessa on suotavaa katsoa silmiin, eik\u00e4 sit\u00e4 sovi tehd\u00e4 tyhj\u00e4ll\u00e4 lasilla tai laseja kilist\u00e4en. Suosionosoitukset annetaan taputtamalla k\u00e4si\u00e4, ei p\u00f6yt\u00e4\u00e4.<\/p>\n\n\n\n<h3 class=\"wp-block-heading\">Annual Ball Etiquette<\/h3>\n\n\n\n<p>The dress code to the annual ball is white tie\/full-length evening gown and academic honors. However, the most important part is to respect the nature of the celebration and not follow the rules to a t!<\/p>\n\n\n\n<p>White tie means a black tailcoat with white waistcoat, white tie and white pocket handkerchief as well as black shoes. One should not wear a wristwatch with a tailcoat, pocket watch is okay. Tailcoat can also be replaced with a monocolor two or three piece dark suit. Dark suit is the most formal with a white shirt and a pearl or light colored tie.&nbsp;<\/p>\n\n\n\n<p>A full-length evening gown refers to a full-length gown that covers the ankles and only the tips of the shoes are visible. In the main celebration, when the flags are present, bare shoulders should traditionally be covered e.g. with a scarf.<\/p>\n\n\n\n<p>If the outfit includes gloves, they are taken off when dining. Hand bag should preferably be graceful and strapless. Long hair should be tied up.<\/p>\n\n\n\n<p>You can continue to the after party with your formal dress (it is a celebration after all!) or if you want, you can change to a cocktail dress code.<\/p>\n\n\n\n<p>Dress code for the herring breakfast is very casual and overalls are always a good option. More information will be given later!<\/p>\n\n\n\n<p>Academic honors include academic medals and ribbons or sashes. All IVA members are allowed to buy and wear the organization ribbon of IVA. The academic ribbon should be worn over the right shoulder across your chest to the left. With a vest, the ribbon goes under it and with a tie, the ribbon is worn over the tie. The ribbons can also be worn as a rosette on the left side bodice. The ribbons and honors should never touch bare skin! The ribbons from the biggest or most important organization should be placed on top. Badges and other honors can be worn attached to the ribbon, left side bodice or according to specific instructions to the honor. If you are wearing honors, do not use the handkerchief of the white tie.<\/p>\n\n\n\n<p>The main celebration is the most prestigious part of the annual ball. Remember to follow good manners as that is what makes the event festive. Be on time and be considerate toward others. You can find your seat from the seating table outside of the ballroom, only sit down after the flags have arrived and you have been given permission.<\/p>\n\n\n\n<p>Please respect the speeches and other programs by following them silently without dining in the same time. There are two scheduled breaks during which you can leave the table, otherwise unnecessary movement should be avoided, especially during speeches, songs and performances. If you have to leave, do it discreetly and ask your closest fellow guests for permission. It is also polite to wait for your table company to receive their food before starting to eat.<\/p>\n\n\n\n<p>In the end of the night ,there is a specific slot for free speech where guests can request to give out speeches. Songs start from silence and extra verses outside of the handbook should not be sung. Toasts are raised after songs, first diagonally to right, then diagonally to left, followed by toasting with the person in front of you. It is preferred to make eye contact when toasting, but never toast with an empty glass or by clinking the glasses. Remember also that you should applaud by clapping, not by hitting the table.<\/p>\n","protected":false},"excerpt":{"rendered":"<p>Vuosijuhlat ovat hieno akateeminen p\u00f6yt\u00e4juhla, johon liittyy omat perinteiset etikettins\u00e4. Alempaa voit tarkistaa vinkit juhlapukeutumiseen sek\u00e4 illan kulkuun ja k\u00e4yt\u00f6kseen! \/\/ The annual ball is a distinguished academic table party [&hellip;]<\/p>\n","protected":false},"author":450,"featured_media":0,"parent":0,"menu_order":0,"comment_status":"closed","ping_status":"closed","template":"","meta":{"footnotes":""},"class_list":["post-2875","page","type-page","status-publish","hentry"],"_links":{"self":[{"href":"https:\/\/tyyala.utu.fi\/iva\/wp-json\/wp\/v2\/pages\/2875","targetHints":{"allow":["GET"]}}],"collection":[{"href":"https:\/\/tyyala.utu.fi\/iva\/wp-json\/wp\/v2\/pages"}],"about":[{"href":"https:\/\/tyyala.utu.fi\/iva\/wp-json\/wp\/v2\/types\/page"}],"author":[{"embeddable":true,"href":"https:\/\/tyyala.utu.fi\/iva\/wp-json\/wp\/v2\/users\/450"}],"replies":[{"embeddable":true,"href":"https:\/\/tyyala.utu.fi\/iva\/wp-json\/wp\/v2\/comments?post=2875"}],"version-history":[{"count":4,"href":"https:\/\/tyyala.utu.fi\/iva\/wp-json\/wp\/v2\/pages\/2875\/revisions"}],"predecessor-version":[{"id":2881,"href":"https:\/\/tyyala.utu.fi\/iva\/wp-json\/wp\/v2\/pages\/2875\/revisions\/2881"}],"wp:attachment":[{"href":"https:\/\/tyyala.utu.fi\/iva\/wp-json\/wp\/v2\/media?parent=2875"}],"curies":[{"name":"wp","href":"https:\/\/api.w.org\/{rel}","templated":true}]}}