{"id":24,"date":"2009-09-21T21:46:54","date_gmt":"2009-09-21T18:46:54","guid":{"rendered":"http:\/\/org.utu.fi:80\/tyyala\/iva\/wp\/?page_id=24"},"modified":"2025-01-22T14:06:35","modified_gmt":"2025-01-22T12:06:35","slug":"abi-info","status":"publish","type":"page","link":"https:\/\/tyyala.utu.fi\/iva\/abi-info\/","title":{"rendered":"Abi-info"},"content":{"rendered":"<p style=\"text-align: justify\">Biol\u00e4\u00e4ketieteen valitsemisen taustalla on usein kiinnostus\u00a0 ihmisen terveytt\u00e4,\u00a0 l\u00e4\u00e4ketieteen tutkimusta ja luonnontieteit\u00e4 kohtaan. Opiskelu on poikkitieteellist\u00e4 ja yhdist\u00e4\u00e4 l\u00e4\u00e4ke- ja luonnontieteellist\u00e4 osaamista. Biol\u00e4\u00e4ketieteen kurssit ovat monipuolisia ja aihepiireilt\u00e4\u00e4n vaihtelevia. Kurssit yhdist\u00e4m\u00e4ll\u00e4 opiskelijalle muodostuu kattava k\u00e4sitys ihmisest\u00e4 kokonaisuutena. Monialaisuus on haaste, mutta my\u00f6s valtti ty\u00f6el\u00e4m\u00e4\u00e4 ajatellen. Koulutuksessa painotetaan k\u00e4yt\u00e4nn\u00f6nl\u00e4heisyytt\u00e4. K\u00e4yt\u00e4nn\u00f6n harjoitusty\u00f6t alkavatkin heti opintojen\u00a0 alussa ja ovat olennainen osa opiskelua aina valmistumiseen saakka. Harjoitusty\u00f6t antavat valmiuksia ty\u00f6el\u00e4m\u00e4\u00e4n, tutkimuksen tekemiseen ja laboratorioty\u00f6skentelyyn. Koulutusohjelman etuna ovat my\u00f6s pienet ryhm\u00e4koot.<\/p>\n<p style=\"text-align: justify\">Koulutusohjelman opiskelijat suorittavat ensin 3-vuotisen luonnontieteiden kandidaatin tutkinnon (LuK, p\u00e4\u00e4aine: biol\u00e4\u00e4ketiede) ja sen j\u00e4lkeen 2-vuotisen filosofian maisterin tutkinnon (FM, p\u00e4\u00e4aine: Drug\u00a0Discovery\u00a0and\u00a0Development) englanninkielisess\u00e4 ohjelmassa. Soveltuvan alemman korkeakoulututkinnon tai sit\u00e4 vastaavan koulutuksen suorittanut voi hakea suoraan opiskelemaan pelkk\u00e4\u00e4 FM-tutkintoa.<\/p>\n<p style=\"text-align: justify\"><strong>Luonnontieteiden kandidaatti<\/strong>, 3 vuotta, p\u00e4\u00e4aine biol\u00e4\u00e4ketiede<\/p>\n<ul>\n<li>Hankitaan biol\u00e4\u00e4ketieteen perustiedot ja \u2013taidot<\/li>\n<li>Anatomia ja fysiologia, solu- ja molekyylibiologia, \u00a0farmakologia, kemia, muut tukevat opinnot<\/li>\n<\/ul>\n<p style=\"text-align: justify\"><strong>Filosofian maisteri<\/strong>, 2 vuotta, p\u00e4\u00e4aine l\u00e4\u00e4kekehitystiede (drug discovery\u00a0and development, englanninkielinen)<\/p>\n<ul>\n<li><span style=\"text-align: justify\">Perehdyt\u00e4\u00e4n monipuolisesti l\u00e4\u00e4kekehitykseen liittyviin prosesseihin ja tutustutaan niiss\u00e4 tarvittaviin menetelmiin<\/span><\/li>\n<li>Farmakokinetiikka ja -genetiikka, kliininen l\u00e4\u00e4ketutkimus, koe-el\u00e4intutkimukset ja el\u00e4inmallit,\u00a0Drug development learning project&#8230;<\/li>\n<\/ul>\n<p style=\"text-align: justify\"><strong>Ty\u00f6el\u00e4m\u00e4<\/strong> alkaa yleens\u00e4 harjoittelu- ja kes\u00e4ty\u00f6paikan hankkimisella. Itse asiassa jo ensimm\u00e4isten opiskeluvuosien aikana voi onnistua saamaan kes\u00e4t\u00f6it\u00e4 l\u00e4\u00e4ketieteellisen tiedekunnan laitoksilta tai Turussa toimivista bioalan yrityksist\u00e4. Ty\u00f6nkuvat ovat hyvin erilaisia ja niihin voi kuulua esimerkiksi soluviljely\u00e4, erilaisia molekyylibiologisia menetelmi\u00e4, mikroskopointia, el\u00e4int\u00f6it\u00e4\u2026 Usein ty\u00f6 on vaihtelevaa ja mahdollistaa monien eri menetelmien k\u00e4yt\u00f6n harjoittelemisen.<\/p>\n<p style=\"text-align: justify\"><strong>Valmistuneiden ty\u00f6teht\u00e4v\u00e4t<\/strong> yrityksiss\u00e4 ovat usein tutkija-, asiantuntija- tai suunnittelu- tai johtoteht\u00e4vi\u00e4. Koulutusohjelmasta valmistuneita on t\u00f6iss\u00e4 bio- ja l\u00e4\u00e4kealan yritysten lis\u00e4ksi akateemisissa tutkimus- ja opetusteht\u00e4viss\u00e4 sek\u00e4 erilaisissa virastoissa. Omat kiinnostuksen kohteet ja opiskelun aikana kertyv\u00e4 ty\u00f6kokemus vaikuttavat sijoittumiseen ty\u00f6el\u00e4m\u00e4ss\u00e4. Valinnaisia opintoja on tarjolla esim. virusopista ja liiketoimintaosaamisesta. Biol\u00e4\u00e4ketieteen koulutusohjelma antaa hyv\u00e4t edellytykset ty\u00f6llistymiselle bio- ja l\u00e4\u00e4kealan teht\u00e4viin.<\/p>\n<p style=\"text-align: justify\">Lis\u00e4tietoja biol\u00e4\u00e4ketieteen koulutusohjelmasta <a href=\"https:\/\/www.utu.fi\/fi\/opiskelijaksi\/biolaaketieteen-ja-laakekehityksen-tutkinto-ohjelma-luonnontieteiden-kandidaatti-ja\">t\u00e4\u00e4ll\u00e4<\/a>.<\/p>\n","protected":false},"excerpt":{"rendered":"<p>Biol\u00e4\u00e4ketieteen valitsemisen taustalla on usein kiinnostus\u00a0 ihmisen terveytt\u00e4,\u00a0 l\u00e4\u00e4ketieteen tutkimusta ja luonnontieteit\u00e4 kohtaan. Opiskelu on poikkitieteellist\u00e4 ja yhdist\u00e4\u00e4 l\u00e4\u00e4ke- ja luonnontieteellist\u00e4 osaamista. Biol\u00e4\u00e4ketieteen kurssit ovat monipuolisia ja aihepiireilt\u00e4\u00e4n vaihtelevia. Kurssit [&hellip;]<\/p>\n","protected":false},"author":208,"featured_media":0,"parent":0,"menu_order":3,"comment_status":"closed","ping_status":"closed","template":"","meta":{"footnotes":""},"class_list":["post-24","page","type-page","status-publish","hentry"],"_links":{"self":[{"href":"https:\/\/tyyala.utu.fi\/iva\/wp-json\/wp\/v2\/pages\/24","targetHints":{"allow":["GET"]}}],"collection":[{"href":"https:\/\/tyyala.utu.fi\/iva\/wp-json\/wp\/v2\/pages"}],"about":[{"href":"https:\/\/tyyala.utu.fi\/iva\/wp-json\/wp\/v2\/types\/page"}],"author":[{"embeddable":true,"href":"https:\/\/tyyala.utu.fi\/iva\/wp-json\/wp\/v2\/users\/208"}],"replies":[{"embeddable":true,"href":"https:\/\/tyyala.utu.fi\/iva\/wp-json\/wp\/v2\/comments?post=24"}],"version-history":[{"count":32,"href":"https:\/\/tyyala.utu.fi\/iva\/wp-json\/wp\/v2\/pages\/24\/revisions"}],"predecessor-version":[{"id":2994,"href":"https:\/\/tyyala.utu.fi\/iva\/wp-json\/wp\/v2\/pages\/24\/revisions\/2994"}],"wp:attachment":[{"href":"https:\/\/tyyala.utu.fi\/iva\/wp-json\/wp\/v2\/media?parent=24"}],"curies":[{"name":"wp","href":"https:\/\/api.w.org\/{rel}","templated":true}]}}