{"id":213,"date":"2009-11-18T23:40:20","date_gmt":"2009-11-18T21:40:20","guid":{"rendered":"http:\/\/org.utu.fi:80\/tyyala\/iva\/wp\/?page_id=213"},"modified":"2025-01-22T14:04:47","modified_gmt":"2025-01-22T12:04:47","slug":"linkit","status":"publish","type":"page","link":"https:\/\/tyyala.utu.fi\/iva\/opiskelu\/linkit\/","title":{"rendered":"Hy\u00f6dyllisi\u00e4 linkkej\u00e4"},"content":{"rendered":"\n<h3 class=\"wp-block-heading\">Ainej\u00e4rjest\u00f6j\u00e4<\/h3>\n\n\n\n<ul class=\"wp-block-list\">\n<li><a href=\"http:\/\/www.tlks.fi\/\">TLKS<\/a><\/li>\n\n\n\n<li><a href=\"http:\/\/www.thlks.fi\/\">THLKS<\/a><\/li>\n\n\n\n<li><a href=\"http:\/\/www.hybridi.fi\/\">Hybridi<\/a><\/li>\n\n\n\n<li><a href=\"http:\/\/www.asteriski.fi\/\">Asteriski<\/a><\/li>\n\n\n\n<li><a href=\"http:\/\/delta.utu.fi\/\">Delta<\/a><\/li>\n\n\n\n<li><a href=\"http:\/\/www.digit.fi\/\">Digit<\/a><\/li>\n\n\n\n<li><a href=\"http:\/\/www.nucleus.fi\/\">Nucleus<\/a><\/li>\n\n\n\n<li><a href=\"http:\/\/www.pulterit.utu.fi\/fin\/\">Pulterit<\/a><\/li>\n\n\n\n<li><a href=\"http:\/\/synapsi.utu.fi\/\">Synapsi<\/a><\/li>\n\n\n\n<li><a href=\"http:\/\/tyk-ry.utu.fi\/\">TYK<\/a><\/li>\n<\/ul>\n\n\n\n<h3 class=\"wp-block-heading\">Bioalan firmoja<\/h3>\n\n\n\n<ul class=\"wp-block-list\">\n<li><a href=\"http:\/\/www.orion.fi\/\" target=\"_blank\" rel=\"noopener\">Orion Oyj<\/a><\/li>\n\n\n\n<li><a href=\"https:\/\/www.berner.fi\/\" target=\"_blank\" rel=\"noreferrer noopener\">Berner Terveys ja Tutkimus<\/a><\/li>\n\n\n\n<li><a href=\"http:\/\/www.millipore.com\/\" target=\"_blank\" rel=\"noopener\">Millipore<\/a><\/li>\n\n\n\n<li><a href=\"http:\/\/www.leiras.fi\/\" target=\"_blank\" rel=\"noopener\">Leiras<\/a><\/li>\n\n\n\n<li><a href=\"http:\/\/www.novartis.fi\/\" target=\"_blank\" rel=\"noopener\">Novartis Finland Oy<\/a><\/li>\n\n\n\n<li><a href=\"http:\/\/www.turkusciencepark.com\/\" target=\"_blank\" rel=\"noopener\">Turku Science Park<\/a><\/li>\n\n\n\n<li><a href=\"http:\/\/www.raisio.com\/fi\/fi\" target=\"_blank\" rel=\"noopener\">Raisio-Yhtym\u00e4 Oyj<\/a><\/li>\n\n\n\n<li><a href=\"https:\/\/www.laaketeollisuus.fi\/laaketeollisuus-ry\/jasenemme\/jasenluettelo.html\" target=\"_blank\" rel=\"noreferrer noopener\">L\u00e4\u00e4keteollisuus ry:n j\u00e4senyritysten kotisivulinkit<\/a><\/li>\n\n\n\n<li><a href=\"https:\/\/www.suomenbioteollisuus.fi\/fi\/fib-membership\" target=\"_blank\" rel=\"noreferrer noopener\">Suomen Bioteollisuus FIB:n j\u00e4senyritysten kotisivulinkit<\/a><\/li>\n<\/ul>\n\n\n\n<h3 class=\"wp-block-heading\">Ty\u00f6hakupalveluja<\/h3>\n\n\n\n<ul class=\"wp-block-list\">\n<li><a href=\"http:\/\/rekrytointi.utu.fi\/\" target=\"_blank\" rel=\"noopener\">Turun Akateemiset Rekrytointipalvelut<\/a><\/li>\n\n\n\n<li><a href=\"https:\/\/tyopaikat.loimu.fi\">https:\/\/tyopaikat.loimu.fi<\/a><\/li>\n\n\n\n<li><a href=\"https:\/\/tyomarkkinatori.fi\/henkiloasiakkaat\" target=\"_blank\" rel=\"noreferrer noopener\">Ty\u00f6markkinatori<\/a><\/li>\n\n\n\n<li><a href=\"https:\/\/www.jobly.fi\/\" target=\"_blank\" rel=\"noreferrer noopener\">Jobly<\/a><\/li>\n\n\n\n<li><a href=\"http:\/\/www.aarresaari.net\/\" target=\"_blank\" rel=\"noopener\">www.aarresaari.net<\/a><\/li>\n<\/ul>\n\n\n\n<h3 class=\"wp-block-heading\"><strong>Biol\u00e4\u00e4ketieteen alan harjoittelupaikkoja<\/strong><\/h3>\n\n\n\n<ul class=\"wp-block-list\">\n<li><a href=\"https:\/\/careers.roche.com\/global\/en\/students-programmes\" target=\"_blank\" rel=\"noreferrer noopener\">https:\/\/careers.roche.com\/global\/en\/students-programmes<\/a><\/li>\n\n\n\n<li><a href=\"https:\/\/www.novartis.com\/us-en\/careers\/early-talent-programs\" target=\"_blank\" rel=\"noreferrer noopener\">https:\/\/www.novartis.com\/us-en\/careers\/early-talent-programs<\/a><\/li>\n\n\n\n<li><a href=\"https:\/\/careers.amgen.com\/students-graduates\/#scroll--internships-coops\" target=\"_blank\" rel=\"noreferrer noopener\">https:\/\/careers.amgen.com\/students-graduates\/#scroll&#8211;internships-coops<\/a><\/li>\n\n\n\n<li><a href=\"https:\/\/careers.ema.europa.eu\/content\/Traineeship\/?locale=en_GB\">https:\/\/careers.ema.europa.eu\/content\/Traineeship\/?locale=en_GB<\/a><\/li>\n<\/ul>\n\n\n\n<h3 class=\"wp-block-heading\">Yleistietoa<\/h3>\n\n\n\n<ul class=\"wp-block-list\">\n<li><a href=\"http:\/\/www.ncbi.nlm.nih.gov\/entrez\/query.fcgi\" target=\"_blank\" rel=\"noopener\">Pubmed -artikkelihaku<\/a><\/li>\n\n\n\n<li><a href=\"http:\/\/www.ncbi.nlm.nih.gov\/\" target=\"_blank\" rel=\"noopener\">USA:n bioteknologian instituutti<\/a><\/li>\n\n\n\n<li><a href=\"http:\/\/www.ema.europa.eu\/ema\/\" target=\"_blank\" rel=\"noopener\">Euroopan l\u00e4\u00e4kevalvontaviranomainen<\/a><\/li>\n\n\n\n<li><a href=\"http:\/\/www.fda.gov\/\" target=\"_blank\" rel=\"noopener\">USA:n l\u00e4\u00e4kevalvontaviranomainen<\/a><\/li>\n\n\n\n<li><a href=\"http:\/\/www.fimea.fi\/\" target=\"_blank\" rel=\"noopener\">Suomen l\u00e4\u00e4kevalvontaviranomainen<\/a><\/li>\n\n\n\n<li><a href=\"https:\/\/yle.fi\/tiede\" target=\"_blank\" rel=\"noreferrer noopener\">Ylen tiedeuutiset &#8211; alaa koskevia uutisia<\/a><\/li>\n\n\n\n<li><a href=\"https:\/\/www.laaketeollisuus.fi\/vastuullisuus\/laaketeollisuus-tyonantajana.html\" data-type=\"URL\" data-id=\"https:\/\/www.laaketeollisuus.fi\/vastuullisuus\/laaketeollisuus-tyonantajana.html\">L\u00e4\u00e4keteollisuus ty\u00f6nantajana<\/a><\/li>\n<\/ul>\n\n\n\n<h3 class=\"wp-block-heading\">Alan julkaisuja<\/h3>\n\n\n\n<ul class=\"wp-block-list\">\n<li><a href=\"http:\/\/www.sciencemag.org\/\" target=\"_blank\" rel=\"noopener\">Science<\/a><\/li>\n\n\n\n<li><a href=\"http:\/\/content.nejm.org\/\" target=\"_blank\" rel=\"noopener\">New England Journal of Medicine<\/a><\/li>\n\n\n\n<li><a href=\"http:\/\/www.nature.com\/\" target=\"_blank\" rel=\"noopener\">Nature<\/a><\/li>\n\n\n\n<li><a href=\"http:\/\/www.cell.com\/trends\/pharmacological-sciences\/\" target=\"_blank\" rel=\"noopener\">Trends in Pharmacological Sciences<\/a><\/li>\n\n\n\n<li><a href=\"http:\/\/www.cell.com\/\" target=\"_blank\" rel=\"noopener\">Cell<\/a><\/li>\n<\/ul>\n\n\n\n<h3 class=\"wp-block-heading\">Hupia<\/h3>\n\n\n\n<ul class=\"wp-block-list\">\n<li><a href=\"http:\/\/www.phdcomics.com\/comics.php\" target=\"_blank\" rel=\"noopener\">PHD Comics: Piled Higher &amp; Deeper<\/a><\/li>\n<\/ul>\n","protected":false},"excerpt":{"rendered":"<p>Ainej\u00e4rjest\u00f6j\u00e4 Bioalan firmoja Ty\u00f6hakupalveluja Biol\u00e4\u00e4ketieteen alan harjoittelupaikkoja Yleistietoa Alan julkaisuja Hupia<\/p>\n","protected":false},"author":208,"featured_media":0,"parent":825,"menu_order":5,"comment_status":"closed","ping_status":"closed","template":"","meta":{"footnotes":""},"class_list":["post-213","page","type-page","status-publish","hentry"],"_links":{"self":[{"href":"https:\/\/tyyala.utu.fi\/iva\/wp-json\/wp\/v2\/pages\/213","targetHints":{"allow":["GET"]}}],"collection":[{"href":"https:\/\/tyyala.utu.fi\/iva\/wp-json\/wp\/v2\/pages"}],"about":[{"href":"https:\/\/tyyala.utu.fi\/iva\/wp-json\/wp\/v2\/types\/page"}],"author":[{"embeddable":true,"href":"https:\/\/tyyala.utu.fi\/iva\/wp-json\/wp\/v2\/users\/208"}],"replies":[{"embeddable":true,"href":"https:\/\/tyyala.utu.fi\/iva\/wp-json\/wp\/v2\/comments?post=213"}],"version-history":[{"count":28,"href":"https:\/\/tyyala.utu.fi\/iva\/wp-json\/wp\/v2\/pages\/213\/revisions"}],"predecessor-version":[{"id":2993,"href":"https:\/\/tyyala.utu.fi\/iva\/wp-json\/wp\/v2\/pages\/213\/revisions\/2993"}],"up":[{"embeddable":true,"href":"https:\/\/tyyala.utu.fi\/iva\/wp-json\/wp\/v2\/pages\/825"}],"wp:attachment":[{"href":"https:\/\/tyyala.utu.fi\/iva\/wp-json\/wp\/v2\/media?parent=213"}],"curies":[{"name":"wp","href":"https:\/\/api.w.org\/{rel}","templated":true}]}}